{"id":16455,"date":"2022-06-06T08:24:12","date_gmt":"2022-06-06T05:24:12","guid":{"rendered":"https:\/\/diaplast.lt\/dostawa\/"},"modified":"2025-02-03T23:02:59","modified_gmt":"2025-02-03T20:02:59","slug":"dostawa","status":"publish","type":"page","link":"https:\/\/diaplast.lt\/pl\/dostawa\/","title":{"rendered":"Dostawa"},"content":{"rendered":"\t\t<div data-elementor-type=\"wp-page\" data-elementor-id=\"16455\" class=\"elementor elementor-16455 elementor-13\" data-elementor-post-type=\"page\">\n\t\t\t\t\t\t<section class=\"elementor-section elementor-top-section elementor-element elementor-element-1a89721 elementor-section-boxed elementor-section-height-default elementor-section-height-default\" data-id=\"1a89721\" data-element_type=\"section\">\r\n\t\t\r\n\t\t\t\t\t\t\t<div class=\"elementor-container elementor-column-gap-default\">\r\n\t\t\t\t\t\t\t\t\t\t\t<div class=\"elementor-column elementor-col-100 elementor-top-column elementor-element elementor-element-4cc8e1a\" data-id=\"4cc8e1a\" data-element_type=\"column\">\r\n\t\t\t\t\t<div class=\"elementor-widget-wrap elementor-element-populated\">\r\n\t\t\t\t\t\t\t\t<div class=\"elementor-element elementor-element-d05af45 elementor-widget elementor-widget-heading\" data-id=\"d05af45\" data-element_type=\"widget\" data-widget_type=\"heading.default\">\n\t\t\t\t<div class=\"elementor-widget-container\">\n\t\t\t\t\t<h2 class=\"elementor-heading-title elementor-size-default\">Dostawa<\/h2>\t\t\t\t<\/div>\n\t\t\t\t<\/div>\n\t\t\t\t<div class=\"elementor-element elementor-element-e0bab56 elementor-widget elementor-widget-text-editor\" data-id=\"e0bab56\" data-element_type=\"widget\" data-widget_type=\"text-editor.default\">\n\t\t\t\t<div class=\"elementor-widget-container\">\n\t\t\t\t\t\t\t\t\t<p><strong>W zale\u017cno\u015bci od wybranej metody dostawy obliczymy cen\u0119 dostawy i podamy j\u0105 w odpowiedzi na zapytanie o zam\u00f3wienie. <\/strong><\/p>\n<p><strong>Dostawa i odbi\u00f3r:<\/strong><\/p>\n<ul>\n<li>Towar mo\u017cna odebra\u0107 w sklepie w Elektr\u0117n\u0173 g. 10 F, LT-51218, Kaunas<\/li>\n<li>Dostawa kurierem na adres wskazany przez kupuj\u0105cego. <strong>(DPD)<\/strong><\/li>\n<li>Dostawa do paczkomat\u00f3w DPD. <strong>(DPD)<\/strong><\/li>\n<li>W przypadku ci\u0119\u017ckich paczek wysy\u0142amy je za po\u015brednictwem firmy transportowej. <strong>(Raben)<\/strong><\/li>\n<li>Wysy\u0142amy paczki autobusem za po\u015brednictwem firmy kurierskiej. <strong>(Kautra) <\/strong>Odbierz przesy\u0142k\u0119 na dworcu autobusowym.<\/li>\n<\/ul>\n\t\t\t\t\t\t\t\t<\/div>\n\t\t\t\t<\/div>\n\t\t\t\t<div class=\"elementor-element elementor-element-9d64c9c elementor-hidden-tablet elementor-hidden-mobile elementor-widget elementor-widget-spacer\" data-id=\"9d64c9c\" data-element_type=\"widget\" data-widget_type=\"spacer.default\">\n\t\t\t\t<div class=\"elementor-widget-container\">\n\t\t\t\t\t\t\t<div class=\"elementor-spacer\">\n\t\t\t<div class=\"elementor-spacer-inner\"><\/div>\n\t\t<\/div>\n\t\t\t\t\t\t<\/div>\n\t\t\t\t<\/div>\n\t\t\t\t\t<\/div>\r\n\t\t\t\t<\/div>\r\n\t\t\t\t\t<\/div>\r\n\t\t\t\t<\/section>\r\n\t\t\t\t<\/div>\n\t\t","protected":false},"excerpt":{"rendered":"<p>Dostawa W zale\u017cno\u015bci od wybranej metody dostawy obliczymy cen\u0119 dostawy i podamy j\u0105 w odpowiedzi na zapytanie o zam\u00f3wienie. Dostawa i odbi\u00f3r: Towar mo\u017cna odebra\u0107 w sklepie w Elektr\u0117n\u0173 g. 10 F, LT-51218, Kaunas Dostawa kurierem na adres wskazany przez kupuj\u0105cego. (DPD) Dostawa do paczkomat\u00f3w DPD. (DPD) W przypadku ci\u0119\u017ckich paczek wysy\u0142amy je za po\u015brednictwem [&hellip;]<\/p>\n","protected":false},"author":1,"featured_media":0,"parent":0,"menu_order":0,"comment_status":"closed","ping_status":"closed","template":"","meta":{"footnotes":""},"class_list":["post-16455","page","type-page","status-publish","hentry"],"yoast_head":"<!-- This site is optimized with the Yoast SEO plugin v26.0 - https:\/\/yoast.com\/wordpress\/plugins\/seo\/ -->\n<title>Dostawa - Diaplast<\/title>\n<meta name=\"robots\" content=\"index, follow, max-snippet:-1, max-image-preview:large, max-video-preview:-1\" \/>\n<link rel=\"canonical\" href=\"https:\/\/diaplast.lt\/pristatymas\/\" \/>\n<meta property=\"og:locale\" content=\"pl_PL\" \/>\n<meta property=\"og:type\" content=\"article\" \/>\n<meta property=\"og:title\" content=\"Dostawa - Diaplast\" \/>\n<meta property=\"og:description\" content=\"Dostawa W zale\u017cno\u015bci od wybranej metody dostawy obliczymy cen\u0119 dostawy i podamy j\u0105 w odpowiedzi na zapytanie o zam\u00f3wienie. Dostawa i odbi\u00f3r: Towar mo\u017cna odebra\u0107 w sklepie w Elektr\u0117n\u0173 g. 10 F, LT-51218, Kaunas Dostawa kurierem na adres wskazany przez kupuj\u0105cego. (DPD) Dostawa do paczkomat\u00f3w DPD. (DPD) W przypadku ci\u0119\u017ckich paczek wysy\u0142amy je za po\u015brednictwem [&hellip;]\" \/>\n<meta property=\"og:url\" content=\"https:\/\/diaplast.lt\/pristatymas\/\" \/>\n<meta property=\"og:site_name\" content=\"Diaplast\" \/>\n<meta property=\"article:modified_time\" content=\"2025-02-03T20:02:59+00:00\" \/>\n<meta name=\"twitter:card\" content=\"summary_large_image\" \/>\n<script type=\"application\/ld+json\" class=\"yoast-schema-graph\">{\"@context\":\"https:\/\/schema.org\",\"@graph\":[{\"@type\":\"WebPage\",\"@id\":\"https:\/\/diaplast.lt\/pristatymas\/\",\"url\":\"https:\/\/diaplast.lt\/pristatymas\/\",\"name\":\"Dostawa - Diaplast\",\"isPartOf\":{\"@id\":\"https:\/\/diaplast.lt\/#website\"},\"datePublished\":\"2022-06-06T05:24:12+00:00\",\"dateModified\":\"2025-02-03T20:02:59+00:00\",\"breadcrumb\":{\"@id\":\"https:\/\/diaplast.lt\/pristatymas\/#breadcrumb\"},\"inLanguage\":\"pl-PL\",\"potentialAction\":[{\"@type\":\"ReadAction\",\"target\":[\"https:\/\/diaplast.lt\/pristatymas\/\"]}]},{\"@type\":\"BreadcrumbList\",\"@id\":\"https:\/\/diaplast.lt\/pristatymas\/#breadcrumb\",\"itemListElement\":[{\"@type\":\"ListItem\",\"position\":1,\"name\":\"Strona g\u0142\u00f3wna\",\"item\":\"https:\/\/diaplast.lt\/\"},{\"@type\":\"ListItem\",\"position\":2,\"name\":\"Dostawa\"}]},{\"@type\":\"WebSite\",\"@id\":\"https:\/\/diaplast.lt\/#website\",\"url\":\"https:\/\/diaplast.lt\/\",\"name\":\"Diaplast\",\"description\":\"Deimantini\u0173 instrument\u0173 gamyba ir prekyba\",\"publisher\":{\"@id\":\"https:\/\/diaplast.lt\/#organization\"},\"potentialAction\":[{\"@type\":\"SearchAction\",\"target\":{\"@type\":\"EntryPoint\",\"urlTemplate\":\"https:\/\/diaplast.lt\/?s={search_term_string}\"},\"query-input\":{\"@type\":\"PropertyValueSpecification\",\"valueRequired\":true,\"valueName\":\"search_term_string\"}}],\"inLanguage\":\"pl-PL\"},{\"@type\":\"Organization\",\"@id\":\"https:\/\/diaplast.lt\/#organization\",\"name\":\"Diaplast\",\"url\":\"https:\/\/diaplast.lt\/\",\"logo\":{\"@type\":\"ImageObject\",\"inLanguage\":\"pl-PL\",\"@id\":\"https:\/\/diaplast.lt\/#\/schema\/logo\/image\/\",\"url\":\"http:\/\/diaplast.lt\/wp-content\/uploads\/2022\/06\/ebaltveja-logo.png\",\"contentUrl\":\"http:\/\/diaplast.lt\/wp-content\/uploads\/2022\/06\/ebaltveja-logo.png\",\"width\":200,\"height\":69,\"caption\":\"Diaplast\"},\"image\":{\"@id\":\"https:\/\/diaplast.lt\/#\/schema\/logo\/image\/\"}}]}<\/script>\n<!-- \/ Yoast SEO plugin. -->","yoast_head_json":{"title":"Dostawa - Diaplast","robots":{"index":"index","follow":"follow","max-snippet":"max-snippet:-1","max-image-preview":"max-image-preview:large","max-video-preview":"max-video-preview:-1"},"canonical":"https:\/\/diaplast.lt\/pristatymas\/","og_locale":"pl_PL","og_type":"article","og_title":"Dostawa - Diaplast","og_description":"Dostawa W zale\u017cno\u015bci od wybranej metody dostawy obliczymy cen\u0119 dostawy i podamy j\u0105 w odpowiedzi na zapytanie o zam\u00f3wienie. Dostawa i odbi\u00f3r: Towar mo\u017cna odebra\u0107 w sklepie w Elektr\u0117n\u0173 g. 10 F, LT-51218, Kaunas Dostawa kurierem na adres wskazany przez kupuj\u0105cego. (DPD) Dostawa do paczkomat\u00f3w DPD. (DPD) W przypadku ci\u0119\u017ckich paczek wysy\u0142amy je za po\u015brednictwem [&hellip;]","og_url":"https:\/\/diaplast.lt\/pristatymas\/","og_site_name":"Diaplast","article_modified_time":"2025-02-03T20:02:59+00:00","twitter_card":"summary_large_image","schema":{"@context":"https:\/\/schema.org","@graph":[{"@type":"WebPage","@id":"https:\/\/diaplast.lt\/pristatymas\/","url":"https:\/\/diaplast.lt\/pristatymas\/","name":"Dostawa - Diaplast","isPartOf":{"@id":"https:\/\/diaplast.lt\/#website"},"datePublished":"2022-06-06T05:24:12+00:00","dateModified":"2025-02-03T20:02:59+00:00","breadcrumb":{"@id":"https:\/\/diaplast.lt\/pristatymas\/#breadcrumb"},"inLanguage":"pl-PL","potentialAction":[{"@type":"ReadAction","target":["https:\/\/diaplast.lt\/pristatymas\/"]}]},{"@type":"BreadcrumbList","@id":"https:\/\/diaplast.lt\/pristatymas\/#breadcrumb","itemListElement":[{"@type":"ListItem","position":1,"name":"Strona g\u0142\u00f3wna","item":"https:\/\/diaplast.lt\/"},{"@type":"ListItem","position":2,"name":"Dostawa"}]},{"@type":"WebSite","@id":"https:\/\/diaplast.lt\/#website","url":"https:\/\/diaplast.lt\/","name":"Diaplast","description":"Deimantini\u0173 instrument\u0173 gamyba ir prekyba","publisher":{"@id":"https:\/\/diaplast.lt\/#organization"},"potentialAction":[{"@type":"SearchAction","target":{"@type":"EntryPoint","urlTemplate":"https:\/\/diaplast.lt\/?s={search_term_string}"},"query-input":{"@type":"PropertyValueSpecification","valueRequired":true,"valueName":"search_term_string"}}],"inLanguage":"pl-PL"},{"@type":"Organization","@id":"https:\/\/diaplast.lt\/#organization","name":"Diaplast","url":"https:\/\/diaplast.lt\/","logo":{"@type":"ImageObject","inLanguage":"pl-PL","@id":"https:\/\/diaplast.lt\/#\/schema\/logo\/image\/","url":"http:\/\/diaplast.lt\/wp-content\/uploads\/2022\/06\/ebaltveja-logo.png","contentUrl":"http:\/\/diaplast.lt\/wp-content\/uploads\/2022\/06\/ebaltveja-logo.png","width":200,"height":69,"caption":"Diaplast"},"image":{"@id":"https:\/\/diaplast.lt\/#\/schema\/logo\/image\/"}}]}},"_links":{"self":[{"href":"https:\/\/diaplast.lt\/pl\/wp-json\/wp\/v2\/pages\/16455","targetHints":{"allow":["GET"]}}],"collection":[{"href":"https:\/\/diaplast.lt\/pl\/wp-json\/wp\/v2\/pages"}],"about":[{"href":"https:\/\/diaplast.lt\/pl\/wp-json\/wp\/v2\/types\/page"}],"author":[{"embeddable":true,"href":"https:\/\/diaplast.lt\/pl\/wp-json\/wp\/v2\/users\/1"}],"replies":[{"embeddable":true,"href":"https:\/\/diaplast.lt\/pl\/wp-json\/wp\/v2\/comments?post=16455"}],"version-history":[{"count":3,"href":"https:\/\/diaplast.lt\/pl\/wp-json\/wp\/v2\/pages\/16455\/revisions"}],"predecessor-version":[{"id":16880,"href":"https:\/\/diaplast.lt\/pl\/wp-json\/wp\/v2\/pages\/16455\/revisions\/16880"}],"wp:attachment":[{"href":"https:\/\/diaplast.lt\/pl\/wp-json\/wp\/v2\/media?parent=16455"}],"curies":[{"name":"wp","href":"https:\/\/api.w.org\/{rel}","templated":true}]}}