{"id":19857,"date":"2025-03-06T17:00:37","date_gmt":"2025-03-06T14:00:37","guid":{"rendered":"https:\/\/diaplast.lt\/produktas\/wiertla-diamentowe-do-rozet\/"},"modified":"2025-03-06T17:00:37","modified_gmt":"2025-03-06T14:00:37","slug":"wiertla-diamentowe-do-rozet","status":"publish","type":"product","link":"https:\/\/diaplast.lt\/pl\/produkt\/wiertla-diamentowe-do-rozet\/","title":{"rendered":"Wiert\u0142a diamentowe do rozet"},"content":{"rendered":"","protected":false},"excerpt":{"rendered":"<p><strong>Produkujemy nowe i regenerowane wiert\u0142a diamentowe do rozet na zam\u00f3wienie.<\/strong><\/p>\n<p>Zalecamy wiercenie na mokro i nie przegrzewanie segment\u00f3w.<\/p>\n<p>Mo\u017cna r\u00f3wnie\u017c zam\u00f3wi\u0107 wiert\u0142a o innych \u015brednicach, d\u0142ugo\u015bciach lub mocowaniach.<\/p>\n<p>&nbsp;<\/p>\n<p>&nbsp;<\/p>\n","protected":false},"featured_media":25181,"template":"","meta":[],"product_brand":[],"product_cat":[806,808,812],"product_tag":[],"class_list":{"0":"post-19857","1":"product","2":"type-product","3":"status-publish","4":"has-post-thumbnail","6":"product_cat-wiertla","7":"product_cat-diament","8":"product_cat-dla-budownictwa-pl","9":"pa_diametras-mm-74-pl","10":"pa_diametras-mm-68-pl","11":"pa_diametras-mm-82-pl","12":"pa_ilgis-62-pl","13":"pa_paskirtis-dla-betonu-zbrojonego","14":"pa_paskirtis-dla-kamienia","15":"pa_tvirtinimas-m16-pl","16":"pa_tvirtinimas-1-2-pl","17":"pa_tvirtinimas-m14-pl","19":"first","20":"instock","21":"taxable","22":"shipping-taxable","23":"purchasable","24":"product-type-variable"},"yoast_head":"<!-- This site is optimized with the Yoast SEO plugin v26.0 - https:\/\/yoast.com\/wordpress\/plugins\/seo\/ -->\n<title>Wiert\u0142a diamentowe do rozet - Diaplast<\/title>\n<meta name=\"robots\" content=\"index, follow, max-snippet:-1, max-image-preview:large, max-video-preview:-1\" \/>\n<link rel=\"canonical\" href=\"https:\/\/diaplast.lt\/pl\/produktas\/wiertla-diamentowe-do-rozet\/\" \/>\n<meta property=\"og:locale\" content=\"pl_PL\" \/>\n<meta property=\"og:type\" content=\"article\" \/>\n<meta property=\"og:title\" content=\"Wiert\u0142a diamentowe do rozet - Diaplast\" \/>\n<meta property=\"og:description\" content=\"Produkujemy nowe i regenerowane wiert\u0142a diamentowe do rozet na zam\u00f3wienie. Zalecamy wiercenie na mokro i nie przegrzewanie segment\u00f3w. Mo\u017cna r\u00f3wnie\u017c zam\u00f3wi\u0107 wiert\u0142a o innych \u015brednicach, d\u0142ugo\u015bciach lub mocowaniach. &nbsp; &nbsp;\" \/>\n<meta property=\"og:url\" content=\"https:\/\/diaplast.lt\/pl\/produktas\/wiertla-diamentowe-do-rozet\/\" \/>\n<meta property=\"og:site_name\" content=\"Diaplast\" \/>\n<meta name=\"twitter:card\" content=\"summary_large_image\" \/>\n<script type=\"application\/ld+json\" class=\"yoast-schema-graph\">{\"@context\":\"https:\/\/schema.org\",\"@graph\":[{\"@type\":\"WebPage\",\"@id\":\"https:\/\/diaplast.lt\/pl\/produktas\/wiertla-diamentowe-do-rozet\/\",\"url\":\"https:\/\/diaplast.lt\/pl\/produktas\/wiertla-diamentowe-do-rozet\/\",\"name\":\"Wiert\u0142a diamentowe do rozet - Diaplast\",\"isPartOf\":{\"@id\":\"https:\/\/diaplast.lt\/#website\"},\"primaryImageOfPage\":{\"@id\":\"https:\/\/diaplast.lt\/pl\/produktas\/wiertla-diamentowe-do-rozet\/#primaryimage\"},\"image\":{\"@id\":\"https:\/\/diaplast.lt\/pl\/produktas\/wiertla-diamentowe-do-rozet\/#primaryimage\"},\"thumbnailUrl\":\"https:\/\/diaplast.lt\/wp-content\/uploads\/2025\/01\/Rozetems.jpg\",\"datePublished\":\"2025-03-06T14:00:37+00:00\",\"breadcrumb\":{\"@id\":\"https:\/\/diaplast.lt\/pl\/produktas\/wiertla-diamentowe-do-rozet\/#breadcrumb\"},\"inLanguage\":\"pl-PL\",\"potentialAction\":[{\"@type\":\"ReadAction\",\"target\":[\"https:\/\/diaplast.lt\/pl\/produktas\/wiertla-diamentowe-do-rozet\/\"]}]},{\"@type\":\"ImageObject\",\"inLanguage\":\"pl-PL\",\"@id\":\"https:\/\/diaplast.lt\/pl\/produktas\/wiertla-diamentowe-do-rozet\/#primaryimage\",\"url\":\"https:\/\/diaplast.lt\/wp-content\/uploads\/2025\/01\/Rozetems.jpg\",\"contentUrl\":\"https:\/\/diaplast.lt\/wp-content\/uploads\/2025\/01\/Rozetems.jpg\",\"width\":1200,\"height\":1199},{\"@type\":\"BreadcrumbList\",\"@id\":\"https:\/\/diaplast.lt\/pl\/produktas\/wiertla-diamentowe-do-rozet\/#breadcrumb\",\"itemListElement\":[{\"@type\":\"ListItem\",\"position\":1,\"name\":\"Strona g\u0142\u00f3wna\",\"item\":\"https:\/\/diaplast.lt\/\"},{\"@type\":\"ListItem\",\"position\":2,\"name\":\"Zasi\u0119g\",\"item\":\"https:\/\/diaplast.lt\/pl\/asortyment\/\"},{\"@type\":\"ListItem\",\"position\":3,\"name\":\"Wiert\u0142a diamentowe do rozet\"}]},{\"@type\":\"WebSite\",\"@id\":\"https:\/\/diaplast.lt\/#website\",\"url\":\"https:\/\/diaplast.lt\/\",\"name\":\"Diaplast\",\"description\":\"Deimantini\u0173 instrument\u0173 gamyba ir prekyba\",\"publisher\":{\"@id\":\"https:\/\/diaplast.lt\/#organization\"},\"potentialAction\":[{\"@type\":\"SearchAction\",\"target\":{\"@type\":\"EntryPoint\",\"urlTemplate\":\"https:\/\/diaplast.lt\/?s={search_term_string}\"},\"query-input\":{\"@type\":\"PropertyValueSpecification\",\"valueRequired\":true,\"valueName\":\"search_term_string\"}}],\"inLanguage\":\"pl-PL\"},{\"@type\":\"Organization\",\"@id\":\"https:\/\/diaplast.lt\/#organization\",\"name\":\"Diaplast\",\"url\":\"https:\/\/diaplast.lt\/\",\"logo\":{\"@type\":\"ImageObject\",\"inLanguage\":\"pl-PL\",\"@id\":\"https:\/\/diaplast.lt\/#\/schema\/logo\/image\/\",\"url\":\"http:\/\/diaplast.lt\/wp-content\/uploads\/2022\/06\/ebaltveja-logo.png\",\"contentUrl\":\"http:\/\/diaplast.lt\/wp-content\/uploads\/2022\/06\/ebaltveja-logo.png\",\"width\":200,\"height\":69,\"caption\":\"Diaplast\"},\"image\":{\"@id\":\"https:\/\/diaplast.lt\/#\/schema\/logo\/image\/\"}}]}<\/script>\n<!-- \/ Yoast SEO plugin. -->","yoast_head_json":{"title":"Wiert\u0142a diamentowe do rozet - Diaplast","robots":{"index":"index","follow":"follow","max-snippet":"max-snippet:-1","max-image-preview":"max-image-preview:large","max-video-preview":"max-video-preview:-1"},"canonical":"https:\/\/diaplast.lt\/pl\/produktas\/wiertla-diamentowe-do-rozet\/","og_locale":"pl_PL","og_type":"article","og_title":"Wiert\u0142a diamentowe do rozet - Diaplast","og_description":"Produkujemy nowe i regenerowane wiert\u0142a diamentowe do rozet na zam\u00f3wienie. Zalecamy wiercenie na mokro i nie przegrzewanie segment\u00f3w. Mo\u017cna r\u00f3wnie\u017c zam\u00f3wi\u0107 wiert\u0142a o innych \u015brednicach, d\u0142ugo\u015bciach lub mocowaniach. &nbsp; &nbsp;","og_url":"https:\/\/diaplast.lt\/pl\/produktas\/wiertla-diamentowe-do-rozet\/","og_site_name":"Diaplast","twitter_card":"summary_large_image","schema":{"@context":"https:\/\/schema.org","@graph":[{"@type":"WebPage","@id":"https:\/\/diaplast.lt\/pl\/produktas\/wiertla-diamentowe-do-rozet\/","url":"https:\/\/diaplast.lt\/pl\/produktas\/wiertla-diamentowe-do-rozet\/","name":"Wiert\u0142a diamentowe do rozet - Diaplast","isPartOf":{"@id":"https:\/\/diaplast.lt\/#website"},"primaryImageOfPage":{"@id":"https:\/\/diaplast.lt\/pl\/produktas\/wiertla-diamentowe-do-rozet\/#primaryimage"},"image":{"@id":"https:\/\/diaplast.lt\/pl\/produktas\/wiertla-diamentowe-do-rozet\/#primaryimage"},"thumbnailUrl":"https:\/\/diaplast.lt\/wp-content\/uploads\/2025\/01\/Rozetems.jpg","datePublished":"2025-03-06T14:00:37+00:00","breadcrumb":{"@id":"https:\/\/diaplast.lt\/pl\/produktas\/wiertla-diamentowe-do-rozet\/#breadcrumb"},"inLanguage":"pl-PL","potentialAction":[{"@type":"ReadAction","target":["https:\/\/diaplast.lt\/pl\/produktas\/wiertla-diamentowe-do-rozet\/"]}]},{"@type":"ImageObject","inLanguage":"pl-PL","@id":"https:\/\/diaplast.lt\/pl\/produktas\/wiertla-diamentowe-do-rozet\/#primaryimage","url":"https:\/\/diaplast.lt\/wp-content\/uploads\/2025\/01\/Rozetems.jpg","contentUrl":"https:\/\/diaplast.lt\/wp-content\/uploads\/2025\/01\/Rozetems.jpg","width":1200,"height":1199},{"@type":"BreadcrumbList","@id":"https:\/\/diaplast.lt\/pl\/produktas\/wiertla-diamentowe-do-rozet\/#breadcrumb","itemListElement":[{"@type":"ListItem","position":1,"name":"Strona g\u0142\u00f3wna","item":"https:\/\/diaplast.lt\/"},{"@type":"ListItem","position":2,"name":"Zasi\u0119g","item":"https:\/\/diaplast.lt\/pl\/asortyment\/"},{"@type":"ListItem","position":3,"name":"Wiert\u0142a diamentowe do rozet"}]},{"@type":"WebSite","@id":"https:\/\/diaplast.lt\/#website","url":"https:\/\/diaplast.lt\/","name":"Diaplast","description":"Deimantini\u0173 instrument\u0173 gamyba ir prekyba","publisher":{"@id":"https:\/\/diaplast.lt\/#organization"},"potentialAction":[{"@type":"SearchAction","target":{"@type":"EntryPoint","urlTemplate":"https:\/\/diaplast.lt\/?s={search_term_string}"},"query-input":{"@type":"PropertyValueSpecification","valueRequired":true,"valueName":"search_term_string"}}],"inLanguage":"pl-PL"},{"@type":"Organization","@id":"https:\/\/diaplast.lt\/#organization","name":"Diaplast","url":"https:\/\/diaplast.lt\/","logo":{"@type":"ImageObject","inLanguage":"pl-PL","@id":"https:\/\/diaplast.lt\/#\/schema\/logo\/image\/","url":"http:\/\/diaplast.lt\/wp-content\/uploads\/2022\/06\/ebaltveja-logo.png","contentUrl":"http:\/\/diaplast.lt\/wp-content\/uploads\/2022\/06\/ebaltveja-logo.png","width":200,"height":69,"caption":"Diaplast"},"image":{"@id":"https:\/\/diaplast.lt\/#\/schema\/logo\/image\/"}}]}},"_links":{"self":[{"href":"https:\/\/diaplast.lt\/pl\/wp-json\/wp\/v2\/product\/19857","targetHints":{"allow":["GET"]}}],"collection":[{"href":"https:\/\/diaplast.lt\/pl\/wp-json\/wp\/v2\/product"}],"about":[{"href":"https:\/\/diaplast.lt\/pl\/wp-json\/wp\/v2\/types\/product"}],"version-history":[{"count":0,"href":"https:\/\/diaplast.lt\/pl\/wp-json\/wp\/v2\/product\/19857\/revisions"}],"wp:featuredmedia":[{"embeddable":true,"href":"https:\/\/diaplast.lt\/pl\/wp-json\/wp\/v2\/media\/25181"}],"wp:attachment":[{"href":"https:\/\/diaplast.lt\/pl\/wp-json\/wp\/v2\/media?parent=19857"}],"wp:term":[{"taxonomy":"product_brand","embeddable":true,"href":"https:\/\/diaplast.lt\/pl\/wp-json\/wp\/v2\/product_brand?post=19857"},{"taxonomy":"product_cat","embeddable":true,"href":"https:\/\/diaplast.lt\/pl\/wp-json\/wp\/v2\/product_cat?post=19857"},{"taxonomy":"product_tag","embeddable":true,"href":"https:\/\/diaplast.lt\/pl\/wp-json\/wp\/v2\/product_tag?post=19857"}],"curies":[{"name":"wp","href":"https:\/\/api.w.org\/{rel}","templated":true}]}}