{"id":20023,"date":"2025-03-06T10:46:58","date_gmt":"2025-03-06T07:46:58","guid":{"rendered":"https:\/\/diaplast.lt\/produktas\/diamentowa-tarcza-ciagla-do-ciecia-suchego-kamienia-rim-fy\/"},"modified":"2025-03-06T10:46:58","modified_gmt":"2025-03-06T07:46:58","slug":"diamentowa-tarcza-ciagla-do-ciecia-suchego-kamienia-rim-fy","status":"publish","type":"product","link":"https:\/\/diaplast.lt\/pl\/produkt\/diamentowa-tarcza-ciagla-do-ciecia-suchego-kamienia-rim-fy\/","title":{"rendered":"Diamentowa tarcza ci\u0105g\u0142a do ci\u0119cia suchego kamienia RIM FY"},"content":{"rendered":"","protected":false},"excerpt":{"rendered":"","protected":false},"featured_media":24844,"template":"","meta":[],"product_brand":[],"product_cat":[320,369],"product_tag":[],"class_list":{"0":"post-20023","1":"product","2":"type-product","3":"status-publish","4":"has-post-thumbnail","6":"product_cat-akmeniui","7":"product_cat-sausam-akmens-pjovimui","8":"pa_diametras-mm-376","9":"pa_paskirtis-granitui","10":"pa_segmentu-aukstis-mm-361","11":"pa_skyle-tvirtinimui-o-mm-382","12":"pa_tipas-istisinis","14":"first","15":"instock","16":"taxable","17":"shipping-taxable","18":"purchasable","19":"product-type-simple"},"yoast_head":"<!-- This site is optimized with the Yoast SEO plugin v26.0 - https:\/\/yoast.com\/wordpress\/plugins\/seo\/ -->\n<title>Diamentowa tarcza ci\u0105g\u0142a do ci\u0119cia suchego kamienia RIM FY - Diaplast<\/title>\n<meta name=\"robots\" content=\"index, follow, max-snippet:-1, max-image-preview:large, max-video-preview:-1\" \/>\n<link rel=\"canonical\" href=\"https:\/\/diaplast.lt\/pl\/produktas\/diamentowa-tarcza-ciagla-do-ciecia-suchego-kamienia-rim-fy\/\" \/>\n<meta property=\"og:locale\" content=\"pl_PL\" \/>\n<meta property=\"og:type\" content=\"article\" \/>\n<meta property=\"og:title\" content=\"Diamentowa tarcza ci\u0105g\u0142a do ci\u0119cia suchego kamienia RIM FY - Diaplast\" \/>\n<meta property=\"og:url\" content=\"https:\/\/diaplast.lt\/pl\/produktas\/diamentowa-tarcza-ciagla-do-ciecia-suchego-kamienia-rim-fy\/\" \/>\n<meta property=\"og:site_name\" content=\"Diaplast\" \/>\n<meta name=\"twitter:card\" content=\"summary_large_image\" \/>\n<script type=\"application\/ld+json\" class=\"yoast-schema-graph\">{\"@context\":\"https:\/\/schema.org\",\"@graph\":[{\"@type\":\"WebPage\",\"@id\":\"https:\/\/diaplast.lt\/pl\/produktas\/diamentowa-tarcza-ciagla-do-ciecia-suchego-kamienia-rim-fy\/\",\"url\":\"https:\/\/diaplast.lt\/pl\/produktas\/diamentowa-tarcza-ciagla-do-ciecia-suchego-kamienia-rim-fy\/\",\"name\":\"Diamentowa tarcza ci\u0105g\u0142a do ci\u0119cia suchego kamienia RIM FY - Diaplast\",\"isPartOf\":{\"@id\":\"https:\/\/diaplast.lt\/#website\"},\"primaryImageOfPage\":{\"@id\":\"https:\/\/diaplast.lt\/pl\/produktas\/diamentowa-tarcza-ciagla-do-ciecia-suchego-kamienia-rim-fy\/#primaryimage\"},\"image\":{\"@id\":\"https:\/\/diaplast.lt\/pl\/produktas\/diamentowa-tarcza-ciagla-do-ciecia-suchego-kamienia-rim-fy\/#primaryimage\"},\"thumbnailUrl\":\"https:\/\/diaplast.lt\/wp-content\/uploads\/2025\/03\/S115-RIM-FY.jpg\",\"datePublished\":\"2025-03-06T07:46:58+00:00\",\"breadcrumb\":{\"@id\":\"https:\/\/diaplast.lt\/pl\/produktas\/diamentowa-tarcza-ciagla-do-ciecia-suchego-kamienia-rim-fy\/#breadcrumb\"},\"inLanguage\":\"pl-PL\",\"potentialAction\":[{\"@type\":\"ReadAction\",\"target\":[\"https:\/\/diaplast.lt\/pl\/produktas\/diamentowa-tarcza-ciagla-do-ciecia-suchego-kamienia-rim-fy\/\"]}]},{\"@type\":\"ImageObject\",\"inLanguage\":\"pl-PL\",\"@id\":\"https:\/\/diaplast.lt\/pl\/produktas\/diamentowa-tarcza-ciagla-do-ciecia-suchego-kamienia-rim-fy\/#primaryimage\",\"url\":\"https:\/\/diaplast.lt\/wp-content\/uploads\/2025\/03\/S115-RIM-FY.jpg\",\"contentUrl\":\"https:\/\/diaplast.lt\/wp-content\/uploads\/2025\/03\/S115-RIM-FY.jpg\",\"width\":1200,\"height\":1200},{\"@type\":\"BreadcrumbList\",\"@id\":\"https:\/\/diaplast.lt\/pl\/produktas\/diamentowa-tarcza-ciagla-do-ciecia-suchego-kamienia-rim-fy\/#breadcrumb\",\"itemListElement\":[{\"@type\":\"ListItem\",\"position\":1,\"name\":\"Strona g\u0142\u00f3wna\",\"item\":\"https:\/\/diaplast.lt\/\"},{\"@type\":\"ListItem\",\"position\":2,\"name\":\"Zasi\u0119g\",\"item\":\"https:\/\/diaplast.lt\/pl\/asortyment\/\"},{\"@type\":\"ListItem\",\"position\":3,\"name\":\"Diamentowa tarcza ci\u0105g\u0142a do ci\u0119cia suchego kamienia RIM FY\"}]},{\"@type\":\"WebSite\",\"@id\":\"https:\/\/diaplast.lt\/#website\",\"url\":\"https:\/\/diaplast.lt\/\",\"name\":\"Diaplast\",\"description\":\"Deimantini\u0173 instrument\u0173 gamyba ir prekyba\",\"publisher\":{\"@id\":\"https:\/\/diaplast.lt\/#organization\"},\"potentialAction\":[{\"@type\":\"SearchAction\",\"target\":{\"@type\":\"EntryPoint\",\"urlTemplate\":\"https:\/\/diaplast.lt\/?s={search_term_string}\"},\"query-input\":{\"@type\":\"PropertyValueSpecification\",\"valueRequired\":true,\"valueName\":\"search_term_string\"}}],\"inLanguage\":\"pl-PL\"},{\"@type\":\"Organization\",\"@id\":\"https:\/\/diaplast.lt\/#organization\",\"name\":\"Diaplast\",\"url\":\"https:\/\/diaplast.lt\/\",\"logo\":{\"@type\":\"ImageObject\",\"inLanguage\":\"pl-PL\",\"@id\":\"https:\/\/diaplast.lt\/#\/schema\/logo\/image\/\",\"url\":\"http:\/\/diaplast.lt\/wp-content\/uploads\/2022\/06\/ebaltveja-logo.png\",\"contentUrl\":\"http:\/\/diaplast.lt\/wp-content\/uploads\/2022\/06\/ebaltveja-logo.png\",\"width\":200,\"height\":69,\"caption\":\"Diaplast\"},\"image\":{\"@id\":\"https:\/\/diaplast.lt\/#\/schema\/logo\/image\/\"}}]}<\/script>\n<!-- \/ Yoast SEO plugin. -->","yoast_head_json":{"title":"Diamentowa tarcza ci\u0105g\u0142a do ci\u0119cia suchego kamienia RIM FY - Diaplast","robots":{"index":"index","follow":"follow","max-snippet":"max-snippet:-1","max-image-preview":"max-image-preview:large","max-video-preview":"max-video-preview:-1"},"canonical":"https:\/\/diaplast.lt\/pl\/produktas\/diamentowa-tarcza-ciagla-do-ciecia-suchego-kamienia-rim-fy\/","og_locale":"pl_PL","og_type":"article","og_title":"Diamentowa tarcza ci\u0105g\u0142a do ci\u0119cia suchego kamienia RIM FY - Diaplast","og_url":"https:\/\/diaplast.lt\/pl\/produktas\/diamentowa-tarcza-ciagla-do-ciecia-suchego-kamienia-rim-fy\/","og_site_name":"Diaplast","twitter_card":"summary_large_image","schema":{"@context":"https:\/\/schema.org","@graph":[{"@type":"WebPage","@id":"https:\/\/diaplast.lt\/pl\/produktas\/diamentowa-tarcza-ciagla-do-ciecia-suchego-kamienia-rim-fy\/","url":"https:\/\/diaplast.lt\/pl\/produktas\/diamentowa-tarcza-ciagla-do-ciecia-suchego-kamienia-rim-fy\/","name":"Diamentowa tarcza ci\u0105g\u0142a do ci\u0119cia suchego kamienia RIM FY - Diaplast","isPartOf":{"@id":"https:\/\/diaplast.lt\/#website"},"primaryImageOfPage":{"@id":"https:\/\/diaplast.lt\/pl\/produktas\/diamentowa-tarcza-ciagla-do-ciecia-suchego-kamienia-rim-fy\/#primaryimage"},"image":{"@id":"https:\/\/diaplast.lt\/pl\/produktas\/diamentowa-tarcza-ciagla-do-ciecia-suchego-kamienia-rim-fy\/#primaryimage"},"thumbnailUrl":"https:\/\/diaplast.lt\/wp-content\/uploads\/2025\/03\/S115-RIM-FY.jpg","datePublished":"2025-03-06T07:46:58+00:00","breadcrumb":{"@id":"https:\/\/diaplast.lt\/pl\/produktas\/diamentowa-tarcza-ciagla-do-ciecia-suchego-kamienia-rim-fy\/#breadcrumb"},"inLanguage":"pl-PL","potentialAction":[{"@type":"ReadAction","target":["https:\/\/diaplast.lt\/pl\/produktas\/diamentowa-tarcza-ciagla-do-ciecia-suchego-kamienia-rim-fy\/"]}]},{"@type":"ImageObject","inLanguage":"pl-PL","@id":"https:\/\/diaplast.lt\/pl\/produktas\/diamentowa-tarcza-ciagla-do-ciecia-suchego-kamienia-rim-fy\/#primaryimage","url":"https:\/\/diaplast.lt\/wp-content\/uploads\/2025\/03\/S115-RIM-FY.jpg","contentUrl":"https:\/\/diaplast.lt\/wp-content\/uploads\/2025\/03\/S115-RIM-FY.jpg","width":1200,"height":1200},{"@type":"BreadcrumbList","@id":"https:\/\/diaplast.lt\/pl\/produktas\/diamentowa-tarcza-ciagla-do-ciecia-suchego-kamienia-rim-fy\/#breadcrumb","itemListElement":[{"@type":"ListItem","position":1,"name":"Strona g\u0142\u00f3wna","item":"https:\/\/diaplast.lt\/"},{"@type":"ListItem","position":2,"name":"Zasi\u0119g","item":"https:\/\/diaplast.lt\/pl\/asortyment\/"},{"@type":"ListItem","position":3,"name":"Diamentowa tarcza ci\u0105g\u0142a do ci\u0119cia suchego kamienia RIM FY"}]},{"@type":"WebSite","@id":"https:\/\/diaplast.lt\/#website","url":"https:\/\/diaplast.lt\/","name":"Diaplast","description":"Deimantini\u0173 instrument\u0173 gamyba ir prekyba","publisher":{"@id":"https:\/\/diaplast.lt\/#organization"},"potentialAction":[{"@type":"SearchAction","target":{"@type":"EntryPoint","urlTemplate":"https:\/\/diaplast.lt\/?s={search_term_string}"},"query-input":{"@type":"PropertyValueSpecification","valueRequired":true,"valueName":"search_term_string"}}],"inLanguage":"pl-PL"},{"@type":"Organization","@id":"https:\/\/diaplast.lt\/#organization","name":"Diaplast","url":"https:\/\/diaplast.lt\/","logo":{"@type":"ImageObject","inLanguage":"pl-PL","@id":"https:\/\/diaplast.lt\/#\/schema\/logo\/image\/","url":"http:\/\/diaplast.lt\/wp-content\/uploads\/2022\/06\/ebaltveja-logo.png","contentUrl":"http:\/\/diaplast.lt\/wp-content\/uploads\/2022\/06\/ebaltveja-logo.png","width":200,"height":69,"caption":"Diaplast"},"image":{"@id":"https:\/\/diaplast.lt\/#\/schema\/logo\/image\/"}}]}},"_links":{"self":[{"href":"https:\/\/diaplast.lt\/pl\/wp-json\/wp\/v2\/product\/20023","targetHints":{"allow":["GET"]}}],"collection":[{"href":"https:\/\/diaplast.lt\/pl\/wp-json\/wp\/v2\/product"}],"about":[{"href":"https:\/\/diaplast.lt\/pl\/wp-json\/wp\/v2\/types\/product"}],"version-history":[{"count":0,"href":"https:\/\/diaplast.lt\/pl\/wp-json\/wp\/v2\/product\/20023\/revisions"}],"wp:featuredmedia":[{"embeddable":true,"href":"https:\/\/diaplast.lt\/pl\/wp-json\/wp\/v2\/media\/24844"}],"wp:attachment":[{"href":"https:\/\/diaplast.lt\/pl\/wp-json\/wp\/v2\/media?parent=20023"}],"wp:term":[{"taxonomy":"product_brand","embeddable":true,"href":"https:\/\/diaplast.lt\/pl\/wp-json\/wp\/v2\/product_brand?post=20023"},{"taxonomy":"product_cat","embeddable":true,"href":"https:\/\/diaplast.lt\/pl\/wp-json\/wp\/v2\/product_cat?post=20023"},{"taxonomy":"product_tag","embeddable":true,"href":"https:\/\/diaplast.lt\/pl\/wp-json\/wp\/v2\/product_tag?post=20023"}],"curies":[{"name":"wp","href":"https:\/\/api.w.org\/{rel}","templated":true}]}}