{"id":20225,"date":"2025-03-06T11:36:02","date_gmt":"2025-03-06T08:36:02","guid":{"rendered":"https:\/\/diaplast.lt\/produktas\/twarda-diamentowa-tarcza-polerska-100-p\/"},"modified":"2025-05-05T10:23:37","modified_gmt":"2025-05-05T07:23:37","slug":"twarda-diamentowa-tarcza-polerska-100-p","status":"publish","type":"product","link":"https:\/\/diaplast.lt\/pl\/produkt\/twarda-diamentowa-tarcza-polerska-100-p\/","title":{"rendered":"Twarda diamentowa tarcza polerska 100 P"},"content":{"rendered":"\n<table id=\"tablepress-1\" class=\"tablepress tablepress-id-1\">\n<thead>\n<tr class=\"row-1\">\n\t<th class=\"column-1\"><strong>Nr<\/strong><\/th><th class=\"column-2\"><strong>00<\/strong><\/th><th class=\"column-3\"><strong>00LOM<\/strong><\/th><th class=\"column-4\"><strong>0\/0T<\/strong><\/th><th class=\"column-5\"><strong>1\/1M<\/strong><\/th><th class=\"column-6\"><strong>2\/2M<\/strong><\/th><th class=\"column-7\"><strong>3<\/strong><\/th><th class=\"column-8\"><strong>4<\/strong><\/th><th class=\"column-9\"><strong>5<\/strong><\/th>\n<\/tr>\n<\/thead>\n<tbody class=\"row-striping\">\n<tr class=\"row-2\">\n\t<td class=\"column-1\"><strong>Spalva<\/strong><\/td><td class=\"column-2\">Oran\u017einis<\/td><td class=\"column-3\">Juodas<\/td><td class=\"column-4\">Juodas<\/td><td class=\"column-5\">\u0160viesiai \u017ealias\/\u017dalias<\/td><td class=\"column-6\">Pilkas\/Melsvas<\/td><td class=\"column-7\">Rudas<\/td><td class=\"column-8\">Geltonas<\/td><td class=\"column-9\">Tamsiai \u017ealias<\/td>\n<\/tr>\n<tr class=\"row-3\">\n\t<td class=\"column-1\"><strong>Deimanto  dydis, mesh<\/strong><\/td><td class=\"column-2\">30\/40<\/td><td class=\"column-3\">30\/40<\/td><td class=\"column-4\">70<\/td><td class=\"column-5\">170<\/td><td class=\"column-6\">400<\/td><td class=\"column-7\">800<\/td><td class=\"column-8\">1500<\/td><td class=\"column-9\">3000<\/td>\n<\/tr>\n<tr class=\"row-4\">\n\t<td class=\"column-1\"><strong>Suri\u0161\u0117jas<\/strong><\/td><td class=\"column-2\">  Metalo segmentai<\/td><td class=\"column-3\">Metalas skaldytas<\/td><td class=\"column-4\">Keramika<\/td><td class=\"column-5\">Keramika<\/td><td class=\"column-6\">Polimeras<\/td><td class=\"column-7\">Polimeras<\/td><td class=\"column-8\">Polimeras<\/td><td class=\"column-9\">Polimeras<\/td>\n<\/tr>\n<\/tbody>\n<\/table>\n<!-- #tablepress-1 from cache -->\n","protected":false},"excerpt":{"rendered":"<div class=\"elementor-element elementor-element-67d1cce elementor-widget elementor-widget-woocommerce-product-short-description\" data-id=\"67d1cce\" data-element_type=\"widget\" data-widget_type=\"woocommerce-product-short-description.default\">\n<div class=\"elementor-widget-container\">\n<div class=\"description woocommerce-product-details__short-description\">\n<p>Numery 00 i 00LOM s\u0105 najgrubsze.<\/p>\n<p>00 zawiera cylindryczne segmenty diamentowe.<\/p>\n<p>00LOM zawiera \u0142amane segmenty diamentowe.<\/p>\n<p>Numer 0T zawiera ceramik\u0119 diamentow\u0105 w kszta\u0142cie tabletek.<\/p>\n<p>Numer 0 zawiera \u0142aman\u0105 ceramik\u0119 diamentow\u0105.<\/p>\n<p>Numery 1M i 2M s\u0105 dla twardego granitu.<\/p>\n<p>Numery 1 i 2 s\u0105 dla mi\u0119kkiego granitu.<\/p>\n<\/div>\n<\/div>\n<\/div>\n","protected":false},"featured_media":24900,"template":"","meta":[],"product_brand":[],"product_cat":[844,862],"product_tag":[],"class_list":{"0":"post-20225","1":"product","2":"type-product","3":"status-publish","4":"has-post-thumbnail","6":"product_cat-narzedzia-do-szlifowania-polerowania","7":"product_cat-twarde-tarcze-diamentowe-do-szlifowania","8":"pa_diametras-mm-100-pl","9":"pa_forma-standard","10":"pa_kilmes-salis-litwa","11":"pa_numeriai-00lom-pl","12":"pa_numeriai-1m-pl","13":"pa_numeriai-00-pl","14":"pa_numeriai-2m-pl","15":"pa_numeriai-3-pl","16":"pa_numeriai-5-pl","17":"pa_numeriai-1-pl","18":"pa_numeriai-0t-pl","19":"pa_numeriai-2-pl","20":"pa_numeriai-4-pl","21":"pa_numeriai-0-pl","22":"pa_paskirtis-dla-granitu","23":"pa_tvirtinimas-snail-locksnail-pl","24":"pa_tvirtinimas-rzep","26":"first","27":"instock","28":"taxable","29":"shipping-taxable","30":"purchasable","31":"product-type-variable"},"yoast_head":"<!-- This site is optimized with the Yoast SEO plugin v26.0 - https:\/\/yoast.com\/wordpress\/plugins\/seo\/ -->\n<title>Twarda diamentowa tarcza polerska 100 P - Diaplast<\/title>\n<meta name=\"robots\" content=\"index, follow, max-snippet:-1, max-image-preview:large, max-video-preview:-1\" \/>\n<link rel=\"canonical\" href=\"https:\/\/diaplast.lt\/pl\/Produkt\/twarda-diamentowa-tarcza-polerska-100-p\/\" \/>\n<meta property=\"og:locale\" content=\"pl_PL\" \/>\n<meta property=\"og:type\" content=\"article\" \/>\n<meta property=\"og:title\" content=\"Twarda diamentowa tarcza polerska 100 P - Diaplast\" \/>\n<meta property=\"og:description\" content=\"Numery 00 i 00LOM s\u0105 najgrubsze. 00 zawiera cylindryczne segmenty diamentowe. 00LOM zawiera \u0142amane segmenty diamentowe. Numer 0T zawiera ceramik\u0119 diamentow\u0105 w kszta\u0142cie tabletek. Numer 0 zawiera \u0142aman\u0105 ceramik\u0119 diamentow\u0105. Numery 1M i 2M s\u0105 dla twardego granitu. Numery 1 i 2 s\u0105 dla mi\u0119kkiego granitu.\" \/>\n<meta property=\"og:url\" content=\"https:\/\/diaplast.lt\/pl\/Produkt\/twarda-diamentowa-tarcza-polerska-100-p\/\" \/>\n<meta property=\"og:site_name\" content=\"Diaplast\" \/>\n<meta property=\"article:modified_time\" content=\"2025-05-05T07:23:37+00:00\" \/>\n<meta property=\"og:image\" content=\"http:\/\/diaplast.lt\/wp-content\/uploads\/2025\/03\/100_LTU.webp\" \/>\n\t<meta property=\"og:image:width\" content=\"1200\" \/>\n\t<meta property=\"og:image:height\" content=\"1200\" \/>\n\t<meta property=\"og:image:type\" content=\"image\/jpeg\" \/>\n<meta name=\"twitter:card\" content=\"summary_large_image\" \/>\n<script type=\"application\/ld+json\" class=\"yoast-schema-graph\">{\"@context\":\"https:\/\/schema.org\",\"@graph\":[{\"@type\":\"WebPage\",\"@id\":\"https:\/\/diaplast.lt\/pl\/Produkt\/twarda-diamentowa-tarcza-polerska-100-p\/\",\"url\":\"https:\/\/diaplast.lt\/pl\/Produkt\/twarda-diamentowa-tarcza-polerska-100-p\/\",\"name\":\"Twarda diamentowa tarcza polerska 100 P - Diaplast\",\"isPartOf\":{\"@id\":\"https:\/\/diaplast.lt\/#website\"},\"primaryImageOfPage\":{\"@id\":\"https:\/\/diaplast.lt\/pl\/Produkt\/twarda-diamentowa-tarcza-polerska-100-p\/#primaryimage\"},\"image\":{\"@id\":\"https:\/\/diaplast.lt\/pl\/Produkt\/twarda-diamentowa-tarcza-polerska-100-p\/#primaryimage\"},\"thumbnailUrl\":\"https:\/\/diaplast.lt\/wp-content\/uploads\/2025\/03\/100_LTU.jpg\",\"datePublished\":\"2025-03-06T08:36:02+00:00\",\"dateModified\":\"2025-05-05T07:23:37+00:00\",\"breadcrumb\":{\"@id\":\"https:\/\/diaplast.lt\/pl\/Produkt\/twarda-diamentowa-tarcza-polerska-100-p\/#breadcrumb\"},\"inLanguage\":\"pl-PL\",\"potentialAction\":[{\"@type\":\"ReadAction\",\"target\":[\"https:\/\/diaplast.lt\/pl\/Produkt\/twarda-diamentowa-tarcza-polerska-100-p\/\"]}]},{\"@type\":\"ImageObject\",\"inLanguage\":\"pl-PL\",\"@id\":\"https:\/\/diaplast.lt\/pl\/Produkt\/twarda-diamentowa-tarcza-polerska-100-p\/#primaryimage\",\"url\":\"https:\/\/diaplast.lt\/wp-content\/uploads\/2025\/03\/100_LTU.jpg\",\"contentUrl\":\"https:\/\/diaplast.lt\/wp-content\/uploads\/2025\/03\/100_LTU.jpg\",\"width\":1200,\"height\":1200},{\"@type\":\"BreadcrumbList\",\"@id\":\"https:\/\/diaplast.lt\/pl\/Produkt\/twarda-diamentowa-tarcza-polerska-100-p\/#breadcrumb\",\"itemListElement\":[{\"@type\":\"ListItem\",\"position\":1,\"name\":\"Strona g\u0142\u00f3wna\",\"item\":\"https:\/\/diaplast.lt\/\"},{\"@type\":\"ListItem\",\"position\":2,\"name\":\"Zasi\u0119g\",\"item\":\"https:\/\/diaplast.lt\/pl\/asortyment\/\"},{\"@type\":\"ListItem\",\"position\":3,\"name\":\"Twarda diamentowa tarcza polerska 100 P\"}]},{\"@type\":\"WebSite\",\"@id\":\"https:\/\/diaplast.lt\/#website\",\"url\":\"https:\/\/diaplast.lt\/\",\"name\":\"Diaplast\",\"description\":\"Deimantini\u0173 instrument\u0173 gamyba ir prekyba\",\"publisher\":{\"@id\":\"https:\/\/diaplast.lt\/#organization\"},\"potentialAction\":[{\"@type\":\"SearchAction\",\"target\":{\"@type\":\"EntryPoint\",\"urlTemplate\":\"https:\/\/diaplast.lt\/?s={search_term_string}\"},\"query-input\":{\"@type\":\"PropertyValueSpecification\",\"valueRequired\":true,\"valueName\":\"search_term_string\"}}],\"inLanguage\":\"pl-PL\"},{\"@type\":\"Organization\",\"@id\":\"https:\/\/diaplast.lt\/#organization\",\"name\":\"Diaplast\",\"url\":\"https:\/\/diaplast.lt\/\",\"logo\":{\"@type\":\"ImageObject\",\"inLanguage\":\"pl-PL\",\"@id\":\"https:\/\/diaplast.lt\/#\/schema\/logo\/image\/\",\"url\":\"http:\/\/diaplast.lt\/wp-content\/uploads\/2022\/06\/ebaltveja-logo.png\",\"contentUrl\":\"http:\/\/diaplast.lt\/wp-content\/uploads\/2022\/06\/ebaltveja-logo.png\",\"width\":200,\"height\":69,\"caption\":\"Diaplast\"},\"image\":{\"@id\":\"https:\/\/diaplast.lt\/#\/schema\/logo\/image\/\"}}]}<\/script>\n<!-- \/ Yoast SEO plugin. -->","yoast_head_json":{"title":"Twarda diamentowa tarcza polerska 100 P - Diaplast","robots":{"index":"index","follow":"follow","max-snippet":"max-snippet:-1","max-image-preview":"max-image-preview:large","max-video-preview":"max-video-preview:-1"},"canonical":"https:\/\/diaplast.lt\/pl\/Produkt\/twarda-diamentowa-tarcza-polerska-100-p\/","og_locale":"pl_PL","og_type":"article","og_title":"Twarda diamentowa tarcza polerska 100 P - Diaplast","og_description":"Numery 00 i 00LOM s\u0105 najgrubsze. 00 zawiera cylindryczne segmenty diamentowe. 00LOM zawiera \u0142amane segmenty diamentowe. Numer 0T zawiera ceramik\u0119 diamentow\u0105 w kszta\u0142cie tabletek. Numer 0 zawiera \u0142aman\u0105 ceramik\u0119 diamentow\u0105. Numery 1M i 2M s\u0105 dla twardego granitu. Numery 1 i 2 s\u0105 dla mi\u0119kkiego granitu.","og_url":"https:\/\/diaplast.lt\/pl\/Produkt\/twarda-diamentowa-tarcza-polerska-100-p\/","og_site_name":"Diaplast","article_modified_time":"2025-05-05T07:23:37+00:00","og_image":[{"width":1200,"height":1200,"url":"http:\/\/diaplast.lt\/wp-content\/uploads\/2025\/03\/100_LTU.webp","type":"image\/jpeg"}],"twitter_card":"summary_large_image","schema":{"@context":"https:\/\/schema.org","@graph":[{"@type":"WebPage","@id":"https:\/\/diaplast.lt\/pl\/Produkt\/twarda-diamentowa-tarcza-polerska-100-p\/","url":"https:\/\/diaplast.lt\/pl\/Produkt\/twarda-diamentowa-tarcza-polerska-100-p\/","name":"Twarda diamentowa tarcza polerska 100 P - Diaplast","isPartOf":{"@id":"https:\/\/diaplast.lt\/#website"},"primaryImageOfPage":{"@id":"https:\/\/diaplast.lt\/pl\/Produkt\/twarda-diamentowa-tarcza-polerska-100-p\/#primaryimage"},"image":{"@id":"https:\/\/diaplast.lt\/pl\/Produkt\/twarda-diamentowa-tarcza-polerska-100-p\/#primaryimage"},"thumbnailUrl":"https:\/\/diaplast.lt\/wp-content\/uploads\/2025\/03\/100_LTU.jpg","datePublished":"2025-03-06T08:36:02+00:00","dateModified":"2025-05-05T07:23:37+00:00","breadcrumb":{"@id":"https:\/\/diaplast.lt\/pl\/Produkt\/twarda-diamentowa-tarcza-polerska-100-p\/#breadcrumb"},"inLanguage":"pl-PL","potentialAction":[{"@type":"ReadAction","target":["https:\/\/diaplast.lt\/pl\/Produkt\/twarda-diamentowa-tarcza-polerska-100-p\/"]}]},{"@type":"ImageObject","inLanguage":"pl-PL","@id":"https:\/\/diaplast.lt\/pl\/Produkt\/twarda-diamentowa-tarcza-polerska-100-p\/#primaryimage","url":"https:\/\/diaplast.lt\/wp-content\/uploads\/2025\/03\/100_LTU.jpg","contentUrl":"https:\/\/diaplast.lt\/wp-content\/uploads\/2025\/03\/100_LTU.jpg","width":1200,"height":1200},{"@type":"BreadcrumbList","@id":"https:\/\/diaplast.lt\/pl\/Produkt\/twarda-diamentowa-tarcza-polerska-100-p\/#breadcrumb","itemListElement":[{"@type":"ListItem","position":1,"name":"Strona g\u0142\u00f3wna","item":"https:\/\/diaplast.lt\/"},{"@type":"ListItem","position":2,"name":"Zasi\u0119g","item":"https:\/\/diaplast.lt\/pl\/asortyment\/"},{"@type":"ListItem","position":3,"name":"Twarda diamentowa tarcza polerska 100 P"}]},{"@type":"WebSite","@id":"https:\/\/diaplast.lt\/#website","url":"https:\/\/diaplast.lt\/","name":"Diaplast","description":"Deimantini\u0173 instrument\u0173 gamyba ir prekyba","publisher":{"@id":"https:\/\/diaplast.lt\/#organization"},"potentialAction":[{"@type":"SearchAction","target":{"@type":"EntryPoint","urlTemplate":"https:\/\/diaplast.lt\/?s={search_term_string}"},"query-input":{"@type":"PropertyValueSpecification","valueRequired":true,"valueName":"search_term_string"}}],"inLanguage":"pl-PL"},{"@type":"Organization","@id":"https:\/\/diaplast.lt\/#organization","name":"Diaplast","url":"https:\/\/diaplast.lt\/","logo":{"@type":"ImageObject","inLanguage":"pl-PL","@id":"https:\/\/diaplast.lt\/#\/schema\/logo\/image\/","url":"http:\/\/diaplast.lt\/wp-content\/uploads\/2022\/06\/ebaltveja-logo.png","contentUrl":"http:\/\/diaplast.lt\/wp-content\/uploads\/2022\/06\/ebaltveja-logo.png","width":200,"height":69,"caption":"Diaplast"},"image":{"@id":"https:\/\/diaplast.lt\/#\/schema\/logo\/image\/"}}]}},"_links":{"self":[{"href":"https:\/\/diaplast.lt\/pl\/wp-json\/wp\/v2\/product\/20225","targetHints":{"allow":["GET"]}}],"collection":[{"href":"https:\/\/diaplast.lt\/pl\/wp-json\/wp\/v2\/product"}],"about":[{"href":"https:\/\/diaplast.lt\/pl\/wp-json\/wp\/v2\/types\/product"}],"version-history":[{"count":1,"href":"https:\/\/diaplast.lt\/pl\/wp-json\/wp\/v2\/product\/20225\/revisions"}],"predecessor-version":[{"id":26111,"href":"https:\/\/diaplast.lt\/pl\/wp-json\/wp\/v2\/product\/20225\/revisions\/26111"}],"wp:featuredmedia":[{"embeddable":true,"href":"https:\/\/diaplast.lt\/pl\/wp-json\/wp\/v2\/media\/24900"}],"wp:attachment":[{"href":"https:\/\/diaplast.lt\/pl\/wp-json\/wp\/v2\/media?parent=20225"}],"wp:term":[{"taxonomy":"product_brand","embeddable":true,"href":"https:\/\/diaplast.lt\/pl\/wp-json\/wp\/v2\/product_brand?post=20225"},{"taxonomy":"product_cat","embeddable":true,"href":"https:\/\/diaplast.lt\/pl\/wp-json\/wp\/v2\/product_cat?post=20225"},{"taxonomy":"product_tag","embeddable":true,"href":"https:\/\/diaplast.lt\/pl\/wp-json\/wp\/v2\/product_tag?post=20225"}],"curies":[{"name":"wp","href":"https:\/\/api.w.org\/{rel}","templated":true}]}}