{"id":20410,"date":"2025-03-04T17:24:41","date_gmt":"2025-03-04T14:24:41","guid":{"rendered":"https:\/\/diaplast.lt\/produktas\/diamentowa-ultracienka-pila-turbo-do-ciecia-na-sucho-t-ipg\/"},"modified":"2025-03-04T17:24:41","modified_gmt":"2025-03-04T14:24:41","slug":"diamentowa-ultracienka-pila-turbo-do-ciecia-na-sucho-t-ipg","status":"publish","type":"product","link":"https:\/\/diaplast.lt\/pl\/produkt\/diamentowa-ultracienka-pila-turbo-do-ciecia-na-sucho-t-ipg\/","title":{"rendered":"Diamentowa ultracienka pi\u0142a turbo do ci\u0119cia na sucho T IPG"},"content":{"rendered":"","protected":false},"excerpt":{"rendered":"<p>Grubo\u015b\u0107 brzeszczotu 1,4 mm, odpowiednia do ci\u0119cia p\u0142ytek<\/p>\n","protected":false},"featured_media":28480,"template":"","meta":[],"product_brand":[],"product_cat":[786,788,790],"product_tag":[],"class_list":{"0":"post-20410","1":"product","2":"type-product","3":"status-publish","4":"has-post-thumbnail","6":"product_cat-pily-diamentowe","7":"product_cat-dla-kamienia","8":"product_cat-do-ciecia-suchego-kamienia","9":"pa_diametras-mm-115-pl","10":"pa_diametras-mm-125-pl","11":"pa_paskirtis-do-ciecia-na-sucho","12":"pa_paskirtis-dla-plytek-gresowych","13":"pa_paskirtis-dla-granitu","14":"pa_segmentu-aukstis-mm-10-pl","15":"pa_skyle-tvirtinimui-o-mm-2223-pl","16":"pa_tipas-turbo-pl","18":"first","19":"instock","20":"taxable","21":"shipping-taxable","22":"purchasable","23":"product-type-variable"},"yoast_head":"<!-- This site is optimized with the Yoast SEO plugin v26.0 - https:\/\/yoast.com\/wordpress\/plugins\/seo\/ -->\n<title>Diamentowa ultracienka pi\u0142a turbo do ci\u0119cia na sucho T IPG - Diaplast<\/title>\n<meta name=\"robots\" content=\"index, follow, max-snippet:-1, max-image-preview:large, max-video-preview:-1\" \/>\n<link rel=\"canonical\" href=\"https:\/\/diaplast.lt\/pl\/produktas\/diamentowa-ultracienka-pila-turbo-do-ciecia-na-sucho-t-ipg\/\" \/>\n<meta property=\"og:locale\" content=\"pl_PL\" \/>\n<meta property=\"og:type\" content=\"article\" \/>\n<meta property=\"og:title\" content=\"Diamentowa ultracienka pi\u0142a turbo do ci\u0119cia na sucho T IPG - Diaplast\" \/>\n<meta property=\"og:description\" content=\"Grubo\u015b\u0107 brzeszczotu 1,4 mm, odpowiednia do ci\u0119cia p\u0142ytek\" \/>\n<meta property=\"og:url\" content=\"https:\/\/diaplast.lt\/pl\/produktas\/diamentowa-ultracienka-pila-turbo-do-ciecia-na-sucho-t-ipg\/\" \/>\n<meta property=\"og:site_name\" content=\"Diaplast\" \/>\n<meta name=\"twitter:card\" content=\"summary_large_image\" \/>\n<script type=\"application\/ld+json\" class=\"yoast-schema-graph\">{\"@context\":\"https:\/\/schema.org\",\"@graph\":[{\"@type\":\"WebPage\",\"@id\":\"https:\/\/diaplast.lt\/pl\/produktas\/diamentowa-ultracienka-pila-turbo-do-ciecia-na-sucho-t-ipg\/\",\"url\":\"https:\/\/diaplast.lt\/pl\/produktas\/diamentowa-ultracienka-pila-turbo-do-ciecia-na-sucho-t-ipg\/\",\"name\":\"Diamentowa ultracienka pi\u0142a turbo do ci\u0119cia na sucho T IPG - Diaplast\",\"isPartOf\":{\"@id\":\"https:\/\/diaplast.lt\/#website\"},\"primaryImageOfPage\":{\"@id\":\"https:\/\/diaplast.lt\/pl\/produktas\/diamentowa-ultracienka-pila-turbo-do-ciecia-na-sucho-t-ipg\/#primaryimage\"},\"image\":{\"@id\":\"https:\/\/diaplast.lt\/pl\/produktas\/diamentowa-ultracienka-pila-turbo-do-ciecia-na-sucho-t-ipg\/#primaryimage\"},\"thumbnailUrl\":\"https:\/\/diaplast.lt\/wp-content\/uploads\/2025\/03\/S125F-IPG.jpg\",\"datePublished\":\"2025-03-04T14:24:41+00:00\",\"breadcrumb\":{\"@id\":\"https:\/\/diaplast.lt\/pl\/produktas\/diamentowa-ultracienka-pila-turbo-do-ciecia-na-sucho-t-ipg\/#breadcrumb\"},\"inLanguage\":\"pl-PL\",\"potentialAction\":[{\"@type\":\"ReadAction\",\"target\":[\"https:\/\/diaplast.lt\/pl\/produktas\/diamentowa-ultracienka-pila-turbo-do-ciecia-na-sucho-t-ipg\/\"]}]},{\"@type\":\"ImageObject\",\"inLanguage\":\"pl-PL\",\"@id\":\"https:\/\/diaplast.lt\/pl\/produktas\/diamentowa-ultracienka-pila-turbo-do-ciecia-na-sucho-t-ipg\/#primaryimage\",\"url\":\"https:\/\/diaplast.lt\/wp-content\/uploads\/2025\/03\/S125F-IPG.jpg\",\"contentUrl\":\"https:\/\/diaplast.lt\/wp-content\/uploads\/2025\/03\/S125F-IPG.jpg\",\"width\":1200,\"height\":1200},{\"@type\":\"BreadcrumbList\",\"@id\":\"https:\/\/diaplast.lt\/pl\/produktas\/diamentowa-ultracienka-pila-turbo-do-ciecia-na-sucho-t-ipg\/#breadcrumb\",\"itemListElement\":[{\"@type\":\"ListItem\",\"position\":1,\"name\":\"Strona g\u0142\u00f3wna\",\"item\":\"https:\/\/diaplast.lt\/\"},{\"@type\":\"ListItem\",\"position\":2,\"name\":\"Zasi\u0119g\",\"item\":\"https:\/\/diaplast.lt\/pl\/asortyment\/\"},{\"@type\":\"ListItem\",\"position\":3,\"name\":\"Diamentowa ultracienka pi\u0142a turbo do ci\u0119cia na sucho T IPG\"}]},{\"@type\":\"WebSite\",\"@id\":\"https:\/\/diaplast.lt\/#website\",\"url\":\"https:\/\/diaplast.lt\/\",\"name\":\"Diaplast\",\"description\":\"Deimantini\u0173 instrument\u0173 gamyba ir prekyba\",\"publisher\":{\"@id\":\"https:\/\/diaplast.lt\/#organization\"},\"potentialAction\":[{\"@type\":\"SearchAction\",\"target\":{\"@type\":\"EntryPoint\",\"urlTemplate\":\"https:\/\/diaplast.lt\/?s={search_term_string}\"},\"query-input\":{\"@type\":\"PropertyValueSpecification\",\"valueRequired\":true,\"valueName\":\"search_term_string\"}}],\"inLanguage\":\"pl-PL\"},{\"@type\":\"Organization\",\"@id\":\"https:\/\/diaplast.lt\/#organization\",\"name\":\"Diaplast\",\"url\":\"https:\/\/diaplast.lt\/\",\"logo\":{\"@type\":\"ImageObject\",\"inLanguage\":\"pl-PL\",\"@id\":\"https:\/\/diaplast.lt\/#\/schema\/logo\/image\/\",\"url\":\"http:\/\/diaplast.lt\/wp-content\/uploads\/2022\/06\/ebaltveja-logo.png\",\"contentUrl\":\"http:\/\/diaplast.lt\/wp-content\/uploads\/2022\/06\/ebaltveja-logo.png\",\"width\":200,\"height\":69,\"caption\":\"Diaplast\"},\"image\":{\"@id\":\"https:\/\/diaplast.lt\/#\/schema\/logo\/image\/\"}}]}<\/script>\n<!-- \/ Yoast SEO plugin. -->","yoast_head_json":{"title":"Diamentowa ultracienka pi\u0142a turbo do ci\u0119cia na sucho T IPG - Diaplast","robots":{"index":"index","follow":"follow","max-snippet":"max-snippet:-1","max-image-preview":"max-image-preview:large","max-video-preview":"max-video-preview:-1"},"canonical":"https:\/\/diaplast.lt\/pl\/produktas\/diamentowa-ultracienka-pila-turbo-do-ciecia-na-sucho-t-ipg\/","og_locale":"pl_PL","og_type":"article","og_title":"Diamentowa ultracienka pi\u0142a turbo do ci\u0119cia na sucho T IPG - Diaplast","og_description":"Grubo\u015b\u0107 brzeszczotu 1,4 mm, odpowiednia do ci\u0119cia p\u0142ytek","og_url":"https:\/\/diaplast.lt\/pl\/produktas\/diamentowa-ultracienka-pila-turbo-do-ciecia-na-sucho-t-ipg\/","og_site_name":"Diaplast","twitter_card":"summary_large_image","schema":{"@context":"https:\/\/schema.org","@graph":[{"@type":"WebPage","@id":"https:\/\/diaplast.lt\/pl\/produktas\/diamentowa-ultracienka-pila-turbo-do-ciecia-na-sucho-t-ipg\/","url":"https:\/\/diaplast.lt\/pl\/produktas\/diamentowa-ultracienka-pila-turbo-do-ciecia-na-sucho-t-ipg\/","name":"Diamentowa ultracienka pi\u0142a turbo do ci\u0119cia na sucho T IPG - Diaplast","isPartOf":{"@id":"https:\/\/diaplast.lt\/#website"},"primaryImageOfPage":{"@id":"https:\/\/diaplast.lt\/pl\/produktas\/diamentowa-ultracienka-pila-turbo-do-ciecia-na-sucho-t-ipg\/#primaryimage"},"image":{"@id":"https:\/\/diaplast.lt\/pl\/produktas\/diamentowa-ultracienka-pila-turbo-do-ciecia-na-sucho-t-ipg\/#primaryimage"},"thumbnailUrl":"https:\/\/diaplast.lt\/wp-content\/uploads\/2025\/03\/S125F-IPG.jpg","datePublished":"2025-03-04T14:24:41+00:00","breadcrumb":{"@id":"https:\/\/diaplast.lt\/pl\/produktas\/diamentowa-ultracienka-pila-turbo-do-ciecia-na-sucho-t-ipg\/#breadcrumb"},"inLanguage":"pl-PL","potentialAction":[{"@type":"ReadAction","target":["https:\/\/diaplast.lt\/pl\/produktas\/diamentowa-ultracienka-pila-turbo-do-ciecia-na-sucho-t-ipg\/"]}]},{"@type":"ImageObject","inLanguage":"pl-PL","@id":"https:\/\/diaplast.lt\/pl\/produktas\/diamentowa-ultracienka-pila-turbo-do-ciecia-na-sucho-t-ipg\/#primaryimage","url":"https:\/\/diaplast.lt\/wp-content\/uploads\/2025\/03\/S125F-IPG.jpg","contentUrl":"https:\/\/diaplast.lt\/wp-content\/uploads\/2025\/03\/S125F-IPG.jpg","width":1200,"height":1200},{"@type":"BreadcrumbList","@id":"https:\/\/diaplast.lt\/pl\/produktas\/diamentowa-ultracienka-pila-turbo-do-ciecia-na-sucho-t-ipg\/#breadcrumb","itemListElement":[{"@type":"ListItem","position":1,"name":"Strona g\u0142\u00f3wna","item":"https:\/\/diaplast.lt\/"},{"@type":"ListItem","position":2,"name":"Zasi\u0119g","item":"https:\/\/diaplast.lt\/pl\/asortyment\/"},{"@type":"ListItem","position":3,"name":"Diamentowa ultracienka pi\u0142a turbo do ci\u0119cia na sucho T IPG"}]},{"@type":"WebSite","@id":"https:\/\/diaplast.lt\/#website","url":"https:\/\/diaplast.lt\/","name":"Diaplast","description":"Deimantini\u0173 instrument\u0173 gamyba ir prekyba","publisher":{"@id":"https:\/\/diaplast.lt\/#organization"},"potentialAction":[{"@type":"SearchAction","target":{"@type":"EntryPoint","urlTemplate":"https:\/\/diaplast.lt\/?s={search_term_string}"},"query-input":{"@type":"PropertyValueSpecification","valueRequired":true,"valueName":"search_term_string"}}],"inLanguage":"pl-PL"},{"@type":"Organization","@id":"https:\/\/diaplast.lt\/#organization","name":"Diaplast","url":"https:\/\/diaplast.lt\/","logo":{"@type":"ImageObject","inLanguage":"pl-PL","@id":"https:\/\/diaplast.lt\/#\/schema\/logo\/image\/","url":"http:\/\/diaplast.lt\/wp-content\/uploads\/2022\/06\/ebaltveja-logo.png","contentUrl":"http:\/\/diaplast.lt\/wp-content\/uploads\/2022\/06\/ebaltveja-logo.png","width":200,"height":69,"caption":"Diaplast"},"image":{"@id":"https:\/\/diaplast.lt\/#\/schema\/logo\/image\/"}}]}},"_links":{"self":[{"href":"https:\/\/diaplast.lt\/pl\/wp-json\/wp\/v2\/product\/20410","targetHints":{"allow":["GET"]}}],"collection":[{"href":"https:\/\/diaplast.lt\/pl\/wp-json\/wp\/v2\/product"}],"about":[{"href":"https:\/\/diaplast.lt\/pl\/wp-json\/wp\/v2\/types\/product"}],"version-history":[{"count":0,"href":"https:\/\/diaplast.lt\/pl\/wp-json\/wp\/v2\/product\/20410\/revisions"}],"wp:featuredmedia":[{"embeddable":true,"href":"https:\/\/diaplast.lt\/pl\/wp-json\/wp\/v2\/media\/28480"}],"wp:attachment":[{"href":"https:\/\/diaplast.lt\/pl\/wp-json\/wp\/v2\/media?parent=20410"}],"wp:term":[{"taxonomy":"product_brand","embeddable":true,"href":"https:\/\/diaplast.lt\/pl\/wp-json\/wp\/v2\/product_brand?post=20410"},{"taxonomy":"product_cat","embeddable":true,"href":"https:\/\/diaplast.lt\/pl\/wp-json\/wp\/v2\/product_cat?post=20410"},{"taxonomy":"product_tag","embeddable":true,"href":"https:\/\/diaplast.lt\/pl\/wp-json\/wp\/v2\/product_tag?post=20410"}],"curies":[{"name":"wp","href":"https:\/\/api.w.org\/{rel}","templated":true}]}}