{"id":20435,"date":"2025-03-05T11:39:39","date_gmt":"2025-03-05T08:39:39","guid":{"rendered":"https:\/\/diaplast.lt\/produktas\/diamentowa-pila-turbo-z-kolnierzem-do-ciecia-na-sucho-tf-he\/"},"modified":"2025-03-05T11:39:39","modified_gmt":"2025-03-05T08:39:39","slug":"diamentowa-pila-turbo-z-kolnierzem-do-ciecia-na-sucho-tf-he","status":"publish","type":"product","link":"https:\/\/diaplast.lt\/pl\/produkt\/diamentowa-pila-turbo-z-kolnierzem-do-ciecia-na-sucho-tf-he\/","title":{"rendered":"Diamentowa pi\u0142a turbo z ko\u0142nierzem do ci\u0119cia na sucho TF HE"},"content":{"rendered":"","protected":false},"excerpt":{"rendered":"","protected":false},"featured_media":24891,"template":"","meta":[],"product_brand":[],"product_cat":[786,788,790],"product_tag":[],"class_list":{"0":"post-20435","1":"product","2":"type-product","3":"status-publish","4":"has-post-thumbnail","6":"product_cat-pily-diamentowe","7":"product_cat-dla-kamienia","8":"product_cat-do-ciecia-suchego-kamienia","9":"pa_diametras-mm-230-pl","10":"pa_paskirtis-dla-granitu","11":"pa_paskirtis-do-ciecia-na-sucho","12":"pa_segmentu-aukstis-mm-10-pl","13":"pa_tipas-turbo-pl","14":"pa_tvirtinimas-m14-pl","16":"first","17":"instock","18":"taxable","19":"shipping-taxable","20":"purchasable","21":"product-type-simple"},"yoast_head":"<!-- This site is optimized with the Yoast SEO plugin v26.0 - https:\/\/yoast.com\/wordpress\/plugins\/seo\/ -->\n<title>Diamentowa pi\u0142a turbo z ko\u0142nierzem do ci\u0119cia na sucho TF HE - Diaplast<\/title>\n<meta name=\"robots\" content=\"index, follow, max-snippet:-1, max-image-preview:large, max-video-preview:-1\" \/>\n<link rel=\"canonical\" href=\"https:\/\/diaplast.lt\/pl\/produktas\/diamentowa-pila-turbo-z-kolnierzem-do-ciecia-na-sucho-tf-he\/\" \/>\n<meta property=\"og:locale\" content=\"pl_PL\" \/>\n<meta property=\"og:type\" content=\"article\" \/>\n<meta property=\"og:title\" content=\"Diamentowa pi\u0142a turbo z ko\u0142nierzem do ci\u0119cia na sucho TF HE - Diaplast\" \/>\n<meta property=\"og:url\" content=\"https:\/\/diaplast.lt\/pl\/produktas\/diamentowa-pila-turbo-z-kolnierzem-do-ciecia-na-sucho-tf-he\/\" \/>\n<meta property=\"og:site_name\" content=\"Diaplast\" \/>\n<meta name=\"twitter:card\" content=\"summary_large_image\" \/>\n<script type=\"application\/ld+json\" class=\"yoast-schema-graph\">{\"@context\":\"https:\/\/schema.org\",\"@graph\":[{\"@type\":\"WebPage\",\"@id\":\"https:\/\/diaplast.lt\/pl\/produktas\/diamentowa-pila-turbo-z-kolnierzem-do-ciecia-na-sucho-tf-he\/\",\"url\":\"https:\/\/diaplast.lt\/pl\/produktas\/diamentowa-pila-turbo-z-kolnierzem-do-ciecia-na-sucho-tf-he\/\",\"name\":\"Diamentowa pi\u0142a turbo z ko\u0142nierzem do ci\u0119cia na sucho TF HE - Diaplast\",\"isPartOf\":{\"@id\":\"https:\/\/diaplast.lt\/#website\"},\"primaryImageOfPage\":{\"@id\":\"https:\/\/diaplast.lt\/pl\/produktas\/diamentowa-pila-turbo-z-kolnierzem-do-ciecia-na-sucho-tf-he\/#primaryimage\"},\"image\":{\"@id\":\"https:\/\/diaplast.lt\/pl\/produktas\/diamentowa-pila-turbo-z-kolnierzem-do-ciecia-na-sucho-tf-he\/#primaryimage\"},\"thumbnailUrl\":\"https:\/\/diaplast.lt\/wp-content\/uploads\/2025\/03\/S230TF-HE_2.jpg\",\"datePublished\":\"2025-03-05T08:39:39+00:00\",\"breadcrumb\":{\"@id\":\"https:\/\/diaplast.lt\/pl\/produktas\/diamentowa-pila-turbo-z-kolnierzem-do-ciecia-na-sucho-tf-he\/#breadcrumb\"},\"inLanguage\":\"pl-PL\",\"potentialAction\":[{\"@type\":\"ReadAction\",\"target\":[\"https:\/\/diaplast.lt\/pl\/produktas\/diamentowa-pila-turbo-z-kolnierzem-do-ciecia-na-sucho-tf-he\/\"]}]},{\"@type\":\"ImageObject\",\"inLanguage\":\"pl-PL\",\"@id\":\"https:\/\/diaplast.lt\/pl\/produktas\/diamentowa-pila-turbo-z-kolnierzem-do-ciecia-na-sucho-tf-he\/#primaryimage\",\"url\":\"https:\/\/diaplast.lt\/wp-content\/uploads\/2025\/03\/S230TF-HE_2.jpg\",\"contentUrl\":\"https:\/\/diaplast.lt\/wp-content\/uploads\/2025\/03\/S230TF-HE_2.jpg\",\"width\":1200,\"height\":1200},{\"@type\":\"BreadcrumbList\",\"@id\":\"https:\/\/diaplast.lt\/pl\/produktas\/diamentowa-pila-turbo-z-kolnierzem-do-ciecia-na-sucho-tf-he\/#breadcrumb\",\"itemListElement\":[{\"@type\":\"ListItem\",\"position\":1,\"name\":\"Strona g\u0142\u00f3wna\",\"item\":\"https:\/\/diaplast.lt\/\"},{\"@type\":\"ListItem\",\"position\":2,\"name\":\"Zasi\u0119g\",\"item\":\"https:\/\/diaplast.lt\/pl\/asortyment\/\"},{\"@type\":\"ListItem\",\"position\":3,\"name\":\"Diamentowa pi\u0142a turbo z ko\u0142nierzem do ci\u0119cia na sucho TF HE\"}]},{\"@type\":\"WebSite\",\"@id\":\"https:\/\/diaplast.lt\/#website\",\"url\":\"https:\/\/diaplast.lt\/\",\"name\":\"Diaplast\",\"description\":\"Deimantini\u0173 instrument\u0173 gamyba ir prekyba\",\"publisher\":{\"@id\":\"https:\/\/diaplast.lt\/#organization\"},\"potentialAction\":[{\"@type\":\"SearchAction\",\"target\":{\"@type\":\"EntryPoint\",\"urlTemplate\":\"https:\/\/diaplast.lt\/?s={search_term_string}\"},\"query-input\":{\"@type\":\"PropertyValueSpecification\",\"valueRequired\":true,\"valueName\":\"search_term_string\"}}],\"inLanguage\":\"pl-PL\"},{\"@type\":\"Organization\",\"@id\":\"https:\/\/diaplast.lt\/#organization\",\"name\":\"Diaplast\",\"url\":\"https:\/\/diaplast.lt\/\",\"logo\":{\"@type\":\"ImageObject\",\"inLanguage\":\"pl-PL\",\"@id\":\"https:\/\/diaplast.lt\/#\/schema\/logo\/image\/\",\"url\":\"http:\/\/diaplast.lt\/wp-content\/uploads\/2022\/06\/ebaltveja-logo.png\",\"contentUrl\":\"http:\/\/diaplast.lt\/wp-content\/uploads\/2022\/06\/ebaltveja-logo.png\",\"width\":200,\"height\":69,\"caption\":\"Diaplast\"},\"image\":{\"@id\":\"https:\/\/diaplast.lt\/#\/schema\/logo\/image\/\"}}]}<\/script>\n<!-- \/ Yoast SEO plugin. -->","yoast_head_json":{"title":"Diamentowa pi\u0142a turbo z ko\u0142nierzem do ci\u0119cia na sucho TF HE - Diaplast","robots":{"index":"index","follow":"follow","max-snippet":"max-snippet:-1","max-image-preview":"max-image-preview:large","max-video-preview":"max-video-preview:-1"},"canonical":"https:\/\/diaplast.lt\/pl\/produktas\/diamentowa-pila-turbo-z-kolnierzem-do-ciecia-na-sucho-tf-he\/","og_locale":"pl_PL","og_type":"article","og_title":"Diamentowa pi\u0142a turbo z ko\u0142nierzem do ci\u0119cia na sucho TF HE - Diaplast","og_url":"https:\/\/diaplast.lt\/pl\/produktas\/diamentowa-pila-turbo-z-kolnierzem-do-ciecia-na-sucho-tf-he\/","og_site_name":"Diaplast","twitter_card":"summary_large_image","schema":{"@context":"https:\/\/schema.org","@graph":[{"@type":"WebPage","@id":"https:\/\/diaplast.lt\/pl\/produktas\/diamentowa-pila-turbo-z-kolnierzem-do-ciecia-na-sucho-tf-he\/","url":"https:\/\/diaplast.lt\/pl\/produktas\/diamentowa-pila-turbo-z-kolnierzem-do-ciecia-na-sucho-tf-he\/","name":"Diamentowa pi\u0142a turbo z ko\u0142nierzem do ci\u0119cia na sucho TF HE - Diaplast","isPartOf":{"@id":"https:\/\/diaplast.lt\/#website"},"primaryImageOfPage":{"@id":"https:\/\/diaplast.lt\/pl\/produktas\/diamentowa-pila-turbo-z-kolnierzem-do-ciecia-na-sucho-tf-he\/#primaryimage"},"image":{"@id":"https:\/\/diaplast.lt\/pl\/produktas\/diamentowa-pila-turbo-z-kolnierzem-do-ciecia-na-sucho-tf-he\/#primaryimage"},"thumbnailUrl":"https:\/\/diaplast.lt\/wp-content\/uploads\/2025\/03\/S230TF-HE_2.jpg","datePublished":"2025-03-05T08:39:39+00:00","breadcrumb":{"@id":"https:\/\/diaplast.lt\/pl\/produktas\/diamentowa-pila-turbo-z-kolnierzem-do-ciecia-na-sucho-tf-he\/#breadcrumb"},"inLanguage":"pl-PL","potentialAction":[{"@type":"ReadAction","target":["https:\/\/diaplast.lt\/pl\/produktas\/diamentowa-pila-turbo-z-kolnierzem-do-ciecia-na-sucho-tf-he\/"]}]},{"@type":"ImageObject","inLanguage":"pl-PL","@id":"https:\/\/diaplast.lt\/pl\/produktas\/diamentowa-pila-turbo-z-kolnierzem-do-ciecia-na-sucho-tf-he\/#primaryimage","url":"https:\/\/diaplast.lt\/wp-content\/uploads\/2025\/03\/S230TF-HE_2.jpg","contentUrl":"https:\/\/diaplast.lt\/wp-content\/uploads\/2025\/03\/S230TF-HE_2.jpg","width":1200,"height":1200},{"@type":"BreadcrumbList","@id":"https:\/\/diaplast.lt\/pl\/produktas\/diamentowa-pila-turbo-z-kolnierzem-do-ciecia-na-sucho-tf-he\/#breadcrumb","itemListElement":[{"@type":"ListItem","position":1,"name":"Strona g\u0142\u00f3wna","item":"https:\/\/diaplast.lt\/"},{"@type":"ListItem","position":2,"name":"Zasi\u0119g","item":"https:\/\/diaplast.lt\/pl\/asortyment\/"},{"@type":"ListItem","position":3,"name":"Diamentowa pi\u0142a turbo z ko\u0142nierzem do ci\u0119cia na sucho TF HE"}]},{"@type":"WebSite","@id":"https:\/\/diaplast.lt\/#website","url":"https:\/\/diaplast.lt\/","name":"Diaplast","description":"Deimantini\u0173 instrument\u0173 gamyba ir prekyba","publisher":{"@id":"https:\/\/diaplast.lt\/#organization"},"potentialAction":[{"@type":"SearchAction","target":{"@type":"EntryPoint","urlTemplate":"https:\/\/diaplast.lt\/?s={search_term_string}"},"query-input":{"@type":"PropertyValueSpecification","valueRequired":true,"valueName":"search_term_string"}}],"inLanguage":"pl-PL"},{"@type":"Organization","@id":"https:\/\/diaplast.lt\/#organization","name":"Diaplast","url":"https:\/\/diaplast.lt\/","logo":{"@type":"ImageObject","inLanguage":"pl-PL","@id":"https:\/\/diaplast.lt\/#\/schema\/logo\/image\/","url":"http:\/\/diaplast.lt\/wp-content\/uploads\/2022\/06\/ebaltveja-logo.png","contentUrl":"http:\/\/diaplast.lt\/wp-content\/uploads\/2022\/06\/ebaltveja-logo.png","width":200,"height":69,"caption":"Diaplast"},"image":{"@id":"https:\/\/diaplast.lt\/#\/schema\/logo\/image\/"}}]}},"_links":{"self":[{"href":"https:\/\/diaplast.lt\/pl\/wp-json\/wp\/v2\/product\/20435","targetHints":{"allow":["GET"]}}],"collection":[{"href":"https:\/\/diaplast.lt\/pl\/wp-json\/wp\/v2\/product"}],"about":[{"href":"https:\/\/diaplast.lt\/pl\/wp-json\/wp\/v2\/types\/product"}],"version-history":[{"count":0,"href":"https:\/\/diaplast.lt\/pl\/wp-json\/wp\/v2\/product\/20435\/revisions"}],"wp:featuredmedia":[{"embeddable":true,"href":"https:\/\/diaplast.lt\/pl\/wp-json\/wp\/v2\/media\/24891"}],"wp:attachment":[{"href":"https:\/\/diaplast.lt\/pl\/wp-json\/wp\/v2\/media?parent=20435"}],"wp:term":[{"taxonomy":"product_brand","embeddable":true,"href":"https:\/\/diaplast.lt\/pl\/wp-json\/wp\/v2\/product_brand?post=20435"},{"taxonomy":"product_cat","embeddable":true,"href":"https:\/\/diaplast.lt\/pl\/wp-json\/wp\/v2\/product_cat?post=20435"},{"taxonomy":"product_tag","embeddable":true,"href":"https:\/\/diaplast.lt\/pl\/wp-json\/wp\/v2\/product_tag?post=20435"}],"curies":[{"name":"wp","href":"https:\/\/api.w.org\/{rel}","templated":true}]}}