{"id":20444,"date":"2025-03-05T12:24:25","date_gmt":"2025-03-05T09:24:25","guid":{"rendered":"https:\/\/diaplast.lt\/produktas\/twarda-diamentowa-tarcza-polerska-125f\/"},"modified":"2025-03-05T12:24:25","modified_gmt":"2025-03-05T09:24:25","slug":"twarda-diamentowa-tarcza-polerska-125f","status":"publish","type":"product","link":"https:\/\/diaplast.lt\/pl\/produkt\/twarda-diamentowa-tarcza-polerska-125f\/","title":{"rendered":"Twarda diamentowa tarcza polerska 125F"},"content":{"rendered":"","protected":false},"excerpt":{"rendered":"<p>Standardowy rozmiar otworu D40 mm.<\/p>\n<p>Mo\u017cna zam\u00f3wi\u0107 tarcze do fasetowania z otworem o rozmiarze D20 mm.<\/p>\n","protected":false},"featured_media":26340,"template":"","meta":[],"product_brand":[],"product_cat":[844,862],"product_tag":[],"class_list":{"0":"post-20444","1":"product","2":"type-product","3":"status-publish","4":"has-post-thumbnail","6":"product_cat-narzedzia-do-szlifowania-polerowania","7":"product_cat-twarde-tarcze-diamentowe-do-szlifowania","8":"pa_diametras-mm-125-pl","9":"pa_grudetumas-800-pl","10":"pa_grudetumas-120-pl","11":"pa_grudetumas-220-pl","12":"pa_grudetumas-1200-pl","13":"pa_grudetumas-60-pl","14":"pa_grudetumas-400-pl","15":"pa_grudetumas-600-pl","16":"pa_kilmes-salis-litwa","17":"pa_paskirtis-fasetowanie","18":"pa_tvirtinimas-snail-locksnail-pl","20":"first","21":"instock","22":"taxable","23":"shipping-taxable","24":"purchasable","25":"product-type-variable"},"yoast_head":"<!-- This site is optimized with the Yoast SEO plugin v26.0 - https:\/\/yoast.com\/wordpress\/plugins\/seo\/ -->\n<title>Twarda diamentowa tarcza polerska 125F - Diaplast<\/title>\n<meta name=\"robots\" content=\"index, follow, max-snippet:-1, max-image-preview:large, max-video-preview:-1\" \/>\n<link rel=\"canonical\" href=\"https:\/\/diaplast.lt\/pl\/produktas\/twarda-diamentowa-tarcza-polerska-125f\/\" \/>\n<meta property=\"og:locale\" content=\"pl_PL\" \/>\n<meta property=\"og:type\" content=\"article\" \/>\n<meta property=\"og:title\" content=\"Twarda diamentowa tarcza polerska 125F - Diaplast\" \/>\n<meta property=\"og:description\" content=\"Standardowy rozmiar otworu D40 mm. Mo\u017cna zam\u00f3wi\u0107 tarcze do fasetowania z otworem o rozmiarze D20 mm.\" \/>\n<meta property=\"og:url\" content=\"https:\/\/diaplast.lt\/pl\/produktas\/twarda-diamentowa-tarcza-polerska-125f\/\" \/>\n<meta property=\"og:site_name\" content=\"Diaplast\" \/>\n<meta property=\"og:image\" content=\"http:\/\/diaplast.lt\/wp-content\/uploads\/2025\/03\/125F-0060-0120-0220-0320-0400-0600-0800-1200-1500.jpg\" \/>\n\t<meta property=\"og:image:width\" content=\"1200\" \/>\n\t<meta property=\"og:image:height\" content=\"1262\" \/>\n\t<meta property=\"og:image:type\" content=\"image\/jpeg\" \/>\n<meta name=\"twitter:card\" content=\"summary_large_image\" \/>\n<script type=\"application\/ld+json\" class=\"yoast-schema-graph\">{\"@context\":\"https:\/\/schema.org\",\"@graph\":[{\"@type\":\"WebPage\",\"@id\":\"https:\/\/diaplast.lt\/pl\/produktas\/twarda-diamentowa-tarcza-polerska-125f\/\",\"url\":\"https:\/\/diaplast.lt\/pl\/produktas\/twarda-diamentowa-tarcza-polerska-125f\/\",\"name\":\"Twarda diamentowa tarcza polerska 125F - Diaplast\",\"isPartOf\":{\"@id\":\"https:\/\/diaplast.lt\/#website\"},\"primaryImageOfPage\":{\"@id\":\"https:\/\/diaplast.lt\/pl\/produktas\/twarda-diamentowa-tarcza-polerska-125f\/#primaryimage\"},\"image\":{\"@id\":\"https:\/\/diaplast.lt\/pl\/produktas\/twarda-diamentowa-tarcza-polerska-125f\/#primaryimage\"},\"thumbnailUrl\":\"https:\/\/diaplast.lt\/wp-content\/uploads\/2025\/03\/125F.jpg\",\"datePublished\":\"2025-03-05T09:24:25+00:00\",\"breadcrumb\":{\"@id\":\"https:\/\/diaplast.lt\/pl\/produktas\/twarda-diamentowa-tarcza-polerska-125f\/#breadcrumb\"},\"inLanguage\":\"pl-PL\",\"potentialAction\":[{\"@type\":\"ReadAction\",\"target\":[\"https:\/\/diaplast.lt\/pl\/produktas\/twarda-diamentowa-tarcza-polerska-125f\/\"]}]},{\"@type\":\"ImageObject\",\"inLanguage\":\"pl-PL\",\"@id\":\"https:\/\/diaplast.lt\/pl\/produktas\/twarda-diamentowa-tarcza-polerska-125f\/#primaryimage\",\"url\":\"https:\/\/diaplast.lt\/wp-content\/uploads\/2025\/03\/125F.jpg\",\"contentUrl\":\"https:\/\/diaplast.lt\/wp-content\/uploads\/2025\/03\/125F.jpg\",\"width\":1200,\"height\":1200},{\"@type\":\"BreadcrumbList\",\"@id\":\"https:\/\/diaplast.lt\/pl\/produktas\/twarda-diamentowa-tarcza-polerska-125f\/#breadcrumb\",\"itemListElement\":[{\"@type\":\"ListItem\",\"position\":1,\"name\":\"Strona g\u0142\u00f3wna\",\"item\":\"https:\/\/diaplast.lt\/\"},{\"@type\":\"ListItem\",\"position\":2,\"name\":\"Zasi\u0119g\",\"item\":\"https:\/\/diaplast.lt\/pl\/asortyment\/\"},{\"@type\":\"ListItem\",\"position\":3,\"name\":\"Twarda diamentowa tarcza polerska 125F\"}]},{\"@type\":\"WebSite\",\"@id\":\"https:\/\/diaplast.lt\/#website\",\"url\":\"https:\/\/diaplast.lt\/\",\"name\":\"Diaplast\",\"description\":\"Deimantini\u0173 instrument\u0173 gamyba ir prekyba\",\"publisher\":{\"@id\":\"https:\/\/diaplast.lt\/#organization\"},\"potentialAction\":[{\"@type\":\"SearchAction\",\"target\":{\"@type\":\"EntryPoint\",\"urlTemplate\":\"https:\/\/diaplast.lt\/?s={search_term_string}\"},\"query-input\":{\"@type\":\"PropertyValueSpecification\",\"valueRequired\":true,\"valueName\":\"search_term_string\"}}],\"inLanguage\":\"pl-PL\"},{\"@type\":\"Organization\",\"@id\":\"https:\/\/diaplast.lt\/#organization\",\"name\":\"Diaplast\",\"url\":\"https:\/\/diaplast.lt\/\",\"logo\":{\"@type\":\"ImageObject\",\"inLanguage\":\"pl-PL\",\"@id\":\"https:\/\/diaplast.lt\/#\/schema\/logo\/image\/\",\"url\":\"http:\/\/diaplast.lt\/wp-content\/uploads\/2022\/06\/ebaltveja-logo.png\",\"contentUrl\":\"http:\/\/diaplast.lt\/wp-content\/uploads\/2022\/06\/ebaltveja-logo.png\",\"width\":200,\"height\":69,\"caption\":\"Diaplast\"},\"image\":{\"@id\":\"https:\/\/diaplast.lt\/#\/schema\/logo\/image\/\"}}]}<\/script>\n<!-- \/ Yoast SEO plugin. -->","yoast_head_json":{"title":"Twarda diamentowa tarcza polerska 125F - Diaplast","robots":{"index":"index","follow":"follow","max-snippet":"max-snippet:-1","max-image-preview":"max-image-preview:large","max-video-preview":"max-video-preview:-1"},"canonical":"https:\/\/diaplast.lt\/pl\/produktas\/twarda-diamentowa-tarcza-polerska-125f\/","og_locale":"pl_PL","og_type":"article","og_title":"Twarda diamentowa tarcza polerska 125F - Diaplast","og_description":"Standardowy rozmiar otworu D40 mm. Mo\u017cna zam\u00f3wi\u0107 tarcze do fasetowania z otworem o rozmiarze D20 mm.","og_url":"https:\/\/diaplast.lt\/pl\/produktas\/twarda-diamentowa-tarcza-polerska-125f\/","og_site_name":"Diaplast","og_image":[{"width":1200,"height":1262,"url":"http:\/\/diaplast.lt\/wp-content\/uploads\/2025\/03\/125F-0060-0120-0220-0320-0400-0600-0800-1200-1500.jpg","type":"image\/jpeg"}],"twitter_card":"summary_large_image","schema":{"@context":"https:\/\/schema.org","@graph":[{"@type":"WebPage","@id":"https:\/\/diaplast.lt\/pl\/produktas\/twarda-diamentowa-tarcza-polerska-125f\/","url":"https:\/\/diaplast.lt\/pl\/produktas\/twarda-diamentowa-tarcza-polerska-125f\/","name":"Twarda diamentowa tarcza polerska 125F - Diaplast","isPartOf":{"@id":"https:\/\/diaplast.lt\/#website"},"primaryImageOfPage":{"@id":"https:\/\/diaplast.lt\/pl\/produktas\/twarda-diamentowa-tarcza-polerska-125f\/#primaryimage"},"image":{"@id":"https:\/\/diaplast.lt\/pl\/produktas\/twarda-diamentowa-tarcza-polerska-125f\/#primaryimage"},"thumbnailUrl":"https:\/\/diaplast.lt\/wp-content\/uploads\/2025\/03\/125F.jpg","datePublished":"2025-03-05T09:24:25+00:00","breadcrumb":{"@id":"https:\/\/diaplast.lt\/pl\/produktas\/twarda-diamentowa-tarcza-polerska-125f\/#breadcrumb"},"inLanguage":"pl-PL","potentialAction":[{"@type":"ReadAction","target":["https:\/\/diaplast.lt\/pl\/produktas\/twarda-diamentowa-tarcza-polerska-125f\/"]}]},{"@type":"ImageObject","inLanguage":"pl-PL","@id":"https:\/\/diaplast.lt\/pl\/produktas\/twarda-diamentowa-tarcza-polerska-125f\/#primaryimage","url":"https:\/\/diaplast.lt\/wp-content\/uploads\/2025\/03\/125F.jpg","contentUrl":"https:\/\/diaplast.lt\/wp-content\/uploads\/2025\/03\/125F.jpg","width":1200,"height":1200},{"@type":"BreadcrumbList","@id":"https:\/\/diaplast.lt\/pl\/produktas\/twarda-diamentowa-tarcza-polerska-125f\/#breadcrumb","itemListElement":[{"@type":"ListItem","position":1,"name":"Strona g\u0142\u00f3wna","item":"https:\/\/diaplast.lt\/"},{"@type":"ListItem","position":2,"name":"Zasi\u0119g","item":"https:\/\/diaplast.lt\/pl\/asortyment\/"},{"@type":"ListItem","position":3,"name":"Twarda diamentowa tarcza polerska 125F"}]},{"@type":"WebSite","@id":"https:\/\/diaplast.lt\/#website","url":"https:\/\/diaplast.lt\/","name":"Diaplast","description":"Deimantini\u0173 instrument\u0173 gamyba ir prekyba","publisher":{"@id":"https:\/\/diaplast.lt\/#organization"},"potentialAction":[{"@type":"SearchAction","target":{"@type":"EntryPoint","urlTemplate":"https:\/\/diaplast.lt\/?s={search_term_string}"},"query-input":{"@type":"PropertyValueSpecification","valueRequired":true,"valueName":"search_term_string"}}],"inLanguage":"pl-PL"},{"@type":"Organization","@id":"https:\/\/diaplast.lt\/#organization","name":"Diaplast","url":"https:\/\/diaplast.lt\/","logo":{"@type":"ImageObject","inLanguage":"pl-PL","@id":"https:\/\/diaplast.lt\/#\/schema\/logo\/image\/","url":"http:\/\/diaplast.lt\/wp-content\/uploads\/2022\/06\/ebaltveja-logo.png","contentUrl":"http:\/\/diaplast.lt\/wp-content\/uploads\/2022\/06\/ebaltveja-logo.png","width":200,"height":69,"caption":"Diaplast"},"image":{"@id":"https:\/\/diaplast.lt\/#\/schema\/logo\/image\/"}}]}},"_links":{"self":[{"href":"https:\/\/diaplast.lt\/pl\/wp-json\/wp\/v2\/product\/20444","targetHints":{"allow":["GET"]}}],"collection":[{"href":"https:\/\/diaplast.lt\/pl\/wp-json\/wp\/v2\/product"}],"about":[{"href":"https:\/\/diaplast.lt\/pl\/wp-json\/wp\/v2\/types\/product"}],"version-history":[{"count":0,"href":"https:\/\/diaplast.lt\/pl\/wp-json\/wp\/v2\/product\/20444\/revisions"}],"wp:featuredmedia":[{"embeddable":true,"href":"https:\/\/diaplast.lt\/pl\/wp-json\/wp\/v2\/media\/26340"}],"wp:attachment":[{"href":"https:\/\/diaplast.lt\/pl\/wp-json\/wp\/v2\/media?parent=20444"}],"wp:term":[{"taxonomy":"product_brand","embeddable":true,"href":"https:\/\/diaplast.lt\/pl\/wp-json\/wp\/v2\/product_brand?post=20444"},{"taxonomy":"product_cat","embeddable":true,"href":"https:\/\/diaplast.lt\/pl\/wp-json\/wp\/v2\/product_cat?post=20444"},{"taxonomy":"product_tag","embeddable":true,"href":"https:\/\/diaplast.lt\/pl\/wp-json\/wp\/v2\/product_tag?post=20444"}],"curies":[{"name":"wp","href":"https:\/\/api.w.org\/{rel}","templated":true}]}}