{"id":20741,"date":"2025-03-04T14:38:04","date_gmt":"2025-03-04T11:38:04","guid":{"rendered":"https:\/\/diaplast.lt\/produktas\/twarda-diamentowa-tarcza-polerska-gex\/"},"modified":"2025-05-05T10:24:17","modified_gmt":"2025-05-05T07:24:17","slug":"twarda-diamentowa-tarcza-polerska-gex","status":"publish","type":"product","link":"https:\/\/diaplast.lt\/pl\/produkt\/twarda-diamentowa-tarcza-polerska-gex\/","title":{"rendered":"Twarda diamentowa tarcza polerska 100GEX, 125GEX, 150GEX"},"content":{"rendered":"","protected":false},"excerpt":{"rendered":"<p>Tarcze o ziarnisto\u015bci 1500 i 3000 s\u0105 dost\u0119pne w dw\u00f3ch klasach:<\/p>\n<p>czarna do granitu,<\/p>\n<p>bia\u0142a do marmuru i jasnego kamienia.<\/p>\n","protected":false},"featured_media":26562,"template":"","meta":[],"product_brand":[],"product_cat":[844,862],"product_tag":[],"class_list":{"0":"post-20741","1":"product","2":"type-product","3":"status-publish","4":"has-post-thumbnail","6":"product_cat-narzedzia-do-szlifowania-polerowania","7":"product_cat-twarde-tarcze-diamentowe-do-szlifowania","8":"pa_diametras-mm-100-pl","9":"pa_diametras-mm-125-pl","10":"pa_diametras-mm-150-pl","11":"pa_grudetumas-50-pl","12":"pa_grudetumas-60-pl","13":"pa_grudetumas-120-pl","14":"pa_grudetumas-220-pl","15":"pa_grudetumas-400-pl","16":"pa_grudetumas-800-pl","17":"pa_grudetumas-1500-bialy","18":"pa_grudetumas-1500-czarny","19":"pa_grudetumas-3000-bialy","20":"pa_grudetumas-3000-czarny","21":"pa_grudetumas-5000-pl","22":"pa_kilmes-salis-litwa","23":"pa_paskirtis-do-obrobki-powierzchni","24":"pa_tvirtinimas-guma-blokada-slimakowa-slimak","25":"pa_tvirtinimas-rzep","26":"pa_tvirtinimas-snail-locksnail-pl","28":"first","29":"instock","30":"taxable","31":"shipping-taxable","32":"purchasable","33":"product-type-variable"},"yoast_head":"<!-- This site is optimized with the Yoast SEO plugin v26.0 - https:\/\/yoast.com\/wordpress\/plugins\/seo\/ -->\n<title>Twarda diamentowa tarcza polerska 100GEX, 125GEX, 150GEX - Diaplast<\/title>\n<meta name=\"robots\" content=\"index, follow, max-snippet:-1, max-image-preview:large, max-video-preview:-1\" \/>\n<link rel=\"canonical\" href=\"https:\/\/diaplast.lt\/pl\/Produkt\/twarda-diamentowa-tarcza-polerska-gex\/\" \/>\n<meta property=\"og:locale\" content=\"pl_PL\" \/>\n<meta property=\"og:type\" content=\"article\" \/>\n<meta property=\"og:title\" content=\"Twarda diamentowa tarcza polerska 100GEX, 125GEX, 150GEX - Diaplast\" \/>\n<meta property=\"og:description\" content=\"Tarcze o ziarnisto\u015bci 1500 i 3000 s\u0105 dost\u0119pne w dw\u00f3ch klasach: czarna do granitu, bia\u0142a do marmuru i jasnego kamienia.\" \/>\n<meta property=\"og:url\" content=\"https:\/\/diaplast.lt\/pl\/Produkt\/twarda-diamentowa-tarcza-polerska-gex\/\" \/>\n<meta property=\"og:site_name\" content=\"Diaplast\" \/>\n<meta property=\"article:modified_time\" content=\"2025-05-05T07:24:17+00:00\" \/>\n<meta property=\"og:image\" content=\"http:\/\/diaplast.lt\/wp-content\/uploads\/2025\/03\/150-125-100-GEX-S.jpg\" \/>\n\t<meta property=\"og:image:width\" content=\"1200\" \/>\n\t<meta property=\"og:image:height\" content=\"1200\" \/>\n\t<meta property=\"og:image:type\" content=\"image\/jpeg\" \/>\n<meta name=\"twitter:card\" content=\"summary_large_image\" \/>\n<script type=\"application\/ld+json\" class=\"yoast-schema-graph\">{\"@context\":\"https:\/\/schema.org\",\"@graph\":[{\"@type\":\"WebPage\",\"@id\":\"https:\/\/diaplast.lt\/pl\/Produkt\/twarda-diamentowa-tarcza-polerska-gex\/\",\"url\":\"https:\/\/diaplast.lt\/pl\/Produkt\/twarda-diamentowa-tarcza-polerska-gex\/\",\"name\":\"Twarda diamentowa tarcza polerska 100GEX, 125GEX, 150GEX - Diaplast\",\"isPartOf\":{\"@id\":\"https:\/\/diaplast.lt\/#website\"},\"primaryImageOfPage\":{\"@id\":\"https:\/\/diaplast.lt\/pl\/Produkt\/twarda-diamentowa-tarcza-polerska-gex\/#primaryimage\"},\"image\":{\"@id\":\"https:\/\/diaplast.lt\/pl\/Produkt\/twarda-diamentowa-tarcza-polerska-gex\/#primaryimage\"},\"thumbnailUrl\":\"https:\/\/diaplast.lt\/wp-content\/uploads\/2025\/03\/150GEX125GEX-100GEX-2.jpg\",\"datePublished\":\"2025-03-04T11:38:04+00:00\",\"dateModified\":\"2025-05-05T07:24:17+00:00\",\"breadcrumb\":{\"@id\":\"https:\/\/diaplast.lt\/pl\/Produkt\/twarda-diamentowa-tarcza-polerska-gex\/#breadcrumb\"},\"inLanguage\":\"pl-PL\",\"potentialAction\":[{\"@type\":\"ReadAction\",\"target\":[\"https:\/\/diaplast.lt\/pl\/Produkt\/twarda-diamentowa-tarcza-polerska-gex\/\"]}]},{\"@type\":\"ImageObject\",\"inLanguage\":\"pl-PL\",\"@id\":\"https:\/\/diaplast.lt\/pl\/Produkt\/twarda-diamentowa-tarcza-polerska-gex\/#primaryimage\",\"url\":\"https:\/\/diaplast.lt\/wp-content\/uploads\/2025\/03\/150GEX125GEX-100GEX-2.jpg\",\"contentUrl\":\"https:\/\/diaplast.lt\/wp-content\/uploads\/2025\/03\/150GEX125GEX-100GEX-2.jpg\",\"width\":1200,\"height\":1200},{\"@type\":\"BreadcrumbList\",\"@id\":\"https:\/\/diaplast.lt\/pl\/Produkt\/twarda-diamentowa-tarcza-polerska-gex\/#breadcrumb\",\"itemListElement\":[{\"@type\":\"ListItem\",\"position\":1,\"name\":\"Strona g\u0142\u00f3wna\",\"item\":\"https:\/\/diaplast.lt\/\"},{\"@type\":\"ListItem\",\"position\":2,\"name\":\"Zasi\u0119g\",\"item\":\"https:\/\/diaplast.lt\/pl\/asortyment\/\"},{\"@type\":\"ListItem\",\"position\":3,\"name\":\"Twarda diamentowa tarcza polerska 100GEX, 125GEX, 150GEX\"}]},{\"@type\":\"WebSite\",\"@id\":\"https:\/\/diaplast.lt\/#website\",\"url\":\"https:\/\/diaplast.lt\/\",\"name\":\"Diaplast\",\"description\":\"Deimantini\u0173 instrument\u0173 gamyba ir prekyba\",\"publisher\":{\"@id\":\"https:\/\/diaplast.lt\/#organization\"},\"potentialAction\":[{\"@type\":\"SearchAction\",\"target\":{\"@type\":\"EntryPoint\",\"urlTemplate\":\"https:\/\/diaplast.lt\/?s={search_term_string}\"},\"query-input\":{\"@type\":\"PropertyValueSpecification\",\"valueRequired\":true,\"valueName\":\"search_term_string\"}}],\"inLanguage\":\"pl-PL\"},{\"@type\":\"Organization\",\"@id\":\"https:\/\/diaplast.lt\/#organization\",\"name\":\"Diaplast\",\"url\":\"https:\/\/diaplast.lt\/\",\"logo\":{\"@type\":\"ImageObject\",\"inLanguage\":\"pl-PL\",\"@id\":\"https:\/\/diaplast.lt\/#\/schema\/logo\/image\/\",\"url\":\"http:\/\/diaplast.lt\/wp-content\/uploads\/2022\/06\/ebaltveja-logo.png\",\"contentUrl\":\"http:\/\/diaplast.lt\/wp-content\/uploads\/2022\/06\/ebaltveja-logo.png\",\"width\":200,\"height\":69,\"caption\":\"Diaplast\"},\"image\":{\"@id\":\"https:\/\/diaplast.lt\/#\/schema\/logo\/image\/\"}}]}<\/script>\n<!-- \/ Yoast SEO plugin. -->","yoast_head_json":{"title":"Twarda diamentowa tarcza polerska 100GEX, 125GEX, 150GEX - Diaplast","robots":{"index":"index","follow":"follow","max-snippet":"max-snippet:-1","max-image-preview":"max-image-preview:large","max-video-preview":"max-video-preview:-1"},"canonical":"https:\/\/diaplast.lt\/pl\/Produkt\/twarda-diamentowa-tarcza-polerska-gex\/","og_locale":"pl_PL","og_type":"article","og_title":"Twarda diamentowa tarcza polerska 100GEX, 125GEX, 150GEX - Diaplast","og_description":"Tarcze o ziarnisto\u015bci 1500 i 3000 s\u0105 dost\u0119pne w dw\u00f3ch klasach: czarna do granitu, bia\u0142a do marmuru i jasnego kamienia.","og_url":"https:\/\/diaplast.lt\/pl\/Produkt\/twarda-diamentowa-tarcza-polerska-gex\/","og_site_name":"Diaplast","article_modified_time":"2025-05-05T07:24:17+00:00","og_image":[{"width":1200,"height":1200,"url":"http:\/\/diaplast.lt\/wp-content\/uploads\/2025\/03\/150-125-100-GEX-S.jpg","type":"image\/jpeg"}],"twitter_card":"summary_large_image","schema":{"@context":"https:\/\/schema.org","@graph":[{"@type":"WebPage","@id":"https:\/\/diaplast.lt\/pl\/Produkt\/twarda-diamentowa-tarcza-polerska-gex\/","url":"https:\/\/diaplast.lt\/pl\/Produkt\/twarda-diamentowa-tarcza-polerska-gex\/","name":"Twarda diamentowa tarcza polerska 100GEX, 125GEX, 150GEX - Diaplast","isPartOf":{"@id":"https:\/\/diaplast.lt\/#website"},"primaryImageOfPage":{"@id":"https:\/\/diaplast.lt\/pl\/Produkt\/twarda-diamentowa-tarcza-polerska-gex\/#primaryimage"},"image":{"@id":"https:\/\/diaplast.lt\/pl\/Produkt\/twarda-diamentowa-tarcza-polerska-gex\/#primaryimage"},"thumbnailUrl":"https:\/\/diaplast.lt\/wp-content\/uploads\/2025\/03\/150GEX125GEX-100GEX-2.jpg","datePublished":"2025-03-04T11:38:04+00:00","dateModified":"2025-05-05T07:24:17+00:00","breadcrumb":{"@id":"https:\/\/diaplast.lt\/pl\/Produkt\/twarda-diamentowa-tarcza-polerska-gex\/#breadcrumb"},"inLanguage":"pl-PL","potentialAction":[{"@type":"ReadAction","target":["https:\/\/diaplast.lt\/pl\/Produkt\/twarda-diamentowa-tarcza-polerska-gex\/"]}]},{"@type":"ImageObject","inLanguage":"pl-PL","@id":"https:\/\/diaplast.lt\/pl\/Produkt\/twarda-diamentowa-tarcza-polerska-gex\/#primaryimage","url":"https:\/\/diaplast.lt\/wp-content\/uploads\/2025\/03\/150GEX125GEX-100GEX-2.jpg","contentUrl":"https:\/\/diaplast.lt\/wp-content\/uploads\/2025\/03\/150GEX125GEX-100GEX-2.jpg","width":1200,"height":1200},{"@type":"BreadcrumbList","@id":"https:\/\/diaplast.lt\/pl\/Produkt\/twarda-diamentowa-tarcza-polerska-gex\/#breadcrumb","itemListElement":[{"@type":"ListItem","position":1,"name":"Strona g\u0142\u00f3wna","item":"https:\/\/diaplast.lt\/"},{"@type":"ListItem","position":2,"name":"Zasi\u0119g","item":"https:\/\/diaplast.lt\/pl\/asortyment\/"},{"@type":"ListItem","position":3,"name":"Twarda diamentowa tarcza polerska 100GEX, 125GEX, 150GEX"}]},{"@type":"WebSite","@id":"https:\/\/diaplast.lt\/#website","url":"https:\/\/diaplast.lt\/","name":"Diaplast","description":"Deimantini\u0173 instrument\u0173 gamyba ir prekyba","publisher":{"@id":"https:\/\/diaplast.lt\/#organization"},"potentialAction":[{"@type":"SearchAction","target":{"@type":"EntryPoint","urlTemplate":"https:\/\/diaplast.lt\/?s={search_term_string}"},"query-input":{"@type":"PropertyValueSpecification","valueRequired":true,"valueName":"search_term_string"}}],"inLanguage":"pl-PL"},{"@type":"Organization","@id":"https:\/\/diaplast.lt\/#organization","name":"Diaplast","url":"https:\/\/diaplast.lt\/","logo":{"@type":"ImageObject","inLanguage":"pl-PL","@id":"https:\/\/diaplast.lt\/#\/schema\/logo\/image\/","url":"http:\/\/diaplast.lt\/wp-content\/uploads\/2022\/06\/ebaltveja-logo.png","contentUrl":"http:\/\/diaplast.lt\/wp-content\/uploads\/2022\/06\/ebaltveja-logo.png","width":200,"height":69,"caption":"Diaplast"},"image":{"@id":"https:\/\/diaplast.lt\/#\/schema\/logo\/image\/"}}]}},"_links":{"self":[{"href":"https:\/\/diaplast.lt\/pl\/wp-json\/wp\/v2\/product\/20741","targetHints":{"allow":["GET"]}}],"collection":[{"href":"https:\/\/diaplast.lt\/pl\/wp-json\/wp\/v2\/product"}],"about":[{"href":"https:\/\/diaplast.lt\/pl\/wp-json\/wp\/v2\/types\/product"}],"version-history":[{"count":2,"href":"https:\/\/diaplast.lt\/pl\/wp-json\/wp\/v2\/product\/20741\/revisions"}],"predecessor-version":[{"id":26112,"href":"https:\/\/diaplast.lt\/pl\/wp-json\/wp\/v2\/product\/20741\/revisions\/26112"}],"wp:featuredmedia":[{"embeddable":true,"href":"https:\/\/diaplast.lt\/pl\/wp-json\/wp\/v2\/media\/26562"}],"wp:attachment":[{"href":"https:\/\/diaplast.lt\/pl\/wp-json\/wp\/v2\/media?parent=20741"}],"wp:term":[{"taxonomy":"product_brand","embeddable":true,"href":"https:\/\/diaplast.lt\/pl\/wp-json\/wp\/v2\/product_brand?post=20741"},{"taxonomy":"product_cat","embeddable":true,"href":"https:\/\/diaplast.lt\/pl\/wp-json\/wp\/v2\/product_cat?post=20741"},{"taxonomy":"product_tag","embeddable":true,"href":"https:\/\/diaplast.lt\/pl\/wp-json\/wp\/v2\/product_tag?post=20741"}],"curies":[{"name":"wp","href":"https:\/\/api.w.org\/{rel}","templated":true}]}}