{"id":20909,"date":"2025-02-04T15:23:24","date_gmt":"2025-02-04T12:23:24","guid":{"rendered":"https:\/\/diaplast.lt\/produktas\/kleje-epoksydowe-eliox-tenax\/"},"modified":"2025-03-21T11:31:36","modified_gmt":"2025-03-21T08:31:36","slug":"kleje-epoksydowe-eliox-tenax","status":"publish","type":"product","link":"https:\/\/diaplast.lt\/pl\/produkt\/kleje-epoksydowe-eliox-tenax\/","title":{"rendered":"Kleje epoksydowe ELIOX, Tenax"},"content":{"rendered":"<p><strong>Instrukcja u\u017cycia:<\/strong> klejone powierzchnie musz\u0105 by\u0107 suche, czyste (wolne od py\u0142u) i odt\u0142uszczone. Wymiesza\u0107 100 cz\u0119\u015bci sk\u0142adnika A i 50 cz\u0119\u015bci sk\u0142adnika B (wagowo) i na\u0142o\u017cy\u0107 klej na klejone powierzchnie. <\/p>\n<p>Po u\u017cyciu szczelnie zamkn\u0105\u0107 pojemnik (u\u017cy\u0107 czarnej plastikowej pokrywy dla cz\u0119\u015bci B). Do czyszczenia narz\u0119dzi mo\u017cna u\u017cywa\u0107 rozpuszczalnik\u00f3w, takich jak octan butylu lub aceton. Okres trwa\u0142o\u015bci 2 lata, je\u015bli przechowywane w ch\u0142odnym i suchym miejscu.   <\/p>\n<table>\n<tbody>\n<tr>\n<td width=\"285\"><strong>Charakterystyka techniczna<\/strong><\/td>\n<td width=\"161\"><strong>ELIOX (A+B)<\/strong><\/td>\n<\/tr>\n<tr>\n<td width=\"285\">Kolor<\/td>\n<td width=\"161\">Bezbarwny, przezroczysty<\/td>\n<\/tr>\n<tr>\n<td width=\"285\">Status<\/td>\n<td width=\"161\">\u017belowa konsystencja<\/td>\n<\/tr>\n<tr>\n<td width=\"285\">Czas wi\u0105zania w temperaturze 25\u00b0C<\/td>\n<td width=\"161\">~10-15 min.<\/td>\n<\/tr>\n<tr>\n<td width=\"285\">Pe\u0142ne ustawienie w temperaturze 25\u00ba<\/td>\n<td width=\"161\">~24 godziny<\/td>\n<\/tr>\n<tr>\n<td width=\"285\">Mo\u017ce by\u0107 u\u017cywany po usztywnieniu<\/td>\n<td width=\"161\">min. -25\u00baC maks. +60\u00baC  <\/td>\n<\/tr>\n<tr>\n<td width=\"285\">Proporcje<\/td>\n<td width=\"161\">2:1<\/td>\n<\/tr>\n<\/tbody>\n<\/table>\n","protected":false},"excerpt":{"rendered":"<p>Ultra przezroczysty klej epoksydowy o konsystencji \u017celu do klejenia kamienia, kwarcytu, ceramiki.<\/p>\n<p>Odpowiedni do stosowania wewn\u0105trz i na zewn\u0105trz, mrozoodporny.<\/p>\n<p> Odpowiedni do<strong>powierzchni, kt\u00f3re mog\u0105 mie\u0107 kontakt z \u017cywno\u015bci\u0105 <\/strong>.<\/p>\n<p><strong>Tylko do u\u017cytku profesjonalnego.<\/strong><\/p>\n","protected":false},"featured_media":17289,"template":"","meta":[],"product_brand":[],"product_cat":[774,780],"product_tag":[],"class_list":{"0":"post-20909","1":"product","2":"type-product","3":"status-publish","4":"has-post-thumbnail","6":"product_cat-srodki-chemiczne-do-kamienia-i-betonu","7":"product_cat-klej","8":"pa_gamintojas-tenax-pl","9":"pa_paskirtis-ceramika","10":"pa_paskirtis-dla-kamienia","11":"pa_paskirtis-dla-kwarcytu","12":"pa_spalva-wyraznie","13":"pa_talpa-15l075l-pl","15":"first","16":"instock","17":"taxable","18":"shipping-taxable","19":"purchasable","20":"product-type-simple"},"yoast_head":"<!-- This site is optimized with the Yoast SEO plugin v26.0 - https:\/\/yoast.com\/wordpress\/plugins\/seo\/ -->\n<title>Kleje epoksydowe ELIOX, Tenax - Diaplast<\/title>\n<meta name=\"robots\" content=\"index, follow, max-snippet:-1, max-image-preview:large, max-video-preview:-1\" \/>\n<link rel=\"canonical\" href=\"https:\/\/diaplast.lt\/pl\/?post_type=product&p=20909\" \/>\n<meta property=\"og:locale\" content=\"pl_PL\" \/>\n<meta property=\"og:type\" content=\"article\" \/>\n<meta property=\"og:title\" content=\"Kleje epoksydowe ELIOX, Tenax - Diaplast\" \/>\n<meta property=\"og:description\" content=\"Ultra przezroczysty klej epoksydowy o konsystencji \u017celu do klejenia kamienia, kwarcytu, ceramiki. Odpowiedni do stosowania wewn\u0105trz i na zewn\u0105trz, mrozoodporny.  Odpowiedni dopowierzchni, kt\u00f3re mog\u0105 mie\u0107 kontakt z \u017cywno\u015bci\u0105 . Tylko do u\u017cytku profesjonalnego.\" \/>\n<meta property=\"og:url\" content=\"https:\/\/diaplast.lt\/pl\/?post_type=product&amp;p=20909\" \/>\n<meta property=\"og:site_name\" content=\"Diaplast\" \/>\n<meta property=\"article:modified_time\" content=\"2025-03-21T08:31:36+00:00\" \/>\n<meta property=\"og:image\" content=\"http:\/\/diaplast.lt\/wp-content\/uploads\/2025\/02\/Eliox.jpg\" \/>\n\t<meta property=\"og:image:width\" content=\"1200\" \/>\n\t<meta property=\"og:image:height\" content=\"1200\" \/>\n\t<meta property=\"og:image:type\" content=\"image\/jpeg\" \/>\n<meta name=\"twitter:card\" content=\"summary_large_image\" \/>\n<meta name=\"twitter:label1\" content=\"Szacowany czas czytania\" \/>\n\t<meta name=\"twitter:data1\" content=\"1 minuta\" \/>\n<script type=\"application\/ld+json\" class=\"yoast-schema-graph\">{\"@context\":\"https:\/\/schema.org\",\"@graph\":[{\"@type\":\"WebPage\",\"@id\":\"https:\/\/diaplast.lt\/pl\/?post_type=product&p=20909\",\"url\":\"https:\/\/diaplast.lt\/pl\/?post_type=product&p=20909\",\"name\":\"Kleje epoksydowe ELIOX, Tenax - Diaplast\",\"isPartOf\":{\"@id\":\"https:\/\/diaplast.lt\/#website\"},\"primaryImageOfPage\":{\"@id\":\"https:\/\/diaplast.lt\/pl\/?post_type=product&p=20909#primaryimage\"},\"image\":{\"@id\":\"https:\/\/diaplast.lt\/pl\/?post_type=product&p=20909#primaryimage\"},\"thumbnailUrl\":\"https:\/\/diaplast.lt\/wp-content\/uploads\/2025\/02\/Eliox.jpg\",\"datePublished\":\"2025-02-04T12:23:24+00:00\",\"dateModified\":\"2025-03-21T08:31:36+00:00\",\"breadcrumb\":{\"@id\":\"https:\/\/diaplast.lt\/pl\/?post_type=product&p=20909#breadcrumb\"},\"inLanguage\":\"pl-PL\",\"potentialAction\":[{\"@type\":\"ReadAction\",\"target\":[\"https:\/\/diaplast.lt\/pl\/?post_type=product&p=20909\"]}]},{\"@type\":\"ImageObject\",\"inLanguage\":\"pl-PL\",\"@id\":\"https:\/\/diaplast.lt\/pl\/?post_type=product&p=20909#primaryimage\",\"url\":\"https:\/\/diaplast.lt\/wp-content\/uploads\/2025\/02\/Eliox.jpg\",\"contentUrl\":\"https:\/\/diaplast.lt\/wp-content\/uploads\/2025\/02\/Eliox.jpg\",\"width\":1200,\"height\":1200},{\"@type\":\"BreadcrumbList\",\"@id\":\"https:\/\/diaplast.lt\/pl\/?post_type=product&p=20909#breadcrumb\",\"itemListElement\":[{\"@type\":\"ListItem\",\"position\":1,\"name\":\"Strona g\u0142\u00f3wna\",\"item\":\"https:\/\/diaplast.lt\/\"},{\"@type\":\"ListItem\",\"position\":2,\"name\":\"Zasi\u0119g\",\"item\":\"https:\/\/diaplast.lt\/pl\/asortyment\/\"},{\"@type\":\"ListItem\",\"position\":3,\"name\":\"Kleje epoksydowe ELIOX, Tenax\"}]},{\"@type\":\"WebSite\",\"@id\":\"https:\/\/diaplast.lt\/#website\",\"url\":\"https:\/\/diaplast.lt\/\",\"name\":\"Diaplast\",\"description\":\"Deimantini\u0173 instrument\u0173 gamyba ir prekyba\",\"publisher\":{\"@id\":\"https:\/\/diaplast.lt\/#organization\"},\"potentialAction\":[{\"@type\":\"SearchAction\",\"target\":{\"@type\":\"EntryPoint\",\"urlTemplate\":\"https:\/\/diaplast.lt\/?s={search_term_string}\"},\"query-input\":{\"@type\":\"PropertyValueSpecification\",\"valueRequired\":true,\"valueName\":\"search_term_string\"}}],\"inLanguage\":\"pl-PL\"},{\"@type\":\"Organization\",\"@id\":\"https:\/\/diaplast.lt\/#organization\",\"name\":\"Diaplast\",\"url\":\"https:\/\/diaplast.lt\/\",\"logo\":{\"@type\":\"ImageObject\",\"inLanguage\":\"pl-PL\",\"@id\":\"https:\/\/diaplast.lt\/#\/schema\/logo\/image\/\",\"url\":\"http:\/\/diaplast.lt\/wp-content\/uploads\/2022\/06\/ebaltveja-logo.png\",\"contentUrl\":\"http:\/\/diaplast.lt\/wp-content\/uploads\/2022\/06\/ebaltveja-logo.png\",\"width\":200,\"height\":69,\"caption\":\"Diaplast\"},\"image\":{\"@id\":\"https:\/\/diaplast.lt\/#\/schema\/logo\/image\/\"}}]}<\/script>\n<!-- \/ Yoast SEO plugin. -->","yoast_head_json":{"title":"Kleje epoksydowe ELIOX, Tenax - Diaplast","robots":{"index":"index","follow":"follow","max-snippet":"max-snippet:-1","max-image-preview":"max-image-preview:large","max-video-preview":"max-video-preview:-1"},"canonical":"https:\/\/diaplast.lt\/pl\/?post_type=product&p=20909","og_locale":"pl_PL","og_type":"article","og_title":"Kleje epoksydowe ELIOX, Tenax - Diaplast","og_description":"Ultra przezroczysty klej epoksydowy o konsystencji \u017celu do klejenia kamienia, kwarcytu, ceramiki. Odpowiedni do stosowania wewn\u0105trz i na zewn\u0105trz, mrozoodporny.  Odpowiedni dopowierzchni, kt\u00f3re mog\u0105 mie\u0107 kontakt z \u017cywno\u015bci\u0105 . Tylko do u\u017cytku profesjonalnego.","og_url":"https:\/\/diaplast.lt\/pl\/?post_type=product&p=20909","og_site_name":"Diaplast","article_modified_time":"2025-03-21T08:31:36+00:00","og_image":[{"width":1200,"height":1200,"url":"http:\/\/diaplast.lt\/wp-content\/uploads\/2025\/02\/Eliox.jpg","type":"image\/jpeg"}],"twitter_card":"summary_large_image","twitter_misc":{"Szacowany czas czytania":"1 minuta"},"schema":{"@context":"https:\/\/schema.org","@graph":[{"@type":"WebPage","@id":"https:\/\/diaplast.lt\/pl\/?post_type=product&p=20909","url":"https:\/\/diaplast.lt\/pl\/?post_type=product&p=20909","name":"Kleje epoksydowe ELIOX, Tenax - Diaplast","isPartOf":{"@id":"https:\/\/diaplast.lt\/#website"},"primaryImageOfPage":{"@id":"https:\/\/diaplast.lt\/pl\/?post_type=product&p=20909#primaryimage"},"image":{"@id":"https:\/\/diaplast.lt\/pl\/?post_type=product&p=20909#primaryimage"},"thumbnailUrl":"https:\/\/diaplast.lt\/wp-content\/uploads\/2025\/02\/Eliox.jpg","datePublished":"2025-02-04T12:23:24+00:00","dateModified":"2025-03-21T08:31:36+00:00","breadcrumb":{"@id":"https:\/\/diaplast.lt\/pl\/?post_type=product&p=20909#breadcrumb"},"inLanguage":"pl-PL","potentialAction":[{"@type":"ReadAction","target":["https:\/\/diaplast.lt\/pl\/?post_type=product&p=20909"]}]},{"@type":"ImageObject","inLanguage":"pl-PL","@id":"https:\/\/diaplast.lt\/pl\/?post_type=product&p=20909#primaryimage","url":"https:\/\/diaplast.lt\/wp-content\/uploads\/2025\/02\/Eliox.jpg","contentUrl":"https:\/\/diaplast.lt\/wp-content\/uploads\/2025\/02\/Eliox.jpg","width":1200,"height":1200},{"@type":"BreadcrumbList","@id":"https:\/\/diaplast.lt\/pl\/?post_type=product&p=20909#breadcrumb","itemListElement":[{"@type":"ListItem","position":1,"name":"Strona g\u0142\u00f3wna","item":"https:\/\/diaplast.lt\/"},{"@type":"ListItem","position":2,"name":"Zasi\u0119g","item":"https:\/\/diaplast.lt\/pl\/asortyment\/"},{"@type":"ListItem","position":3,"name":"Kleje epoksydowe ELIOX, Tenax"}]},{"@type":"WebSite","@id":"https:\/\/diaplast.lt\/#website","url":"https:\/\/diaplast.lt\/","name":"Diaplast","description":"Deimantini\u0173 instrument\u0173 gamyba ir prekyba","publisher":{"@id":"https:\/\/diaplast.lt\/#organization"},"potentialAction":[{"@type":"SearchAction","target":{"@type":"EntryPoint","urlTemplate":"https:\/\/diaplast.lt\/?s={search_term_string}"},"query-input":{"@type":"PropertyValueSpecification","valueRequired":true,"valueName":"search_term_string"}}],"inLanguage":"pl-PL"},{"@type":"Organization","@id":"https:\/\/diaplast.lt\/#organization","name":"Diaplast","url":"https:\/\/diaplast.lt\/","logo":{"@type":"ImageObject","inLanguage":"pl-PL","@id":"https:\/\/diaplast.lt\/#\/schema\/logo\/image\/","url":"http:\/\/diaplast.lt\/wp-content\/uploads\/2022\/06\/ebaltveja-logo.png","contentUrl":"http:\/\/diaplast.lt\/wp-content\/uploads\/2022\/06\/ebaltveja-logo.png","width":200,"height":69,"caption":"Diaplast"},"image":{"@id":"https:\/\/diaplast.lt\/#\/schema\/logo\/image\/"}}]}},"_links":{"self":[{"href":"https:\/\/diaplast.lt\/pl\/wp-json\/wp\/v2\/product\/20909","targetHints":{"allow":["GET"]}}],"collection":[{"href":"https:\/\/diaplast.lt\/pl\/wp-json\/wp\/v2\/product"}],"about":[{"href":"https:\/\/diaplast.lt\/pl\/wp-json\/wp\/v2\/types\/product"}],"version-history":[{"count":1,"href":"https:\/\/diaplast.lt\/pl\/wp-json\/wp\/v2\/product\/20909\/revisions"}],"predecessor-version":[{"id":20911,"href":"https:\/\/diaplast.lt\/pl\/wp-json\/wp\/v2\/product\/20909\/revisions\/20911"}],"wp:featuredmedia":[{"embeddable":true,"href":"https:\/\/diaplast.lt\/pl\/wp-json\/wp\/v2\/media\/17289"}],"wp:attachment":[{"href":"https:\/\/diaplast.lt\/pl\/wp-json\/wp\/v2\/media?parent=20909"}],"wp:term":[{"taxonomy":"product_brand","embeddable":true,"href":"https:\/\/diaplast.lt\/pl\/wp-json\/wp\/v2\/product_brand?post=20909"},{"taxonomy":"product_cat","embeddable":true,"href":"https:\/\/diaplast.lt\/pl\/wp-json\/wp\/v2\/product_cat?post=20909"},{"taxonomy":"product_tag","embeddable":true,"href":"https:\/\/diaplast.lt\/pl\/wp-json\/wp\/v2\/product_tag?post=20909"}],"curies":[{"name":"wp","href":"https:\/\/api.w.org\/{rel}","templated":true}]}}