{"id":20916,"date":"2025-02-06T14:33:32","date_gmt":"2025-02-06T11:33:32","guid":{"rendered":"https:\/\/diaplast.lt\/produktas\/system-epoksydowy-6030-tenax\/"},"modified":"2025-03-21T11:31:40","modified_gmt":"2025-03-21T08:31:40","slug":"system-epoksydowy-6030-tenax","status":"publish","type":"product","link":"https:\/\/diaplast.lt\/pl\/produkt\/system-epoksydowy-6030-tenax\/","title":{"rendered":"System epoksydowy 6030, Tenax"},"content":{"rendered":"<p><strong>Instrukcja u\u017cycia:<\/strong> przeszlifowa\u0107 p\u0142yt\u0119 kamienn\u0105 do ziarnisto\u015bci 120-220 i wysuszy\u0107. Impregnowane powierzchnie musz\u0105 by\u0107 suche, czyste i odt\u0142uszczone. Dobrze wymiesza\u0107 sk\u0142adniki A i B w stosunku 1:4, np. 100 g \u017cywicy + 25 g utwardzacza (wagowo). W zimnych porach roku mo\u017cna zwi\u0119kszy\u0107 zawarto\u015b\u0107 utwardzacza do 3%. Na\u0142o\u017cy\u0107 preparat na powierzchnie (najlepiej w temperaturze 30-40\u00b0C). Po 24 godzinach (+25\u00b0C) wysuszone powierzchnie mo\u017cna szlifowa\u0107 i polerowa\u0107, zaczynaj\u0105c od ziarna, na kt\u00f3rym zako\u0144czono poprzednie szlifowanie. Okres trwa\u0142o\u015bci 2 lata przy przechowywaniu w ch\u0142odnym i suchym miejscu. Patrz data produkcji na opakowaniu.<\/p>\n<table>\n<tbody>\n<tr>\n<td width=\"210\"><strong>Parametry techniczne<\/strong><\/td>\n<td width=\"114\"><strong>6030 (A+B)<\/strong><\/td>\n<\/tr>\n<tr>\n<td width=\"210\">Kolor<\/td>\n<td width=\"114\">Przezroczysty<\/td>\n<\/tr>\n<tr>\n<td width=\"210\">Status<\/td>\n<td width=\"114\">P\u0142ynny<\/td>\n<\/tr>\n<tr>\n<td width=\"210\">Czas schni\u0119cia<\/td>\n<td width=\"114\">24 godziny<\/td>\n<\/tr>\n<\/tbody>\n<\/table>\n<p>&nbsp;<\/p>\n","protected":false},"excerpt":{"rendered":"<p>P\u0142ynna \u017cywica epoksydowa stosowana do klejenia kamienia naturalnego i ceramiki, naprawy mikrop\u0119kni\u0119\u0107, wzmacniania kamienia.<\/p>\n<p>Mo\u017ce by\u0107 stosowana na granicie, marmurze, kwarcycie i wapieniu (mo\u017ce dawa\u0107 efekt mokrego kamienia).<\/p>\n<p>Nadaje si\u0119 do u\u017cytku wewn\u0105trz i na zewn\u0105trz.<\/p>\n<p><strong>Tylko do u\u017cytku profesjonalnego<\/strong>.<\/p>\n","protected":false},"featured_media":17014,"template":"","meta":[],"product_brand":[],"product_cat":[774,780],"product_tag":[],"class_list":{"0":"post-20916","1":"product","2":"type-product","3":"status-publish","4":"has-post-thumbnail","6":"product_cat-srodki-chemiczne-do-kamienia-i-betonu","7":"product_cat-klej","8":"pa_gamintojas-tenax-pl","9":"pa_paskirtis-dla-kamienia","10":"pa_spalva-wyraznie","11":"pa_talpa-1kg025kg-pl","13":"first","14":"instock","15":"taxable","16":"shipping-taxable","17":"purchasable","18":"product-type-simple"},"yoast_head":"<!-- This site is optimized with the Yoast SEO plugin v26.0 - https:\/\/yoast.com\/wordpress\/plugins\/seo\/ -->\n<title>System epoksydowy 6030, Tenax - Diaplast<\/title>\n<meta name=\"robots\" content=\"index, follow, max-snippet:-1, max-image-preview:large, max-video-preview:-1\" \/>\n<link rel=\"canonical\" href=\"https:\/\/diaplast.lt\/pl\/?post_type=product&p=20916\" \/>\n<meta property=\"og:locale\" content=\"pl_PL\" \/>\n<meta property=\"og:type\" content=\"article\" \/>\n<meta property=\"og:title\" content=\"System epoksydowy 6030, Tenax - Diaplast\" \/>\n<meta property=\"og:description\" content=\"P\u0142ynna \u017cywica epoksydowa stosowana do klejenia kamienia naturalnego i ceramiki, naprawy mikrop\u0119kni\u0119\u0107, wzmacniania kamienia. Mo\u017ce by\u0107 stosowana na granicie, marmurze, kwarcycie i wapieniu (mo\u017ce dawa\u0107 efekt mokrego kamienia). Nadaje si\u0119 do u\u017cytku wewn\u0105trz i na zewn\u0105trz. Tylko do u\u017cytku profesjonalnego.\" \/>\n<meta property=\"og:url\" content=\"https:\/\/diaplast.lt\/pl\/?post_type=product&amp;p=20916\" \/>\n<meta property=\"og:site_name\" content=\"Diaplast\" \/>\n<meta property=\"article:modified_time\" content=\"2025-03-21T08:31:40+00:00\" \/>\n<meta property=\"og:image\" content=\"http:\/\/diaplast.lt\/wp-content\/uploads\/2025\/02\/ES630_A_B.jpg\" \/>\n\t<meta property=\"og:image:width\" content=\"1200\" \/>\n\t<meta property=\"og:image:height\" content=\"735\" \/>\n\t<meta property=\"og:image:type\" content=\"image\/jpeg\" \/>\n<meta name=\"twitter:card\" content=\"summary_large_image\" \/>\n<meta name=\"twitter:label1\" content=\"Szacowany czas czytania\" \/>\n\t<meta name=\"twitter:data1\" content=\"1 minuta\" \/>\n<script type=\"application\/ld+json\" class=\"yoast-schema-graph\">{\"@context\":\"https:\/\/schema.org\",\"@graph\":[{\"@type\":\"WebPage\",\"@id\":\"https:\/\/diaplast.lt\/pl\/?post_type=product&p=20916\",\"url\":\"https:\/\/diaplast.lt\/pl\/?post_type=product&p=20916\",\"name\":\"System epoksydowy 6030, Tenax - Diaplast\",\"isPartOf\":{\"@id\":\"https:\/\/diaplast.lt\/#website\"},\"primaryImageOfPage\":{\"@id\":\"https:\/\/diaplast.lt\/pl\/?post_type=product&p=20916#primaryimage\"},\"image\":{\"@id\":\"https:\/\/diaplast.lt\/pl\/?post_type=product&p=20916#primaryimage\"},\"thumbnailUrl\":\"https:\/\/diaplast.lt\/wp-content\/uploads\/2025\/02\/ES630_A_B.jpg\",\"datePublished\":\"2025-02-06T11:33:32+00:00\",\"dateModified\":\"2025-03-21T08:31:40+00:00\",\"breadcrumb\":{\"@id\":\"https:\/\/diaplast.lt\/pl\/?post_type=product&p=20916#breadcrumb\"},\"inLanguage\":\"pl-PL\",\"potentialAction\":[{\"@type\":\"ReadAction\",\"target\":[\"https:\/\/diaplast.lt\/pl\/?post_type=product&p=20916\"]}]},{\"@type\":\"ImageObject\",\"inLanguage\":\"pl-PL\",\"@id\":\"https:\/\/diaplast.lt\/pl\/?post_type=product&p=20916#primaryimage\",\"url\":\"https:\/\/diaplast.lt\/wp-content\/uploads\/2025\/02\/ES630_A_B.jpg\",\"contentUrl\":\"https:\/\/diaplast.lt\/wp-content\/uploads\/2025\/02\/ES630_A_B.jpg\",\"width\":1200,\"height\":735},{\"@type\":\"BreadcrumbList\",\"@id\":\"https:\/\/diaplast.lt\/pl\/?post_type=product&p=20916#breadcrumb\",\"itemListElement\":[{\"@type\":\"ListItem\",\"position\":1,\"name\":\"Strona g\u0142\u00f3wna\",\"item\":\"https:\/\/diaplast.lt\/\"},{\"@type\":\"ListItem\",\"position\":2,\"name\":\"Zasi\u0119g\",\"item\":\"https:\/\/diaplast.lt\/pl\/asortyment\/\"},{\"@type\":\"ListItem\",\"position\":3,\"name\":\"System epoksydowy 6030, Tenax\"}]},{\"@type\":\"WebSite\",\"@id\":\"https:\/\/diaplast.lt\/#website\",\"url\":\"https:\/\/diaplast.lt\/\",\"name\":\"Diaplast\",\"description\":\"Deimantini\u0173 instrument\u0173 gamyba ir prekyba\",\"publisher\":{\"@id\":\"https:\/\/diaplast.lt\/#organization\"},\"potentialAction\":[{\"@type\":\"SearchAction\",\"target\":{\"@type\":\"EntryPoint\",\"urlTemplate\":\"https:\/\/diaplast.lt\/?s={search_term_string}\"},\"query-input\":{\"@type\":\"PropertyValueSpecification\",\"valueRequired\":true,\"valueName\":\"search_term_string\"}}],\"inLanguage\":\"pl-PL\"},{\"@type\":\"Organization\",\"@id\":\"https:\/\/diaplast.lt\/#organization\",\"name\":\"Diaplast\",\"url\":\"https:\/\/diaplast.lt\/\",\"logo\":{\"@type\":\"ImageObject\",\"inLanguage\":\"pl-PL\",\"@id\":\"https:\/\/diaplast.lt\/#\/schema\/logo\/image\/\",\"url\":\"http:\/\/diaplast.lt\/wp-content\/uploads\/2022\/06\/ebaltveja-logo.png\",\"contentUrl\":\"http:\/\/diaplast.lt\/wp-content\/uploads\/2022\/06\/ebaltveja-logo.png\",\"width\":200,\"height\":69,\"caption\":\"Diaplast\"},\"image\":{\"@id\":\"https:\/\/diaplast.lt\/#\/schema\/logo\/image\/\"}}]}<\/script>\n<!-- \/ Yoast SEO plugin. -->","yoast_head_json":{"title":"System epoksydowy 6030, Tenax - Diaplast","robots":{"index":"index","follow":"follow","max-snippet":"max-snippet:-1","max-image-preview":"max-image-preview:large","max-video-preview":"max-video-preview:-1"},"canonical":"https:\/\/diaplast.lt\/pl\/?post_type=product&p=20916","og_locale":"pl_PL","og_type":"article","og_title":"System epoksydowy 6030, Tenax - Diaplast","og_description":"P\u0142ynna \u017cywica epoksydowa stosowana do klejenia kamienia naturalnego i ceramiki, naprawy mikrop\u0119kni\u0119\u0107, wzmacniania kamienia. Mo\u017ce by\u0107 stosowana na granicie, marmurze, kwarcycie i wapieniu (mo\u017ce dawa\u0107 efekt mokrego kamienia). Nadaje si\u0119 do u\u017cytku wewn\u0105trz i na zewn\u0105trz. Tylko do u\u017cytku profesjonalnego.","og_url":"https:\/\/diaplast.lt\/pl\/?post_type=product&p=20916","og_site_name":"Diaplast","article_modified_time":"2025-03-21T08:31:40+00:00","og_image":[{"width":1200,"height":735,"url":"http:\/\/diaplast.lt\/wp-content\/uploads\/2025\/02\/ES630_A_B.jpg","type":"image\/jpeg"}],"twitter_card":"summary_large_image","twitter_misc":{"Szacowany czas czytania":"1 minuta"},"schema":{"@context":"https:\/\/schema.org","@graph":[{"@type":"WebPage","@id":"https:\/\/diaplast.lt\/pl\/?post_type=product&p=20916","url":"https:\/\/diaplast.lt\/pl\/?post_type=product&p=20916","name":"System epoksydowy 6030, Tenax - Diaplast","isPartOf":{"@id":"https:\/\/diaplast.lt\/#website"},"primaryImageOfPage":{"@id":"https:\/\/diaplast.lt\/pl\/?post_type=product&p=20916#primaryimage"},"image":{"@id":"https:\/\/diaplast.lt\/pl\/?post_type=product&p=20916#primaryimage"},"thumbnailUrl":"https:\/\/diaplast.lt\/wp-content\/uploads\/2025\/02\/ES630_A_B.jpg","datePublished":"2025-02-06T11:33:32+00:00","dateModified":"2025-03-21T08:31:40+00:00","breadcrumb":{"@id":"https:\/\/diaplast.lt\/pl\/?post_type=product&p=20916#breadcrumb"},"inLanguage":"pl-PL","potentialAction":[{"@type":"ReadAction","target":["https:\/\/diaplast.lt\/pl\/?post_type=product&p=20916"]}]},{"@type":"ImageObject","inLanguage":"pl-PL","@id":"https:\/\/diaplast.lt\/pl\/?post_type=product&p=20916#primaryimage","url":"https:\/\/diaplast.lt\/wp-content\/uploads\/2025\/02\/ES630_A_B.jpg","contentUrl":"https:\/\/diaplast.lt\/wp-content\/uploads\/2025\/02\/ES630_A_B.jpg","width":1200,"height":735},{"@type":"BreadcrumbList","@id":"https:\/\/diaplast.lt\/pl\/?post_type=product&p=20916#breadcrumb","itemListElement":[{"@type":"ListItem","position":1,"name":"Strona g\u0142\u00f3wna","item":"https:\/\/diaplast.lt\/"},{"@type":"ListItem","position":2,"name":"Zasi\u0119g","item":"https:\/\/diaplast.lt\/pl\/asortyment\/"},{"@type":"ListItem","position":3,"name":"System epoksydowy 6030, Tenax"}]},{"@type":"WebSite","@id":"https:\/\/diaplast.lt\/#website","url":"https:\/\/diaplast.lt\/","name":"Diaplast","description":"Deimantini\u0173 instrument\u0173 gamyba ir prekyba","publisher":{"@id":"https:\/\/diaplast.lt\/#organization"},"potentialAction":[{"@type":"SearchAction","target":{"@type":"EntryPoint","urlTemplate":"https:\/\/diaplast.lt\/?s={search_term_string}"},"query-input":{"@type":"PropertyValueSpecification","valueRequired":true,"valueName":"search_term_string"}}],"inLanguage":"pl-PL"},{"@type":"Organization","@id":"https:\/\/diaplast.lt\/#organization","name":"Diaplast","url":"https:\/\/diaplast.lt\/","logo":{"@type":"ImageObject","inLanguage":"pl-PL","@id":"https:\/\/diaplast.lt\/#\/schema\/logo\/image\/","url":"http:\/\/diaplast.lt\/wp-content\/uploads\/2022\/06\/ebaltveja-logo.png","contentUrl":"http:\/\/diaplast.lt\/wp-content\/uploads\/2022\/06\/ebaltveja-logo.png","width":200,"height":69,"caption":"Diaplast"},"image":{"@id":"https:\/\/diaplast.lt\/#\/schema\/logo\/image\/"}}]}},"_links":{"self":[{"href":"https:\/\/diaplast.lt\/pl\/wp-json\/wp\/v2\/product\/20916","targetHints":{"allow":["GET"]}}],"collection":[{"href":"https:\/\/diaplast.lt\/pl\/wp-json\/wp\/v2\/product"}],"about":[{"href":"https:\/\/diaplast.lt\/pl\/wp-json\/wp\/v2\/types\/product"}],"version-history":[{"count":1,"href":"https:\/\/diaplast.lt\/pl\/wp-json\/wp\/v2\/product\/20916\/revisions"}],"predecessor-version":[{"id":20917,"href":"https:\/\/diaplast.lt\/pl\/wp-json\/wp\/v2\/product\/20916\/revisions\/20917"}],"wp:featuredmedia":[{"embeddable":true,"href":"https:\/\/diaplast.lt\/pl\/wp-json\/wp\/v2\/media\/17014"}],"wp:attachment":[{"href":"https:\/\/diaplast.lt\/pl\/wp-json\/wp\/v2\/media?parent=20916"}],"wp:term":[{"taxonomy":"product_brand","embeddable":true,"href":"https:\/\/diaplast.lt\/pl\/wp-json\/wp\/v2\/product_brand?post=20916"},{"taxonomy":"product_cat","embeddable":true,"href":"https:\/\/diaplast.lt\/pl\/wp-json\/wp\/v2\/product_cat?post=20916"},{"taxonomy":"product_tag","embeddable":true,"href":"https:\/\/diaplast.lt\/pl\/wp-json\/wp\/v2\/product_tag?post=20916"}],"curies":[{"name":"wp","href":"https:\/\/api.w.org\/{rel}","templated":true}]}}