{"id":20926,"date":"2025-02-06T15:02:53","date_gmt":"2025-02-06T12:02:53","guid":{"rendered":"https:\/\/diaplast.lt\/produktas\/klej-poliestrowy-liquido-trasparente-tenax\/"},"modified":"2025-03-21T11:31:42","modified_gmt":"2025-03-21T08:31:42","slug":"klej-poliestrowy-liquido-trasparente-tenax","status":"publish","type":"product","link":"https:\/\/diaplast.lt\/pl\/produkt\/klej-poliestrowy-liquido-trasparente-tenax\/","title":{"rendered":"Klej poliestrowy LIQUIDO TRASPARENTE, Tenax"},"content":{"rendered":"<p><strong>Instrukcja u\u017cycia:<\/strong> klejone powierzchnie musz\u0105 by\u0107 suche i czyste. Wymiesza\u0107 wymagan\u0105 ilo\u015b\u0107 kleju z utwardzaczem; w celu szybszego schni\u0119cia doda\u0107 podw\u00f3jn\u0105 ilo\u015b\u0107 utwardzacza. Po u\u017cyciu szczelnie zamkn\u0105\u0107 pojemnik. Nie wlewa\u0107 niewykorzystanej mieszanki z powrotem do pojemnika. Okres trwa\u0142o\u015bci 1 rok przy przechowywaniu w ch\u0142odnym i suchym miejscu.    <\/p>\n<p><strong>Wymiesza\u0107 z utwardzaczem w proporcji <\/strong>100 cz\u0119\u015bci kleju + 2-3 cz\u0119\u015bci utwardzacza (lub 1 \u0142y\u017cka kleju + ilo\u015b\u0107 utwardzacza wielko\u015bci ziarenka kawy).<\/p>\n<table>\n<tbody>\n<tr>\n<td width=\"235\"><strong>Charakterystyka techniczna<\/strong><\/td>\n<td width=\"267\"><strong>LIQUIDO<\/strong> <strong>TRASPARENTE<\/strong><\/td>\n<\/tr>\n<tr>\n<td width=\"235\">Kolor<\/td>\n<td width=\"267\">Przezroczysty, \u017c\u00f3\u0142tawy<\/td>\n<\/tr>\n<tr>\n<td width=\"235\">Status<\/td>\n<td width=\"267\">P\u0142ynny<\/td>\n<\/tr>\n<tr>\n<td width=\"235\">Czas wi\u0105zania w temperaturze 25\u00b0C<\/td>\n<td width=\"267\">5-8 min.<\/td>\n<\/tr>\n<tr>\n<td width=\"235\">Minimalna temperatura krzepni\u0119cia<\/td>\n<td width=\"267\">10-15\u00ba C<\/td>\n<\/tr>\n<tr>\n<td width=\"235\">Mo\u017ce by\u0107 u\u017cywany po usztywnieniu<\/td>\n<td width=\"267\">min. 0\u00baC maks. +110\u00baC <\/td>\n<\/tr>\n<tr>\n<td width=\"235\">Proporcja<\/td>\n<td width=\"267\">100+2-3%<\/td>\n<\/tr>\n<\/tbody>\n<\/table>\n","protected":false},"excerpt":{"rendered":"<p>P\u0142ynny klej poliestrowy do klejenia kamienia.<\/p>\n<p>Nadaje si\u0119 do u\u017cytku wewn\u0105trz pomieszcze\u0144.<\/p>\n<p><strong>Tylko do u\u017cytku profesjonalnego<\/strong>.<\/p>\n","protected":false},"featured_media":17297,"template":"","meta":[],"product_brand":[],"product_cat":[774,780],"product_tag":[],"class_list":{"0":"post-20926","1":"product","2":"type-product","3":"status-publish","4":"has-post-thumbnail","6":"product_cat-srodki-chemiczne-do-kamienia-i-betonu","7":"product_cat-klej","8":"pa_gamintojas-tenax-pl","9":"pa_paskirtis-dla-kamienia","10":"pa_spalva-wyraznie-zoltawy","11":"pa_talpa-075l33ml-pl","13":"first","14":"instock","15":"taxable","16":"shipping-taxable","17":"purchasable","18":"product-type-simple"},"yoast_head":"<!-- This site is optimized with the Yoast SEO plugin v26.0 - https:\/\/yoast.com\/wordpress\/plugins\/seo\/ -->\n<title>Klej poliestrowy LIQUIDO TRASPARENTE, Tenax - Diaplast<\/title>\n<meta name=\"robots\" content=\"index, follow, max-snippet:-1, max-image-preview:large, max-video-preview:-1\" \/>\n<link rel=\"canonical\" href=\"https:\/\/diaplast.lt\/pl\/?post_type=product&p=20926\" \/>\n<meta property=\"og:locale\" content=\"pl_PL\" \/>\n<meta property=\"og:type\" content=\"article\" \/>\n<meta property=\"og:title\" content=\"Klej poliestrowy LIQUIDO TRASPARENTE, Tenax - Diaplast\" \/>\n<meta property=\"og:description\" content=\"P\u0142ynny klej poliestrowy do klejenia kamienia. Nadaje si\u0119 do u\u017cytku wewn\u0105trz pomieszcze\u0144. Tylko do u\u017cytku profesjonalnego.\" \/>\n<meta property=\"og:url\" content=\"https:\/\/diaplast.lt\/pl\/?post_type=product&amp;p=20926\" \/>\n<meta property=\"og:site_name\" content=\"Diaplast\" \/>\n<meta property=\"article:modified_time\" content=\"2025-03-21T08:31:42+00:00\" \/>\n<meta property=\"og:image\" content=\"http:\/\/diaplast.lt\/wp-content\/uploads\/2025\/02\/PK-075.jpg\" \/>\n\t<meta property=\"og:image:width\" content=\"1200\" \/>\n\t<meta property=\"og:image:height\" content=\"1200\" \/>\n\t<meta property=\"og:image:type\" content=\"image\/jpeg\" \/>\n<meta name=\"twitter:card\" content=\"summary_large_image\" \/>\n<meta name=\"twitter:label1\" content=\"Szacowany czas czytania\" \/>\n\t<meta name=\"twitter:data1\" content=\"1 minuta\" \/>\n<script type=\"application\/ld+json\" class=\"yoast-schema-graph\">{\"@context\":\"https:\/\/schema.org\",\"@graph\":[{\"@type\":\"WebPage\",\"@id\":\"https:\/\/diaplast.lt\/pl\/?post_type=product&p=20926\",\"url\":\"https:\/\/diaplast.lt\/pl\/?post_type=product&p=20926\",\"name\":\"Klej poliestrowy LIQUIDO TRASPARENTE, Tenax - Diaplast\",\"isPartOf\":{\"@id\":\"https:\/\/diaplast.lt\/#website\"},\"primaryImageOfPage\":{\"@id\":\"https:\/\/diaplast.lt\/pl\/?post_type=product&p=20926#primaryimage\"},\"image\":{\"@id\":\"https:\/\/diaplast.lt\/pl\/?post_type=product&p=20926#primaryimage\"},\"thumbnailUrl\":\"https:\/\/diaplast.lt\/wp-content\/uploads\/2025\/02\/PK-075.jpg\",\"datePublished\":\"2025-02-06T12:02:53+00:00\",\"dateModified\":\"2025-03-21T08:31:42+00:00\",\"breadcrumb\":{\"@id\":\"https:\/\/diaplast.lt\/pl\/?post_type=product&p=20926#breadcrumb\"},\"inLanguage\":\"pl-PL\",\"potentialAction\":[{\"@type\":\"ReadAction\",\"target\":[\"https:\/\/diaplast.lt\/pl\/?post_type=product&p=20926\"]}]},{\"@type\":\"ImageObject\",\"inLanguage\":\"pl-PL\",\"@id\":\"https:\/\/diaplast.lt\/pl\/?post_type=product&p=20926#primaryimage\",\"url\":\"https:\/\/diaplast.lt\/wp-content\/uploads\/2025\/02\/PK-075.jpg\",\"contentUrl\":\"https:\/\/diaplast.lt\/wp-content\/uploads\/2025\/02\/PK-075.jpg\",\"width\":1200,\"height\":1200},{\"@type\":\"BreadcrumbList\",\"@id\":\"https:\/\/diaplast.lt\/pl\/?post_type=product&p=20926#breadcrumb\",\"itemListElement\":[{\"@type\":\"ListItem\",\"position\":1,\"name\":\"Strona g\u0142\u00f3wna\",\"item\":\"https:\/\/diaplast.lt\/\"},{\"@type\":\"ListItem\",\"position\":2,\"name\":\"Zasi\u0119g\",\"item\":\"https:\/\/diaplast.lt\/pl\/asortyment\/\"},{\"@type\":\"ListItem\",\"position\":3,\"name\":\"Klej poliestrowy LIQUIDO TRASPARENTE, Tenax\"}]},{\"@type\":\"WebSite\",\"@id\":\"https:\/\/diaplast.lt\/#website\",\"url\":\"https:\/\/diaplast.lt\/\",\"name\":\"Diaplast\",\"description\":\"Deimantini\u0173 instrument\u0173 gamyba ir prekyba\",\"publisher\":{\"@id\":\"https:\/\/diaplast.lt\/#organization\"},\"potentialAction\":[{\"@type\":\"SearchAction\",\"target\":{\"@type\":\"EntryPoint\",\"urlTemplate\":\"https:\/\/diaplast.lt\/?s={search_term_string}\"},\"query-input\":{\"@type\":\"PropertyValueSpecification\",\"valueRequired\":true,\"valueName\":\"search_term_string\"}}],\"inLanguage\":\"pl-PL\"},{\"@type\":\"Organization\",\"@id\":\"https:\/\/diaplast.lt\/#organization\",\"name\":\"Diaplast\",\"url\":\"https:\/\/diaplast.lt\/\",\"logo\":{\"@type\":\"ImageObject\",\"inLanguage\":\"pl-PL\",\"@id\":\"https:\/\/diaplast.lt\/#\/schema\/logo\/image\/\",\"url\":\"http:\/\/diaplast.lt\/wp-content\/uploads\/2022\/06\/ebaltveja-logo.png\",\"contentUrl\":\"http:\/\/diaplast.lt\/wp-content\/uploads\/2022\/06\/ebaltveja-logo.png\",\"width\":200,\"height\":69,\"caption\":\"Diaplast\"},\"image\":{\"@id\":\"https:\/\/diaplast.lt\/#\/schema\/logo\/image\/\"}}]}<\/script>\n<!-- \/ Yoast SEO plugin. -->","yoast_head_json":{"title":"Klej poliestrowy LIQUIDO TRASPARENTE, Tenax - Diaplast","robots":{"index":"index","follow":"follow","max-snippet":"max-snippet:-1","max-image-preview":"max-image-preview:large","max-video-preview":"max-video-preview:-1"},"canonical":"https:\/\/diaplast.lt\/pl\/?post_type=product&p=20926","og_locale":"pl_PL","og_type":"article","og_title":"Klej poliestrowy LIQUIDO TRASPARENTE, Tenax - Diaplast","og_description":"P\u0142ynny klej poliestrowy do klejenia kamienia. Nadaje si\u0119 do u\u017cytku wewn\u0105trz pomieszcze\u0144. Tylko do u\u017cytku profesjonalnego.","og_url":"https:\/\/diaplast.lt\/pl\/?post_type=product&p=20926","og_site_name":"Diaplast","article_modified_time":"2025-03-21T08:31:42+00:00","og_image":[{"width":1200,"height":1200,"url":"http:\/\/diaplast.lt\/wp-content\/uploads\/2025\/02\/PK-075.jpg","type":"image\/jpeg"}],"twitter_card":"summary_large_image","twitter_misc":{"Szacowany czas czytania":"1 minuta"},"schema":{"@context":"https:\/\/schema.org","@graph":[{"@type":"WebPage","@id":"https:\/\/diaplast.lt\/pl\/?post_type=product&p=20926","url":"https:\/\/diaplast.lt\/pl\/?post_type=product&p=20926","name":"Klej poliestrowy LIQUIDO TRASPARENTE, Tenax - Diaplast","isPartOf":{"@id":"https:\/\/diaplast.lt\/#website"},"primaryImageOfPage":{"@id":"https:\/\/diaplast.lt\/pl\/?post_type=product&p=20926#primaryimage"},"image":{"@id":"https:\/\/diaplast.lt\/pl\/?post_type=product&p=20926#primaryimage"},"thumbnailUrl":"https:\/\/diaplast.lt\/wp-content\/uploads\/2025\/02\/PK-075.jpg","datePublished":"2025-02-06T12:02:53+00:00","dateModified":"2025-03-21T08:31:42+00:00","breadcrumb":{"@id":"https:\/\/diaplast.lt\/pl\/?post_type=product&p=20926#breadcrumb"},"inLanguage":"pl-PL","potentialAction":[{"@type":"ReadAction","target":["https:\/\/diaplast.lt\/pl\/?post_type=product&p=20926"]}]},{"@type":"ImageObject","inLanguage":"pl-PL","@id":"https:\/\/diaplast.lt\/pl\/?post_type=product&p=20926#primaryimage","url":"https:\/\/diaplast.lt\/wp-content\/uploads\/2025\/02\/PK-075.jpg","contentUrl":"https:\/\/diaplast.lt\/wp-content\/uploads\/2025\/02\/PK-075.jpg","width":1200,"height":1200},{"@type":"BreadcrumbList","@id":"https:\/\/diaplast.lt\/pl\/?post_type=product&p=20926#breadcrumb","itemListElement":[{"@type":"ListItem","position":1,"name":"Strona g\u0142\u00f3wna","item":"https:\/\/diaplast.lt\/"},{"@type":"ListItem","position":2,"name":"Zasi\u0119g","item":"https:\/\/diaplast.lt\/pl\/asortyment\/"},{"@type":"ListItem","position":3,"name":"Klej poliestrowy LIQUIDO TRASPARENTE, Tenax"}]},{"@type":"WebSite","@id":"https:\/\/diaplast.lt\/#website","url":"https:\/\/diaplast.lt\/","name":"Diaplast","description":"Deimantini\u0173 instrument\u0173 gamyba ir prekyba","publisher":{"@id":"https:\/\/diaplast.lt\/#organization"},"potentialAction":[{"@type":"SearchAction","target":{"@type":"EntryPoint","urlTemplate":"https:\/\/diaplast.lt\/?s={search_term_string}"},"query-input":{"@type":"PropertyValueSpecification","valueRequired":true,"valueName":"search_term_string"}}],"inLanguage":"pl-PL"},{"@type":"Organization","@id":"https:\/\/diaplast.lt\/#organization","name":"Diaplast","url":"https:\/\/diaplast.lt\/","logo":{"@type":"ImageObject","inLanguage":"pl-PL","@id":"https:\/\/diaplast.lt\/#\/schema\/logo\/image\/","url":"http:\/\/diaplast.lt\/wp-content\/uploads\/2022\/06\/ebaltveja-logo.png","contentUrl":"http:\/\/diaplast.lt\/wp-content\/uploads\/2022\/06\/ebaltveja-logo.png","width":200,"height":69,"caption":"Diaplast"},"image":{"@id":"https:\/\/diaplast.lt\/#\/schema\/logo\/image\/"}}]}},"_links":{"self":[{"href":"https:\/\/diaplast.lt\/pl\/wp-json\/wp\/v2\/product\/20926","targetHints":{"allow":["GET"]}}],"collection":[{"href":"https:\/\/diaplast.lt\/pl\/wp-json\/wp\/v2\/product"}],"about":[{"href":"https:\/\/diaplast.lt\/pl\/wp-json\/wp\/v2\/types\/product"}],"version-history":[{"count":1,"href":"https:\/\/diaplast.lt\/pl\/wp-json\/wp\/v2\/product\/20926\/revisions"}],"predecessor-version":[{"id":20927,"href":"https:\/\/diaplast.lt\/pl\/wp-json\/wp\/v2\/product\/20926\/revisions\/20927"}],"wp:featuredmedia":[{"embeddable":true,"href":"https:\/\/diaplast.lt\/pl\/wp-json\/wp\/v2\/media\/17297"}],"wp:attachment":[{"href":"https:\/\/diaplast.lt\/pl\/wp-json\/wp\/v2\/media?parent=20926"}],"wp:term":[{"taxonomy":"product_brand","embeddable":true,"href":"https:\/\/diaplast.lt\/pl\/wp-json\/wp\/v2\/product_brand?post=20926"},{"taxonomy":"product_cat","embeddable":true,"href":"https:\/\/diaplast.lt\/pl\/wp-json\/wp\/v2\/product_cat?post=20926"},{"taxonomy":"product_tag","embeddable":true,"href":"https:\/\/diaplast.lt\/pl\/wp-json\/wp\/v2\/product_tag?post=20926"}],"curies":[{"name":"wp","href":"https:\/\/api.w.org\/{rel}","templated":true}]}}