{"id":20955,"date":"2025-02-06T17:13:07","date_gmt":"2025-02-06T14:13:07","guid":{"rendered":"https:\/\/diaplast.lt\/produktas\/impregnat-hydrex-tenax\/"},"modified":"2025-03-21T11:31:49","modified_gmt":"2025-03-21T08:31:49","slug":"impregnat-hydrex-tenax","status":"publish","type":"product","link":"https:\/\/diaplast.lt\/pl\/produkt\/impregnat-hydrex-tenax\/","title":{"rendered":"Impregnat HYDREX, Tenax"},"content":{"rendered":"<p><strong>Spos\u00f3b u\u017cycia:<\/strong> impregnat nanosi\u0107 r\u00f3wnomiernie za pomoc\u0105 p\u0119dzla, wa\u0142ka lub szmatki na dok\u0142adnie odpylon\u0105, odt\u0142uszczon\u0105 i osuszon\u0105 powierzchni\u0119. Zalecamy dwukrotne na\u0142o\u017cenie impregnatu w ci\u0105gu 30 minut. Przy pierwszej aplikacji nale\u017cy wykona\u0107 pr\u00f3b\u0119 na niepotrzebnym kawa\u0142ku materia\u0142u lub na niewidocznej stronie produktu. 1L wystarcza do zaimpregnowania 10-20<sup>m2<\/sup> powierzchni (w zale\u017cno\u015bci od w\u0142a\u015bciwo\u015bci absorpcyjnych materia\u0142u).   <\/p>\n<table>\n<tbody>\n<tr>\n<td width=\"219\"><strong>Charakterystyka techniczna<\/strong><\/td>\n<td width=\"161\"><strong>HYDREX<\/strong><\/td>\n<\/tr>\n<tr>\n<td width=\"219\">Kolor<\/td>\n<td width=\"161\">Bezbarwny<\/td>\n<\/tr>\n<tr>\n<td width=\"219\">Status<\/td>\n<td width=\"161\">P\u0142ynny<\/td>\n<\/tr>\n<tr>\n<td width=\"219\">Czas schni\u0119cia<\/td>\n<td width=\"161\">~30 min.<\/td>\n<\/tr>\n<tr>\n<td width=\"219\">Efekt impregnacji<\/td>\n<td width=\"161\">Po 24 h<\/td>\n<\/tr>\n<\/tbody>\n<\/table>\n<p>&nbsp;<\/p>\n","protected":false},"excerpt":{"rendered":"<p>Do impregnacji kamienia - marmuru, trawertynu, piaskowca, granitu, betonu, ceramiki.<\/p>\n<p>Chroni przed wod\u0105 i t\u0142uszczem, nie zmieniaj\u0105c naturalnych w\u0142a\u015bciwo\u015bci materia\u0142u; nie zmienia koloru materia\u0142u, nie tworzy filmu na powierzchni i pozwala materia\u0142owi &#8222;oddycha\u0107&#8221;.<\/p>\n<p>Nadaje si\u0119 do u\u017cytku wewn\u0105trz i na zewn\u0105trz.<\/p>\n<p><strong>Tylko do u\u017cytku profesjonalnego<\/strong>.<\/p>\n","protected":false},"featured_media":17097,"template":"","meta":[],"product_brand":[],"product_cat":[774,778],"product_tag":[],"class_list":{"0":"post-20955","1":"product","2":"type-product","3":"status-publish","4":"has-post-thumbnail","6":"product_cat-srodki-chemiczne-do-kamienia-i-betonu","7":"product_cat-impregnaty","8":"pa_gamintojas-tenax-pl","9":"pa_paskirtis-dla-kamienia","10":"pa_paskirtis-ceramika","11":"pa_paskirtis-dla-betonu","12":"pa_spalva-bezbarwny","13":"pa_talpa-1l-pl","14":"pa_talpa-025l-pl","16":"first","17":"instock","18":"taxable","19":"shipping-taxable","20":"purchasable","21":"product-type-variable"},"yoast_head":"<!-- This site is optimized with the Yoast SEO plugin v26.0 - https:\/\/yoast.com\/wordpress\/plugins\/seo\/ -->\n<title>Impregnat HYDREX, Tenax - Diaplast<\/title>\n<meta name=\"robots\" content=\"index, follow, max-snippet:-1, max-image-preview:large, max-video-preview:-1\" \/>\n<link rel=\"canonical\" href=\"https:\/\/diaplast.lt\/pl\/?post_type=product&p=20955\" \/>\n<meta property=\"og:locale\" content=\"pl_PL\" \/>\n<meta property=\"og:type\" content=\"article\" \/>\n<meta property=\"og:title\" content=\"Impregnat HYDREX, Tenax - Diaplast\" \/>\n<meta property=\"og:description\" content=\"Do impregnacji kamienia - marmuru, trawertynu, piaskowca, granitu, betonu, ceramiki. Chroni przed wod\u0105 i t\u0142uszczem, nie zmieniaj\u0105c naturalnych w\u0142a\u015bciwo\u015bci materia\u0142u; nie zmienia koloru materia\u0142u, nie tworzy filmu na powierzchni i pozwala materia\u0142owi &quot;oddycha\u0107&quot;. Nadaje si\u0119 do u\u017cytku wewn\u0105trz i na zewn\u0105trz. Tylko do u\u017cytku profesjonalnego.\" \/>\n<meta property=\"og:url\" content=\"https:\/\/diaplast.lt\/pl\/?post_type=product&amp;p=20955\" \/>\n<meta property=\"og:site_name\" content=\"Diaplast\" \/>\n<meta property=\"article:modified_time\" content=\"2025-03-21T08:31:49+00:00\" \/>\n<meta property=\"og:image\" content=\"http:\/\/diaplast.lt\/wp-content\/uploads\/2025\/02\/IHYDREX-1.0.jpg\" \/>\n\t<meta property=\"og:image:width\" content=\"1200\" \/>\n\t<meta property=\"og:image:height\" content=\"1200\" \/>\n\t<meta property=\"og:image:type\" content=\"image\/jpeg\" \/>\n<meta name=\"twitter:card\" content=\"summary_large_image\" \/>\n<script type=\"application\/ld+json\" class=\"yoast-schema-graph\">{\"@context\":\"https:\/\/schema.org\",\"@graph\":[{\"@type\":\"WebPage\",\"@id\":\"https:\/\/diaplast.lt\/pl\/?post_type=product&p=20955\",\"url\":\"https:\/\/diaplast.lt\/pl\/?post_type=product&p=20955\",\"name\":\"Impregnat HYDREX, Tenax - Diaplast\",\"isPartOf\":{\"@id\":\"https:\/\/diaplast.lt\/#website\"},\"primaryImageOfPage\":{\"@id\":\"https:\/\/diaplast.lt\/pl\/?post_type=product&p=20955#primaryimage\"},\"image\":{\"@id\":\"https:\/\/diaplast.lt\/pl\/?post_type=product&p=20955#primaryimage\"},\"thumbnailUrl\":\"https:\/\/diaplast.lt\/wp-content\/uploads\/2025\/02\/IHYDREX-1.0.jpg\",\"datePublished\":\"2025-02-06T14:13:07+00:00\",\"dateModified\":\"2025-03-21T08:31:49+00:00\",\"breadcrumb\":{\"@id\":\"https:\/\/diaplast.lt\/pl\/?post_type=product&p=20955#breadcrumb\"},\"inLanguage\":\"pl-PL\",\"potentialAction\":[{\"@type\":\"ReadAction\",\"target\":[\"https:\/\/diaplast.lt\/pl\/?post_type=product&p=20955\"]}]},{\"@type\":\"ImageObject\",\"inLanguage\":\"pl-PL\",\"@id\":\"https:\/\/diaplast.lt\/pl\/?post_type=product&p=20955#primaryimage\",\"url\":\"https:\/\/diaplast.lt\/wp-content\/uploads\/2025\/02\/IHYDREX-1.0.jpg\",\"contentUrl\":\"https:\/\/diaplast.lt\/wp-content\/uploads\/2025\/02\/IHYDREX-1.0.jpg\",\"width\":1200,\"height\":1200},{\"@type\":\"BreadcrumbList\",\"@id\":\"https:\/\/diaplast.lt\/pl\/?post_type=product&p=20955#breadcrumb\",\"itemListElement\":[{\"@type\":\"ListItem\",\"position\":1,\"name\":\"Strona g\u0142\u00f3wna\",\"item\":\"https:\/\/diaplast.lt\/\"},{\"@type\":\"ListItem\",\"position\":2,\"name\":\"Zasi\u0119g\",\"item\":\"https:\/\/diaplast.lt\/pl\/asortyment\/\"},{\"@type\":\"ListItem\",\"position\":3,\"name\":\"Impregnat HYDREX, Tenax\"}]},{\"@type\":\"WebSite\",\"@id\":\"https:\/\/diaplast.lt\/#website\",\"url\":\"https:\/\/diaplast.lt\/\",\"name\":\"Diaplast\",\"description\":\"Deimantini\u0173 instrument\u0173 gamyba ir prekyba\",\"publisher\":{\"@id\":\"https:\/\/diaplast.lt\/#organization\"},\"potentialAction\":[{\"@type\":\"SearchAction\",\"target\":{\"@type\":\"EntryPoint\",\"urlTemplate\":\"https:\/\/diaplast.lt\/?s={search_term_string}\"},\"query-input\":{\"@type\":\"PropertyValueSpecification\",\"valueRequired\":true,\"valueName\":\"search_term_string\"}}],\"inLanguage\":\"pl-PL\"},{\"@type\":\"Organization\",\"@id\":\"https:\/\/diaplast.lt\/#organization\",\"name\":\"Diaplast\",\"url\":\"https:\/\/diaplast.lt\/\",\"logo\":{\"@type\":\"ImageObject\",\"inLanguage\":\"pl-PL\",\"@id\":\"https:\/\/diaplast.lt\/#\/schema\/logo\/image\/\",\"url\":\"http:\/\/diaplast.lt\/wp-content\/uploads\/2022\/06\/ebaltveja-logo.png\",\"contentUrl\":\"http:\/\/diaplast.lt\/wp-content\/uploads\/2022\/06\/ebaltveja-logo.png\",\"width\":200,\"height\":69,\"caption\":\"Diaplast\"},\"image\":{\"@id\":\"https:\/\/diaplast.lt\/#\/schema\/logo\/image\/\"}}]}<\/script>\n<!-- \/ Yoast SEO plugin. -->","yoast_head_json":{"title":"Impregnat HYDREX, Tenax - Diaplast","robots":{"index":"index","follow":"follow","max-snippet":"max-snippet:-1","max-image-preview":"max-image-preview:large","max-video-preview":"max-video-preview:-1"},"canonical":"https:\/\/diaplast.lt\/pl\/?post_type=product&p=20955","og_locale":"pl_PL","og_type":"article","og_title":"Impregnat HYDREX, Tenax - Diaplast","og_description":"Do impregnacji kamienia - marmuru, trawertynu, piaskowca, granitu, betonu, ceramiki. Chroni przed wod\u0105 i t\u0142uszczem, nie zmieniaj\u0105c naturalnych w\u0142a\u015bciwo\u015bci materia\u0142u; nie zmienia koloru materia\u0142u, nie tworzy filmu na powierzchni i pozwala materia\u0142owi \"oddycha\u0107\". Nadaje si\u0119 do u\u017cytku wewn\u0105trz i na zewn\u0105trz. Tylko do u\u017cytku profesjonalnego.","og_url":"https:\/\/diaplast.lt\/pl\/?post_type=product&p=20955","og_site_name":"Diaplast","article_modified_time":"2025-03-21T08:31:49+00:00","og_image":[{"width":1200,"height":1200,"url":"http:\/\/diaplast.lt\/wp-content\/uploads\/2025\/02\/IHYDREX-1.0.jpg","type":"image\/jpeg"}],"twitter_card":"summary_large_image","schema":{"@context":"https:\/\/schema.org","@graph":[{"@type":"WebPage","@id":"https:\/\/diaplast.lt\/pl\/?post_type=product&p=20955","url":"https:\/\/diaplast.lt\/pl\/?post_type=product&p=20955","name":"Impregnat HYDREX, Tenax - Diaplast","isPartOf":{"@id":"https:\/\/diaplast.lt\/#website"},"primaryImageOfPage":{"@id":"https:\/\/diaplast.lt\/pl\/?post_type=product&p=20955#primaryimage"},"image":{"@id":"https:\/\/diaplast.lt\/pl\/?post_type=product&p=20955#primaryimage"},"thumbnailUrl":"https:\/\/diaplast.lt\/wp-content\/uploads\/2025\/02\/IHYDREX-1.0.jpg","datePublished":"2025-02-06T14:13:07+00:00","dateModified":"2025-03-21T08:31:49+00:00","breadcrumb":{"@id":"https:\/\/diaplast.lt\/pl\/?post_type=product&p=20955#breadcrumb"},"inLanguage":"pl-PL","potentialAction":[{"@type":"ReadAction","target":["https:\/\/diaplast.lt\/pl\/?post_type=product&p=20955"]}]},{"@type":"ImageObject","inLanguage":"pl-PL","@id":"https:\/\/diaplast.lt\/pl\/?post_type=product&p=20955#primaryimage","url":"https:\/\/diaplast.lt\/wp-content\/uploads\/2025\/02\/IHYDREX-1.0.jpg","contentUrl":"https:\/\/diaplast.lt\/wp-content\/uploads\/2025\/02\/IHYDREX-1.0.jpg","width":1200,"height":1200},{"@type":"BreadcrumbList","@id":"https:\/\/diaplast.lt\/pl\/?post_type=product&p=20955#breadcrumb","itemListElement":[{"@type":"ListItem","position":1,"name":"Strona g\u0142\u00f3wna","item":"https:\/\/diaplast.lt\/"},{"@type":"ListItem","position":2,"name":"Zasi\u0119g","item":"https:\/\/diaplast.lt\/pl\/asortyment\/"},{"@type":"ListItem","position":3,"name":"Impregnat HYDREX, Tenax"}]},{"@type":"WebSite","@id":"https:\/\/diaplast.lt\/#website","url":"https:\/\/diaplast.lt\/","name":"Diaplast","description":"Deimantini\u0173 instrument\u0173 gamyba ir prekyba","publisher":{"@id":"https:\/\/diaplast.lt\/#organization"},"potentialAction":[{"@type":"SearchAction","target":{"@type":"EntryPoint","urlTemplate":"https:\/\/diaplast.lt\/?s={search_term_string}"},"query-input":{"@type":"PropertyValueSpecification","valueRequired":true,"valueName":"search_term_string"}}],"inLanguage":"pl-PL"},{"@type":"Organization","@id":"https:\/\/diaplast.lt\/#organization","name":"Diaplast","url":"https:\/\/diaplast.lt\/","logo":{"@type":"ImageObject","inLanguage":"pl-PL","@id":"https:\/\/diaplast.lt\/#\/schema\/logo\/image\/","url":"http:\/\/diaplast.lt\/wp-content\/uploads\/2022\/06\/ebaltveja-logo.png","contentUrl":"http:\/\/diaplast.lt\/wp-content\/uploads\/2022\/06\/ebaltveja-logo.png","width":200,"height":69,"caption":"Diaplast"},"image":{"@id":"https:\/\/diaplast.lt\/#\/schema\/logo\/image\/"}}]}},"_links":{"self":[{"href":"https:\/\/diaplast.lt\/pl\/wp-json\/wp\/v2\/product\/20955","targetHints":{"allow":["GET"]}}],"collection":[{"href":"https:\/\/diaplast.lt\/pl\/wp-json\/wp\/v2\/product"}],"about":[{"href":"https:\/\/diaplast.lt\/pl\/wp-json\/wp\/v2\/types\/product"}],"version-history":[{"count":1,"href":"https:\/\/diaplast.lt\/pl\/wp-json\/wp\/v2\/product\/20955\/revisions"}],"predecessor-version":[{"id":20959,"href":"https:\/\/diaplast.lt\/pl\/wp-json\/wp\/v2\/product\/20955\/revisions\/20959"}],"wp:featuredmedia":[{"embeddable":true,"href":"https:\/\/diaplast.lt\/pl\/wp-json\/wp\/v2\/media\/17097"}],"wp:attachment":[{"href":"https:\/\/diaplast.lt\/pl\/wp-json\/wp\/v2\/media?parent=20955"}],"wp:term":[{"taxonomy":"product_brand","embeddable":true,"href":"https:\/\/diaplast.lt\/pl\/wp-json\/wp\/v2\/product_brand?post=20955"},{"taxonomy":"product_cat","embeddable":true,"href":"https:\/\/diaplast.lt\/pl\/wp-json\/wp\/v2\/product_cat?post=20955"},{"taxonomy":"product_tag","embeddable":true,"href":"https:\/\/diaplast.lt\/pl\/wp-json\/wp\/v2\/product_tag?post=20955"}],"curies":[{"name":"wp","href":"https:\/\/api.w.org\/{rel}","templated":true}]}}