{"id":20958,"date":"2025-02-06T15:23:52","date_gmt":"2025-02-06T12:23:52","guid":{"rendered":"https:\/\/diaplast.lt\/produktas\/pigment-universal-colour-tenax\/"},"modified":"2025-09-03T18:34:42","modified_gmt":"2025-09-03T15:34:42","slug":"pigment-universal-colour-tenax","status":"publish","type":"product","link":"https:\/\/diaplast.lt\/pl\/produkt\/pigment-universal-colour-tenax\/","title":{"rendered":"Pigment UNIVERSAL COLOUR, Tenax"},"content":{"rendered":"<p><strong>Instrukcja u\u017cycia:<\/strong> wymiesza\u0107 z klejem ilo\u015b\u0107 pigment\u00f3w potrzebn\u0105 do uzyskania po\u017c\u0105danego odcienia, ale nie wi\u0119cej ni\u017c 2-3% obj\u0119to\u015bci kleju.<\/p>\n","protected":false},"excerpt":{"rendered":"<p>Do barwienia klej\u00f3w epoksydowych i poliestrowych (p\u0142ynnych i g\u0119stych).<\/p>\n<p>Mo\u017ce by\u0107 stosowany do barwienia klej\u00f3w przezroczystych.<\/p>\n<p>Nadaje si\u0119 do u\u017cytku wewn\u0105trz i na zewn\u0105trz.<\/p>\n","protected":false},"featured_media":32318,"template":"","meta":[],"product_brand":[],"product_cat":[774,780],"product_tag":[],"class_list":{"0":"post-20958","1":"product","2":"type-product","3":"status-publish","4":"has-post-thumbnail","6":"product_cat-srodki-chemiczne-do-kamienia-i-betonu","7":"product_cat-klej","8":"pa_gamintojas-tenax-pl","9":"pa_spalva-bialy","10":"pa_spalva-ciemnoszary","11":"pa_spalva-czarny","12":"pa_spalva-czerwony","13":"pa_spalva-niebieski","14":"pa_spalva-piasek","15":"pa_spalva-ruda-pl","16":"pa_spalva-szary","17":"pa_spalva-zielony","18":"pa_spalva-zolty","19":"pa_talpa-75-ml","21":"first","22":"instock","23":"taxable","24":"shipping-taxable","25":"purchasable","26":"product-type-variable"},"yoast_head":"<!-- This site is optimized with the Yoast SEO plugin v26.0 - https:\/\/yoast.com\/wordpress\/plugins\/seo\/ -->\n<title>Pigment UNIVERSAL COLOUR, Tenax - Diaplast<\/title>\n<meta name=\"robots\" content=\"index, follow, max-snippet:-1, max-image-preview:large, max-video-preview:-1\" \/>\n<link rel=\"canonical\" href=\"https:\/\/diaplast.lt\/pl\/Produkt\/pigment-universal-colour-tenax\/\" \/>\n<meta property=\"og:locale\" content=\"pl_PL\" \/>\n<meta property=\"og:type\" content=\"article\" \/>\n<meta property=\"og:title\" content=\"Pigment UNIVERSAL COLOUR, Tenax - Diaplast\" \/>\n<meta property=\"og:description\" content=\"Do barwienia klej\u00f3w epoksydowych i poliestrowych (p\u0142ynnych i g\u0119stych). Mo\u017ce by\u0107 stosowany do barwienia klej\u00f3w przezroczystych. Nadaje si\u0119 do u\u017cytku wewn\u0105trz i na zewn\u0105trz.\" \/>\n<meta property=\"og:url\" content=\"https:\/\/diaplast.lt\/pl\/Produkt\/pigment-universal-colour-tenax\/\" \/>\n<meta property=\"og:site_name\" content=\"Diaplast\" \/>\n<meta property=\"article:modified_time\" content=\"2025-09-03T15:34:42+00:00\" \/>\n<meta property=\"og:image\" content=\"http:\/\/diaplast.lt\/wp-content\/uploads\/2025\/02\/Pigmentai.jpg\" \/>\n\t<meta property=\"og:image:width\" content=\"1200\" \/>\n\t<meta property=\"og:image:height\" content=\"1200\" \/>\n\t<meta property=\"og:image:type\" content=\"image\/jpeg\" \/>\n<meta name=\"twitter:card\" content=\"summary_large_image\" \/>\n<script type=\"application\/ld+json\" class=\"yoast-schema-graph\">{\"@context\":\"https:\/\/schema.org\",\"@graph\":[{\"@type\":\"WebPage\",\"@id\":\"https:\/\/diaplast.lt\/pl\/Produkt\/pigment-universal-colour-tenax\/\",\"url\":\"https:\/\/diaplast.lt\/pl\/Produkt\/pigment-universal-colour-tenax\/\",\"name\":\"Pigment UNIVERSAL COLOUR, Tenax - Diaplast\",\"isPartOf\":{\"@id\":\"https:\/\/diaplast.lt\/#website\"},\"primaryImageOfPage\":{\"@id\":\"https:\/\/diaplast.lt\/pl\/Produkt\/pigment-universal-colour-tenax\/#primaryimage\"},\"image\":{\"@id\":\"https:\/\/diaplast.lt\/pl\/Produkt\/pigment-universal-colour-tenax\/#primaryimage\"},\"thumbnailUrl\":\"https:\/\/diaplast.lt\/wp-content\/uploads\/2025\/02\/Pigmentai-1.jpg\",\"datePublished\":\"2025-02-06T12:23:52+00:00\",\"dateModified\":\"2025-09-03T15:34:42+00:00\",\"breadcrumb\":{\"@id\":\"https:\/\/diaplast.lt\/pl\/Produkt\/pigment-universal-colour-tenax\/#breadcrumb\"},\"inLanguage\":\"pl-PL\",\"potentialAction\":[{\"@type\":\"ReadAction\",\"target\":[\"https:\/\/diaplast.lt\/pl\/Produkt\/pigment-universal-colour-tenax\/\"]}]},{\"@type\":\"ImageObject\",\"inLanguage\":\"pl-PL\",\"@id\":\"https:\/\/diaplast.lt\/pl\/Produkt\/pigment-universal-colour-tenax\/#primaryimage\",\"url\":\"https:\/\/diaplast.lt\/wp-content\/uploads\/2025\/02\/Pigmentai-1.jpg\",\"contentUrl\":\"https:\/\/diaplast.lt\/wp-content\/uploads\/2025\/02\/Pigmentai-1.jpg\",\"width\":1200,\"height\":1200},{\"@type\":\"BreadcrumbList\",\"@id\":\"https:\/\/diaplast.lt\/pl\/Produkt\/pigment-universal-colour-tenax\/#breadcrumb\",\"itemListElement\":[{\"@type\":\"ListItem\",\"position\":1,\"name\":\"Strona g\u0142\u00f3wna\",\"item\":\"https:\/\/diaplast.lt\/\"},{\"@type\":\"ListItem\",\"position\":2,\"name\":\"Zasi\u0119g\",\"item\":\"https:\/\/diaplast.lt\/pl\/asortyment\/\"},{\"@type\":\"ListItem\",\"position\":3,\"name\":\"Pigment UNIVERSAL COLOUR, Tenax\"}]},{\"@type\":\"WebSite\",\"@id\":\"https:\/\/diaplast.lt\/#website\",\"url\":\"https:\/\/diaplast.lt\/\",\"name\":\"Diaplast\",\"description\":\"Deimantini\u0173 instrument\u0173 gamyba ir prekyba\",\"publisher\":{\"@id\":\"https:\/\/diaplast.lt\/#organization\"},\"potentialAction\":[{\"@type\":\"SearchAction\",\"target\":{\"@type\":\"EntryPoint\",\"urlTemplate\":\"https:\/\/diaplast.lt\/?s={search_term_string}\"},\"query-input\":{\"@type\":\"PropertyValueSpecification\",\"valueRequired\":true,\"valueName\":\"search_term_string\"}}],\"inLanguage\":\"pl-PL\"},{\"@type\":\"Organization\",\"@id\":\"https:\/\/diaplast.lt\/#organization\",\"name\":\"Diaplast\",\"url\":\"https:\/\/diaplast.lt\/\",\"logo\":{\"@type\":\"ImageObject\",\"inLanguage\":\"pl-PL\",\"@id\":\"https:\/\/diaplast.lt\/#\/schema\/logo\/image\/\",\"url\":\"http:\/\/diaplast.lt\/wp-content\/uploads\/2022\/06\/ebaltveja-logo.png\",\"contentUrl\":\"http:\/\/diaplast.lt\/wp-content\/uploads\/2022\/06\/ebaltveja-logo.png\",\"width\":200,\"height\":69,\"caption\":\"Diaplast\"},\"image\":{\"@id\":\"https:\/\/diaplast.lt\/#\/schema\/logo\/image\/\"}}]}<\/script>\n<!-- \/ Yoast SEO plugin. -->","yoast_head_json":{"title":"Pigment UNIVERSAL COLOUR, Tenax - Diaplast","robots":{"index":"index","follow":"follow","max-snippet":"max-snippet:-1","max-image-preview":"max-image-preview:large","max-video-preview":"max-video-preview:-1"},"canonical":"https:\/\/diaplast.lt\/pl\/Produkt\/pigment-universal-colour-tenax\/","og_locale":"pl_PL","og_type":"article","og_title":"Pigment UNIVERSAL COLOUR, Tenax - Diaplast","og_description":"Do barwienia klej\u00f3w epoksydowych i poliestrowych (p\u0142ynnych i g\u0119stych). Mo\u017ce by\u0107 stosowany do barwienia klej\u00f3w przezroczystych. Nadaje si\u0119 do u\u017cytku wewn\u0105trz i na zewn\u0105trz.","og_url":"https:\/\/diaplast.lt\/pl\/Produkt\/pigment-universal-colour-tenax\/","og_site_name":"Diaplast","article_modified_time":"2025-09-03T15:34:42+00:00","og_image":[{"width":1200,"height":1200,"url":"http:\/\/diaplast.lt\/wp-content\/uploads\/2025\/02\/Pigmentai.jpg","type":"image\/jpeg"}],"twitter_card":"summary_large_image","schema":{"@context":"https:\/\/schema.org","@graph":[{"@type":"WebPage","@id":"https:\/\/diaplast.lt\/pl\/Produkt\/pigment-universal-colour-tenax\/","url":"https:\/\/diaplast.lt\/pl\/Produkt\/pigment-universal-colour-tenax\/","name":"Pigment UNIVERSAL COLOUR, Tenax - Diaplast","isPartOf":{"@id":"https:\/\/diaplast.lt\/#website"},"primaryImageOfPage":{"@id":"https:\/\/diaplast.lt\/pl\/Produkt\/pigment-universal-colour-tenax\/#primaryimage"},"image":{"@id":"https:\/\/diaplast.lt\/pl\/Produkt\/pigment-universal-colour-tenax\/#primaryimage"},"thumbnailUrl":"https:\/\/diaplast.lt\/wp-content\/uploads\/2025\/02\/Pigmentai-1.jpg","datePublished":"2025-02-06T12:23:52+00:00","dateModified":"2025-09-03T15:34:42+00:00","breadcrumb":{"@id":"https:\/\/diaplast.lt\/pl\/Produkt\/pigment-universal-colour-tenax\/#breadcrumb"},"inLanguage":"pl-PL","potentialAction":[{"@type":"ReadAction","target":["https:\/\/diaplast.lt\/pl\/Produkt\/pigment-universal-colour-tenax\/"]}]},{"@type":"ImageObject","inLanguage":"pl-PL","@id":"https:\/\/diaplast.lt\/pl\/Produkt\/pigment-universal-colour-tenax\/#primaryimage","url":"https:\/\/diaplast.lt\/wp-content\/uploads\/2025\/02\/Pigmentai-1.jpg","contentUrl":"https:\/\/diaplast.lt\/wp-content\/uploads\/2025\/02\/Pigmentai-1.jpg","width":1200,"height":1200},{"@type":"BreadcrumbList","@id":"https:\/\/diaplast.lt\/pl\/Produkt\/pigment-universal-colour-tenax\/#breadcrumb","itemListElement":[{"@type":"ListItem","position":1,"name":"Strona g\u0142\u00f3wna","item":"https:\/\/diaplast.lt\/"},{"@type":"ListItem","position":2,"name":"Zasi\u0119g","item":"https:\/\/diaplast.lt\/pl\/asortyment\/"},{"@type":"ListItem","position":3,"name":"Pigment UNIVERSAL COLOUR, Tenax"}]},{"@type":"WebSite","@id":"https:\/\/diaplast.lt\/#website","url":"https:\/\/diaplast.lt\/","name":"Diaplast","description":"Deimantini\u0173 instrument\u0173 gamyba ir prekyba","publisher":{"@id":"https:\/\/diaplast.lt\/#organization"},"potentialAction":[{"@type":"SearchAction","target":{"@type":"EntryPoint","urlTemplate":"https:\/\/diaplast.lt\/?s={search_term_string}"},"query-input":{"@type":"PropertyValueSpecification","valueRequired":true,"valueName":"search_term_string"}}],"inLanguage":"pl-PL"},{"@type":"Organization","@id":"https:\/\/diaplast.lt\/#organization","name":"Diaplast","url":"https:\/\/diaplast.lt\/","logo":{"@type":"ImageObject","inLanguage":"pl-PL","@id":"https:\/\/diaplast.lt\/#\/schema\/logo\/image\/","url":"http:\/\/diaplast.lt\/wp-content\/uploads\/2022\/06\/ebaltveja-logo.png","contentUrl":"http:\/\/diaplast.lt\/wp-content\/uploads\/2022\/06\/ebaltveja-logo.png","width":200,"height":69,"caption":"Diaplast"},"image":{"@id":"https:\/\/diaplast.lt\/#\/schema\/logo\/image\/"}}]}},"_links":{"self":[{"href":"https:\/\/diaplast.lt\/pl\/wp-json\/wp\/v2\/product\/20958","targetHints":{"allow":["GET"]}}],"collection":[{"href":"https:\/\/diaplast.lt\/pl\/wp-json\/wp\/v2\/product"}],"about":[{"href":"https:\/\/diaplast.lt\/pl\/wp-json\/wp\/v2\/types\/product"}],"version-history":[{"count":1,"href":"https:\/\/diaplast.lt\/pl\/wp-json\/wp\/v2\/product\/20958\/revisions"}],"predecessor-version":[{"id":20973,"href":"https:\/\/diaplast.lt\/pl\/wp-json\/wp\/v2\/product\/20958\/revisions\/20973"}],"wp:featuredmedia":[{"embeddable":true,"href":"https:\/\/diaplast.lt\/pl\/wp-json\/wp\/v2\/media\/32318"}],"wp:attachment":[{"href":"https:\/\/diaplast.lt\/pl\/wp-json\/wp\/v2\/media?parent=20958"}],"wp:term":[{"taxonomy":"product_brand","embeddable":true,"href":"https:\/\/diaplast.lt\/pl\/wp-json\/wp\/v2\/product_brand?post=20958"},{"taxonomy":"product_cat","embeddable":true,"href":"https:\/\/diaplast.lt\/pl\/wp-json\/wp\/v2\/product_cat?post=20958"},{"taxonomy":"product_tag","embeddable":true,"href":"https:\/\/diaplast.lt\/pl\/wp-json\/wp\/v2\/product_tag?post=20958"}],"curies":[{"name":"wp","href":"https:\/\/api.w.org\/{rel}","templated":true}]}}