{"id":20991,"date":"2025-02-06T16:22:20","date_gmt":"2025-02-06T13:22:20","guid":{"rendered":"https:\/\/diaplast.lt\/produktas\/klej-winyloestrowy-titanium-tenax\/"},"modified":"2025-03-21T11:31:53","modified_gmt":"2025-03-21T08:31:53","slug":"klej-winyloestrowy-titanium-tenax","status":"publish","type":"product","link":"https:\/\/diaplast.lt\/pl\/produkt\/klej-winyloestrowy-titanium-tenax\/","title":{"rendered":"Klej winyloestrowy TITANIUM, Tenax"},"content":{"rendered":"<p><strong>Instrukcja u\u017cycia:<\/strong> klejone powierzchnie musz\u0105 by\u0107 suche i czyste. Wymiesza\u0107 wymagan\u0105 ilo\u015b\u0107 kleju z utwardzaczem. Utwardzacz zmienia kolor kleju na kr\u00f3tki czas. Aby zmieni\u0107 kolor kleju, nale\u017cy doda\u0107 pigmenty przed zmieszaniem utwardzacza. Po u\u017cyciu szczelnie zamkn\u0105\u0107 pojemnik. Nie wlewa\u0107 niewykorzystanej mieszanki z powrotem do pojemnika. Przechowywa\u0107 w ch\u0142odnym i suchym miejscu z dala od \u017ar\u00f3de\u0142 ciep\u0142a, wilgoci i bezpo\u015bredniego \u015bwiat\u0142a s\u0142onecznego, okres trwa\u0142o\u015bci 10 miesi\u0119cy.      <\/p>\n<p>Nie u\u017cywaj utwardzacza do klej\u00f3w UV.<\/p>\n<table>\n<tbody>\n<tr>\n<td width=\"274\"><strong>Charakterystyka techniczna<\/strong><\/td>\n<td width=\"188\"><strong>TYTAN<\/strong><\/td>\n<\/tr>\n<tr>\n<td width=\"274\">Kolor<\/td>\n<td width=\"188\">Przezroczysty bia\u0142awy, Przezroczysty<\/td>\n<\/tr>\n<tr>\n<td width=\"274\">Status<\/td>\n<td width=\"188\">G\u0119sta pasta<\/td>\n<\/tr>\n<tr>\n<td width=\"274\">Czas wi\u0105zania w 25\u00ba C<\/td>\n<td width=\"188\">4-5 min.<\/td>\n<\/tr>\n<tr>\n<td width=\"274\">Ostateczne usztywnienie w ci\u0105gu<\/td>\n<td width=\"188\">40-60 min.<\/td>\n<\/tr>\n<tr>\n<td width=\"274\">Minimalna temperatura krzepni\u0119cia<\/td>\n<td width=\"188\">5-10\u00ba C<\/td>\n<\/tr>\n<tr>\n<td width=\"274\">Mo\u017ce by\u0107 u\u017cywany po usztywnieniu<\/td>\n<td width=\"188\">min. 5\u00baC maks. +110\u00baC <\/td>\n<\/tr>\n<tr>\n<td width=\"274\">Proporcja wagowa<\/td>\n<td width=\"188\">100+1-2%<\/td>\n<\/tr>\n<\/tbody>\n<\/table>\n<p>&nbsp;<\/p>\n","protected":false},"excerpt":{"rendered":"<p>G\u0119sty klej winyloestrowy do klejenia, glazurowania i rekonstrukcji marmuru, granitu i kwarcu.<\/p>\n<p>Bardzo \u0142atwy do mieszania i nak\u0142adania.<\/p>\n<p>Nadaje si\u0119 do u\u017cytku wewn\u0105trz pomieszcze\u0144.<\/p>\n<p><strong>Tylko do u\u017cytku profesjonalnego<\/strong>.<\/p>\n","protected":false},"featured_media":17085,"template":"","meta":[],"product_brand":[],"product_cat":[774,780],"product_tag":[],"class_list":{"0":"post-20991","1":"product","2":"type-product","3":"status-publish","4":"has-post-thumbnail","6":"product_cat-srodki-chemiczne-do-kamienia-i-betonu","7":"product_cat-klej","8":"pa_gamintojas-tenax-pl","9":"pa_paskirtis-dla-kamienia","10":"pa_spalva-wyraznie","11":"pa_spalva-przezroczysty-bialawy","12":"pa_talpa-1l33ml-pl","14":"first","15":"instock","16":"taxable","17":"shipping-taxable","18":"purchasable","19":"product-type-variable"},"yoast_head":"<!-- This site is optimized with the Yoast SEO plugin v26.0 - https:\/\/yoast.com\/wordpress\/plugins\/seo\/ -->\n<title>Klej winyloestrowy TITANIUM, Tenax - Diaplast<\/title>\n<meta name=\"robots\" content=\"index, follow, max-snippet:-1, max-image-preview:large, max-video-preview:-1\" \/>\n<link rel=\"canonical\" href=\"https:\/\/diaplast.lt\/pl\/?post_type=product&p=20991\" \/>\n<meta property=\"og:locale\" content=\"pl_PL\" \/>\n<meta property=\"og:type\" content=\"article\" \/>\n<meta property=\"og:title\" content=\"Klej winyloestrowy TITANIUM, Tenax - Diaplast\" \/>\n<meta property=\"og:description\" content=\"G\u0119sty klej winyloestrowy do klejenia, glazurowania i rekonstrukcji marmuru, granitu i kwarcu. Bardzo \u0142atwy do mieszania i nak\u0142adania. Nadaje si\u0119 do u\u017cytku wewn\u0105trz pomieszcze\u0144. Tylko do u\u017cytku profesjonalnego.\" \/>\n<meta property=\"og:url\" content=\"https:\/\/diaplast.lt\/pl\/?post_type=product&amp;p=20991\" \/>\n<meta property=\"og:site_name\" content=\"Diaplast\" \/>\n<meta property=\"article:modified_time\" content=\"2025-03-21T08:31:53+00:00\" \/>\n<meta property=\"og:image\" content=\"http:\/\/diaplast.lt\/wp-content\/uploads\/2025\/02\/PKTITAN-1.0.jpg\" \/>\n\t<meta property=\"og:image:width\" content=\"1200\" \/>\n\t<meta property=\"og:image:height\" content=\"1200\" \/>\n\t<meta property=\"og:image:type\" content=\"image\/jpeg\" \/>\n<meta name=\"twitter:card\" content=\"summary_large_image\" \/>\n<meta name=\"twitter:label1\" content=\"Szacowany czas czytania\" \/>\n\t<meta name=\"twitter:data1\" content=\"1 minuta\" \/>\n<script type=\"application\/ld+json\" class=\"yoast-schema-graph\">{\"@context\":\"https:\/\/schema.org\",\"@graph\":[{\"@type\":\"WebPage\",\"@id\":\"https:\/\/diaplast.lt\/pl\/?post_type=product&p=20991\",\"url\":\"https:\/\/diaplast.lt\/pl\/?post_type=product&p=20991\",\"name\":\"Klej winyloestrowy TITANIUM, Tenax - Diaplast\",\"isPartOf\":{\"@id\":\"https:\/\/diaplast.lt\/#website\"},\"primaryImageOfPage\":{\"@id\":\"https:\/\/diaplast.lt\/pl\/?post_type=product&p=20991#primaryimage\"},\"image\":{\"@id\":\"https:\/\/diaplast.lt\/pl\/?post_type=product&p=20991#primaryimage\"},\"thumbnailUrl\":\"https:\/\/diaplast.lt\/wp-content\/uploads\/2025\/02\/PKTITAN-1.0.jpg\",\"datePublished\":\"2025-02-06T13:22:20+00:00\",\"dateModified\":\"2025-03-21T08:31:53+00:00\",\"breadcrumb\":{\"@id\":\"https:\/\/diaplast.lt\/pl\/?post_type=product&p=20991#breadcrumb\"},\"inLanguage\":\"pl-PL\",\"potentialAction\":[{\"@type\":\"ReadAction\",\"target\":[\"https:\/\/diaplast.lt\/pl\/?post_type=product&p=20991\"]}]},{\"@type\":\"ImageObject\",\"inLanguage\":\"pl-PL\",\"@id\":\"https:\/\/diaplast.lt\/pl\/?post_type=product&p=20991#primaryimage\",\"url\":\"https:\/\/diaplast.lt\/wp-content\/uploads\/2025\/02\/PKTITAN-1.0.jpg\",\"contentUrl\":\"https:\/\/diaplast.lt\/wp-content\/uploads\/2025\/02\/PKTITAN-1.0.jpg\",\"width\":1200,\"height\":1200},{\"@type\":\"BreadcrumbList\",\"@id\":\"https:\/\/diaplast.lt\/pl\/?post_type=product&p=20991#breadcrumb\",\"itemListElement\":[{\"@type\":\"ListItem\",\"position\":1,\"name\":\"Strona g\u0142\u00f3wna\",\"item\":\"https:\/\/diaplast.lt\/\"},{\"@type\":\"ListItem\",\"position\":2,\"name\":\"Zasi\u0119g\",\"item\":\"https:\/\/diaplast.lt\/pl\/asortyment\/\"},{\"@type\":\"ListItem\",\"position\":3,\"name\":\"Klej winyloestrowy TITANIUM, Tenax\"}]},{\"@type\":\"WebSite\",\"@id\":\"https:\/\/diaplast.lt\/#website\",\"url\":\"https:\/\/diaplast.lt\/\",\"name\":\"Diaplast\",\"description\":\"Deimantini\u0173 instrument\u0173 gamyba ir prekyba\",\"publisher\":{\"@id\":\"https:\/\/diaplast.lt\/#organization\"},\"potentialAction\":[{\"@type\":\"SearchAction\",\"target\":{\"@type\":\"EntryPoint\",\"urlTemplate\":\"https:\/\/diaplast.lt\/?s={search_term_string}\"},\"query-input\":{\"@type\":\"PropertyValueSpecification\",\"valueRequired\":true,\"valueName\":\"search_term_string\"}}],\"inLanguage\":\"pl-PL\"},{\"@type\":\"Organization\",\"@id\":\"https:\/\/diaplast.lt\/#organization\",\"name\":\"Diaplast\",\"url\":\"https:\/\/diaplast.lt\/\",\"logo\":{\"@type\":\"ImageObject\",\"inLanguage\":\"pl-PL\",\"@id\":\"https:\/\/diaplast.lt\/#\/schema\/logo\/image\/\",\"url\":\"http:\/\/diaplast.lt\/wp-content\/uploads\/2022\/06\/ebaltveja-logo.png\",\"contentUrl\":\"http:\/\/diaplast.lt\/wp-content\/uploads\/2022\/06\/ebaltveja-logo.png\",\"width\":200,\"height\":69,\"caption\":\"Diaplast\"},\"image\":{\"@id\":\"https:\/\/diaplast.lt\/#\/schema\/logo\/image\/\"}}]}<\/script>\n<!-- \/ Yoast SEO plugin. -->","yoast_head_json":{"title":"Klej winyloestrowy TITANIUM, Tenax - Diaplast","robots":{"index":"index","follow":"follow","max-snippet":"max-snippet:-1","max-image-preview":"max-image-preview:large","max-video-preview":"max-video-preview:-1"},"canonical":"https:\/\/diaplast.lt\/pl\/?post_type=product&p=20991","og_locale":"pl_PL","og_type":"article","og_title":"Klej winyloestrowy TITANIUM, Tenax - Diaplast","og_description":"G\u0119sty klej winyloestrowy do klejenia, glazurowania i rekonstrukcji marmuru, granitu i kwarcu. Bardzo \u0142atwy do mieszania i nak\u0142adania. Nadaje si\u0119 do u\u017cytku wewn\u0105trz pomieszcze\u0144. Tylko do u\u017cytku profesjonalnego.","og_url":"https:\/\/diaplast.lt\/pl\/?post_type=product&p=20991","og_site_name":"Diaplast","article_modified_time":"2025-03-21T08:31:53+00:00","og_image":[{"width":1200,"height":1200,"url":"http:\/\/diaplast.lt\/wp-content\/uploads\/2025\/02\/PKTITAN-1.0.jpg","type":"image\/jpeg"}],"twitter_card":"summary_large_image","twitter_misc":{"Szacowany czas czytania":"1 minuta"},"schema":{"@context":"https:\/\/schema.org","@graph":[{"@type":"WebPage","@id":"https:\/\/diaplast.lt\/pl\/?post_type=product&p=20991","url":"https:\/\/diaplast.lt\/pl\/?post_type=product&p=20991","name":"Klej winyloestrowy TITANIUM, Tenax - Diaplast","isPartOf":{"@id":"https:\/\/diaplast.lt\/#website"},"primaryImageOfPage":{"@id":"https:\/\/diaplast.lt\/pl\/?post_type=product&p=20991#primaryimage"},"image":{"@id":"https:\/\/diaplast.lt\/pl\/?post_type=product&p=20991#primaryimage"},"thumbnailUrl":"https:\/\/diaplast.lt\/wp-content\/uploads\/2025\/02\/PKTITAN-1.0.jpg","datePublished":"2025-02-06T13:22:20+00:00","dateModified":"2025-03-21T08:31:53+00:00","breadcrumb":{"@id":"https:\/\/diaplast.lt\/pl\/?post_type=product&p=20991#breadcrumb"},"inLanguage":"pl-PL","potentialAction":[{"@type":"ReadAction","target":["https:\/\/diaplast.lt\/pl\/?post_type=product&p=20991"]}]},{"@type":"ImageObject","inLanguage":"pl-PL","@id":"https:\/\/diaplast.lt\/pl\/?post_type=product&p=20991#primaryimage","url":"https:\/\/diaplast.lt\/wp-content\/uploads\/2025\/02\/PKTITAN-1.0.jpg","contentUrl":"https:\/\/diaplast.lt\/wp-content\/uploads\/2025\/02\/PKTITAN-1.0.jpg","width":1200,"height":1200},{"@type":"BreadcrumbList","@id":"https:\/\/diaplast.lt\/pl\/?post_type=product&p=20991#breadcrumb","itemListElement":[{"@type":"ListItem","position":1,"name":"Strona g\u0142\u00f3wna","item":"https:\/\/diaplast.lt\/"},{"@type":"ListItem","position":2,"name":"Zasi\u0119g","item":"https:\/\/diaplast.lt\/pl\/asortyment\/"},{"@type":"ListItem","position":3,"name":"Klej winyloestrowy TITANIUM, Tenax"}]},{"@type":"WebSite","@id":"https:\/\/diaplast.lt\/#website","url":"https:\/\/diaplast.lt\/","name":"Diaplast","description":"Deimantini\u0173 instrument\u0173 gamyba ir prekyba","publisher":{"@id":"https:\/\/diaplast.lt\/#organization"},"potentialAction":[{"@type":"SearchAction","target":{"@type":"EntryPoint","urlTemplate":"https:\/\/diaplast.lt\/?s={search_term_string}"},"query-input":{"@type":"PropertyValueSpecification","valueRequired":true,"valueName":"search_term_string"}}],"inLanguage":"pl-PL"},{"@type":"Organization","@id":"https:\/\/diaplast.lt\/#organization","name":"Diaplast","url":"https:\/\/diaplast.lt\/","logo":{"@type":"ImageObject","inLanguage":"pl-PL","@id":"https:\/\/diaplast.lt\/#\/schema\/logo\/image\/","url":"http:\/\/diaplast.lt\/wp-content\/uploads\/2022\/06\/ebaltveja-logo.png","contentUrl":"http:\/\/diaplast.lt\/wp-content\/uploads\/2022\/06\/ebaltveja-logo.png","width":200,"height":69,"caption":"Diaplast"},"image":{"@id":"https:\/\/diaplast.lt\/#\/schema\/logo\/image\/"}}]}},"_links":{"self":[{"href":"https:\/\/diaplast.lt\/pl\/wp-json\/wp\/v2\/product\/20991","targetHints":{"allow":["GET"]}}],"collection":[{"href":"https:\/\/diaplast.lt\/pl\/wp-json\/wp\/v2\/product"}],"about":[{"href":"https:\/\/diaplast.lt\/pl\/wp-json\/wp\/v2\/types\/product"}],"version-history":[{"count":1,"href":"https:\/\/diaplast.lt\/pl\/wp-json\/wp\/v2\/product\/20991\/revisions"}],"predecessor-version":[{"id":20994,"href":"https:\/\/diaplast.lt\/pl\/wp-json\/wp\/v2\/product\/20991\/revisions\/20994"}],"wp:featuredmedia":[{"embeddable":true,"href":"https:\/\/diaplast.lt\/pl\/wp-json\/wp\/v2\/media\/17085"}],"wp:attachment":[{"href":"https:\/\/diaplast.lt\/pl\/wp-json\/wp\/v2\/media?parent=20991"}],"wp:term":[{"taxonomy":"product_brand","embeddable":true,"href":"https:\/\/diaplast.lt\/pl\/wp-json\/wp\/v2\/product_brand?post=20991"},{"taxonomy":"product_cat","embeddable":true,"href":"https:\/\/diaplast.lt\/pl\/wp-json\/wp\/v2\/product_cat?post=20991"},{"taxonomy":"product_tag","embeddable":true,"href":"https:\/\/diaplast.lt\/pl\/wp-json\/wp\/v2\/product_tag?post=20991"}],"curies":[{"name":"wp","href":"https:\/\/api.w.org\/{rel}","templated":true}]}}