{"id":21000,"date":"2025-02-07T13:59:55","date_gmt":"2025-02-07T10:59:55","guid":{"rendered":"https:\/\/diaplast.lt\/produktas\/impregnat-ager-fs-tenax\/"},"modified":"2025-03-21T11:31:57","modified_gmt":"2025-03-21T08:31:57","slug":"impregnat-ager-fs-tenax","status":"publish","type":"product","link":"https:\/\/diaplast.lt\/pl\/produkt\/impregnat-ager-fs-tenax\/","title":{"rendered":"Impregnat AGER FS, Tenax"},"content":{"rendered":"<p><strong>Spos\u00f3b u\u017cycia:<\/strong> nanie\u015b\u0107 impregnat r\u00f3wnomiernie za pomoc\u0105 p\u0119dzla, g\u0105bki lub szmatki na such\u0105, czyst\u0105 powierzchni\u0119. Woda, kurz i brud mog\u0105 negatywnie wp\u0142yn\u0105\u0107 na rezultat.   <strong>Unika\u0107 kontaktu z wod\u0105 na 24 godziny przed i 24 godziny po impregnacji.  <\/strong>  <strong>Zetrze\u0107 nadmiar such\u0105 szmatk\u0105, nie dopuszczaj\u0105c do wyschni\u0119cia.<\/strong>  Nadmiar produktu mo\u017ce spowodowa\u0107 powstanie lepkiej, b\u0142yszcz\u0105cej warstwy na powierzchni, kt\u00f3r\u0105 nale\u017cy natychmiast zetrze\u0107. Obrabia\u0107 powierzchni\u0119 w temperaturze 10-30\u00b0C, unikaj\u0105c bezpo\u015bredniego \u015bwiat\u0142a s\u0142onecznego podczas obr\u00f3bki. Przy pierwszym u\u017cyciu nale\u017cy wykona\u0107 pr\u00f3b\u0119 na niechcianym kawa\u0142ku materia\u0142u lub na niewidocznej stronie produktu. Zalecamy powt\u00f3rzenie impregnacji po 20 minutach. 1L wystarcza do zaimpregnowania \u2248 20-40<sup>m2<\/sup> powierzchni (w zale\u017cno\u015bci od porowato\u015bci i ch\u0142onno\u015bci materia\u0142u). Efekt mokrej powierzchni uzyskuje si\u0119 natychmiast po impregnacji. Pe\u0142ny efekt impregnacji uzyskuje si\u0119 po 24 godzinach. W przypadku stosowania na pod\u0142ogach chodzenie jest mo\u017cliwe po 24 godzinach. Okres trwa\u0142o\u015bci 2 lata przy przechowywaniu w ch\u0142odnym i suchym miejscu. Chroni\u0107 przed mrozem.        <\/p>\n<table>\n<tbody>\n<tr>\n<td width=\"210\"><strong>Charakterystyka techniczna<\/strong><\/td>\n<td width=\"227\"><strong>AGER FS<\/strong><\/td>\n<\/tr>\n<tr>\n<td width=\"210\">Kolor<\/td>\n<td width=\"227\">Bezbarwny, lekko \u017c\u00f3\u0142tawy<\/td>\n<\/tr>\n<tr>\n<td width=\"210\">Status<\/td>\n<td width=\"227\">P\u0142ynny<\/td>\n<\/tr>\n<tr>\n<td width=\"210\">Efekt mokrej powierzchni<\/td>\n<td width=\"227\">Natychmiast dost\u0119pne.<\/td>\n<\/tr>\n<tr>\n<td width=\"210\">Efekt impregnacji<\/td>\n<td width=\"227\">Po 24 h<\/td>\n<\/tr>\n<\/tbody>\n<\/table>\n","protected":false},"excerpt":{"rendered":"<p>Bezbarwny impregnat w p\u0142ynie do impregnacji wszystkich rodzaj\u00f3w kamienia i aglomerat\u00f3w kwarcowych.<\/p>\n<p> Zapewnia<strong>efekt mokrego kamienia, efekt antygraffiti, doskonale podkre\u015bla kolor i faktur\u0119 kamienia.<\/strong><\/p>\n<p>Chroni przed wilgoci\u0105 i t\u0142uszczem oraz u\u0142atwia konserwacj\u0119 powierzchni.<\/p>\n<p>Nadaje si\u0119 do u\u017cytku wewn\u0105trz i na zewn\u0105trz.<\/p>\n<p> Nadaje si\u0119 do<strong>powierzchni, kt\u00f3re mog\u0105 mie\u0107 kontakt z \u017cywno\u015bci\u0105 <\/strong>.<\/p>\n<p><strong>Tylko do u\u017cytku profesjonalnego.<\/strong><\/p>\n","protected":false},"featured_media":17516,"template":"","meta":[],"product_brand":[],"product_cat":[774,778],"product_tag":[],"class_list":{"0":"post-21000","1":"product","2":"type-product","3":"status-publish","4":"has-post-thumbnail","6":"product_cat-srodki-chemiczne-do-kamienia-i-betonu","7":"product_cat-impregnaty","8":"pa_gamintojas-tenax-pl","9":"pa_paskirtis-dla-kamienia","10":"pa_spalva-bezbarwny","11":"pa_talpa-1l-pl","12":"pa_talpa-025l-pl","14":"first","15":"instock","16":"taxable","17":"shipping-taxable","18":"purchasable","19":"product-type-variable"},"yoast_head":"<!-- This site is optimized with the Yoast SEO plugin v26.0 - https:\/\/yoast.com\/wordpress\/plugins\/seo\/ -->\n<title>Impregnat AGER FS, Tenax - Diaplast<\/title>\n<meta name=\"robots\" content=\"index, follow, max-snippet:-1, max-image-preview:large, max-video-preview:-1\" \/>\n<link rel=\"canonical\" href=\"https:\/\/diaplast.lt\/pl\/?post_type=product&p=21000\" \/>\n<meta property=\"og:locale\" content=\"pl_PL\" \/>\n<meta property=\"og:type\" content=\"article\" \/>\n<meta property=\"og:title\" content=\"Impregnat AGER FS, Tenax - Diaplast\" \/>\n<meta property=\"og:description\" content=\"Bezbarwny impregnat w p\u0142ynie do impregnacji wszystkich rodzaj\u00f3w kamienia i aglomerat\u00f3w kwarcowych.  Zapewniaefekt mokrego kamienia, efekt antygraffiti, doskonale podkre\u015bla kolor i faktur\u0119 kamienia. Chroni przed wilgoci\u0105 i t\u0142uszczem oraz u\u0142atwia konserwacj\u0119 powierzchni. Nadaje si\u0119 do u\u017cytku wewn\u0105trz i na zewn\u0105trz.  Nadaje si\u0119 dopowierzchni, kt\u00f3re mog\u0105 mie\u0107 kontakt z \u017cywno\u015bci\u0105 . Tylko do u\u017cytku profesjonalnego.\" \/>\n<meta property=\"og:url\" content=\"https:\/\/diaplast.lt\/pl\/?post_type=product&amp;p=21000\" \/>\n<meta property=\"og:site_name\" content=\"Diaplast\" \/>\n<meta property=\"article:modified_time\" content=\"2025-03-21T08:31:57+00:00\" \/>\n<meta property=\"og:image\" content=\"http:\/\/diaplast.lt\/wp-content\/uploads\/2025\/02\/Ager_FS_1l_NEW.jpg\" \/>\n\t<meta property=\"og:image:width\" content=\"1200\" \/>\n\t<meta property=\"og:image:height\" content=\"1200\" \/>\n\t<meta property=\"og:image:type\" content=\"image\/jpeg\" \/>\n<meta name=\"twitter:card\" content=\"summary_large_image\" \/>\n<meta name=\"twitter:label1\" content=\"Szacowany czas czytania\" \/>\n\t<meta name=\"twitter:data1\" content=\"1 minuta\" \/>\n<script type=\"application\/ld+json\" class=\"yoast-schema-graph\">{\"@context\":\"https:\/\/schema.org\",\"@graph\":[{\"@type\":\"WebPage\",\"@id\":\"https:\/\/diaplast.lt\/pl\/?post_type=product&p=21000\",\"url\":\"https:\/\/diaplast.lt\/pl\/?post_type=product&p=21000\",\"name\":\"Impregnat AGER FS, Tenax - Diaplast\",\"isPartOf\":{\"@id\":\"https:\/\/diaplast.lt\/#website\"},\"primaryImageOfPage\":{\"@id\":\"https:\/\/diaplast.lt\/pl\/?post_type=product&p=21000#primaryimage\"},\"image\":{\"@id\":\"https:\/\/diaplast.lt\/pl\/?post_type=product&p=21000#primaryimage\"},\"thumbnailUrl\":\"https:\/\/diaplast.lt\/wp-content\/uploads\/2025\/02\/Ager_FS_1l_NEW.jpg\",\"datePublished\":\"2025-02-07T10:59:55+00:00\",\"dateModified\":\"2025-03-21T08:31:57+00:00\",\"breadcrumb\":{\"@id\":\"https:\/\/diaplast.lt\/pl\/?post_type=product&p=21000#breadcrumb\"},\"inLanguage\":\"pl-PL\",\"potentialAction\":[{\"@type\":\"ReadAction\",\"target\":[\"https:\/\/diaplast.lt\/pl\/?post_type=product&p=21000\"]}]},{\"@type\":\"ImageObject\",\"inLanguage\":\"pl-PL\",\"@id\":\"https:\/\/diaplast.lt\/pl\/?post_type=product&p=21000#primaryimage\",\"url\":\"https:\/\/diaplast.lt\/wp-content\/uploads\/2025\/02\/Ager_FS_1l_NEW.jpg\",\"contentUrl\":\"https:\/\/diaplast.lt\/wp-content\/uploads\/2025\/02\/Ager_FS_1l_NEW.jpg\",\"width\":1200,\"height\":1200},{\"@type\":\"BreadcrumbList\",\"@id\":\"https:\/\/diaplast.lt\/pl\/?post_type=product&p=21000#breadcrumb\",\"itemListElement\":[{\"@type\":\"ListItem\",\"position\":1,\"name\":\"Strona g\u0142\u00f3wna\",\"item\":\"https:\/\/diaplast.lt\/\"},{\"@type\":\"ListItem\",\"position\":2,\"name\":\"Zasi\u0119g\",\"item\":\"https:\/\/diaplast.lt\/pl\/asortyment\/\"},{\"@type\":\"ListItem\",\"position\":3,\"name\":\"Impregnat AGER FS, Tenax\"}]},{\"@type\":\"WebSite\",\"@id\":\"https:\/\/diaplast.lt\/#website\",\"url\":\"https:\/\/diaplast.lt\/\",\"name\":\"Diaplast\",\"description\":\"Deimantini\u0173 instrument\u0173 gamyba ir prekyba\",\"publisher\":{\"@id\":\"https:\/\/diaplast.lt\/#organization\"},\"potentialAction\":[{\"@type\":\"SearchAction\",\"target\":{\"@type\":\"EntryPoint\",\"urlTemplate\":\"https:\/\/diaplast.lt\/?s={search_term_string}\"},\"query-input\":{\"@type\":\"PropertyValueSpecification\",\"valueRequired\":true,\"valueName\":\"search_term_string\"}}],\"inLanguage\":\"pl-PL\"},{\"@type\":\"Organization\",\"@id\":\"https:\/\/diaplast.lt\/#organization\",\"name\":\"Diaplast\",\"url\":\"https:\/\/diaplast.lt\/\",\"logo\":{\"@type\":\"ImageObject\",\"inLanguage\":\"pl-PL\",\"@id\":\"https:\/\/diaplast.lt\/#\/schema\/logo\/image\/\",\"url\":\"http:\/\/diaplast.lt\/wp-content\/uploads\/2022\/06\/ebaltveja-logo.png\",\"contentUrl\":\"http:\/\/diaplast.lt\/wp-content\/uploads\/2022\/06\/ebaltveja-logo.png\",\"width\":200,\"height\":69,\"caption\":\"Diaplast\"},\"image\":{\"@id\":\"https:\/\/diaplast.lt\/#\/schema\/logo\/image\/\"}}]}<\/script>\n<!-- \/ Yoast SEO plugin. -->","yoast_head_json":{"title":"Impregnat AGER FS, Tenax - Diaplast","robots":{"index":"index","follow":"follow","max-snippet":"max-snippet:-1","max-image-preview":"max-image-preview:large","max-video-preview":"max-video-preview:-1"},"canonical":"https:\/\/diaplast.lt\/pl\/?post_type=product&p=21000","og_locale":"pl_PL","og_type":"article","og_title":"Impregnat AGER FS, Tenax - Diaplast","og_description":"Bezbarwny impregnat w p\u0142ynie do impregnacji wszystkich rodzaj\u00f3w kamienia i aglomerat\u00f3w kwarcowych.  Zapewniaefekt mokrego kamienia, efekt antygraffiti, doskonale podkre\u015bla kolor i faktur\u0119 kamienia. Chroni przed wilgoci\u0105 i t\u0142uszczem oraz u\u0142atwia konserwacj\u0119 powierzchni. Nadaje si\u0119 do u\u017cytku wewn\u0105trz i na zewn\u0105trz.  Nadaje si\u0119 dopowierzchni, kt\u00f3re mog\u0105 mie\u0107 kontakt z \u017cywno\u015bci\u0105 . Tylko do u\u017cytku profesjonalnego.","og_url":"https:\/\/diaplast.lt\/pl\/?post_type=product&p=21000","og_site_name":"Diaplast","article_modified_time":"2025-03-21T08:31:57+00:00","og_image":[{"width":1200,"height":1200,"url":"http:\/\/diaplast.lt\/wp-content\/uploads\/2025\/02\/Ager_FS_1l_NEW.jpg","type":"image\/jpeg"}],"twitter_card":"summary_large_image","twitter_misc":{"Szacowany czas czytania":"1 minuta"},"schema":{"@context":"https:\/\/schema.org","@graph":[{"@type":"WebPage","@id":"https:\/\/diaplast.lt\/pl\/?post_type=product&p=21000","url":"https:\/\/diaplast.lt\/pl\/?post_type=product&p=21000","name":"Impregnat AGER FS, Tenax - Diaplast","isPartOf":{"@id":"https:\/\/diaplast.lt\/#website"},"primaryImageOfPage":{"@id":"https:\/\/diaplast.lt\/pl\/?post_type=product&p=21000#primaryimage"},"image":{"@id":"https:\/\/diaplast.lt\/pl\/?post_type=product&p=21000#primaryimage"},"thumbnailUrl":"https:\/\/diaplast.lt\/wp-content\/uploads\/2025\/02\/Ager_FS_1l_NEW.jpg","datePublished":"2025-02-07T10:59:55+00:00","dateModified":"2025-03-21T08:31:57+00:00","breadcrumb":{"@id":"https:\/\/diaplast.lt\/pl\/?post_type=product&p=21000#breadcrumb"},"inLanguage":"pl-PL","potentialAction":[{"@type":"ReadAction","target":["https:\/\/diaplast.lt\/pl\/?post_type=product&p=21000"]}]},{"@type":"ImageObject","inLanguage":"pl-PL","@id":"https:\/\/diaplast.lt\/pl\/?post_type=product&p=21000#primaryimage","url":"https:\/\/diaplast.lt\/wp-content\/uploads\/2025\/02\/Ager_FS_1l_NEW.jpg","contentUrl":"https:\/\/diaplast.lt\/wp-content\/uploads\/2025\/02\/Ager_FS_1l_NEW.jpg","width":1200,"height":1200},{"@type":"BreadcrumbList","@id":"https:\/\/diaplast.lt\/pl\/?post_type=product&p=21000#breadcrumb","itemListElement":[{"@type":"ListItem","position":1,"name":"Strona g\u0142\u00f3wna","item":"https:\/\/diaplast.lt\/"},{"@type":"ListItem","position":2,"name":"Zasi\u0119g","item":"https:\/\/diaplast.lt\/pl\/asortyment\/"},{"@type":"ListItem","position":3,"name":"Impregnat AGER FS, Tenax"}]},{"@type":"WebSite","@id":"https:\/\/diaplast.lt\/#website","url":"https:\/\/diaplast.lt\/","name":"Diaplast","description":"Deimantini\u0173 instrument\u0173 gamyba ir prekyba","publisher":{"@id":"https:\/\/diaplast.lt\/#organization"},"potentialAction":[{"@type":"SearchAction","target":{"@type":"EntryPoint","urlTemplate":"https:\/\/diaplast.lt\/?s={search_term_string}"},"query-input":{"@type":"PropertyValueSpecification","valueRequired":true,"valueName":"search_term_string"}}],"inLanguage":"pl-PL"},{"@type":"Organization","@id":"https:\/\/diaplast.lt\/#organization","name":"Diaplast","url":"https:\/\/diaplast.lt\/","logo":{"@type":"ImageObject","inLanguage":"pl-PL","@id":"https:\/\/diaplast.lt\/#\/schema\/logo\/image\/","url":"http:\/\/diaplast.lt\/wp-content\/uploads\/2022\/06\/ebaltveja-logo.png","contentUrl":"http:\/\/diaplast.lt\/wp-content\/uploads\/2022\/06\/ebaltveja-logo.png","width":200,"height":69,"caption":"Diaplast"},"image":{"@id":"https:\/\/diaplast.lt\/#\/schema\/logo\/image\/"}}]}},"_links":{"self":[{"href":"https:\/\/diaplast.lt\/pl\/wp-json\/wp\/v2\/product\/21000","targetHints":{"allow":["GET"]}}],"collection":[{"href":"https:\/\/diaplast.lt\/pl\/wp-json\/wp\/v2\/product"}],"about":[{"href":"https:\/\/diaplast.lt\/pl\/wp-json\/wp\/v2\/types\/product"}],"version-history":[{"count":1,"href":"https:\/\/diaplast.lt\/pl\/wp-json\/wp\/v2\/product\/21000\/revisions"}],"predecessor-version":[{"id":21004,"href":"https:\/\/diaplast.lt\/pl\/wp-json\/wp\/v2\/product\/21000\/revisions\/21004"}],"wp:featuredmedia":[{"embeddable":true,"href":"https:\/\/diaplast.lt\/pl\/wp-json\/wp\/v2\/media\/17516"}],"wp:attachment":[{"href":"https:\/\/diaplast.lt\/pl\/wp-json\/wp\/v2\/media?parent=21000"}],"wp:term":[{"taxonomy":"product_brand","embeddable":true,"href":"https:\/\/diaplast.lt\/pl\/wp-json\/wp\/v2\/product_brand?post=21000"},{"taxonomy":"product_cat","embeddable":true,"href":"https:\/\/diaplast.lt\/pl\/wp-json\/wp\/v2\/product_cat?post=21000"},{"taxonomy":"product_tag","embeddable":true,"href":"https:\/\/diaplast.lt\/pl\/wp-json\/wp\/v2\/product_tag?post=21000"}],"curies":[{"name":"wp","href":"https:\/\/api.w.org\/{rel}","templated":true}]}}