{"id":21017,"date":"2025-02-07T13:38:01","date_gmt":"2025-02-07T10:38:01","guid":{"rendered":"https:\/\/diaplast.lt\/produktas\/impregnat-counterpro-tenax\/"},"modified":"2025-03-21T11:31:59","modified_gmt":"2025-03-21T08:31:59","slug":"impregnat-counterpro-tenax","status":"publish","type":"product","link":"https:\/\/diaplast.lt\/pl\/produkt\/impregnat-counterpro-tenax\/","title":{"rendered":"Impregnat COUNTERPRO, Tenax"},"content":{"rendered":"<p><strong>Spos\u00f3b u\u017cycia:<\/strong> nanie\u015b\u0107 r\u00f3wnomiernie wymagan\u0105 ilo\u015b\u0107 impregnatu za pomoc\u0105 p\u0119dzla, wa\u0142ka lub g\u0105bki na dok\u0142adnie odkurzon\u0105, odt\u0142uszczon\u0105 i wysuszon\u0105 powierzchni\u0119. Woda, kurz i brud mog\u0105 negatywnie wp\u0142yn\u0105\u0107 na rezultat. Zetrze\u0107 nadmiar such\u0105 szmatk\u0105, nie dopuszczaj\u0105c do wyschni\u0119cia. Nadmiar produktu mo\u017ce spowodowa\u0107 powstanie lepkiej, b\u0142yszcz\u0105cej warstwy na powierzchni, kt\u00f3r\u0105 nale\u017cy natychmiast zetrze\u0107. W razie potrzeby impregnacj\u0119 mo\u017cna powt\u00f3rzy\u0107. Po na\u0142o\u017ceniu na pod\u0142ogi chodzenie jest mo\u017cliwe po 24 godzinach. Przy pierwszej aplikacji nale\u017cy wykona\u0107 pr\u00f3b\u0119 na niechcianym kawa\u0142ku materia\u0142u lub na niewidocznej stronie produktu. 1L wystarcza do zaimpregnowania 20-30<sup>m2<\/sup> powierzchni (w zale\u017cno\u015bci od w\u0142a\u015bciwo\u015bci absorpcyjnych materia\u0142u). Efekt uzyskuje si\u0119 po 24 godzinach. Po u\u017cyciu szczelnie zamkn\u0105\u0107 pojemnik. Okres trwa\u0142o\u015bci w temperaturze pokojowej 1 rok.          <\/p>\n<table>\n<tbody>\n<tr>\n<td width=\"168\"><strong>Charakterystyka techniczna<\/strong><\/td>\n<td width=\"156\"><strong>Counterpro<\/strong><\/td>\n<\/tr>\n<tr>\n<td width=\"168\">Kolor<\/td>\n<td width=\"156\">Bia\u0142awy\/przezroczysty<\/td>\n<\/tr>\n<tr>\n<td width=\"168\">Status<\/td>\n<td width=\"156\">P\u0142ynny<\/td>\n<\/tr>\n<tr>\n<td width=\"168\">Efekt impregnacji<\/td>\n<td width=\"156\">Po 24 h<\/td>\n<\/tr>\n<\/tbody>\n<\/table>\n","protected":false},"excerpt":{"rendered":"<p>Do impregnacji kamienia - granitu, marmuru, kwarcytu, wapienia, piaskowca, ceramiki (terakoty).<\/p>\n<p>Chroni przed wod\u0105 i t\u0142uszczem, nie zmieniaj\u0105c naturalnych w\u0142a\u015bciwo\u015bci materia\u0142u; nie zmienia koloru materia\u0142u, nie tworzy filmu na powierzchni, pozwala materia\u0142owi &#8222;oddycha\u0107&#8221;.<\/p>\n<p>Nadaje si\u0119 do u\u017cytku wewn\u0105trz i na zewn\u0105trz.<\/p>\n<p> Nadaje si\u0119 do<strong>powierzchni, kt\u00f3re mog\u0105 mie\u0107 kontakt z \u017cywno\u015bci\u0105.<\/strong><\/p>\n<p><strong>Tylko do u\u017cytku profesjonalnego <\/strong>.  <\/p>\n","protected":false},"featured_media":32331,"template":"","meta":[],"product_brand":[],"product_cat":[774,778],"product_tag":[],"class_list":{"0":"post-21017","1":"product","2":"type-product","3":"status-publish","4":"has-post-thumbnail","6":"product_cat-srodki-chemiczne-do-kamienia-i-betonu","7":"product_cat-impregnaty","8":"pa_gamintojas-tenax-pl","9":"pa_paskirtis-dla-kamienia","10":"pa_paskirtis-ceramika","11":"pa_spalva-bezbarwny","12":"pa_talpa-1l-pl","13":"pa_talpa-025l-pl","15":"first","16":"instock","17":"taxable","18":"shipping-taxable","19":"purchasable","20":"product-type-variable"},"yoast_head":"<!-- This site is optimized with the Yoast SEO plugin v26.0 - https:\/\/yoast.com\/wordpress\/plugins\/seo\/ -->\n<title>Impregnat COUNTERPRO, Tenax - Diaplast<\/title>\n<meta name=\"robots\" content=\"index, follow, max-snippet:-1, max-image-preview:large, max-video-preview:-1\" \/>\n<link rel=\"canonical\" href=\"https:\/\/diaplast.lt\/pl\/?post_type=product&p=21017\" \/>\n<meta property=\"og:locale\" content=\"pl_PL\" \/>\n<meta property=\"og:type\" content=\"article\" \/>\n<meta property=\"og:title\" content=\"Impregnat COUNTERPRO, Tenax - Diaplast\" \/>\n<meta property=\"og:description\" content=\"Do impregnacji kamienia - granitu, marmuru, kwarcytu, wapienia, piaskowca, ceramiki (terakoty). Chroni przed wod\u0105 i t\u0142uszczem, nie zmieniaj\u0105c naturalnych w\u0142a\u015bciwo\u015bci materia\u0142u; nie zmienia koloru materia\u0142u, nie tworzy filmu na powierzchni, pozwala materia\u0142owi &quot;oddycha\u0107&quot;. Nadaje si\u0119 do u\u017cytku wewn\u0105trz i na zewn\u0105trz.  Nadaje si\u0119 dopowierzchni, kt\u00f3re mog\u0105 mie\u0107 kontakt z \u017cywno\u015bci\u0105. Tylko do u\u017cytku profesjonalnego .\" \/>\n<meta property=\"og:url\" content=\"https:\/\/diaplast.lt\/pl\/?post_type=product&amp;p=21017\" \/>\n<meta property=\"og:site_name\" content=\"Diaplast\" \/>\n<meta property=\"article:modified_time\" content=\"2025-03-21T08:31:59+00:00\" \/>\n<meta property=\"og:image\" content=\"http:\/\/diaplast.lt\/wp-content\/uploads\/2025\/02\/ICOUNTER-10.jpg\" \/>\n\t<meta property=\"og:image:width\" content=\"1200\" \/>\n\t<meta property=\"og:image:height\" content=\"1200\" \/>\n\t<meta property=\"og:image:type\" content=\"image\/jpeg\" \/>\n<meta name=\"twitter:card\" content=\"summary_large_image\" \/>\n<meta name=\"twitter:label1\" content=\"Szacowany czas czytania\" \/>\n\t<meta name=\"twitter:data1\" content=\"1 minuta\" \/>\n<script type=\"application\/ld+json\" class=\"yoast-schema-graph\">{\"@context\":\"https:\/\/schema.org\",\"@graph\":[{\"@type\":\"WebPage\",\"@id\":\"https:\/\/diaplast.lt\/pl\/?post_type=product&p=21017\",\"url\":\"https:\/\/diaplast.lt\/pl\/?post_type=product&p=21017\",\"name\":\"Impregnat COUNTERPRO, Tenax - Diaplast\",\"isPartOf\":{\"@id\":\"https:\/\/diaplast.lt\/#website\"},\"primaryImageOfPage\":{\"@id\":\"https:\/\/diaplast.lt\/pl\/?post_type=product&p=21017#primaryimage\"},\"image\":{\"@id\":\"https:\/\/diaplast.lt\/pl\/?post_type=product&p=21017#primaryimage\"},\"thumbnailUrl\":\"https:\/\/diaplast.lt\/wp-content\/uploads\/2025\/02\/PROSEAL-FS.jpg\",\"datePublished\":\"2025-02-07T10:38:01+00:00\",\"dateModified\":\"2025-03-21T08:31:59+00:00\",\"breadcrumb\":{\"@id\":\"https:\/\/diaplast.lt\/pl\/?post_type=product&p=21017#breadcrumb\"},\"inLanguage\":\"pl-PL\",\"potentialAction\":[{\"@type\":\"ReadAction\",\"target\":[\"https:\/\/diaplast.lt\/pl\/?post_type=product&p=21017\"]}]},{\"@type\":\"ImageObject\",\"inLanguage\":\"pl-PL\",\"@id\":\"https:\/\/diaplast.lt\/pl\/?post_type=product&p=21017#primaryimage\",\"url\":\"https:\/\/diaplast.lt\/wp-content\/uploads\/2025\/02\/PROSEAL-FS.jpg\",\"contentUrl\":\"https:\/\/diaplast.lt\/wp-content\/uploads\/2025\/02\/PROSEAL-FS.jpg\",\"width\":1200,\"height\":1199},{\"@type\":\"BreadcrumbList\",\"@id\":\"https:\/\/diaplast.lt\/pl\/?post_type=product&p=21017#breadcrumb\",\"itemListElement\":[{\"@type\":\"ListItem\",\"position\":1,\"name\":\"Strona g\u0142\u00f3wna\",\"item\":\"https:\/\/diaplast.lt\/\"},{\"@type\":\"ListItem\",\"position\":2,\"name\":\"Zasi\u0119g\",\"item\":\"https:\/\/diaplast.lt\/pl\/asortyment\/\"},{\"@type\":\"ListItem\",\"position\":3,\"name\":\"Impregnat COUNTERPRO, Tenax\"}]},{\"@type\":\"WebSite\",\"@id\":\"https:\/\/diaplast.lt\/#website\",\"url\":\"https:\/\/diaplast.lt\/\",\"name\":\"Diaplast\",\"description\":\"Deimantini\u0173 instrument\u0173 gamyba ir prekyba\",\"publisher\":{\"@id\":\"https:\/\/diaplast.lt\/#organization\"},\"potentialAction\":[{\"@type\":\"SearchAction\",\"target\":{\"@type\":\"EntryPoint\",\"urlTemplate\":\"https:\/\/diaplast.lt\/?s={search_term_string}\"},\"query-input\":{\"@type\":\"PropertyValueSpecification\",\"valueRequired\":true,\"valueName\":\"search_term_string\"}}],\"inLanguage\":\"pl-PL\"},{\"@type\":\"Organization\",\"@id\":\"https:\/\/diaplast.lt\/#organization\",\"name\":\"Diaplast\",\"url\":\"https:\/\/diaplast.lt\/\",\"logo\":{\"@type\":\"ImageObject\",\"inLanguage\":\"pl-PL\",\"@id\":\"https:\/\/diaplast.lt\/#\/schema\/logo\/image\/\",\"url\":\"http:\/\/diaplast.lt\/wp-content\/uploads\/2022\/06\/ebaltveja-logo.png\",\"contentUrl\":\"http:\/\/diaplast.lt\/wp-content\/uploads\/2022\/06\/ebaltveja-logo.png\",\"width\":200,\"height\":69,\"caption\":\"Diaplast\"},\"image\":{\"@id\":\"https:\/\/diaplast.lt\/#\/schema\/logo\/image\/\"}}]}<\/script>\n<!-- \/ Yoast SEO plugin. -->","yoast_head_json":{"title":"Impregnat COUNTERPRO, Tenax - Diaplast","robots":{"index":"index","follow":"follow","max-snippet":"max-snippet:-1","max-image-preview":"max-image-preview:large","max-video-preview":"max-video-preview:-1"},"canonical":"https:\/\/diaplast.lt\/pl\/?post_type=product&p=21017","og_locale":"pl_PL","og_type":"article","og_title":"Impregnat COUNTERPRO, Tenax - Diaplast","og_description":"Do impregnacji kamienia - granitu, marmuru, kwarcytu, wapienia, piaskowca, ceramiki (terakoty). Chroni przed wod\u0105 i t\u0142uszczem, nie zmieniaj\u0105c naturalnych w\u0142a\u015bciwo\u015bci materia\u0142u; nie zmienia koloru materia\u0142u, nie tworzy filmu na powierzchni, pozwala materia\u0142owi \"oddycha\u0107\". Nadaje si\u0119 do u\u017cytku wewn\u0105trz i na zewn\u0105trz.  Nadaje si\u0119 dopowierzchni, kt\u00f3re mog\u0105 mie\u0107 kontakt z \u017cywno\u015bci\u0105. Tylko do u\u017cytku profesjonalnego .","og_url":"https:\/\/diaplast.lt\/pl\/?post_type=product&p=21017","og_site_name":"Diaplast","article_modified_time":"2025-03-21T08:31:59+00:00","og_image":[{"width":1200,"height":1200,"url":"http:\/\/diaplast.lt\/wp-content\/uploads\/2025\/02\/ICOUNTER-10.jpg","type":"image\/jpeg"}],"twitter_card":"summary_large_image","twitter_misc":{"Szacowany czas czytania":"1 minuta"},"schema":{"@context":"https:\/\/schema.org","@graph":[{"@type":"WebPage","@id":"https:\/\/diaplast.lt\/pl\/?post_type=product&p=21017","url":"https:\/\/diaplast.lt\/pl\/?post_type=product&p=21017","name":"Impregnat COUNTERPRO, Tenax - Diaplast","isPartOf":{"@id":"https:\/\/diaplast.lt\/#website"},"primaryImageOfPage":{"@id":"https:\/\/diaplast.lt\/pl\/?post_type=product&p=21017#primaryimage"},"image":{"@id":"https:\/\/diaplast.lt\/pl\/?post_type=product&p=21017#primaryimage"},"thumbnailUrl":"https:\/\/diaplast.lt\/wp-content\/uploads\/2025\/02\/PROSEAL-FS.jpg","datePublished":"2025-02-07T10:38:01+00:00","dateModified":"2025-03-21T08:31:59+00:00","breadcrumb":{"@id":"https:\/\/diaplast.lt\/pl\/?post_type=product&p=21017#breadcrumb"},"inLanguage":"pl-PL","potentialAction":[{"@type":"ReadAction","target":["https:\/\/diaplast.lt\/pl\/?post_type=product&p=21017"]}]},{"@type":"ImageObject","inLanguage":"pl-PL","@id":"https:\/\/diaplast.lt\/pl\/?post_type=product&p=21017#primaryimage","url":"https:\/\/diaplast.lt\/wp-content\/uploads\/2025\/02\/PROSEAL-FS.jpg","contentUrl":"https:\/\/diaplast.lt\/wp-content\/uploads\/2025\/02\/PROSEAL-FS.jpg","width":1200,"height":1199},{"@type":"BreadcrumbList","@id":"https:\/\/diaplast.lt\/pl\/?post_type=product&p=21017#breadcrumb","itemListElement":[{"@type":"ListItem","position":1,"name":"Strona g\u0142\u00f3wna","item":"https:\/\/diaplast.lt\/"},{"@type":"ListItem","position":2,"name":"Zasi\u0119g","item":"https:\/\/diaplast.lt\/pl\/asortyment\/"},{"@type":"ListItem","position":3,"name":"Impregnat COUNTERPRO, Tenax"}]},{"@type":"WebSite","@id":"https:\/\/diaplast.lt\/#website","url":"https:\/\/diaplast.lt\/","name":"Diaplast","description":"Deimantini\u0173 instrument\u0173 gamyba ir prekyba","publisher":{"@id":"https:\/\/diaplast.lt\/#organization"},"potentialAction":[{"@type":"SearchAction","target":{"@type":"EntryPoint","urlTemplate":"https:\/\/diaplast.lt\/?s={search_term_string}"},"query-input":{"@type":"PropertyValueSpecification","valueRequired":true,"valueName":"search_term_string"}}],"inLanguage":"pl-PL"},{"@type":"Organization","@id":"https:\/\/diaplast.lt\/#organization","name":"Diaplast","url":"https:\/\/diaplast.lt\/","logo":{"@type":"ImageObject","inLanguage":"pl-PL","@id":"https:\/\/diaplast.lt\/#\/schema\/logo\/image\/","url":"http:\/\/diaplast.lt\/wp-content\/uploads\/2022\/06\/ebaltveja-logo.png","contentUrl":"http:\/\/diaplast.lt\/wp-content\/uploads\/2022\/06\/ebaltveja-logo.png","width":200,"height":69,"caption":"Diaplast"},"image":{"@id":"https:\/\/diaplast.lt\/#\/schema\/logo\/image\/"}}]}},"_links":{"self":[{"href":"https:\/\/diaplast.lt\/pl\/wp-json\/wp\/v2\/product\/21017","targetHints":{"allow":["GET"]}}],"collection":[{"href":"https:\/\/diaplast.lt\/pl\/wp-json\/wp\/v2\/product"}],"about":[{"href":"https:\/\/diaplast.lt\/pl\/wp-json\/wp\/v2\/types\/product"}],"version-history":[{"count":1,"href":"https:\/\/diaplast.lt\/pl\/wp-json\/wp\/v2\/product\/21017\/revisions"}],"predecessor-version":[{"id":21021,"href":"https:\/\/diaplast.lt\/pl\/wp-json\/wp\/v2\/product\/21017\/revisions\/21021"}],"wp:featuredmedia":[{"embeddable":true,"href":"https:\/\/diaplast.lt\/pl\/wp-json\/wp\/v2\/media\/32331"}],"wp:attachment":[{"href":"https:\/\/diaplast.lt\/pl\/wp-json\/wp\/v2\/media?parent=21017"}],"wp:term":[{"taxonomy":"product_brand","embeddable":true,"href":"https:\/\/diaplast.lt\/pl\/wp-json\/wp\/v2\/product_brand?post=21017"},{"taxonomy":"product_cat","embeddable":true,"href":"https:\/\/diaplast.lt\/pl\/wp-json\/wp\/v2\/product_cat?post=21017"},{"taxonomy":"product_tag","embeddable":true,"href":"https:\/\/diaplast.lt\/pl\/wp-json\/wp\/v2\/product_tag?post=21017"}],"curies":[{"name":"wp","href":"https:\/\/api.w.org\/{rel}","templated":true}]}}