{"id":21020,"date":"2025-02-07T14:23:26","date_gmt":"2025-02-07T11:23:26","guid":{"rendered":"https:\/\/diaplast.lt\/produktas\/wzmacniacz-koloru-toner-black-tenax\/"},"modified":"2025-03-21T11:31:59","modified_gmt":"2025-03-21T08:31:59","slug":"wzmacniacz-koloru-toner-black-tenax","status":"publish","type":"product","link":"https:\/\/diaplast.lt\/pl\/produkt\/wzmacniacz-koloru-toner-black-tenax\/","title":{"rendered":"Wzmacniacz koloru TONER BLACK, TENAX"},"content":{"rendered":"<p><strong>Spos\u00f3b u\u017cycia: <\/strong>nanie\u015b\u0107 r\u00f3wnomiernie p\u0119dzlem, g\u0105bk\u0105 lub szmatk\u0105 na such\u0105, czyst\u0105 powierzchni\u0119. Zetrze\u0107 nadmiar. Odczeka\u0107 kilka sekund, a nast\u0119pnie dok\u0142adnie wytrze\u0107 i wypolerowa\u0107 powierzchni\u0119 such\u0105 szmatk\u0105 lub filcem. Zalecamy ponown\u0105 impregnacj\u0119 powierzchni po 10-15 minutach. Po impregnacji nie chodzi\u0107 po powierzchni przez 24 godziny. Przy pierwszej aplikacji nale\u017cy wykona\u0107 pr\u00f3b\u0119 na niepotrzebnym kawa\u0142ku materia\u0142u lub na niewidocznej stronie produktu. 1L wystarcza do zaimpregnowania \u2248 20-40 m2 (w zale\u017cno\u015bci od porowato\u015bci i ch\u0142onno\u015bci materia\u0142u). Okres trwa\u0142o\u015bci w temperaturze pokojowej 2 lata.       <\/p>\n<table>\n<tbody>\n<tr>\n<td width=\"168\"><strong>Charakterystyka techniczna<\/strong><\/td>\n<td width=\"156\"><strong>TONER BLACK<\/strong><\/td>\n<\/tr>\n<tr>\n<td width=\"168\">Kolor<\/td>\n<td width=\"156\">Czarny<\/td>\n<\/tr>\n<tr>\n<td width=\"168\">Status<\/td>\n<td width=\"156\">P\u0142ynny<\/td>\n<\/tr>\n<tr>\n<td width=\"168\">Czas schni\u0119cia<\/td>\n<td width=\"156\">Kilka minut.<\/td>\n<\/tr>\n<\/tbody>\n<\/table>\n","protected":false},"excerpt":{"rendered":"<p>Do redukcji defekt\u00f3w powierzchni czarnego granitu (Black Impala, Black Africa) i podobnych rodzaj\u00f3w czarnego kamienia.<\/p>\n<p>Podkre\u015bla i ujednolica kolor i faktur\u0119 kamienia.<\/p>\n<p>Zapewnia ochron\u0119 przed wod\u0105.<\/p>\n<p>Szybko wysycha.<\/p>\n<p>Nadaje si\u0119 do u\u017cytku wewn\u0105trz i na zewn\u0105trz.<\/p>\n<p><strong>Tylko do u\u017cytku profesjonalnego<\/strong>.<\/p>\n","protected":false},"featured_media":17161,"template":"","meta":[],"product_brand":[],"product_cat":[336,338],"product_tag":[],"class_list":{"0":"post-21020","1":"product","2":"type-product","3":"status-publish","4":"has-post-thumbnail","6":"product_cat-chemines-priemones-akmeniui-ir-betonui","7":"product_cat-impregnantai","8":"pa_gamintojas-tenax","9":"pa_paskirtis-juodam-akmeniui","10":"pa_spalva-juoda","11":"pa_talpa-025l","13":"first","14":"instock","15":"taxable","16":"shipping-taxable","17":"purchasable","18":"product-type-simple"},"yoast_head":"<!-- This site is optimized with the Yoast SEO plugin v26.0 - https:\/\/yoast.com\/wordpress\/plugins\/seo\/ -->\n<title>Wzmacniacz koloru TONER BLACK, TENAX - Diaplast<\/title>\n<meta name=\"robots\" content=\"index, follow, max-snippet:-1, max-image-preview:large, max-video-preview:-1\" \/>\n<link rel=\"canonical\" href=\"https:\/\/diaplast.lt\/pl\/?post_type=product&p=21020\" \/>\n<meta property=\"og:locale\" content=\"pl_PL\" \/>\n<meta property=\"og:type\" content=\"article\" \/>\n<meta property=\"og:title\" content=\"Wzmacniacz koloru TONER BLACK, TENAX - Diaplast\" \/>\n<meta property=\"og:description\" content=\"Do redukcji defekt\u00f3w powierzchni czarnego granitu (Black Impala, Black Africa) i podobnych rodzaj\u00f3w czarnego kamienia. Podkre\u015bla i ujednolica kolor i faktur\u0119 kamienia. Zapewnia ochron\u0119 przed wod\u0105. Szybko wysycha. Nadaje si\u0119 do u\u017cytku wewn\u0105trz i na zewn\u0105trz. Tylko do u\u017cytku profesjonalnego.\" \/>\n<meta property=\"og:url\" content=\"https:\/\/diaplast.lt\/pl\/?post_type=product&amp;p=21020\" \/>\n<meta property=\"og:site_name\" content=\"Diaplast\" \/>\n<meta property=\"article:modified_time\" content=\"2025-03-21T08:31:59+00:00\" \/>\n<meta property=\"og:image\" content=\"http:\/\/diaplast.lt\/wp-content\/uploads\/2025\/02\/ITONER-0.25N.jpg\" \/>\n\t<meta property=\"og:image:width\" content=\"1200\" \/>\n\t<meta property=\"og:image:height\" content=\"1200\" \/>\n\t<meta property=\"og:image:type\" content=\"image\/jpeg\" \/>\n<meta name=\"twitter:card\" content=\"summary_large_image\" \/>\n<meta name=\"twitter:label1\" content=\"Szacowany czas czytania\" \/>\n\t<meta name=\"twitter:data1\" content=\"1 minuta\" \/>\n<script type=\"application\/ld+json\" class=\"yoast-schema-graph\">{\"@context\":\"https:\/\/schema.org\",\"@graph\":[{\"@type\":\"WebPage\",\"@id\":\"https:\/\/diaplast.lt\/pl\/?post_type=product&p=21020\",\"url\":\"https:\/\/diaplast.lt\/pl\/?post_type=product&p=21020\",\"name\":\"Wzmacniacz koloru TONER BLACK, TENAX - Diaplast\",\"isPartOf\":{\"@id\":\"https:\/\/diaplast.lt\/#website\"},\"primaryImageOfPage\":{\"@id\":\"https:\/\/diaplast.lt\/pl\/?post_type=product&p=21020#primaryimage\"},\"image\":{\"@id\":\"https:\/\/diaplast.lt\/pl\/?post_type=product&p=21020#primaryimage\"},\"thumbnailUrl\":\"https:\/\/diaplast.lt\/wp-content\/uploads\/2025\/02\/ITONER-0.25N.jpg\",\"datePublished\":\"2025-02-07T11:23:26+00:00\",\"dateModified\":\"2025-03-21T08:31:59+00:00\",\"breadcrumb\":{\"@id\":\"https:\/\/diaplast.lt\/pl\/?post_type=product&p=21020#breadcrumb\"},\"inLanguage\":\"pl-PL\",\"potentialAction\":[{\"@type\":\"ReadAction\",\"target\":[\"https:\/\/diaplast.lt\/pl\/?post_type=product&p=21020\"]}]},{\"@type\":\"ImageObject\",\"inLanguage\":\"pl-PL\",\"@id\":\"https:\/\/diaplast.lt\/pl\/?post_type=product&p=21020#primaryimage\",\"url\":\"https:\/\/diaplast.lt\/wp-content\/uploads\/2025\/02\/ITONER-0.25N.jpg\",\"contentUrl\":\"https:\/\/diaplast.lt\/wp-content\/uploads\/2025\/02\/ITONER-0.25N.jpg\",\"width\":1200,\"height\":1200},{\"@type\":\"BreadcrumbList\",\"@id\":\"https:\/\/diaplast.lt\/pl\/?post_type=product&p=21020#breadcrumb\",\"itemListElement\":[{\"@type\":\"ListItem\",\"position\":1,\"name\":\"Strona g\u0142\u00f3wna\",\"item\":\"https:\/\/diaplast.lt\/\"},{\"@type\":\"ListItem\",\"position\":2,\"name\":\"Zasi\u0119g\",\"item\":\"https:\/\/diaplast.lt\/pl\/asortyment\/\"},{\"@type\":\"ListItem\",\"position\":3,\"name\":\"Wzmacniacz koloru TONER BLACK, TENAX\"}]},{\"@type\":\"WebSite\",\"@id\":\"https:\/\/diaplast.lt\/#website\",\"url\":\"https:\/\/diaplast.lt\/\",\"name\":\"Diaplast\",\"description\":\"Deimantini\u0173 instrument\u0173 gamyba ir prekyba\",\"publisher\":{\"@id\":\"https:\/\/diaplast.lt\/#organization\"},\"potentialAction\":[{\"@type\":\"SearchAction\",\"target\":{\"@type\":\"EntryPoint\",\"urlTemplate\":\"https:\/\/diaplast.lt\/?s={search_term_string}\"},\"query-input\":{\"@type\":\"PropertyValueSpecification\",\"valueRequired\":true,\"valueName\":\"search_term_string\"}}],\"inLanguage\":\"pl-PL\"},{\"@type\":\"Organization\",\"@id\":\"https:\/\/diaplast.lt\/#organization\",\"name\":\"Diaplast\",\"url\":\"https:\/\/diaplast.lt\/\",\"logo\":{\"@type\":\"ImageObject\",\"inLanguage\":\"pl-PL\",\"@id\":\"https:\/\/diaplast.lt\/#\/schema\/logo\/image\/\",\"url\":\"http:\/\/diaplast.lt\/wp-content\/uploads\/2022\/06\/ebaltveja-logo.png\",\"contentUrl\":\"http:\/\/diaplast.lt\/wp-content\/uploads\/2022\/06\/ebaltveja-logo.png\",\"width\":200,\"height\":69,\"caption\":\"Diaplast\"},\"image\":{\"@id\":\"https:\/\/diaplast.lt\/#\/schema\/logo\/image\/\"}}]}<\/script>\n<!-- \/ Yoast SEO plugin. -->","yoast_head_json":{"title":"Wzmacniacz koloru TONER BLACK, TENAX - Diaplast","robots":{"index":"index","follow":"follow","max-snippet":"max-snippet:-1","max-image-preview":"max-image-preview:large","max-video-preview":"max-video-preview:-1"},"canonical":"https:\/\/diaplast.lt\/pl\/?post_type=product&p=21020","og_locale":"pl_PL","og_type":"article","og_title":"Wzmacniacz koloru TONER BLACK, TENAX - Diaplast","og_description":"Do redukcji defekt\u00f3w powierzchni czarnego granitu (Black Impala, Black Africa) i podobnych rodzaj\u00f3w czarnego kamienia. Podkre\u015bla i ujednolica kolor i faktur\u0119 kamienia. Zapewnia ochron\u0119 przed wod\u0105. Szybko wysycha. Nadaje si\u0119 do u\u017cytku wewn\u0105trz i na zewn\u0105trz. Tylko do u\u017cytku profesjonalnego.","og_url":"https:\/\/diaplast.lt\/pl\/?post_type=product&p=21020","og_site_name":"Diaplast","article_modified_time":"2025-03-21T08:31:59+00:00","og_image":[{"width":1200,"height":1200,"url":"http:\/\/diaplast.lt\/wp-content\/uploads\/2025\/02\/ITONER-0.25N.jpg","type":"image\/jpeg"}],"twitter_card":"summary_large_image","twitter_misc":{"Szacowany czas czytania":"1 minuta"},"schema":{"@context":"https:\/\/schema.org","@graph":[{"@type":"WebPage","@id":"https:\/\/diaplast.lt\/pl\/?post_type=product&p=21020","url":"https:\/\/diaplast.lt\/pl\/?post_type=product&p=21020","name":"Wzmacniacz koloru TONER BLACK, TENAX - Diaplast","isPartOf":{"@id":"https:\/\/diaplast.lt\/#website"},"primaryImageOfPage":{"@id":"https:\/\/diaplast.lt\/pl\/?post_type=product&p=21020#primaryimage"},"image":{"@id":"https:\/\/diaplast.lt\/pl\/?post_type=product&p=21020#primaryimage"},"thumbnailUrl":"https:\/\/diaplast.lt\/wp-content\/uploads\/2025\/02\/ITONER-0.25N.jpg","datePublished":"2025-02-07T11:23:26+00:00","dateModified":"2025-03-21T08:31:59+00:00","breadcrumb":{"@id":"https:\/\/diaplast.lt\/pl\/?post_type=product&p=21020#breadcrumb"},"inLanguage":"pl-PL","potentialAction":[{"@type":"ReadAction","target":["https:\/\/diaplast.lt\/pl\/?post_type=product&p=21020"]}]},{"@type":"ImageObject","inLanguage":"pl-PL","@id":"https:\/\/diaplast.lt\/pl\/?post_type=product&p=21020#primaryimage","url":"https:\/\/diaplast.lt\/wp-content\/uploads\/2025\/02\/ITONER-0.25N.jpg","contentUrl":"https:\/\/diaplast.lt\/wp-content\/uploads\/2025\/02\/ITONER-0.25N.jpg","width":1200,"height":1200},{"@type":"BreadcrumbList","@id":"https:\/\/diaplast.lt\/pl\/?post_type=product&p=21020#breadcrumb","itemListElement":[{"@type":"ListItem","position":1,"name":"Strona g\u0142\u00f3wna","item":"https:\/\/diaplast.lt\/"},{"@type":"ListItem","position":2,"name":"Zasi\u0119g","item":"https:\/\/diaplast.lt\/pl\/asortyment\/"},{"@type":"ListItem","position":3,"name":"Wzmacniacz koloru TONER BLACK, TENAX"}]},{"@type":"WebSite","@id":"https:\/\/diaplast.lt\/#website","url":"https:\/\/diaplast.lt\/","name":"Diaplast","description":"Deimantini\u0173 instrument\u0173 gamyba ir prekyba","publisher":{"@id":"https:\/\/diaplast.lt\/#organization"},"potentialAction":[{"@type":"SearchAction","target":{"@type":"EntryPoint","urlTemplate":"https:\/\/diaplast.lt\/?s={search_term_string}"},"query-input":{"@type":"PropertyValueSpecification","valueRequired":true,"valueName":"search_term_string"}}],"inLanguage":"pl-PL"},{"@type":"Organization","@id":"https:\/\/diaplast.lt\/#organization","name":"Diaplast","url":"https:\/\/diaplast.lt\/","logo":{"@type":"ImageObject","inLanguage":"pl-PL","@id":"https:\/\/diaplast.lt\/#\/schema\/logo\/image\/","url":"http:\/\/diaplast.lt\/wp-content\/uploads\/2022\/06\/ebaltveja-logo.png","contentUrl":"http:\/\/diaplast.lt\/wp-content\/uploads\/2022\/06\/ebaltveja-logo.png","width":200,"height":69,"caption":"Diaplast"},"image":{"@id":"https:\/\/diaplast.lt\/#\/schema\/logo\/image\/"}}]}},"_links":{"self":[{"href":"https:\/\/diaplast.lt\/pl\/wp-json\/wp\/v2\/product\/21020","targetHints":{"allow":["GET"]}}],"collection":[{"href":"https:\/\/diaplast.lt\/pl\/wp-json\/wp\/v2\/product"}],"about":[{"href":"https:\/\/diaplast.lt\/pl\/wp-json\/wp\/v2\/types\/product"}],"version-history":[{"count":1,"href":"https:\/\/diaplast.lt\/pl\/wp-json\/wp\/v2\/product\/21020\/revisions"}],"predecessor-version":[{"id":21022,"href":"https:\/\/diaplast.lt\/pl\/wp-json\/wp\/v2\/product\/21020\/revisions\/21022"}],"wp:featuredmedia":[{"embeddable":true,"href":"https:\/\/diaplast.lt\/pl\/wp-json\/wp\/v2\/media\/17161"}],"wp:attachment":[{"href":"https:\/\/diaplast.lt\/pl\/wp-json\/wp\/v2\/media?parent=21020"}],"wp:term":[{"taxonomy":"product_brand","embeddable":true,"href":"https:\/\/diaplast.lt\/pl\/wp-json\/wp\/v2\/product_brand?post=21020"},{"taxonomy":"product_cat","embeddable":true,"href":"https:\/\/diaplast.lt\/pl\/wp-json\/wp\/v2\/product_cat?post=21020"},{"taxonomy":"product_tag","embeddable":true,"href":"https:\/\/diaplast.lt\/pl\/wp-json\/wp\/v2\/product_tag?post=21020"}],"curies":[{"name":"wp","href":"https:\/\/api.w.org\/{rel}","templated":true}]}}