{"id":21027,"date":"2025-02-07T15:28:09","date_gmt":"2025-02-07T12:28:09","guid":{"rendered":"https:\/\/diaplast.lt\/produktas\/wzmacniacz-koloru-black67-tenax\/"},"modified":"2025-06-09T17:09:55","modified_gmt":"2025-06-09T14:09:55","slug":"wzmacniacz-koloru-black67-tenax","status":"publish","type":"product","link":"https:\/\/diaplast.lt\/pl\/produkt\/wzmacniacz-koloru-black67-tenax\/","title":{"rendered":"Wzmacniacz koloru BLACK67, Tenax"},"content":{"rendered":"<p><strong>Instrukcja u\u017cytkowania: <\/strong>wysuszy\u0107 kamie\u0144 w piecu lub na wolnym powietrzu po wypolerowaniu go do ziarnisto\u015bci #800. Suszy\u0107 na powietrzu przez 1-2 dni, aby umo\u017cliwi\u0107 ca\u0142kowite odparowanie wilgoci wch\u0142oni\u0119tej podczas szlifowania. Na\u0142o\u017cy\u0107 impregnat r\u00f3wnomiernie (r\u0119cznie lub mechanicznie) tak, aby powsta\u0142 niewielki nadmiar materia\u0142u (ok. 50 g\/m\u00b2). Pozostawi\u0107 produkt do wyschni\u0119cia (48-72 godzin). Wypoleruj wysuszony kamie\u0144, u\u017cywaj\u0105c wy\u0142\u0105cznie narz\u0119dzia do polerowania. Woda, kurz i brud mog\u0105 negatywnie wp\u0142yn\u0105\u0107 na rezultat. Przy pierwszym u\u017cyciu wypr\u00f3buj na niepotrzebnym kawa\u0142ku materia\u0142u lub na niewidocznej stronie produktu. Wstrz\u0105sn\u0105\u0107 przed u\u017cyciem. Okres trwa\u0142o\u015bci w temperaturze pokojowej 2 lata.         <\/p>\n<table>\n<tbody>\n<tr>\n<td width=\"238\"><strong>Charakterystyka techniczna<\/strong><\/td>\n<td width=\"161\"><strong>BLACK 67<\/strong><\/td>\n<\/tr>\n<tr>\n<td width=\"238\">Kolor<\/td>\n<td width=\"161\">Czarny<\/td>\n<\/tr>\n<tr>\n<td width=\"238\">Status<\/td>\n<td width=\"161\">P\u0142ynny<\/td>\n<\/tr>\n<\/tbody>\n<\/table>\n<p>&nbsp;<\/p>\n","protected":false},"excerpt":{"rendered":"<p>Do zmniejszania defekt\u00f3w powierzchni czarnego granitu.<\/p>\n<p> Daje<strong>efekt mokrego kamienia, wzmacniaj\u0105c kolor i tekstur\u0119 kamienia. <\/strong><\/p>\n<p>Nadaje si\u0119 do u\u017cytku wewn\u0105trz i na zewn\u0105trz.<\/p>\n<p><strong>Tylko do u\u017cytku profesjonalnego.<\/strong><\/p>\n","protected":false},"featured_media":17173,"template":"","meta":[],"product_brand":[],"product_cat":[774,778],"product_tag":[],"class_list":{"0":"post-21027","1":"product","2":"type-product","3":"status-publish","4":"has-post-thumbnail","6":"product_cat-srodki-chemiczne-do-kamienia-i-betonu","7":"product_cat-impregnaty","8":"pa_gamintojas-tenax-pl","9":"pa_paskirtis-dla-czarnego-granitu","10":"pa_spalva-czarny","11":"pa_talpa-1l-pl","13":"first","14":"instock","15":"taxable","16":"shipping-taxable","17":"purchasable","18":"product-type-simple"},"yoast_head":"<!-- This site is optimized with the Yoast SEO plugin v26.0 - https:\/\/yoast.com\/wordpress\/plugins\/seo\/ -->\n<title>Wzmacniacz koloru BLACK67, Tenax - Diaplast<\/title>\n<meta name=\"robots\" content=\"index, follow, max-snippet:-1, max-image-preview:large, max-video-preview:-1\" \/>\n<link rel=\"canonical\" href=\"https:\/\/diaplast.lt\/pl\/Produkt\/wzmacniacz-koloru-black67-tenax\/\" \/>\n<meta property=\"og:locale\" content=\"pl_PL\" \/>\n<meta property=\"og:type\" content=\"article\" \/>\n<meta property=\"og:title\" content=\"Wzmacniacz koloru BLACK67, Tenax - Diaplast\" \/>\n<meta property=\"og:description\" content=\"Do zmniejszania defekt\u00f3w powierzchni czarnego granitu.  Dajeefekt mokrego kamienia, wzmacniaj\u0105c kolor i tekstur\u0119 kamienia.  Nadaje si\u0119 do u\u017cytku wewn\u0105trz i na zewn\u0105trz. Tylko do u\u017cytku profesjonalnego.\" \/>\n<meta property=\"og:url\" content=\"https:\/\/diaplast.lt\/pl\/Produkt\/wzmacniacz-koloru-black67-tenax\/\" \/>\n<meta property=\"og:site_name\" content=\"Diaplast\" \/>\n<meta property=\"article:modified_time\" content=\"2025-06-09T14:09:55+00:00\" \/>\n<meta property=\"og:image\" content=\"http:\/\/diaplast.lt\/wp-content\/uploads\/2025\/02\/IBLACK67-1.0.jpg\" \/>\n\t<meta property=\"og:image:width\" content=\"1200\" \/>\n\t<meta property=\"og:image:height\" content=\"1200\" \/>\n\t<meta property=\"og:image:type\" content=\"image\/jpeg\" \/>\n<meta name=\"twitter:card\" content=\"summary_large_image\" \/>\n<meta name=\"twitter:label1\" content=\"Szacowany czas czytania\" \/>\n\t<meta name=\"twitter:data1\" content=\"1 minuta\" \/>\n<script type=\"application\/ld+json\" class=\"yoast-schema-graph\">{\"@context\":\"https:\/\/schema.org\",\"@graph\":[{\"@type\":\"WebPage\",\"@id\":\"https:\/\/diaplast.lt\/pl\/Produkt\/wzmacniacz-koloru-black67-tenax\/\",\"url\":\"https:\/\/diaplast.lt\/pl\/Produkt\/wzmacniacz-koloru-black67-tenax\/\",\"name\":\"Wzmacniacz koloru BLACK67, Tenax - Diaplast\",\"isPartOf\":{\"@id\":\"https:\/\/diaplast.lt\/#website\"},\"primaryImageOfPage\":{\"@id\":\"https:\/\/diaplast.lt\/pl\/Produkt\/wzmacniacz-koloru-black67-tenax\/#primaryimage\"},\"image\":{\"@id\":\"https:\/\/diaplast.lt\/pl\/Produkt\/wzmacniacz-koloru-black67-tenax\/#primaryimage\"},\"thumbnailUrl\":\"https:\/\/diaplast.lt\/wp-content\/uploads\/2025\/02\/IBLACK67-1.0.jpg\",\"datePublished\":\"2025-02-07T12:28:09+00:00\",\"dateModified\":\"2025-06-09T14:09:55+00:00\",\"breadcrumb\":{\"@id\":\"https:\/\/diaplast.lt\/pl\/Produkt\/wzmacniacz-koloru-black67-tenax\/#breadcrumb\"},\"inLanguage\":\"pl-PL\",\"potentialAction\":[{\"@type\":\"ReadAction\",\"target\":[\"https:\/\/diaplast.lt\/pl\/Produkt\/wzmacniacz-koloru-black67-tenax\/\"]}]},{\"@type\":\"ImageObject\",\"inLanguage\":\"pl-PL\",\"@id\":\"https:\/\/diaplast.lt\/pl\/Produkt\/wzmacniacz-koloru-black67-tenax\/#primaryimage\",\"url\":\"https:\/\/diaplast.lt\/wp-content\/uploads\/2025\/02\/IBLACK67-1.0.jpg\",\"contentUrl\":\"https:\/\/diaplast.lt\/wp-content\/uploads\/2025\/02\/IBLACK67-1.0.jpg\",\"width\":1200,\"height\":1200},{\"@type\":\"BreadcrumbList\",\"@id\":\"https:\/\/diaplast.lt\/pl\/Produkt\/wzmacniacz-koloru-black67-tenax\/#breadcrumb\",\"itemListElement\":[{\"@type\":\"ListItem\",\"position\":1,\"name\":\"Strona g\u0142\u00f3wna\",\"item\":\"https:\/\/diaplast.lt\/\"},{\"@type\":\"ListItem\",\"position\":2,\"name\":\"Zasi\u0119g\",\"item\":\"https:\/\/diaplast.lt\/pl\/asortyment\/\"},{\"@type\":\"ListItem\",\"position\":3,\"name\":\"Wzmacniacz koloru BLACK67, Tenax\"}]},{\"@type\":\"WebSite\",\"@id\":\"https:\/\/diaplast.lt\/#website\",\"url\":\"https:\/\/diaplast.lt\/\",\"name\":\"Diaplast\",\"description\":\"Deimantini\u0173 instrument\u0173 gamyba ir prekyba\",\"publisher\":{\"@id\":\"https:\/\/diaplast.lt\/#organization\"},\"potentialAction\":[{\"@type\":\"SearchAction\",\"target\":{\"@type\":\"EntryPoint\",\"urlTemplate\":\"https:\/\/diaplast.lt\/?s={search_term_string}\"},\"query-input\":{\"@type\":\"PropertyValueSpecification\",\"valueRequired\":true,\"valueName\":\"search_term_string\"}}],\"inLanguage\":\"pl-PL\"},{\"@type\":\"Organization\",\"@id\":\"https:\/\/diaplast.lt\/#organization\",\"name\":\"Diaplast\",\"url\":\"https:\/\/diaplast.lt\/\",\"logo\":{\"@type\":\"ImageObject\",\"inLanguage\":\"pl-PL\",\"@id\":\"https:\/\/diaplast.lt\/#\/schema\/logo\/image\/\",\"url\":\"http:\/\/diaplast.lt\/wp-content\/uploads\/2022\/06\/ebaltveja-logo.png\",\"contentUrl\":\"http:\/\/diaplast.lt\/wp-content\/uploads\/2022\/06\/ebaltveja-logo.png\",\"width\":200,\"height\":69,\"caption\":\"Diaplast\"},\"image\":{\"@id\":\"https:\/\/diaplast.lt\/#\/schema\/logo\/image\/\"}}]}<\/script>\n<!-- \/ Yoast SEO plugin. -->","yoast_head_json":{"title":"Wzmacniacz koloru BLACK67, Tenax - Diaplast","robots":{"index":"index","follow":"follow","max-snippet":"max-snippet:-1","max-image-preview":"max-image-preview:large","max-video-preview":"max-video-preview:-1"},"canonical":"https:\/\/diaplast.lt\/pl\/Produkt\/wzmacniacz-koloru-black67-tenax\/","og_locale":"pl_PL","og_type":"article","og_title":"Wzmacniacz koloru BLACK67, Tenax - Diaplast","og_description":"Do zmniejszania defekt\u00f3w powierzchni czarnego granitu.  Dajeefekt mokrego kamienia, wzmacniaj\u0105c kolor i tekstur\u0119 kamienia.  Nadaje si\u0119 do u\u017cytku wewn\u0105trz i na zewn\u0105trz. Tylko do u\u017cytku profesjonalnego.","og_url":"https:\/\/diaplast.lt\/pl\/Produkt\/wzmacniacz-koloru-black67-tenax\/","og_site_name":"Diaplast","article_modified_time":"2025-06-09T14:09:55+00:00","og_image":[{"width":1200,"height":1200,"url":"http:\/\/diaplast.lt\/wp-content\/uploads\/2025\/02\/IBLACK67-1.0.jpg","type":"image\/jpeg"}],"twitter_card":"summary_large_image","twitter_misc":{"Szacowany czas czytania":"1 minuta"},"schema":{"@context":"https:\/\/schema.org","@graph":[{"@type":"WebPage","@id":"https:\/\/diaplast.lt\/pl\/Produkt\/wzmacniacz-koloru-black67-tenax\/","url":"https:\/\/diaplast.lt\/pl\/Produkt\/wzmacniacz-koloru-black67-tenax\/","name":"Wzmacniacz koloru BLACK67, Tenax - Diaplast","isPartOf":{"@id":"https:\/\/diaplast.lt\/#website"},"primaryImageOfPage":{"@id":"https:\/\/diaplast.lt\/pl\/Produkt\/wzmacniacz-koloru-black67-tenax\/#primaryimage"},"image":{"@id":"https:\/\/diaplast.lt\/pl\/Produkt\/wzmacniacz-koloru-black67-tenax\/#primaryimage"},"thumbnailUrl":"https:\/\/diaplast.lt\/wp-content\/uploads\/2025\/02\/IBLACK67-1.0.jpg","datePublished":"2025-02-07T12:28:09+00:00","dateModified":"2025-06-09T14:09:55+00:00","breadcrumb":{"@id":"https:\/\/diaplast.lt\/pl\/Produkt\/wzmacniacz-koloru-black67-tenax\/#breadcrumb"},"inLanguage":"pl-PL","potentialAction":[{"@type":"ReadAction","target":["https:\/\/diaplast.lt\/pl\/Produkt\/wzmacniacz-koloru-black67-tenax\/"]}]},{"@type":"ImageObject","inLanguage":"pl-PL","@id":"https:\/\/diaplast.lt\/pl\/Produkt\/wzmacniacz-koloru-black67-tenax\/#primaryimage","url":"https:\/\/diaplast.lt\/wp-content\/uploads\/2025\/02\/IBLACK67-1.0.jpg","contentUrl":"https:\/\/diaplast.lt\/wp-content\/uploads\/2025\/02\/IBLACK67-1.0.jpg","width":1200,"height":1200},{"@type":"BreadcrumbList","@id":"https:\/\/diaplast.lt\/pl\/Produkt\/wzmacniacz-koloru-black67-tenax\/#breadcrumb","itemListElement":[{"@type":"ListItem","position":1,"name":"Strona g\u0142\u00f3wna","item":"https:\/\/diaplast.lt\/"},{"@type":"ListItem","position":2,"name":"Zasi\u0119g","item":"https:\/\/diaplast.lt\/pl\/asortyment\/"},{"@type":"ListItem","position":3,"name":"Wzmacniacz koloru BLACK67, Tenax"}]},{"@type":"WebSite","@id":"https:\/\/diaplast.lt\/#website","url":"https:\/\/diaplast.lt\/","name":"Diaplast","description":"Deimantini\u0173 instrument\u0173 gamyba ir prekyba","publisher":{"@id":"https:\/\/diaplast.lt\/#organization"},"potentialAction":[{"@type":"SearchAction","target":{"@type":"EntryPoint","urlTemplate":"https:\/\/diaplast.lt\/?s={search_term_string}"},"query-input":{"@type":"PropertyValueSpecification","valueRequired":true,"valueName":"search_term_string"}}],"inLanguage":"pl-PL"},{"@type":"Organization","@id":"https:\/\/diaplast.lt\/#organization","name":"Diaplast","url":"https:\/\/diaplast.lt\/","logo":{"@type":"ImageObject","inLanguage":"pl-PL","@id":"https:\/\/diaplast.lt\/#\/schema\/logo\/image\/","url":"http:\/\/diaplast.lt\/wp-content\/uploads\/2022\/06\/ebaltveja-logo.png","contentUrl":"http:\/\/diaplast.lt\/wp-content\/uploads\/2022\/06\/ebaltveja-logo.png","width":200,"height":69,"caption":"Diaplast"},"image":{"@id":"https:\/\/diaplast.lt\/#\/schema\/logo\/image\/"}}]}},"_links":{"self":[{"href":"https:\/\/diaplast.lt\/pl\/wp-json\/wp\/v2\/product\/21027","targetHints":{"allow":["GET"]}}],"collection":[{"href":"https:\/\/diaplast.lt\/pl\/wp-json\/wp\/v2\/product"}],"about":[{"href":"https:\/\/diaplast.lt\/pl\/wp-json\/wp\/v2\/types\/product"}],"version-history":[{"count":1,"href":"https:\/\/diaplast.lt\/pl\/wp-json\/wp\/v2\/product\/21027\/revisions"}],"predecessor-version":[{"id":21029,"href":"https:\/\/diaplast.lt\/pl\/wp-json\/wp\/v2\/product\/21027\/revisions\/21029"}],"wp:featuredmedia":[{"embeddable":true,"href":"https:\/\/diaplast.lt\/pl\/wp-json\/wp\/v2\/media\/17173"}],"wp:attachment":[{"href":"https:\/\/diaplast.lt\/pl\/wp-json\/wp\/v2\/media?parent=21027"}],"wp:term":[{"taxonomy":"product_brand","embeddable":true,"href":"https:\/\/diaplast.lt\/pl\/wp-json\/wp\/v2\/product_brand?post=21027"},{"taxonomy":"product_cat","embeddable":true,"href":"https:\/\/diaplast.lt\/pl\/wp-json\/wp\/v2\/product_cat?post=21027"},{"taxonomy":"product_tag","embeddable":true,"href":"https:\/\/diaplast.lt\/pl\/wp-json\/wp\/v2\/product_tag?post=21027"}],"curies":[{"name":"wp","href":"https:\/\/api.w.org\/{rel}","templated":true}]}}