{"id":21039,"date":"2025-02-07T15:37:15","date_gmt":"2025-02-07T12:37:15","guid":{"rendered":"https:\/\/diaplast.lt\/produktas\/wstepne-leczenie-antyeflorescencyjne-tenax\/"},"modified":"2025-03-21T11:32:06","modified_gmt":"2025-03-21T08:32:06","slug":"wstepne-leczenie-antyeflorescencyjne-tenax","status":"publish","type":"product","link":"https:\/\/diaplast.lt\/pl\/produkt\/wstepne-leczenie-antyeflorescencyjne-tenax\/","title":{"rendered":"Wst\u0119pne leczenie ANTYEFLORESCENCYJNE, Tenax"},"content":{"rendered":"<p><strong>Spos\u00f3b u\u017cycia:<\/strong> nanie\u015b\u0107 produkt na sp\u00f3d i bok p\u0142ytek lub paneli 24 godziny przed monta\u017cem, po czym materia\u0142y musz\u0105 wyschn\u0105\u0107.   <strong>Produkt jest silnie alkaliczny i mo\u017ce uszkodzi\u0107 niekt\u00f3re powierzchnie, zw\u0142aszcza polerowane. Nie stosowa\u0107 na materia\u0142ach wra\u017cliwych na alkalia. Mo\u017ce r\u00f3wnie\u017c zmieni\u0107 wygl\u0105d powierzchni plastikowych.  <\/strong>  Po raz pierwszy wypr\u00f3buj na kawa\u0142ku materia\u0142u, kt\u00f3ry nie jest potrzebny lub na niewidocznej stronie produktu. Na\u0142o\u017cy\u0107 impregnat r\u00f3wnomiernie za pomoc\u0105 p\u0119dzla lub szczotki na such\u0105, czyst\u0105 powierzchni\u0119. Pozostawi\u0107 do wyschni\u0119cia na 24 godziny przed instalacj\u0105 produktu. Okres trwa\u0142o\u015bci 2 lata, je\u015bli jest przechowywany w temperaturze pokojowej, z dala od ciep\u0142a, wilgoci i bezpo\u015bredniego \u015bwiat\u0142a s\u0142onecznego.   <\/p>\n<table>\n<tbody>\n<tr>\n<td width=\"219\"><strong>Charakterystyka techniczna<\/strong><\/td>\n<td width=\"198\"><strong>Anti-Efflorescence<\/strong><\/td>\n<\/tr>\n<tr>\n<td width=\"219\">Kolor<\/td>\n<td width=\"198\">Bia\u0142y<\/td>\n<\/tr>\n<tr>\n<td width=\"219\">Status<\/td>\n<td width=\"198\">P\u0142ynny<\/td>\n<\/tr>\n<tr>\n<td width=\"219\">Pe\u0142ny efekt impregnacji<\/td>\n<td width=\"198\">Po 24 godzinach<\/td>\n<\/tr>\n<\/tbody>\n<\/table>\n<p>&nbsp;<\/p>\n","protected":false},"excerpt":{"rendered":"<p>Gotowy do u\u017cycia produkt na bazie wody do marmuru, granitu, kamienia naturalnego i aglomerat\u00f3w.<\/p>\n<p>Zapobiega wnikaniu soli i innych zanieczyszcze\u0144 z pod\u0142o\u017ca w powierzchni\u0119.<\/p>\n<p>Nadaje si\u0119 do u\u017cytku wewn\u0105trz i na zewn\u0105trz.<\/p>\n<p><strong>Tylko do u\u017cytku profesjonalnego<\/strong>.<\/p>\n","protected":false},"featured_media":17180,"template":"","meta":[],"product_brand":[],"product_cat":[774,778],"product_tag":[],"class_list":{"0":"post-21039","1":"product","2":"type-product","3":"status-publish","4":"has-post-thumbnail","6":"product_cat-srodki-chemiczne-do-kamienia-i-betonu","7":"product_cat-impregnaty","8":"pa_gamintojas-tenax-pl","9":"pa_paskirtis-dla-kamienia","10":"pa_spalva-bialy","11":"pa_talpa-1l-pl","13":"first","14":"instock","15":"taxable","16":"shipping-taxable","17":"purchasable","18":"product-type-simple"},"yoast_head":"<!-- This site is optimized with the Yoast SEO plugin v26.0 - https:\/\/yoast.com\/wordpress\/plugins\/seo\/ -->\n<title>Wst\u0119pne leczenie ANTYEFLORESCENCYJNE, Tenax - Diaplast<\/title>\n<meta name=\"robots\" content=\"index, follow, max-snippet:-1, max-image-preview:large, max-video-preview:-1\" \/>\n<link rel=\"canonical\" href=\"https:\/\/diaplast.lt\/pl\/?post_type=product&p=21039\" \/>\n<meta property=\"og:locale\" content=\"pl_PL\" \/>\n<meta property=\"og:type\" content=\"article\" \/>\n<meta property=\"og:title\" content=\"Wst\u0119pne leczenie ANTYEFLORESCENCYJNE, Tenax - Diaplast\" \/>\n<meta property=\"og:description\" content=\"Gotowy do u\u017cycia produkt na bazie wody do marmuru, granitu, kamienia naturalnego i aglomerat\u00f3w. Zapobiega wnikaniu soli i innych zanieczyszcze\u0144 z pod\u0142o\u017ca w powierzchni\u0119. Nadaje si\u0119 do u\u017cytku wewn\u0105trz i na zewn\u0105trz. Tylko do u\u017cytku profesjonalnego.\" \/>\n<meta property=\"og:url\" content=\"https:\/\/diaplast.lt\/pl\/?post_type=product&amp;p=21039\" \/>\n<meta property=\"og:site_name\" content=\"Diaplast\" \/>\n<meta property=\"article:modified_time\" content=\"2025-03-21T08:32:06+00:00\" \/>\n<meta property=\"og:image\" content=\"http:\/\/diaplast.lt\/wp-content\/uploads\/2025\/02\/IANTIEFFL-1.0.jpg\" \/>\n\t<meta property=\"og:image:width\" content=\"1200\" \/>\n\t<meta property=\"og:image:height\" content=\"1200\" \/>\n\t<meta property=\"og:image:type\" content=\"image\/jpeg\" \/>\n<meta name=\"twitter:card\" content=\"summary_large_image\" \/>\n<meta name=\"twitter:label1\" content=\"Szacowany czas czytania\" \/>\n\t<meta name=\"twitter:data1\" content=\"1 minuta\" \/>\n<script type=\"application\/ld+json\" class=\"yoast-schema-graph\">{\"@context\":\"https:\/\/schema.org\",\"@graph\":[{\"@type\":\"WebPage\",\"@id\":\"https:\/\/diaplast.lt\/pl\/?post_type=product&p=21039\",\"url\":\"https:\/\/diaplast.lt\/pl\/?post_type=product&p=21039\",\"name\":\"Wst\u0119pne leczenie ANTYEFLORESCENCYJNE, Tenax - Diaplast\",\"isPartOf\":{\"@id\":\"https:\/\/diaplast.lt\/#website\"},\"primaryImageOfPage\":{\"@id\":\"https:\/\/diaplast.lt\/pl\/?post_type=product&p=21039#primaryimage\"},\"image\":{\"@id\":\"https:\/\/diaplast.lt\/pl\/?post_type=product&p=21039#primaryimage\"},\"thumbnailUrl\":\"https:\/\/diaplast.lt\/wp-content\/uploads\/2025\/02\/IANTIEFFL-1.0.jpg\",\"datePublished\":\"2025-02-07T12:37:15+00:00\",\"dateModified\":\"2025-03-21T08:32:06+00:00\",\"breadcrumb\":{\"@id\":\"https:\/\/diaplast.lt\/pl\/?post_type=product&p=21039#breadcrumb\"},\"inLanguage\":\"pl-PL\",\"potentialAction\":[{\"@type\":\"ReadAction\",\"target\":[\"https:\/\/diaplast.lt\/pl\/?post_type=product&p=21039\"]}]},{\"@type\":\"ImageObject\",\"inLanguage\":\"pl-PL\",\"@id\":\"https:\/\/diaplast.lt\/pl\/?post_type=product&p=21039#primaryimage\",\"url\":\"https:\/\/diaplast.lt\/wp-content\/uploads\/2025\/02\/IANTIEFFL-1.0.jpg\",\"contentUrl\":\"https:\/\/diaplast.lt\/wp-content\/uploads\/2025\/02\/IANTIEFFL-1.0.jpg\",\"width\":1200,\"height\":1200},{\"@type\":\"BreadcrumbList\",\"@id\":\"https:\/\/diaplast.lt\/pl\/?post_type=product&p=21039#breadcrumb\",\"itemListElement\":[{\"@type\":\"ListItem\",\"position\":1,\"name\":\"Strona g\u0142\u00f3wna\",\"item\":\"https:\/\/diaplast.lt\/\"},{\"@type\":\"ListItem\",\"position\":2,\"name\":\"Zasi\u0119g\",\"item\":\"https:\/\/diaplast.lt\/pl\/asortyment\/\"},{\"@type\":\"ListItem\",\"position\":3,\"name\":\"Wst\u0119pne leczenie ANTYEFLORESCENCYJNE, Tenax\"}]},{\"@type\":\"WebSite\",\"@id\":\"https:\/\/diaplast.lt\/#website\",\"url\":\"https:\/\/diaplast.lt\/\",\"name\":\"Diaplast\",\"description\":\"Deimantini\u0173 instrument\u0173 gamyba ir prekyba\",\"publisher\":{\"@id\":\"https:\/\/diaplast.lt\/#organization\"},\"potentialAction\":[{\"@type\":\"SearchAction\",\"target\":{\"@type\":\"EntryPoint\",\"urlTemplate\":\"https:\/\/diaplast.lt\/?s={search_term_string}\"},\"query-input\":{\"@type\":\"PropertyValueSpecification\",\"valueRequired\":true,\"valueName\":\"search_term_string\"}}],\"inLanguage\":\"pl-PL\"},{\"@type\":\"Organization\",\"@id\":\"https:\/\/diaplast.lt\/#organization\",\"name\":\"Diaplast\",\"url\":\"https:\/\/diaplast.lt\/\",\"logo\":{\"@type\":\"ImageObject\",\"inLanguage\":\"pl-PL\",\"@id\":\"https:\/\/diaplast.lt\/#\/schema\/logo\/image\/\",\"url\":\"http:\/\/diaplast.lt\/wp-content\/uploads\/2022\/06\/ebaltveja-logo.png\",\"contentUrl\":\"http:\/\/diaplast.lt\/wp-content\/uploads\/2022\/06\/ebaltveja-logo.png\",\"width\":200,\"height\":69,\"caption\":\"Diaplast\"},\"image\":{\"@id\":\"https:\/\/diaplast.lt\/#\/schema\/logo\/image\/\"}}]}<\/script>\n<!-- \/ Yoast SEO plugin. -->","yoast_head_json":{"title":"Wst\u0119pne leczenie ANTYEFLORESCENCYJNE, Tenax - Diaplast","robots":{"index":"index","follow":"follow","max-snippet":"max-snippet:-1","max-image-preview":"max-image-preview:large","max-video-preview":"max-video-preview:-1"},"canonical":"https:\/\/diaplast.lt\/pl\/?post_type=product&p=21039","og_locale":"pl_PL","og_type":"article","og_title":"Wst\u0119pne leczenie ANTYEFLORESCENCYJNE, Tenax - Diaplast","og_description":"Gotowy do u\u017cycia produkt na bazie wody do marmuru, granitu, kamienia naturalnego i aglomerat\u00f3w. Zapobiega wnikaniu soli i innych zanieczyszcze\u0144 z pod\u0142o\u017ca w powierzchni\u0119. Nadaje si\u0119 do u\u017cytku wewn\u0105trz i na zewn\u0105trz. Tylko do u\u017cytku profesjonalnego.","og_url":"https:\/\/diaplast.lt\/pl\/?post_type=product&p=21039","og_site_name":"Diaplast","article_modified_time":"2025-03-21T08:32:06+00:00","og_image":[{"width":1200,"height":1200,"url":"http:\/\/diaplast.lt\/wp-content\/uploads\/2025\/02\/IANTIEFFL-1.0.jpg","type":"image\/jpeg"}],"twitter_card":"summary_large_image","twitter_misc":{"Szacowany czas czytania":"1 minuta"},"schema":{"@context":"https:\/\/schema.org","@graph":[{"@type":"WebPage","@id":"https:\/\/diaplast.lt\/pl\/?post_type=product&p=21039","url":"https:\/\/diaplast.lt\/pl\/?post_type=product&p=21039","name":"Wst\u0119pne leczenie ANTYEFLORESCENCYJNE, Tenax - Diaplast","isPartOf":{"@id":"https:\/\/diaplast.lt\/#website"},"primaryImageOfPage":{"@id":"https:\/\/diaplast.lt\/pl\/?post_type=product&p=21039#primaryimage"},"image":{"@id":"https:\/\/diaplast.lt\/pl\/?post_type=product&p=21039#primaryimage"},"thumbnailUrl":"https:\/\/diaplast.lt\/wp-content\/uploads\/2025\/02\/IANTIEFFL-1.0.jpg","datePublished":"2025-02-07T12:37:15+00:00","dateModified":"2025-03-21T08:32:06+00:00","breadcrumb":{"@id":"https:\/\/diaplast.lt\/pl\/?post_type=product&p=21039#breadcrumb"},"inLanguage":"pl-PL","potentialAction":[{"@type":"ReadAction","target":["https:\/\/diaplast.lt\/pl\/?post_type=product&p=21039"]}]},{"@type":"ImageObject","inLanguage":"pl-PL","@id":"https:\/\/diaplast.lt\/pl\/?post_type=product&p=21039#primaryimage","url":"https:\/\/diaplast.lt\/wp-content\/uploads\/2025\/02\/IANTIEFFL-1.0.jpg","contentUrl":"https:\/\/diaplast.lt\/wp-content\/uploads\/2025\/02\/IANTIEFFL-1.0.jpg","width":1200,"height":1200},{"@type":"BreadcrumbList","@id":"https:\/\/diaplast.lt\/pl\/?post_type=product&p=21039#breadcrumb","itemListElement":[{"@type":"ListItem","position":1,"name":"Strona g\u0142\u00f3wna","item":"https:\/\/diaplast.lt\/"},{"@type":"ListItem","position":2,"name":"Zasi\u0119g","item":"https:\/\/diaplast.lt\/pl\/asortyment\/"},{"@type":"ListItem","position":3,"name":"Wst\u0119pne leczenie ANTYEFLORESCENCYJNE, Tenax"}]},{"@type":"WebSite","@id":"https:\/\/diaplast.lt\/#website","url":"https:\/\/diaplast.lt\/","name":"Diaplast","description":"Deimantini\u0173 instrument\u0173 gamyba ir prekyba","publisher":{"@id":"https:\/\/diaplast.lt\/#organization"},"potentialAction":[{"@type":"SearchAction","target":{"@type":"EntryPoint","urlTemplate":"https:\/\/diaplast.lt\/?s={search_term_string}"},"query-input":{"@type":"PropertyValueSpecification","valueRequired":true,"valueName":"search_term_string"}}],"inLanguage":"pl-PL"},{"@type":"Organization","@id":"https:\/\/diaplast.lt\/#organization","name":"Diaplast","url":"https:\/\/diaplast.lt\/","logo":{"@type":"ImageObject","inLanguage":"pl-PL","@id":"https:\/\/diaplast.lt\/#\/schema\/logo\/image\/","url":"http:\/\/diaplast.lt\/wp-content\/uploads\/2022\/06\/ebaltveja-logo.png","contentUrl":"http:\/\/diaplast.lt\/wp-content\/uploads\/2022\/06\/ebaltveja-logo.png","width":200,"height":69,"caption":"Diaplast"},"image":{"@id":"https:\/\/diaplast.lt\/#\/schema\/logo\/image\/"}}]}},"_links":{"self":[{"href":"https:\/\/diaplast.lt\/pl\/wp-json\/wp\/v2\/product\/21039","targetHints":{"allow":["GET"]}}],"collection":[{"href":"https:\/\/diaplast.lt\/pl\/wp-json\/wp\/v2\/product"}],"about":[{"href":"https:\/\/diaplast.lt\/pl\/wp-json\/wp\/v2\/types\/product"}],"version-history":[{"count":1,"href":"https:\/\/diaplast.lt\/pl\/wp-json\/wp\/v2\/product\/21039\/revisions"}],"predecessor-version":[{"id":21041,"href":"https:\/\/diaplast.lt\/pl\/wp-json\/wp\/v2\/product\/21039\/revisions\/21041"}],"wp:featuredmedia":[{"embeddable":true,"href":"https:\/\/diaplast.lt\/pl\/wp-json\/wp\/v2\/media\/17180"}],"wp:attachment":[{"href":"https:\/\/diaplast.lt\/pl\/wp-json\/wp\/v2\/media?parent=21039"}],"wp:term":[{"taxonomy":"product_brand","embeddable":true,"href":"https:\/\/diaplast.lt\/pl\/wp-json\/wp\/v2\/product_brand?post=21039"},{"taxonomy":"product_cat","embeddable":true,"href":"https:\/\/diaplast.lt\/pl\/wp-json\/wp\/v2\/product_cat?post=21039"},{"taxonomy":"product_tag","embeddable":true,"href":"https:\/\/diaplast.lt\/pl\/wp-json\/wp\/v2\/product_tag?post=21039"}],"curies":[{"name":"wp","href":"https:\/\/api.w.org\/{rel}","templated":true}]}}