{"id":21172,"date":"2025-02-13T11:24:38","date_gmt":"2025-02-13T08:24:38","guid":{"rendered":"https:\/\/diaplast.lt\/produktas\/obrobka-wstepna-kamienia-i-plytek-dekoracyjnych-hmk-s749-moeller-chemie\/"},"modified":"2025-03-21T11:32:31","modified_gmt":"2025-03-21T08:32:31","slug":"obrobka-wstepna-kamienia-i-plytek-dekoracyjnych-hmk-s749-moeller-chemie","status":"publish","type":"product","link":"https:\/\/diaplast.lt\/pl\/produkt\/obrobka-wstepna-kamienia-i-plytek-dekoracyjnych-hmk-s749-moeller-chemie\/","title":{"rendered":"Obr\u00f3bka wst\u0119pna kamienia i p\u0142ytek dekoracyjnych HMK S749, M\u00f6eller Chemie"},"content":{"rendered":"<p><strong>Spos\u00f3b u\u017cycia<\/strong>: Produkt nale\u017cy nak\u0142ada\u0107 ze wszystkich stron. Produkt nale\u017cy nak\u0142ada\u0107 r\u00f3wnomiernie cienkimi warstwami za pomoc\u0105 p\u0119dzla, szczotki lub wa\u0142ka, nie pozostawiaj\u0105c ka\u0142u\u017c. Produkt mo\u017cna r\u00f3wnie\u017c rozpyla\u0107 lub zanurza\u0107 w wyko\u0144czeniu. Po 10 minutach usun\u0105\u0107 wszelkie pozosta\u0142o\u015bci r\u0119cznikiem papierowym. Po wyschni\u0119ciu (ok. 30 min) elementy mo\u017cna przymocowa\u0107 do pod\u0142o\u017ca za pomoc\u0105 kleju lub zaprawy. Zalecamy dodatkow\u0105 impregnacj\u0119 w celu poprawy w\u0142a\u015bciwo\u015bci powierzchni.     <\/p>\n<p>Nie wolno chodzi\u0107 po nieosuszonych powierzchniach. W obszarze roboczym nie mo\u017ce znajdowa\u0107 si\u0119 \u017cywno\u015b\u0107. <\/p>\n<p>Aby unikn\u0105\u0107 wad w obr\u00f3bce chemicznej i okre\u015bli\u0107 wymagany czas czyszczenia, zaleca si\u0119 przetestowanie dzia\u0142ania produktu na nadmiarowym kawa\u0142ku tego samego kamienia lub na niewidocznej stronie produktu.<\/p>\n<p><strong>Zu\u017cycie:<\/strong> 5-10<sup>m2\/1L<\/sup>, w zale\u017cno\u015bci od ch\u0142onno\u015bci powierzchni.<\/p>\n<p>Przechowywa\u0107 w szczelnie zamkni\u0119tym opakowaniu w ch\u0142odnym miejscu niedost\u0119pnym dla dzieci. Data produkcji znajduje si\u0119 na opakowaniu. Okres trwa\u0142o\u015bci 1 rok.   <\/p>\n","protected":false},"excerpt":{"rendered":"<p>Jest to gotowy do u\u017cycia, bezrozpuszczalnikowy \u015brodek impregnuj\u0105cy. Wyko\u0144czenia powinny by\u0107 impregnowane przed instalacj\u0105. <\/p>\n<p>Zmniejsza higroskopijno\u015b\u0107 materia\u0142\u00f3w, przenikanie wody i soli do powierzchni oraz przenikanie wody i szpachli do materia\u0142\u00f3w, zmniejszaj\u0105c w ten spos\u00f3b prawdopodobie\u0144stwo negatywnych g\u0142\u0119bokich reakcji. Zmniejsza ryzyko deformacji. <\/p>\n<p>Nadaje si\u0119 do kamienia naturalnego i sztucznego, p\u0142ytek ceramicznych, powierzchni ceglanych.<\/p>\n<p><strong>Nie nadaje si\u0119 do wszystkich r<\/strong><strong>\u016b<\/strong><strong>dla tych \u0142upk\u00f3w i p\u0142ytek ceramicznych, granitu ceramicznego i materia\u0142\u00f3w kompozytowych!<\/strong><\/p>\n<p>Do prac wewn\u0119trznych i zewn\u0119trznych.<\/p>\n","protected":false},"featured_media":17328,"template":"","meta":[],"product_brand":[],"product_cat":[774,778],"product_tag":[],"class_list":{"0":"post-21172","1":"product","2":"type-product","3":"status-publish","4":"has-post-thumbnail","6":"product_cat-srodki-chemiczne-do-kamienia-i-betonu","7":"product_cat-impregnaty","8":"pa_gamintojas-moeller-chemie-pl","9":"pa_paskirtis-dla-kamienia","10":"pa_paskirtis-do-wykanczania-plytek","11":"pa_talpa-1l-pl","13":"first","14":"instock","15":"taxable","16":"shipping-taxable","17":"purchasable","18":"product-type-simple"},"yoast_head":"<!-- This site is optimized with the Yoast SEO plugin v26.0 - https:\/\/yoast.com\/wordpress\/plugins\/seo\/ -->\n<title>Obr\u00f3bka wst\u0119pna kamienia i p\u0142ytek dekoracyjnych HMK S749, M\u00f6eller Chemie - Diaplast<\/title>\n<meta name=\"robots\" content=\"index, follow, max-snippet:-1, max-image-preview:large, max-video-preview:-1\" \/>\n<link rel=\"canonical\" href=\"https:\/\/diaplast.lt\/pl\/?post_type=product&p=21172\" \/>\n<meta property=\"og:locale\" content=\"pl_PL\" \/>\n<meta property=\"og:type\" content=\"article\" \/>\n<meta property=\"og:title\" content=\"Obr\u00f3bka wst\u0119pna kamienia i p\u0142ytek dekoracyjnych HMK S749, M\u00f6eller Chemie - Diaplast\" \/>\n<meta property=\"og:description\" content=\"Jest to gotowy do u\u017cycia, bezrozpuszczalnikowy \u015brodek impregnuj\u0105cy. Wyko\u0144czenia powinny by\u0107 impregnowane przed instalacj\u0105.  Zmniejsza higroskopijno\u015b\u0107 materia\u0142\u00f3w, przenikanie wody i soli do powierzchni oraz przenikanie wody i szpachli do materia\u0142\u00f3w, zmniejszaj\u0105c w ten spos\u00f3b prawdopodobie\u0144stwo negatywnych g\u0142\u0119bokich reakcji. Zmniejsza ryzyko deformacji.  Nadaje si\u0119 do kamienia naturalnego i sztucznego, p\u0142ytek ceramicznych, powierzchni ceglanych. Nie nadaje si\u0119 do wszystkich r\u016bdla tych \u0142upk\u00f3w i p\u0142ytek ceramicznych, granitu ceramicznego i materia\u0142\u00f3w kompozytowych! Do prac wewn\u0119trznych i zewn\u0119trznych.\" \/>\n<meta property=\"og:url\" content=\"https:\/\/diaplast.lt\/pl\/?post_type=product&amp;p=21172\" \/>\n<meta property=\"og:site_name\" content=\"Diaplast\" \/>\n<meta property=\"article:modified_time\" content=\"2025-03-21T08:32:31+00:00\" \/>\n<meta property=\"og:image\" content=\"http:\/\/diaplast.lt\/wp-content\/uploads\/2025\/02\/HMK-S749.jpg\" \/>\n\t<meta property=\"og:image:width\" content=\"1200\" \/>\n\t<meta property=\"og:image:height\" content=\"901\" \/>\n\t<meta property=\"og:image:type\" content=\"image\/jpeg\" \/>\n<meta name=\"twitter:card\" content=\"summary_large_image\" \/>\n<meta name=\"twitter:label1\" content=\"Szacowany czas czytania\" \/>\n\t<meta name=\"twitter:data1\" content=\"1 minuta\" \/>\n<script type=\"application\/ld+json\" class=\"yoast-schema-graph\">{\"@context\":\"https:\/\/schema.org\",\"@graph\":[{\"@type\":\"WebPage\",\"@id\":\"https:\/\/diaplast.lt\/pl\/?post_type=product&p=21172\",\"url\":\"https:\/\/diaplast.lt\/pl\/?post_type=product&p=21172\",\"name\":\"Obr\u00f3bka wst\u0119pna kamienia i p\u0142ytek dekoracyjnych HMK S749, M\u00f6eller Chemie - Diaplast\",\"isPartOf\":{\"@id\":\"https:\/\/diaplast.lt\/#website\"},\"primaryImageOfPage\":{\"@id\":\"https:\/\/diaplast.lt\/pl\/?post_type=product&p=21172#primaryimage\"},\"image\":{\"@id\":\"https:\/\/diaplast.lt\/pl\/?post_type=product&p=21172#primaryimage\"},\"thumbnailUrl\":\"https:\/\/diaplast.lt\/wp-content\/uploads\/2025\/02\/HMK-S749.jpg\",\"datePublished\":\"2025-02-13T08:24:38+00:00\",\"dateModified\":\"2025-03-21T08:32:31+00:00\",\"breadcrumb\":{\"@id\":\"https:\/\/diaplast.lt\/pl\/?post_type=product&p=21172#breadcrumb\"},\"inLanguage\":\"pl-PL\",\"potentialAction\":[{\"@type\":\"ReadAction\",\"target\":[\"https:\/\/diaplast.lt\/pl\/?post_type=product&p=21172\"]}]},{\"@type\":\"ImageObject\",\"inLanguage\":\"pl-PL\",\"@id\":\"https:\/\/diaplast.lt\/pl\/?post_type=product&p=21172#primaryimage\",\"url\":\"https:\/\/diaplast.lt\/wp-content\/uploads\/2025\/02\/HMK-S749.jpg\",\"contentUrl\":\"https:\/\/diaplast.lt\/wp-content\/uploads\/2025\/02\/HMK-S749.jpg\",\"width\":1200,\"height\":901},{\"@type\":\"BreadcrumbList\",\"@id\":\"https:\/\/diaplast.lt\/pl\/?post_type=product&p=21172#breadcrumb\",\"itemListElement\":[{\"@type\":\"ListItem\",\"position\":1,\"name\":\"Strona g\u0142\u00f3wna\",\"item\":\"https:\/\/diaplast.lt\/\"},{\"@type\":\"ListItem\",\"position\":2,\"name\":\"Zasi\u0119g\",\"item\":\"https:\/\/diaplast.lt\/pl\/asortyment\/\"},{\"@type\":\"ListItem\",\"position\":3,\"name\":\"Obr\u00f3bka wst\u0119pna kamienia i p\u0142ytek dekoracyjnych HMK S749, M\u00f6eller Chemie\"}]},{\"@type\":\"WebSite\",\"@id\":\"https:\/\/diaplast.lt\/#website\",\"url\":\"https:\/\/diaplast.lt\/\",\"name\":\"Diaplast\",\"description\":\"Deimantini\u0173 instrument\u0173 gamyba ir prekyba\",\"publisher\":{\"@id\":\"https:\/\/diaplast.lt\/#organization\"},\"potentialAction\":[{\"@type\":\"SearchAction\",\"target\":{\"@type\":\"EntryPoint\",\"urlTemplate\":\"https:\/\/diaplast.lt\/?s={search_term_string}\"},\"query-input\":{\"@type\":\"PropertyValueSpecification\",\"valueRequired\":true,\"valueName\":\"search_term_string\"}}],\"inLanguage\":\"pl-PL\"},{\"@type\":\"Organization\",\"@id\":\"https:\/\/diaplast.lt\/#organization\",\"name\":\"Diaplast\",\"url\":\"https:\/\/diaplast.lt\/\",\"logo\":{\"@type\":\"ImageObject\",\"inLanguage\":\"pl-PL\",\"@id\":\"https:\/\/diaplast.lt\/#\/schema\/logo\/image\/\",\"url\":\"http:\/\/diaplast.lt\/wp-content\/uploads\/2022\/06\/ebaltveja-logo.png\",\"contentUrl\":\"http:\/\/diaplast.lt\/wp-content\/uploads\/2022\/06\/ebaltveja-logo.png\",\"width\":200,\"height\":69,\"caption\":\"Diaplast\"},\"image\":{\"@id\":\"https:\/\/diaplast.lt\/#\/schema\/logo\/image\/\"}}]}<\/script>\n<!-- \/ Yoast SEO plugin. -->","yoast_head_json":{"title":"Obr\u00f3bka wst\u0119pna kamienia i p\u0142ytek dekoracyjnych HMK S749, M\u00f6eller Chemie - Diaplast","robots":{"index":"index","follow":"follow","max-snippet":"max-snippet:-1","max-image-preview":"max-image-preview:large","max-video-preview":"max-video-preview:-1"},"canonical":"https:\/\/diaplast.lt\/pl\/?post_type=product&p=21172","og_locale":"pl_PL","og_type":"article","og_title":"Obr\u00f3bka wst\u0119pna kamienia i p\u0142ytek dekoracyjnych HMK S749, M\u00f6eller Chemie - Diaplast","og_description":"Jest to gotowy do u\u017cycia, bezrozpuszczalnikowy \u015brodek impregnuj\u0105cy. Wyko\u0144czenia powinny by\u0107 impregnowane przed instalacj\u0105.  Zmniejsza higroskopijno\u015b\u0107 materia\u0142\u00f3w, przenikanie wody i soli do powierzchni oraz przenikanie wody i szpachli do materia\u0142\u00f3w, zmniejszaj\u0105c w ten spos\u00f3b prawdopodobie\u0144stwo negatywnych g\u0142\u0119bokich reakcji. Zmniejsza ryzyko deformacji.  Nadaje si\u0119 do kamienia naturalnego i sztucznego, p\u0142ytek ceramicznych, powierzchni ceglanych. Nie nadaje si\u0119 do wszystkich r\u016bdla tych \u0142upk\u00f3w i p\u0142ytek ceramicznych, granitu ceramicznego i materia\u0142\u00f3w kompozytowych! Do prac wewn\u0119trznych i zewn\u0119trznych.","og_url":"https:\/\/diaplast.lt\/pl\/?post_type=product&p=21172","og_site_name":"Diaplast","article_modified_time":"2025-03-21T08:32:31+00:00","og_image":[{"width":1200,"height":901,"url":"http:\/\/diaplast.lt\/wp-content\/uploads\/2025\/02\/HMK-S749.jpg","type":"image\/jpeg"}],"twitter_card":"summary_large_image","twitter_misc":{"Szacowany czas czytania":"1 minuta"},"schema":{"@context":"https:\/\/schema.org","@graph":[{"@type":"WebPage","@id":"https:\/\/diaplast.lt\/pl\/?post_type=product&p=21172","url":"https:\/\/diaplast.lt\/pl\/?post_type=product&p=21172","name":"Obr\u00f3bka wst\u0119pna kamienia i p\u0142ytek dekoracyjnych HMK S749, M\u00f6eller Chemie - Diaplast","isPartOf":{"@id":"https:\/\/diaplast.lt\/#website"},"primaryImageOfPage":{"@id":"https:\/\/diaplast.lt\/pl\/?post_type=product&p=21172#primaryimage"},"image":{"@id":"https:\/\/diaplast.lt\/pl\/?post_type=product&p=21172#primaryimage"},"thumbnailUrl":"https:\/\/diaplast.lt\/wp-content\/uploads\/2025\/02\/HMK-S749.jpg","datePublished":"2025-02-13T08:24:38+00:00","dateModified":"2025-03-21T08:32:31+00:00","breadcrumb":{"@id":"https:\/\/diaplast.lt\/pl\/?post_type=product&p=21172#breadcrumb"},"inLanguage":"pl-PL","potentialAction":[{"@type":"ReadAction","target":["https:\/\/diaplast.lt\/pl\/?post_type=product&p=21172"]}]},{"@type":"ImageObject","inLanguage":"pl-PL","@id":"https:\/\/diaplast.lt\/pl\/?post_type=product&p=21172#primaryimage","url":"https:\/\/diaplast.lt\/wp-content\/uploads\/2025\/02\/HMK-S749.jpg","contentUrl":"https:\/\/diaplast.lt\/wp-content\/uploads\/2025\/02\/HMK-S749.jpg","width":1200,"height":901},{"@type":"BreadcrumbList","@id":"https:\/\/diaplast.lt\/pl\/?post_type=product&p=21172#breadcrumb","itemListElement":[{"@type":"ListItem","position":1,"name":"Strona g\u0142\u00f3wna","item":"https:\/\/diaplast.lt\/"},{"@type":"ListItem","position":2,"name":"Zasi\u0119g","item":"https:\/\/diaplast.lt\/pl\/asortyment\/"},{"@type":"ListItem","position":3,"name":"Obr\u00f3bka wst\u0119pna kamienia i p\u0142ytek dekoracyjnych HMK S749, M\u00f6eller Chemie"}]},{"@type":"WebSite","@id":"https:\/\/diaplast.lt\/#website","url":"https:\/\/diaplast.lt\/","name":"Diaplast","description":"Deimantini\u0173 instrument\u0173 gamyba ir prekyba","publisher":{"@id":"https:\/\/diaplast.lt\/#organization"},"potentialAction":[{"@type":"SearchAction","target":{"@type":"EntryPoint","urlTemplate":"https:\/\/diaplast.lt\/?s={search_term_string}"},"query-input":{"@type":"PropertyValueSpecification","valueRequired":true,"valueName":"search_term_string"}}],"inLanguage":"pl-PL"},{"@type":"Organization","@id":"https:\/\/diaplast.lt\/#organization","name":"Diaplast","url":"https:\/\/diaplast.lt\/","logo":{"@type":"ImageObject","inLanguage":"pl-PL","@id":"https:\/\/diaplast.lt\/#\/schema\/logo\/image\/","url":"http:\/\/diaplast.lt\/wp-content\/uploads\/2022\/06\/ebaltveja-logo.png","contentUrl":"http:\/\/diaplast.lt\/wp-content\/uploads\/2022\/06\/ebaltveja-logo.png","width":200,"height":69,"caption":"Diaplast"},"image":{"@id":"https:\/\/diaplast.lt\/#\/schema\/logo\/image\/"}}]}},"_links":{"self":[{"href":"https:\/\/diaplast.lt\/pl\/wp-json\/wp\/v2\/product\/21172","targetHints":{"allow":["GET"]}}],"collection":[{"href":"https:\/\/diaplast.lt\/pl\/wp-json\/wp\/v2\/product"}],"about":[{"href":"https:\/\/diaplast.lt\/pl\/wp-json\/wp\/v2\/types\/product"}],"version-history":[{"count":1,"href":"https:\/\/diaplast.lt\/pl\/wp-json\/wp\/v2\/product\/21172\/revisions"}],"predecessor-version":[{"id":21174,"href":"https:\/\/diaplast.lt\/pl\/wp-json\/wp\/v2\/product\/21172\/revisions\/21174"}],"wp:featuredmedia":[{"embeddable":true,"href":"https:\/\/diaplast.lt\/pl\/wp-json\/wp\/v2\/media\/17328"}],"wp:attachment":[{"href":"https:\/\/diaplast.lt\/pl\/wp-json\/wp\/v2\/media?parent=21172"}],"wp:term":[{"taxonomy":"product_brand","embeddable":true,"href":"https:\/\/diaplast.lt\/pl\/wp-json\/wp\/v2\/product_brand?post=21172"},{"taxonomy":"product_cat","embeddable":true,"href":"https:\/\/diaplast.lt\/pl\/wp-json\/wp\/v2\/product_cat?post=21172"},{"taxonomy":"product_tag","embeddable":true,"href":"https:\/\/diaplast.lt\/pl\/wp-json\/wp\/v2\/product_tag?post=21172"}],"curies":[{"name":"wp","href":"https:\/\/api.w.org\/{rel}","templated":true}]}}