{"id":21180,"date":"2025-02-13T11:17:51","date_gmt":"2025-02-13T08:17:51","guid":{"rendered":"https:\/\/diaplast.lt\/produktas\/impregnat-hmk-s235-moeller-chemie\/"},"modified":"2025-03-21T11:32:33","modified_gmt":"2025-03-21T08:32:33","slug":"impregnat-hmk-s235-moeller-chemie","status":"publish","type":"product","link":"https:\/\/diaplast.lt\/pl\/produkt\/impregnat-hmk-s235-moeller-chemie\/","title":{"rendered":"Impregnat HMK S235, M\u00f6eller Chemie"},"content":{"rendered":"<p><strong>Zastosowanie<\/strong>: powierzchnia musi by\u0107 sucha (wilgotno\u015b\u0107 resztkowa &lt;2-4%) i czysta. Przed rozpocz\u0119ciem pracy nale\u017cy wy\u0142\u0105czy\u0107 ogrzewanie pod\u0142ogowe. Powierzchnia musi mie\u0107 temperatur\u0119 pokojow\u0105. Temperatura aplikacji od +12 do <sup>+25oC<\/sup>. Produkt nak\u0142ada\u0107 r\u00f3wnomiernie p\u0119dzlem, szczotk\u0105 lub wa\u0142kiem, nie pozostawiaj\u0105c ka\u0142u\u017c. Powt\u00f3rzy\u0107 procedur\u0119 dla dobrze wch\u0142oni\u0119tych powierzchni. Nie chodzi\u0107 po powierzchniach, kt\u00f3re nie wysch\u0142y. Chroni\u0107 powierzchni\u0119 przed deszczem i wilgoci\u0105 przez 12 godzin. Aby unikn\u0105\u0107 wad w obr\u00f3bce chemicznej i okre\u015bli\u0107 wymagany czas impregnacji, zaleca si\u0119 przetestowanie dzia\u0142ania produktu na nadmiarowym kawa\u0142ku tego samego kamienia lub na niewidocznej stronie produktu.       <\/p>\n<p>Produkt wysycha w ci\u0105gu oko\u0142o 4-6 godzin.<\/p>\n<p><strong>Wa\u017cne<\/strong>:  <strong>Nie stosowa\u0107 do impregnacji gumy, tworzyw sztucznych, powierzchni lakierowanych, polerowanych i materia\u0142\u00f3w zawieraj\u0105cych rozpuszczalniki. W obszarze roboczym nie mog\u0105 znajdowa\u0107 si\u0119 \u017cadne \u015brodki spo\u017cywcze. <\/strong><\/p>\n<p><strong>Zu\u017cycie:<\/strong> 5-10<sup>m2\/l<\/sup>, w zale\u017cno\u015bci od ch\u0142onno\u015bci powierzchni.<\/p>\n<p>Przechowywa\u0107 w szczelnie zamkni\u0119tym opakowaniu w ch\u0142odnym miejscu niedost\u0119pnym dla dzieci. Data produkcji znajduje si\u0119 na opakowaniu. Okres trwa\u0142o\u015bci 2 lata.   <\/p>\n<p>Po wyschni\u0119ciu produkt nie jest niebezpieczny dla zdrowia.<\/p>\n","protected":false},"excerpt":{"rendered":"<p>Jest to gotowy do u\u017cycia impregnat silikonowy na bazie akrylu, kt\u00f3ry ogranicza wnikanie brudu i wilgoci.<\/p>\n<p>Optymalnie podkre\u015bla kolor i tekstur\u0119 kamienia. Po wyschni\u0119ciu powierzchnia staje si\u0119 <strong>matowa<\/strong>. S\u0142abo ch\u0142onne powierzchnie uzyskuj\u0105 niski matowy po\u0142ysk.  <\/p>\n<p>Nadaje si\u0119 do szorstkich, grubo szlifowanych lub piaskowanych, bardzo ch\u0142onnych powierzchni z wapienia, granitu, marmuru, piaskowca, betonu, lastryko.<\/p>\n<p><strong>Nie nadaje si\u0119 do p\u0142ytek ceramicznych, terakoty i klinkieru, polerowanych i drobno szlifowanych powierzchni<\/strong>.<\/p>\n<p><strong>Nie u\u017cywa\u0107 w wilgotnych miejscach<\/strong>.<\/p>\n<p>Nadaje si\u0119 tylko do prac wewn\u0119trznych.<\/p>\n","protected":false},"featured_media":17318,"template":"","meta":[],"product_brand":[],"product_cat":[774,778],"product_tag":[],"class_list":{"0":"post-21180","1":"product","2":"type-product","3":"status-publish","4":"has-post-thumbnail","6":"product_cat-srodki-chemiczne-do-kamienia-i-betonu","7":"product_cat-impregnaty","8":"pa_gamintojas-moeller-chemie-pl","9":"pa_paskirtis-dla-kamienia","10":"pa_paskirtis-dla-betonu","11":"pa_talpa-1l-pl","13":"first","14":"instock","15":"taxable","16":"shipping-taxable","17":"purchasable","18":"product-type-simple"},"yoast_head":"<!-- This site is optimized with the Yoast SEO plugin v26.0 - https:\/\/yoast.com\/wordpress\/plugins\/seo\/ -->\n<title>Impregnat HMK S235, M\u00f6eller Chemie - Diaplast<\/title>\n<meta name=\"robots\" content=\"index, follow, max-snippet:-1, max-image-preview:large, max-video-preview:-1\" \/>\n<link rel=\"canonical\" href=\"https:\/\/diaplast.lt\/pl\/?post_type=product&p=21180\" \/>\n<meta property=\"og:locale\" content=\"pl_PL\" \/>\n<meta property=\"og:type\" content=\"article\" \/>\n<meta property=\"og:title\" content=\"Impregnat HMK S235, M\u00f6eller Chemie - Diaplast\" \/>\n<meta property=\"og:description\" content=\"Jest to gotowy do u\u017cycia impregnat silikonowy na bazie akrylu, kt\u00f3ry ogranicza wnikanie brudu i wilgoci. Optymalnie podkre\u015bla kolor i tekstur\u0119 kamienia. Po wyschni\u0119ciu powierzchnia staje si\u0119 matowa. S\u0142abo ch\u0142onne powierzchnie uzyskuj\u0105 niski matowy po\u0142ysk.  Nadaje si\u0119 do szorstkich, grubo szlifowanych lub piaskowanych, bardzo ch\u0142onnych powierzchni z wapienia, granitu, marmuru, piaskowca, betonu, lastryko. Nie nadaje si\u0119 do p\u0142ytek ceramicznych, terakoty i klinkieru, polerowanych i drobno szlifowanych powierzchni. Nie u\u017cywa\u0107 w wilgotnych miejscach. Nadaje si\u0119 tylko do prac wewn\u0119trznych.\" \/>\n<meta property=\"og:url\" content=\"https:\/\/diaplast.lt\/pl\/?post_type=product&amp;p=21180\" \/>\n<meta property=\"og:site_name\" content=\"Diaplast\" \/>\n<meta property=\"article:modified_time\" content=\"2025-03-21T08:32:33+00:00\" \/>\n<meta property=\"og:image\" content=\"http:\/\/diaplast.lt\/wp-content\/uploads\/2025\/02\/HMK-S235.jpg\" \/>\n\t<meta property=\"og:image:width\" content=\"1200\" \/>\n\t<meta property=\"og:image:height\" content=\"1169\" \/>\n\t<meta property=\"og:image:type\" content=\"image\/jpeg\" \/>\n<meta name=\"twitter:card\" content=\"summary_large_image\" \/>\n<meta name=\"twitter:label1\" content=\"Szacowany czas czytania\" \/>\n\t<meta name=\"twitter:data1\" content=\"1 minuta\" \/>\n<script type=\"application\/ld+json\" class=\"yoast-schema-graph\">{\"@context\":\"https:\/\/schema.org\",\"@graph\":[{\"@type\":\"WebPage\",\"@id\":\"https:\/\/diaplast.lt\/pl\/?post_type=product&p=21180\",\"url\":\"https:\/\/diaplast.lt\/pl\/?post_type=product&p=21180\",\"name\":\"Impregnat HMK S235, M\u00f6eller Chemie - Diaplast\",\"isPartOf\":{\"@id\":\"https:\/\/diaplast.lt\/#website\"},\"primaryImageOfPage\":{\"@id\":\"https:\/\/diaplast.lt\/pl\/?post_type=product&p=21180#primaryimage\"},\"image\":{\"@id\":\"https:\/\/diaplast.lt\/pl\/?post_type=product&p=21180#primaryimage\"},\"thumbnailUrl\":\"https:\/\/diaplast.lt\/wp-content\/uploads\/2025\/02\/HMK-S235.jpg\",\"datePublished\":\"2025-02-13T08:17:51+00:00\",\"dateModified\":\"2025-03-21T08:32:33+00:00\",\"breadcrumb\":{\"@id\":\"https:\/\/diaplast.lt\/pl\/?post_type=product&p=21180#breadcrumb\"},\"inLanguage\":\"pl-PL\",\"potentialAction\":[{\"@type\":\"ReadAction\",\"target\":[\"https:\/\/diaplast.lt\/pl\/?post_type=product&p=21180\"]}]},{\"@type\":\"ImageObject\",\"inLanguage\":\"pl-PL\",\"@id\":\"https:\/\/diaplast.lt\/pl\/?post_type=product&p=21180#primaryimage\",\"url\":\"https:\/\/diaplast.lt\/wp-content\/uploads\/2025\/02\/HMK-S235.jpg\",\"contentUrl\":\"https:\/\/diaplast.lt\/wp-content\/uploads\/2025\/02\/HMK-S235.jpg\",\"width\":1200,\"height\":1169},{\"@type\":\"BreadcrumbList\",\"@id\":\"https:\/\/diaplast.lt\/pl\/?post_type=product&p=21180#breadcrumb\",\"itemListElement\":[{\"@type\":\"ListItem\",\"position\":1,\"name\":\"Strona g\u0142\u00f3wna\",\"item\":\"https:\/\/diaplast.lt\/\"},{\"@type\":\"ListItem\",\"position\":2,\"name\":\"Zasi\u0119g\",\"item\":\"https:\/\/diaplast.lt\/pl\/asortyment\/\"},{\"@type\":\"ListItem\",\"position\":3,\"name\":\"Impregnat HMK S235, M\u00f6eller Chemie\"}]},{\"@type\":\"WebSite\",\"@id\":\"https:\/\/diaplast.lt\/#website\",\"url\":\"https:\/\/diaplast.lt\/\",\"name\":\"Diaplast\",\"description\":\"Deimantini\u0173 instrument\u0173 gamyba ir prekyba\",\"publisher\":{\"@id\":\"https:\/\/diaplast.lt\/#organization\"},\"potentialAction\":[{\"@type\":\"SearchAction\",\"target\":{\"@type\":\"EntryPoint\",\"urlTemplate\":\"https:\/\/diaplast.lt\/?s={search_term_string}\"},\"query-input\":{\"@type\":\"PropertyValueSpecification\",\"valueRequired\":true,\"valueName\":\"search_term_string\"}}],\"inLanguage\":\"pl-PL\"},{\"@type\":\"Organization\",\"@id\":\"https:\/\/diaplast.lt\/#organization\",\"name\":\"Diaplast\",\"url\":\"https:\/\/diaplast.lt\/\",\"logo\":{\"@type\":\"ImageObject\",\"inLanguage\":\"pl-PL\",\"@id\":\"https:\/\/diaplast.lt\/#\/schema\/logo\/image\/\",\"url\":\"http:\/\/diaplast.lt\/wp-content\/uploads\/2022\/06\/ebaltveja-logo.png\",\"contentUrl\":\"http:\/\/diaplast.lt\/wp-content\/uploads\/2022\/06\/ebaltveja-logo.png\",\"width\":200,\"height\":69,\"caption\":\"Diaplast\"},\"image\":{\"@id\":\"https:\/\/diaplast.lt\/#\/schema\/logo\/image\/\"}}]}<\/script>\n<!-- \/ Yoast SEO plugin. -->","yoast_head_json":{"title":"Impregnat HMK S235, M\u00f6eller Chemie - Diaplast","robots":{"index":"index","follow":"follow","max-snippet":"max-snippet:-1","max-image-preview":"max-image-preview:large","max-video-preview":"max-video-preview:-1"},"canonical":"https:\/\/diaplast.lt\/pl\/?post_type=product&p=21180","og_locale":"pl_PL","og_type":"article","og_title":"Impregnat HMK S235, M\u00f6eller Chemie - Diaplast","og_description":"Jest to gotowy do u\u017cycia impregnat silikonowy na bazie akrylu, kt\u00f3ry ogranicza wnikanie brudu i wilgoci. Optymalnie podkre\u015bla kolor i tekstur\u0119 kamienia. Po wyschni\u0119ciu powierzchnia staje si\u0119 matowa. S\u0142abo ch\u0142onne powierzchnie uzyskuj\u0105 niski matowy po\u0142ysk.  Nadaje si\u0119 do szorstkich, grubo szlifowanych lub piaskowanych, bardzo ch\u0142onnych powierzchni z wapienia, granitu, marmuru, piaskowca, betonu, lastryko. Nie nadaje si\u0119 do p\u0142ytek ceramicznych, terakoty i klinkieru, polerowanych i drobno szlifowanych powierzchni. Nie u\u017cywa\u0107 w wilgotnych miejscach. Nadaje si\u0119 tylko do prac wewn\u0119trznych.","og_url":"https:\/\/diaplast.lt\/pl\/?post_type=product&p=21180","og_site_name":"Diaplast","article_modified_time":"2025-03-21T08:32:33+00:00","og_image":[{"width":1200,"height":1169,"url":"http:\/\/diaplast.lt\/wp-content\/uploads\/2025\/02\/HMK-S235.jpg","type":"image\/jpeg"}],"twitter_card":"summary_large_image","twitter_misc":{"Szacowany czas czytania":"1 minuta"},"schema":{"@context":"https:\/\/schema.org","@graph":[{"@type":"WebPage","@id":"https:\/\/diaplast.lt\/pl\/?post_type=product&p=21180","url":"https:\/\/diaplast.lt\/pl\/?post_type=product&p=21180","name":"Impregnat HMK S235, M\u00f6eller Chemie - Diaplast","isPartOf":{"@id":"https:\/\/diaplast.lt\/#website"},"primaryImageOfPage":{"@id":"https:\/\/diaplast.lt\/pl\/?post_type=product&p=21180#primaryimage"},"image":{"@id":"https:\/\/diaplast.lt\/pl\/?post_type=product&p=21180#primaryimage"},"thumbnailUrl":"https:\/\/diaplast.lt\/wp-content\/uploads\/2025\/02\/HMK-S235.jpg","datePublished":"2025-02-13T08:17:51+00:00","dateModified":"2025-03-21T08:32:33+00:00","breadcrumb":{"@id":"https:\/\/diaplast.lt\/pl\/?post_type=product&p=21180#breadcrumb"},"inLanguage":"pl-PL","potentialAction":[{"@type":"ReadAction","target":["https:\/\/diaplast.lt\/pl\/?post_type=product&p=21180"]}]},{"@type":"ImageObject","inLanguage":"pl-PL","@id":"https:\/\/diaplast.lt\/pl\/?post_type=product&p=21180#primaryimage","url":"https:\/\/diaplast.lt\/wp-content\/uploads\/2025\/02\/HMK-S235.jpg","contentUrl":"https:\/\/diaplast.lt\/wp-content\/uploads\/2025\/02\/HMK-S235.jpg","width":1200,"height":1169},{"@type":"BreadcrumbList","@id":"https:\/\/diaplast.lt\/pl\/?post_type=product&p=21180#breadcrumb","itemListElement":[{"@type":"ListItem","position":1,"name":"Strona g\u0142\u00f3wna","item":"https:\/\/diaplast.lt\/"},{"@type":"ListItem","position":2,"name":"Zasi\u0119g","item":"https:\/\/diaplast.lt\/pl\/asortyment\/"},{"@type":"ListItem","position":3,"name":"Impregnat HMK S235, M\u00f6eller Chemie"}]},{"@type":"WebSite","@id":"https:\/\/diaplast.lt\/#website","url":"https:\/\/diaplast.lt\/","name":"Diaplast","description":"Deimantini\u0173 instrument\u0173 gamyba ir prekyba","publisher":{"@id":"https:\/\/diaplast.lt\/#organization"},"potentialAction":[{"@type":"SearchAction","target":{"@type":"EntryPoint","urlTemplate":"https:\/\/diaplast.lt\/?s={search_term_string}"},"query-input":{"@type":"PropertyValueSpecification","valueRequired":true,"valueName":"search_term_string"}}],"inLanguage":"pl-PL"},{"@type":"Organization","@id":"https:\/\/diaplast.lt\/#organization","name":"Diaplast","url":"https:\/\/diaplast.lt\/","logo":{"@type":"ImageObject","inLanguage":"pl-PL","@id":"https:\/\/diaplast.lt\/#\/schema\/logo\/image\/","url":"http:\/\/diaplast.lt\/wp-content\/uploads\/2022\/06\/ebaltveja-logo.png","contentUrl":"http:\/\/diaplast.lt\/wp-content\/uploads\/2022\/06\/ebaltveja-logo.png","width":200,"height":69,"caption":"Diaplast"},"image":{"@id":"https:\/\/diaplast.lt\/#\/schema\/logo\/image\/"}}]}},"_links":{"self":[{"href":"https:\/\/diaplast.lt\/pl\/wp-json\/wp\/v2\/product\/21180","targetHints":{"allow":["GET"]}}],"collection":[{"href":"https:\/\/diaplast.lt\/pl\/wp-json\/wp\/v2\/product"}],"about":[{"href":"https:\/\/diaplast.lt\/pl\/wp-json\/wp\/v2\/types\/product"}],"version-history":[{"count":1,"href":"https:\/\/diaplast.lt\/pl\/wp-json\/wp\/v2\/product\/21180\/revisions"}],"predecessor-version":[{"id":21184,"href":"https:\/\/diaplast.lt\/pl\/wp-json\/wp\/v2\/product\/21180\/revisions\/21184"}],"wp:featuredmedia":[{"embeddable":true,"href":"https:\/\/diaplast.lt\/pl\/wp-json\/wp\/v2\/media\/17318"}],"wp:attachment":[{"href":"https:\/\/diaplast.lt\/pl\/wp-json\/wp\/v2\/media?parent=21180"}],"wp:term":[{"taxonomy":"product_brand","embeddable":true,"href":"https:\/\/diaplast.lt\/pl\/wp-json\/wp\/v2\/product_brand?post=21180"},{"taxonomy":"product_cat","embeddable":true,"href":"https:\/\/diaplast.lt\/pl\/wp-json\/wp\/v2\/product_cat?post=21180"},{"taxonomy":"product_tag","embeddable":true,"href":"https:\/\/diaplast.lt\/pl\/wp-json\/wp\/v2\/product_tag?post=21180"}],"curies":[{"name":"wp","href":"https:\/\/api.w.org\/{rel}","templated":true}]}}