{"id":21206,"date":"2025-02-13T14:05:53","date_gmt":"2025-02-13T11:05:53","guid":{"rendered":"https:\/\/diaplast.lt\/produktas\/srodek-do-usuwania-cementu-rdzy-i-zanieczyszczen-budowlanych-hmk-r169-koncentrat-moeller-chemie\/"},"modified":"2025-03-21T11:34:42","modified_gmt":"2025-03-21T08:34:42","slug":"srodek-do-usuwania-cementu-rdzy-i-zanieczyszczen-budowlanych-hmk-r169-koncentrat-moeller-chemie","status":"publish","type":"product","link":"https:\/\/diaplast.lt\/pl\/produkt\/srodek-do-usuwania-cementu-rdzy-i-zanieczyszczen-budowlanych-hmk-r169-koncentrat-moeller-chemie\/","title":{"rendered":"\u015arodek do usuwania cementu, rdzy i zanieczyszcze\u0144 budowlanych HMK R169 (koncentrat), M\u00f6eller Chemie"},"content":{"rendered":"<p><strong>Zastosowanie:<\/strong> Do ochrony pobliskich powierzchni przed ewentualnymi wyciekami. Wy\u0142\u0105czy\u0107 ogrzewanie pod\u0142ogowe. Rozcie\u0144czy\u0107 produkt z wod\u0105 (1:2 do 1:10, w zale\u017cno\u015bci od poziomu zanieczyszczenia) i nanie\u015b\u0107 na sch\u0142odzon\u0105 i dok\u0142adnie zwil\u017con\u0105 powierzchni\u0119 za pomoc\u0105 mopa, miot\u0142y, szczotki lub innego odpowiedniego narz\u0119dzia. Odczeka\u0107 kilka minut (nie dopuszczaj\u0105c do wyschni\u0119cia), powt\u00f3rzy\u0107 czyszczenie i usun\u0105\u0107 wszelkie pozosta\u0142o\u015bci brudu. Nast\u0119pnie powierzchni\u0119 nale\u017cy dok\u0142adnie wyczy\u015bci\u0107 \u015brodkiem czyszcz\u0105cym R155 rozcie\u0144czonym wod\u0105 w stosunku oko\u0142o 1:20. Oczyszczon\u0105 powierzchni\u0119 nale\u017cy dok\u0142adnie sp\u0142uka\u0107 wod\u0105. W przypadku bardzo silnego zabrudzenia proces czyszczenia nale\u017cy powt\u00f3rzy\u0107.      <\/p>\n<p>Aby unikn\u0105\u0107 wad w obr\u00f3bce chemicznej i okre\u015bli\u0107 wymagany czas czyszczenia, zaleca si\u0119 przetestowanie dzia\u0142ania produktu na nadmiarowym kawa\u0142ku tego samego kamienia lub na niewidocznej stronie produktu. Temperatura obr\u00f3bki powinna wynosi\u0107 od +12 do +25 \u00b0C. <\/p>\n<p><strong>Wa\u017cne<\/strong>:  <strong>Unika\u0107 bezpo\u015bredniego \u015bwiat\u0142a s\u0142onecznego podczas przetwarzania. Powierzchnie wra\u017cliwe na kwasy, polerowany lub szlifowany marmur, lastryko, metale, tworzywa sztuczne mog\u0105 zosta\u0107 uszkodzone podczas czyszczenia.   <\/strong><\/p>\n<p><strong>Zu\u017cycie: <\/strong>oko\u0142o 10-60<sup>m2\/litr.<\/sup><\/p>\n<p>Przechowywa\u0107 w ch\u0142odnym i suchym miejscu, szczelnie zamkni\u0119te. Okres trwa\u0142o\u015bci wynosi kilka lat. <\/p>\n","protected":false},"excerpt":{"rendered":"<p>Jest to <strong>skoncentrowany<\/strong>, specjalny, \u0142agodnie pachn\u0105cy \u015brodek czyszcz\u0105cy na bazie kwasu do usuwania osad\u00f3w wapiennych, plam rdzy, pozosta\u0142o\u015bci cementu i zaprawy oraz zabrudze\u0144 po budowie ze wszystkich kwasoodpornych powierzchni z kamienia naturalnego. Specjalnie opracowany do czyszczenia polerowanych i twardych kamieni. Dzi\u0119ki zawartym w produkcie inhibitorom rdzy doskonale nadaje si\u0119 do czyszczenia powierzchni podatnych na rdz\u0119.  <\/p>\n<p>Usuwa r\u00f3wnie\u017c pozosta\u0142o\u015bci po polerowaniu i szlifowaniu.<\/p>\n<p>Nadaje si\u0119 do u\u017cytku wewn\u0105trz i na zewn\u0105trz pomieszcze\u0144.<\/p>\n","protected":false},"featured_media":17383,"template":"","meta":[],"product_brand":[],"product_cat":[774,782],"product_tag":[],"class_list":{"0":"post-21206","1":"product","2":"type-product","3":"status-publish","4":"has-post-thumbnail","6":"product_cat-srodki-chemiczne-do-kamienia-i-betonu","7":"product_cat-srodki-czyszczace","8":"pa_gamintojas-moeller-chemie-pl","9":"pa_paskirtis-dla-kamienia","10":"pa_talpa-1l-pl","12":"first","13":"instock","14":"taxable","15":"shipping-taxable","16":"purchasable","17":"product-type-simple"},"yoast_head":"<!-- This site is optimized with the Yoast SEO plugin v26.0 - https:\/\/yoast.com\/wordpress\/plugins\/seo\/ -->\n<title>\u015arodek do usuwania cementu, rdzy i zanieczyszcze\u0144 budowlanych HMK R169 (koncentrat), M\u00f6eller Chemie - Diaplast<\/title>\n<meta name=\"robots\" content=\"index, follow, max-snippet:-1, max-image-preview:large, max-video-preview:-1\" \/>\n<link rel=\"canonical\" href=\"https:\/\/diaplast.lt\/pl\/?post_type=product&p=21206\" \/>\n<meta property=\"og:locale\" content=\"pl_PL\" \/>\n<meta property=\"og:type\" content=\"article\" \/>\n<meta property=\"og:title\" content=\"\u015arodek do usuwania cementu, rdzy i zanieczyszcze\u0144 budowlanych HMK R169 (koncentrat), M\u00f6eller Chemie - Diaplast\" \/>\n<meta property=\"og:description\" content=\"Jest to skoncentrowany, specjalny, \u0142agodnie pachn\u0105cy \u015brodek czyszcz\u0105cy na bazie kwasu do usuwania osad\u00f3w wapiennych, plam rdzy, pozosta\u0142o\u015bci cementu i zaprawy oraz zabrudze\u0144 po budowie ze wszystkich kwasoodpornych powierzchni z kamienia naturalnego. Specjalnie opracowany do czyszczenia polerowanych i twardych kamieni. Dzi\u0119ki zawartym w produkcie inhibitorom rdzy doskonale nadaje si\u0119 do czyszczenia powierzchni podatnych na rdz\u0119.  Usuwa r\u00f3wnie\u017c pozosta\u0142o\u015bci po polerowaniu i szlifowaniu. Nadaje si\u0119 do u\u017cytku wewn\u0105trz i na zewn\u0105trz pomieszcze\u0144.\" \/>\n<meta property=\"og:url\" content=\"https:\/\/diaplast.lt\/pl\/?post_type=product&amp;p=21206\" \/>\n<meta property=\"og:site_name\" content=\"Diaplast\" \/>\n<meta property=\"article:modified_time\" content=\"2025-03-21T08:34:42+00:00\" \/>\n<meta property=\"og:image\" content=\"http:\/\/diaplast.lt\/wp-content\/uploads\/2025\/02\/HMK-R169.jpg\" \/>\n\t<meta property=\"og:image:width\" content=\"1200\" \/>\n\t<meta property=\"og:image:height\" content=\"1234\" \/>\n\t<meta property=\"og:image:type\" content=\"image\/jpeg\" \/>\n<meta name=\"twitter:card\" content=\"summary_large_image\" \/>\n<meta name=\"twitter:label1\" content=\"Szacowany czas czytania\" \/>\n\t<meta name=\"twitter:data1\" content=\"1 minuta\" \/>\n<script type=\"application\/ld+json\" class=\"yoast-schema-graph\">{\"@context\":\"https:\/\/schema.org\",\"@graph\":[{\"@type\":\"WebPage\",\"@id\":\"https:\/\/diaplast.lt\/pl\/?post_type=product&p=21206\",\"url\":\"https:\/\/diaplast.lt\/pl\/?post_type=product&p=21206\",\"name\":\"\u015arodek do usuwania cementu, rdzy i zanieczyszcze\u0144 budowlanych HMK R169 (koncentrat), M\u00f6eller Chemie - Diaplast\",\"isPartOf\":{\"@id\":\"https:\/\/diaplast.lt\/#website\"},\"primaryImageOfPage\":{\"@id\":\"https:\/\/diaplast.lt\/pl\/?post_type=product&p=21206#primaryimage\"},\"image\":{\"@id\":\"https:\/\/diaplast.lt\/pl\/?post_type=product&p=21206#primaryimage\"},\"thumbnailUrl\":\"https:\/\/diaplast.lt\/wp-content\/uploads\/2025\/02\/HMK-R169.jpg\",\"datePublished\":\"2025-02-13T11:05:53+00:00\",\"dateModified\":\"2025-03-21T08:34:42+00:00\",\"breadcrumb\":{\"@id\":\"https:\/\/diaplast.lt\/pl\/?post_type=product&p=21206#breadcrumb\"},\"inLanguage\":\"pl-PL\",\"potentialAction\":[{\"@type\":\"ReadAction\",\"target\":[\"https:\/\/diaplast.lt\/pl\/?post_type=product&p=21206\"]}]},{\"@type\":\"ImageObject\",\"inLanguage\":\"pl-PL\",\"@id\":\"https:\/\/diaplast.lt\/pl\/?post_type=product&p=21206#primaryimage\",\"url\":\"https:\/\/diaplast.lt\/wp-content\/uploads\/2025\/02\/HMK-R169.jpg\",\"contentUrl\":\"https:\/\/diaplast.lt\/wp-content\/uploads\/2025\/02\/HMK-R169.jpg\",\"width\":1200,\"height\":1234},{\"@type\":\"BreadcrumbList\",\"@id\":\"https:\/\/diaplast.lt\/pl\/?post_type=product&p=21206#breadcrumb\",\"itemListElement\":[{\"@type\":\"ListItem\",\"position\":1,\"name\":\"Strona g\u0142\u00f3wna\",\"item\":\"https:\/\/diaplast.lt\/\"},{\"@type\":\"ListItem\",\"position\":2,\"name\":\"Zasi\u0119g\",\"item\":\"https:\/\/diaplast.lt\/pl\/asortyment\/\"},{\"@type\":\"ListItem\",\"position\":3,\"name\":\"\u015arodek do usuwania cementu, rdzy i zanieczyszcze\u0144 budowlanych HMK R169 (koncentrat), M\u00f6eller Chemie\"}]},{\"@type\":\"WebSite\",\"@id\":\"https:\/\/diaplast.lt\/#website\",\"url\":\"https:\/\/diaplast.lt\/\",\"name\":\"Diaplast\",\"description\":\"Deimantini\u0173 instrument\u0173 gamyba ir prekyba\",\"publisher\":{\"@id\":\"https:\/\/diaplast.lt\/#organization\"},\"potentialAction\":[{\"@type\":\"SearchAction\",\"target\":{\"@type\":\"EntryPoint\",\"urlTemplate\":\"https:\/\/diaplast.lt\/?s={search_term_string}\"},\"query-input\":{\"@type\":\"PropertyValueSpecification\",\"valueRequired\":true,\"valueName\":\"search_term_string\"}}],\"inLanguage\":\"pl-PL\"},{\"@type\":\"Organization\",\"@id\":\"https:\/\/diaplast.lt\/#organization\",\"name\":\"Diaplast\",\"url\":\"https:\/\/diaplast.lt\/\",\"logo\":{\"@type\":\"ImageObject\",\"inLanguage\":\"pl-PL\",\"@id\":\"https:\/\/diaplast.lt\/#\/schema\/logo\/image\/\",\"url\":\"http:\/\/diaplast.lt\/wp-content\/uploads\/2022\/06\/ebaltveja-logo.png\",\"contentUrl\":\"http:\/\/diaplast.lt\/wp-content\/uploads\/2022\/06\/ebaltveja-logo.png\",\"width\":200,\"height\":69,\"caption\":\"Diaplast\"},\"image\":{\"@id\":\"https:\/\/diaplast.lt\/#\/schema\/logo\/image\/\"}}]}<\/script>\n<!-- \/ Yoast SEO plugin. -->","yoast_head_json":{"title":"\u015arodek do usuwania cementu, rdzy i zanieczyszcze\u0144 budowlanych HMK R169 (koncentrat), M\u00f6eller Chemie - Diaplast","robots":{"index":"index","follow":"follow","max-snippet":"max-snippet:-1","max-image-preview":"max-image-preview:large","max-video-preview":"max-video-preview:-1"},"canonical":"https:\/\/diaplast.lt\/pl\/?post_type=product&p=21206","og_locale":"pl_PL","og_type":"article","og_title":"\u015arodek do usuwania cementu, rdzy i zanieczyszcze\u0144 budowlanych HMK R169 (koncentrat), M\u00f6eller Chemie - Diaplast","og_description":"Jest to skoncentrowany, specjalny, \u0142agodnie pachn\u0105cy \u015brodek czyszcz\u0105cy na bazie kwasu do usuwania osad\u00f3w wapiennych, plam rdzy, pozosta\u0142o\u015bci cementu i zaprawy oraz zabrudze\u0144 po budowie ze wszystkich kwasoodpornych powierzchni z kamienia naturalnego. Specjalnie opracowany do czyszczenia polerowanych i twardych kamieni. Dzi\u0119ki zawartym w produkcie inhibitorom rdzy doskonale nadaje si\u0119 do czyszczenia powierzchni podatnych na rdz\u0119.  Usuwa r\u00f3wnie\u017c pozosta\u0142o\u015bci po polerowaniu i szlifowaniu. Nadaje si\u0119 do u\u017cytku wewn\u0105trz i na zewn\u0105trz pomieszcze\u0144.","og_url":"https:\/\/diaplast.lt\/pl\/?post_type=product&p=21206","og_site_name":"Diaplast","article_modified_time":"2025-03-21T08:34:42+00:00","og_image":[{"width":1200,"height":1234,"url":"http:\/\/diaplast.lt\/wp-content\/uploads\/2025\/02\/HMK-R169.jpg","type":"image\/jpeg"}],"twitter_card":"summary_large_image","twitter_misc":{"Szacowany czas czytania":"1 minuta"},"schema":{"@context":"https:\/\/schema.org","@graph":[{"@type":"WebPage","@id":"https:\/\/diaplast.lt\/pl\/?post_type=product&p=21206","url":"https:\/\/diaplast.lt\/pl\/?post_type=product&p=21206","name":"\u015arodek do usuwania cementu, rdzy i zanieczyszcze\u0144 budowlanych HMK R169 (koncentrat), M\u00f6eller Chemie - Diaplast","isPartOf":{"@id":"https:\/\/diaplast.lt\/#website"},"primaryImageOfPage":{"@id":"https:\/\/diaplast.lt\/pl\/?post_type=product&p=21206#primaryimage"},"image":{"@id":"https:\/\/diaplast.lt\/pl\/?post_type=product&p=21206#primaryimage"},"thumbnailUrl":"https:\/\/diaplast.lt\/wp-content\/uploads\/2025\/02\/HMK-R169.jpg","datePublished":"2025-02-13T11:05:53+00:00","dateModified":"2025-03-21T08:34:42+00:00","breadcrumb":{"@id":"https:\/\/diaplast.lt\/pl\/?post_type=product&p=21206#breadcrumb"},"inLanguage":"pl-PL","potentialAction":[{"@type":"ReadAction","target":["https:\/\/diaplast.lt\/pl\/?post_type=product&p=21206"]}]},{"@type":"ImageObject","inLanguage":"pl-PL","@id":"https:\/\/diaplast.lt\/pl\/?post_type=product&p=21206#primaryimage","url":"https:\/\/diaplast.lt\/wp-content\/uploads\/2025\/02\/HMK-R169.jpg","contentUrl":"https:\/\/diaplast.lt\/wp-content\/uploads\/2025\/02\/HMK-R169.jpg","width":1200,"height":1234},{"@type":"BreadcrumbList","@id":"https:\/\/diaplast.lt\/pl\/?post_type=product&p=21206#breadcrumb","itemListElement":[{"@type":"ListItem","position":1,"name":"Strona g\u0142\u00f3wna","item":"https:\/\/diaplast.lt\/"},{"@type":"ListItem","position":2,"name":"Zasi\u0119g","item":"https:\/\/diaplast.lt\/pl\/asortyment\/"},{"@type":"ListItem","position":3,"name":"\u015arodek do usuwania cementu, rdzy i zanieczyszcze\u0144 budowlanych HMK R169 (koncentrat), M\u00f6eller Chemie"}]},{"@type":"WebSite","@id":"https:\/\/diaplast.lt\/#website","url":"https:\/\/diaplast.lt\/","name":"Diaplast","description":"Deimantini\u0173 instrument\u0173 gamyba ir prekyba","publisher":{"@id":"https:\/\/diaplast.lt\/#organization"},"potentialAction":[{"@type":"SearchAction","target":{"@type":"EntryPoint","urlTemplate":"https:\/\/diaplast.lt\/?s={search_term_string}"},"query-input":{"@type":"PropertyValueSpecification","valueRequired":true,"valueName":"search_term_string"}}],"inLanguage":"pl-PL"},{"@type":"Organization","@id":"https:\/\/diaplast.lt\/#organization","name":"Diaplast","url":"https:\/\/diaplast.lt\/","logo":{"@type":"ImageObject","inLanguage":"pl-PL","@id":"https:\/\/diaplast.lt\/#\/schema\/logo\/image\/","url":"http:\/\/diaplast.lt\/wp-content\/uploads\/2022\/06\/ebaltveja-logo.png","contentUrl":"http:\/\/diaplast.lt\/wp-content\/uploads\/2022\/06\/ebaltveja-logo.png","width":200,"height":69,"caption":"Diaplast"},"image":{"@id":"https:\/\/diaplast.lt\/#\/schema\/logo\/image\/"}}]}},"_links":{"self":[{"href":"https:\/\/diaplast.lt\/pl\/wp-json\/wp\/v2\/product\/21206","targetHints":{"allow":["GET"]}}],"collection":[{"href":"https:\/\/diaplast.lt\/pl\/wp-json\/wp\/v2\/product"}],"about":[{"href":"https:\/\/diaplast.lt\/pl\/wp-json\/wp\/v2\/types\/product"}],"version-history":[{"count":1,"href":"https:\/\/diaplast.lt\/pl\/wp-json\/wp\/v2\/product\/21206\/revisions"}],"predecessor-version":[{"id":21208,"href":"https:\/\/diaplast.lt\/pl\/wp-json\/wp\/v2\/product\/21206\/revisions\/21208"}],"wp:featuredmedia":[{"embeddable":true,"href":"https:\/\/diaplast.lt\/pl\/wp-json\/wp\/v2\/media\/17383"}],"wp:attachment":[{"href":"https:\/\/diaplast.lt\/pl\/wp-json\/wp\/v2\/media?parent=21206"}],"wp:term":[{"taxonomy":"product_brand","embeddable":true,"href":"https:\/\/diaplast.lt\/pl\/wp-json\/wp\/v2\/product_brand?post=21206"},{"taxonomy":"product_cat","embeddable":true,"href":"https:\/\/diaplast.lt\/pl\/wp-json\/wp\/v2\/product_cat?post=21206"},{"taxonomy":"product_tag","embeddable":true,"href":"https:\/\/diaplast.lt\/pl\/wp-json\/wp\/v2\/product_tag?post=21206"}],"curies":[{"name":"wp","href":"https:\/\/api.w.org\/{rel}","templated":true}]}}