{"id":21217,"date":"2025-02-13T14:15:41","date_gmt":"2025-02-13T11:15:41","guid":{"rendered":"https:\/\/diaplast.lt\/produktas\/odkamieniacz-do-cementu-i-soli-hmk-r165-koncentrat-moeller-chemie\/"},"modified":"2025-03-21T11:34:47","modified_gmt":"2025-03-21T08:34:47","slug":"odkamieniacz-do-cementu-i-soli-hmk-r165-koncentrat-moeller-chemie","status":"publish","type":"product","link":"https:\/\/diaplast.lt\/pl\/produkt\/odkamieniacz-do-cementu-i-soli-hmk-r165-koncentrat-moeller-chemie\/","title":{"rendered":"Odkamieniacz do cementu i soli HMK R165 (koncentrat), M\u00f6eller Chemie"},"content":{"rendered":"<p><strong>Spos\u00f3b u\u017cycia:<\/strong> Wy\u0142\u0105czy\u0107 ogrzewanie pod\u0142ogowe. Rozcie\u0144czy\u0107 R165 z wod\u0105 (1:2 do 1:20 w zale\u017cno\u015bci od poziomu zanieczyszczenia) i nanie\u015b\u0107 na sch\u0142odzon\u0105 powierzchni\u0119 za pomoc\u0105 mopa, szczotki lub innego odpowiedniego narz\u0119dzia. Odczeka\u0107 kilka minut (nie dopuszczaj\u0105c do wyschni\u0119cia), ponownie nanie\u015b\u0107 \u015brodek i usun\u0105\u0107 zanieczyszczon\u0105 warstw\u0119. Nast\u0119pnie powierzchni\u0119 nale\u017cy dok\u0142adnie wyczy\u015bci\u0107 \u015brodkiem czyszcz\u0105cym HMK R155 rozcie\u0144czonym wod\u0105 w stosunku oko\u0142o 1:20. Oczyszczon\u0105 powierzchni\u0119 nale\u017cy dok\u0142adnie sp\u0142uka\u0107 wod\u0105. W przypadku bardzo silnego zanieczyszczenia, proces czyszczenia nale\u017cy powt\u00f3rzy\u0107.     <\/p>\n<p>Aby unikn\u0105\u0107 wad w obr\u00f3bce chemicznej i okre\u015bli\u0107 wymagany czas czyszczenia, zaleca si\u0119 przetestowanie dzia\u0142ania produktu na nadmiarowym kawa\u0142ku tego samego kamienia lub na niewidocznej stronie produktu. Temperatura obr\u00f3bki powinna wynosi\u0107 od +12 do +25 \u00b0C. <\/p>\n<p><strong>Wa\u017cne<\/strong>:<strong>  Unika\u0107 bezpo\u015bredniego \u015bwiat\u0142a s\u0142onecznego podczas przetwarzania. Powierzchnie wra\u017cliwe na kwasy, polerowany lub szlifowany marmur, wapie\u0144, metale, tworzywa sztuczne mog\u0105 zosta\u0107 uszkodzone podczas czyszczenia.   <\/strong><\/p>\n<p><strong>Zu\u017cycie: <\/strong>oko\u0142o 10-40<sup>m2\/litr.<\/sup><\/p>\n<p>Okres trwa\u0142o\u015bci wynosi kilka lat, je\u015bli jest przechowywany w ch\u0142odnym i suchym miejscu.<\/p>\n","protected":false},"excerpt":{"rendered":"<p>Jest to <strong>skoncentrowany<\/strong> specjalny \u015brodek czyszcz\u0105cy do usuwania osad\u00f3w cementowych, osad\u00f3w wapiennych i solnych oraz pozosta\u0142o\u015bci zaprawy na wszystkich odpornych na kwasy powierzchniach z kamienia naturalnego i blok\u00f3w betonowych, nieszkliwionych p\u0142ytek kamionkowych, nieobrobionych kamieni betonowych, cegie\u0142.<\/p>\n<p><strong>Tylko do u\u017cytku profesjonalnego<\/strong>.<\/p>\n","protected":false},"featured_media":17375,"template":"","meta":[],"product_brand":[],"product_cat":[774,782],"product_tag":[],"class_list":{"0":"post-21217","1":"product","2":"type-product","3":"status-publish","4":"has-post-thumbnail","6":"product_cat-srodki-chemiczne-do-kamienia-i-betonu","7":"product_cat-srodki-czyszczace","8":"pa_gamintojas-moeller-chemie-pl","9":"pa_paskirtis-dla-betonu","10":"pa_paskirtis-dla-kamienia","11":"pa_paskirtis-do-wykanczania-plytek","12":"pa_talpa-1l-pl","14":"first","15":"instock","16":"taxable","17":"shipping-taxable","18":"purchasable","19":"product-type-simple"},"yoast_head":"<!-- This site is optimized with the Yoast SEO plugin v26.0 - https:\/\/yoast.com\/wordpress\/plugins\/seo\/ -->\n<title>Odkamieniacz do cementu i soli HMK R165 (koncentrat), M\u00f6eller Chemie - Diaplast<\/title>\n<meta name=\"robots\" content=\"index, follow, max-snippet:-1, max-image-preview:large, max-video-preview:-1\" \/>\n<link rel=\"canonical\" href=\"https:\/\/diaplast.lt\/pl\/?post_type=product&p=21217\" \/>\n<meta property=\"og:locale\" content=\"pl_PL\" \/>\n<meta property=\"og:type\" content=\"article\" \/>\n<meta property=\"og:title\" content=\"Odkamieniacz do cementu i soli HMK R165 (koncentrat), M\u00f6eller Chemie - Diaplast\" \/>\n<meta property=\"og:description\" content=\"Jest to skoncentrowany specjalny \u015brodek czyszcz\u0105cy do usuwania osad\u00f3w cementowych, osad\u00f3w wapiennych i solnych oraz pozosta\u0142o\u015bci zaprawy na wszystkich odpornych na kwasy powierzchniach z kamienia naturalnego i blok\u00f3w betonowych, nieszkliwionych p\u0142ytek kamionkowych, nieobrobionych kamieni betonowych, cegie\u0142. Tylko do u\u017cytku profesjonalnego.\" \/>\n<meta property=\"og:url\" content=\"https:\/\/diaplast.lt\/pl\/?post_type=product&amp;p=21217\" \/>\n<meta property=\"og:site_name\" content=\"Diaplast\" \/>\n<meta property=\"article:modified_time\" content=\"2025-03-21T08:34:47+00:00\" \/>\n<meta property=\"og:image\" content=\"http:\/\/diaplast.lt\/wp-content\/uploads\/2025\/02\/HMK-R165.jpg\" \/>\n\t<meta property=\"og:image:width\" content=\"1200\" \/>\n\t<meta property=\"og:image:height\" content=\"1234\" \/>\n\t<meta property=\"og:image:type\" content=\"image\/jpeg\" \/>\n<meta name=\"twitter:card\" content=\"summary_large_image\" \/>\n<meta name=\"twitter:label1\" content=\"Szacowany czas czytania\" \/>\n\t<meta name=\"twitter:data1\" content=\"1 minuta\" \/>\n<script type=\"application\/ld+json\" class=\"yoast-schema-graph\">{\"@context\":\"https:\/\/schema.org\",\"@graph\":[{\"@type\":\"WebPage\",\"@id\":\"https:\/\/diaplast.lt\/pl\/?post_type=product&p=21217\",\"url\":\"https:\/\/diaplast.lt\/pl\/?post_type=product&p=21217\",\"name\":\"Odkamieniacz do cementu i soli HMK R165 (koncentrat), M\u00f6eller Chemie - Diaplast\",\"isPartOf\":{\"@id\":\"https:\/\/diaplast.lt\/#website\"},\"primaryImageOfPage\":{\"@id\":\"https:\/\/diaplast.lt\/pl\/?post_type=product&p=21217#primaryimage\"},\"image\":{\"@id\":\"https:\/\/diaplast.lt\/pl\/?post_type=product&p=21217#primaryimage\"},\"thumbnailUrl\":\"https:\/\/diaplast.lt\/wp-content\/uploads\/2025\/02\/HMK-R165.jpg\",\"datePublished\":\"2025-02-13T11:15:41+00:00\",\"dateModified\":\"2025-03-21T08:34:47+00:00\",\"breadcrumb\":{\"@id\":\"https:\/\/diaplast.lt\/pl\/?post_type=product&p=21217#breadcrumb\"},\"inLanguage\":\"pl-PL\",\"potentialAction\":[{\"@type\":\"ReadAction\",\"target\":[\"https:\/\/diaplast.lt\/pl\/?post_type=product&p=21217\"]}]},{\"@type\":\"ImageObject\",\"inLanguage\":\"pl-PL\",\"@id\":\"https:\/\/diaplast.lt\/pl\/?post_type=product&p=21217#primaryimage\",\"url\":\"https:\/\/diaplast.lt\/wp-content\/uploads\/2025\/02\/HMK-R165.jpg\",\"contentUrl\":\"https:\/\/diaplast.lt\/wp-content\/uploads\/2025\/02\/HMK-R165.jpg\",\"width\":1200,\"height\":1234},{\"@type\":\"BreadcrumbList\",\"@id\":\"https:\/\/diaplast.lt\/pl\/?post_type=product&p=21217#breadcrumb\",\"itemListElement\":[{\"@type\":\"ListItem\",\"position\":1,\"name\":\"Strona g\u0142\u00f3wna\",\"item\":\"https:\/\/diaplast.lt\/\"},{\"@type\":\"ListItem\",\"position\":2,\"name\":\"Zasi\u0119g\",\"item\":\"https:\/\/diaplast.lt\/pl\/asortyment\/\"},{\"@type\":\"ListItem\",\"position\":3,\"name\":\"Odkamieniacz do cementu i soli HMK R165 (koncentrat), M\u00f6eller Chemie\"}]},{\"@type\":\"WebSite\",\"@id\":\"https:\/\/diaplast.lt\/#website\",\"url\":\"https:\/\/diaplast.lt\/\",\"name\":\"Diaplast\",\"description\":\"Deimantini\u0173 instrument\u0173 gamyba ir prekyba\",\"publisher\":{\"@id\":\"https:\/\/diaplast.lt\/#organization\"},\"potentialAction\":[{\"@type\":\"SearchAction\",\"target\":{\"@type\":\"EntryPoint\",\"urlTemplate\":\"https:\/\/diaplast.lt\/?s={search_term_string}\"},\"query-input\":{\"@type\":\"PropertyValueSpecification\",\"valueRequired\":true,\"valueName\":\"search_term_string\"}}],\"inLanguage\":\"pl-PL\"},{\"@type\":\"Organization\",\"@id\":\"https:\/\/diaplast.lt\/#organization\",\"name\":\"Diaplast\",\"url\":\"https:\/\/diaplast.lt\/\",\"logo\":{\"@type\":\"ImageObject\",\"inLanguage\":\"pl-PL\",\"@id\":\"https:\/\/diaplast.lt\/#\/schema\/logo\/image\/\",\"url\":\"http:\/\/diaplast.lt\/wp-content\/uploads\/2022\/06\/ebaltveja-logo.png\",\"contentUrl\":\"http:\/\/diaplast.lt\/wp-content\/uploads\/2022\/06\/ebaltveja-logo.png\",\"width\":200,\"height\":69,\"caption\":\"Diaplast\"},\"image\":{\"@id\":\"https:\/\/diaplast.lt\/#\/schema\/logo\/image\/\"}}]}<\/script>\n<!-- \/ Yoast SEO plugin. -->","yoast_head_json":{"title":"Odkamieniacz do cementu i soli HMK R165 (koncentrat), M\u00f6eller Chemie - Diaplast","robots":{"index":"index","follow":"follow","max-snippet":"max-snippet:-1","max-image-preview":"max-image-preview:large","max-video-preview":"max-video-preview:-1"},"canonical":"https:\/\/diaplast.lt\/pl\/?post_type=product&p=21217","og_locale":"pl_PL","og_type":"article","og_title":"Odkamieniacz do cementu i soli HMK R165 (koncentrat), M\u00f6eller Chemie - Diaplast","og_description":"Jest to skoncentrowany specjalny \u015brodek czyszcz\u0105cy do usuwania osad\u00f3w cementowych, osad\u00f3w wapiennych i solnych oraz pozosta\u0142o\u015bci zaprawy na wszystkich odpornych na kwasy powierzchniach z kamienia naturalnego i blok\u00f3w betonowych, nieszkliwionych p\u0142ytek kamionkowych, nieobrobionych kamieni betonowych, cegie\u0142. Tylko do u\u017cytku profesjonalnego.","og_url":"https:\/\/diaplast.lt\/pl\/?post_type=product&p=21217","og_site_name":"Diaplast","article_modified_time":"2025-03-21T08:34:47+00:00","og_image":[{"width":1200,"height":1234,"url":"http:\/\/diaplast.lt\/wp-content\/uploads\/2025\/02\/HMK-R165.jpg","type":"image\/jpeg"}],"twitter_card":"summary_large_image","twitter_misc":{"Szacowany czas czytania":"1 minuta"},"schema":{"@context":"https:\/\/schema.org","@graph":[{"@type":"WebPage","@id":"https:\/\/diaplast.lt\/pl\/?post_type=product&p=21217","url":"https:\/\/diaplast.lt\/pl\/?post_type=product&p=21217","name":"Odkamieniacz do cementu i soli HMK R165 (koncentrat), M\u00f6eller Chemie - Diaplast","isPartOf":{"@id":"https:\/\/diaplast.lt\/#website"},"primaryImageOfPage":{"@id":"https:\/\/diaplast.lt\/pl\/?post_type=product&p=21217#primaryimage"},"image":{"@id":"https:\/\/diaplast.lt\/pl\/?post_type=product&p=21217#primaryimage"},"thumbnailUrl":"https:\/\/diaplast.lt\/wp-content\/uploads\/2025\/02\/HMK-R165.jpg","datePublished":"2025-02-13T11:15:41+00:00","dateModified":"2025-03-21T08:34:47+00:00","breadcrumb":{"@id":"https:\/\/diaplast.lt\/pl\/?post_type=product&p=21217#breadcrumb"},"inLanguage":"pl-PL","potentialAction":[{"@type":"ReadAction","target":["https:\/\/diaplast.lt\/pl\/?post_type=product&p=21217"]}]},{"@type":"ImageObject","inLanguage":"pl-PL","@id":"https:\/\/diaplast.lt\/pl\/?post_type=product&p=21217#primaryimage","url":"https:\/\/diaplast.lt\/wp-content\/uploads\/2025\/02\/HMK-R165.jpg","contentUrl":"https:\/\/diaplast.lt\/wp-content\/uploads\/2025\/02\/HMK-R165.jpg","width":1200,"height":1234},{"@type":"BreadcrumbList","@id":"https:\/\/diaplast.lt\/pl\/?post_type=product&p=21217#breadcrumb","itemListElement":[{"@type":"ListItem","position":1,"name":"Strona g\u0142\u00f3wna","item":"https:\/\/diaplast.lt\/"},{"@type":"ListItem","position":2,"name":"Zasi\u0119g","item":"https:\/\/diaplast.lt\/pl\/asortyment\/"},{"@type":"ListItem","position":3,"name":"Odkamieniacz do cementu i soli HMK R165 (koncentrat), M\u00f6eller Chemie"}]},{"@type":"WebSite","@id":"https:\/\/diaplast.lt\/#website","url":"https:\/\/diaplast.lt\/","name":"Diaplast","description":"Deimantini\u0173 instrument\u0173 gamyba ir prekyba","publisher":{"@id":"https:\/\/diaplast.lt\/#organization"},"potentialAction":[{"@type":"SearchAction","target":{"@type":"EntryPoint","urlTemplate":"https:\/\/diaplast.lt\/?s={search_term_string}"},"query-input":{"@type":"PropertyValueSpecification","valueRequired":true,"valueName":"search_term_string"}}],"inLanguage":"pl-PL"},{"@type":"Organization","@id":"https:\/\/diaplast.lt\/#organization","name":"Diaplast","url":"https:\/\/diaplast.lt\/","logo":{"@type":"ImageObject","inLanguage":"pl-PL","@id":"https:\/\/diaplast.lt\/#\/schema\/logo\/image\/","url":"http:\/\/diaplast.lt\/wp-content\/uploads\/2022\/06\/ebaltveja-logo.png","contentUrl":"http:\/\/diaplast.lt\/wp-content\/uploads\/2022\/06\/ebaltveja-logo.png","width":200,"height":69,"caption":"Diaplast"},"image":{"@id":"https:\/\/diaplast.lt\/#\/schema\/logo\/image\/"}}]}},"_links":{"self":[{"href":"https:\/\/diaplast.lt\/pl\/wp-json\/wp\/v2\/product\/21217","targetHints":{"allow":["GET"]}}],"collection":[{"href":"https:\/\/diaplast.lt\/pl\/wp-json\/wp\/v2\/product"}],"about":[{"href":"https:\/\/diaplast.lt\/pl\/wp-json\/wp\/v2\/types\/product"}],"version-history":[{"count":1,"href":"https:\/\/diaplast.lt\/pl\/wp-json\/wp\/v2\/product\/21217\/revisions"}],"predecessor-version":[{"id":21219,"href":"https:\/\/diaplast.lt\/pl\/wp-json\/wp\/v2\/product\/21217\/revisions\/21219"}],"wp:featuredmedia":[{"embeddable":true,"href":"https:\/\/diaplast.lt\/pl\/wp-json\/wp\/v2\/media\/17375"}],"wp:attachment":[{"href":"https:\/\/diaplast.lt\/pl\/wp-json\/wp\/v2\/media?parent=21217"}],"wp:term":[{"taxonomy":"product_brand","embeddable":true,"href":"https:\/\/diaplast.lt\/pl\/wp-json\/wp\/v2\/product_brand?post=21217"},{"taxonomy":"product_cat","embeddable":true,"href":"https:\/\/diaplast.lt\/pl\/wp-json\/wp\/v2\/product_cat?post=21217"},{"taxonomy":"product_tag","embeddable":true,"href":"https:\/\/diaplast.lt\/pl\/wp-json\/wp\/v2\/product_tag?post=21217"}],"curies":[{"name":"wp","href":"https:\/\/api.w.org\/{rel}","templated":true}]}}