{"id":21222,"date":"2025-02-13T14:36:53","date_gmt":"2025-02-13T11:36:53","guid":{"rendered":"https:\/\/diaplast.lt\/produktas\/odrdzewiacz-hmk-r777-moeller-chemie\/"},"modified":"2025-03-21T11:34:48","modified_gmt":"2025-03-21T08:34:48","slug":"odrdzewiacz-hmk-r777-moeller-chemie","status":"publish","type":"product","link":"https:\/\/diaplast.lt\/pl\/produkt\/odrdzewiacz-hmk-r777-moeller-chemie\/","title":{"rendered":"Odrdzewiacz HMK R777, M\u00f6eller Chemie"},"content":{"rendered":"<p><strong>Spos\u00f3b u\u017cycia:<\/strong> Wy\u0142\u0105czy\u0107 ogrzewanie pod\u0142ogowe. U\u017cywa\u0107 R777 tylko na ch\u0142odnej i suchej powierzchni. Nak\u0142ada\u0107 obficie i r\u00f3wnomiernie za pomoc\u0105 miot\u0142y, p\u0119dzla lub innego odpowiedniego narz\u0119dzia. Przechowywa\u0107 do znikni\u0119cia rdzy, oko\u0142o 12-24 godzin. Ponowna aplikacja mo\u017ce by\u0107 konieczna. Czyszczony obszar nale\u017cy przykry\u0107 foli\u0105, aby zapobiec wysychaniu. Podczas czyszczenia nale\u017cy chroni\u0107 czyszczony obszar przed wod\u0105. Gdy plama zniknie, umyj powierzchni\u0119 i dok\u0142adnie wyczy\u015b\u0107 powierzchni\u0119 \u015brodkiem czyszcz\u0105cym HMK R155 rozcie\u0144czonym wod\u0105 w stosunku oko\u0142o 1:20. Nast\u0119pnie dok\u0142adnie sp\u0142uka\u0107 wod\u0105. W przypadku silnych plam rdzy proces czyszczenia nale\u017cy powt\u00f3rzy\u0107.         <\/p>\n<p>Nale\u017cy pami\u0119ta\u0107, \u017ce R777 <strong>mo\u017ce zmieni\u0107 kolor kamienia naturalnego (kolor zwykle powraca po pewnym czasie)<\/strong>. W takim przypadku kamie\u0144 nale\u017cy czy\u015bci\u0107 wy\u0142\u0105cznie czyst\u0105 wod\u0105 i nie stosowa\u0107 \u015brodk\u00f3w impregnuj\u0105cych. <\/p>\n<p>Aby unikn\u0105\u0107 wad w obr\u00f3bce chemicznej, zaleca si\u0119 przetestowanie czyszczenia na zb\u0119dnym kawa\u0142ku tego samego kamienia lub na niewidocznej stronie produktu.<\/p>\n<p>Temperatura przetwarzania wynosi od +12 do +25 \u00b0C.<\/p>\n<p><strong>Wa\u017cne<\/strong>:  <strong>Unika\u0107 bezpo\u015bredniego \u015bwiat\u0142a s\u0142onecznego podczas przetwarzania. Powierzchnie wra\u017cliwe na kwasy, polerowany lub szlifowany marmur, wapie\u0144, metale, tworzywa sztuczne mog\u0105 ulec uszkodzeniu.   <\/strong><\/p>\n<p><strong>Zu\u017cycie: <\/strong>oko\u0142o 5-15<sup>m2\/litr.<\/sup><\/p>\n<p>Przechowywa\u0107 w ciemnym i ch\u0142odnym miejscu. Okres trwa\u0142o\u015bci wynosi kilka lat. <\/p>\n","protected":false},"excerpt":{"rendered":"<p>Jest to gotowy do u\u017cycia specjalny \u015brodek czyszcz\u0105cy.<\/p>\n<p>Usuwa plamy rdzy i osady na wszystkich odpornych na dzia\u0142anie kwas\u00f3w twardych powierzchniach skalnych.<\/p>\n<p>Specjalne dodatki zapobiegaj\u0105 korozji i ograniczaj\u0105 dalsze tworzenie si\u0119 rdzy.<\/p>\n<p>Nie stosowa\u0107 na polerowanych powierzchniach, z wyj\u0105tkiem polerowanego granitu.<\/p>\n<p>Nadaje si\u0119 do zastosowa\u0144 wewn\u0119trznych i zewn\u0119trznych.<\/p>\n<p><strong>Tylko do u\u017cytku profesjonalnego<\/strong>.<\/p>\n","protected":false},"featured_media":17406,"template":"","meta":[],"product_brand":[],"product_cat":[336,339],"product_tag":[],"class_list":{"0":"post-21222","1":"product","2":"type-product","3":"status-publish","4":"has-post-thumbnail","6":"product_cat-chemines-priemones-akmeniui-ir-betonui","7":"product_cat-valymo-priemones","8":"pa_gamintojas-moeller-chemie","9":"pa_paskirtis-akmeniui","10":"pa_talpa-1l","12":"first","13":"instock","14":"taxable","15":"shipping-taxable","16":"purchasable","17":"product-type-simple"},"yoast_head":"<!-- This site is optimized with the Yoast SEO plugin v26.0 - https:\/\/yoast.com\/wordpress\/plugins\/seo\/ -->\n<title>Odrdzewiacz HMK R777, M\u00f6eller Chemie - Diaplast<\/title>\n<meta name=\"robots\" content=\"index, follow, max-snippet:-1, max-image-preview:large, max-video-preview:-1\" \/>\n<link rel=\"canonical\" href=\"https:\/\/diaplast.lt\/pl\/?post_type=product&p=21222\" \/>\n<meta property=\"og:locale\" content=\"pl_PL\" \/>\n<meta property=\"og:type\" content=\"article\" \/>\n<meta property=\"og:title\" content=\"Odrdzewiacz HMK R777, M\u00f6eller Chemie - Diaplast\" \/>\n<meta property=\"og:description\" content=\"Jest to gotowy do u\u017cycia specjalny \u015brodek czyszcz\u0105cy. Usuwa plamy rdzy i osady na wszystkich odpornych na dzia\u0142anie kwas\u00f3w twardych powierzchniach skalnych. Specjalne dodatki zapobiegaj\u0105 korozji i ograniczaj\u0105 dalsze tworzenie si\u0119 rdzy. Nie stosowa\u0107 na polerowanych powierzchniach, z wyj\u0105tkiem polerowanego granitu. Nadaje si\u0119 do zastosowa\u0144 wewn\u0119trznych i zewn\u0119trznych. Tylko do u\u017cytku profesjonalnego.\" \/>\n<meta property=\"og:url\" content=\"https:\/\/diaplast.lt\/pl\/?post_type=product&amp;p=21222\" \/>\n<meta property=\"og:site_name\" content=\"Diaplast\" \/>\n<meta property=\"article:modified_time\" content=\"2025-03-21T08:34:48+00:00\" \/>\n<meta property=\"og:image\" content=\"http:\/\/diaplast.lt\/wp-content\/uploads\/2025\/02\/HMK-R777.jpg\" \/>\n\t<meta property=\"og:image:width\" content=\"1200\" \/>\n\t<meta property=\"og:image:height\" content=\"1191\" \/>\n\t<meta property=\"og:image:type\" content=\"image\/jpeg\" \/>\n<meta name=\"twitter:card\" content=\"summary_large_image\" \/>\n<meta name=\"twitter:label1\" content=\"Szacowany czas czytania\" \/>\n\t<meta name=\"twitter:data1\" content=\"1 minuta\" \/>\n<script type=\"application\/ld+json\" class=\"yoast-schema-graph\">{\"@context\":\"https:\/\/schema.org\",\"@graph\":[{\"@type\":\"WebPage\",\"@id\":\"https:\/\/diaplast.lt\/pl\/?post_type=product&p=21222\",\"url\":\"https:\/\/diaplast.lt\/pl\/?post_type=product&p=21222\",\"name\":\"Odrdzewiacz HMK R777, M\u00f6eller Chemie - Diaplast\",\"isPartOf\":{\"@id\":\"https:\/\/diaplast.lt\/#website\"},\"primaryImageOfPage\":{\"@id\":\"https:\/\/diaplast.lt\/pl\/?post_type=product&p=21222#primaryimage\"},\"image\":{\"@id\":\"https:\/\/diaplast.lt\/pl\/?post_type=product&p=21222#primaryimage\"},\"thumbnailUrl\":\"https:\/\/diaplast.lt\/wp-content\/uploads\/2025\/02\/HMK-R777.jpg\",\"datePublished\":\"2025-02-13T11:36:53+00:00\",\"dateModified\":\"2025-03-21T08:34:48+00:00\",\"breadcrumb\":{\"@id\":\"https:\/\/diaplast.lt\/pl\/?post_type=product&p=21222#breadcrumb\"},\"inLanguage\":\"pl-PL\",\"potentialAction\":[{\"@type\":\"ReadAction\",\"target\":[\"https:\/\/diaplast.lt\/pl\/?post_type=product&p=21222\"]}]},{\"@type\":\"ImageObject\",\"inLanguage\":\"pl-PL\",\"@id\":\"https:\/\/diaplast.lt\/pl\/?post_type=product&p=21222#primaryimage\",\"url\":\"https:\/\/diaplast.lt\/wp-content\/uploads\/2025\/02\/HMK-R777.jpg\",\"contentUrl\":\"https:\/\/diaplast.lt\/wp-content\/uploads\/2025\/02\/HMK-R777.jpg\",\"width\":1200,\"height\":1191},{\"@type\":\"BreadcrumbList\",\"@id\":\"https:\/\/diaplast.lt\/pl\/?post_type=product&p=21222#breadcrumb\",\"itemListElement\":[{\"@type\":\"ListItem\",\"position\":1,\"name\":\"Strona g\u0142\u00f3wna\",\"item\":\"https:\/\/diaplast.lt\/\"},{\"@type\":\"ListItem\",\"position\":2,\"name\":\"Zasi\u0119g\",\"item\":\"https:\/\/diaplast.lt\/pl\/asortyment\/\"},{\"@type\":\"ListItem\",\"position\":3,\"name\":\"Odrdzewiacz HMK R777, M\u00f6eller Chemie\"}]},{\"@type\":\"WebSite\",\"@id\":\"https:\/\/diaplast.lt\/#website\",\"url\":\"https:\/\/diaplast.lt\/\",\"name\":\"Diaplast\",\"description\":\"Deimantini\u0173 instrument\u0173 gamyba ir prekyba\",\"publisher\":{\"@id\":\"https:\/\/diaplast.lt\/#organization\"},\"potentialAction\":[{\"@type\":\"SearchAction\",\"target\":{\"@type\":\"EntryPoint\",\"urlTemplate\":\"https:\/\/diaplast.lt\/?s={search_term_string}\"},\"query-input\":{\"@type\":\"PropertyValueSpecification\",\"valueRequired\":true,\"valueName\":\"search_term_string\"}}],\"inLanguage\":\"pl-PL\"},{\"@type\":\"Organization\",\"@id\":\"https:\/\/diaplast.lt\/#organization\",\"name\":\"Diaplast\",\"url\":\"https:\/\/diaplast.lt\/\",\"logo\":{\"@type\":\"ImageObject\",\"inLanguage\":\"pl-PL\",\"@id\":\"https:\/\/diaplast.lt\/#\/schema\/logo\/image\/\",\"url\":\"http:\/\/diaplast.lt\/wp-content\/uploads\/2022\/06\/ebaltveja-logo.png\",\"contentUrl\":\"http:\/\/diaplast.lt\/wp-content\/uploads\/2022\/06\/ebaltveja-logo.png\",\"width\":200,\"height\":69,\"caption\":\"Diaplast\"},\"image\":{\"@id\":\"https:\/\/diaplast.lt\/#\/schema\/logo\/image\/\"}}]}<\/script>\n<!-- \/ Yoast SEO plugin. -->","yoast_head_json":{"title":"Odrdzewiacz HMK R777, M\u00f6eller Chemie - Diaplast","robots":{"index":"index","follow":"follow","max-snippet":"max-snippet:-1","max-image-preview":"max-image-preview:large","max-video-preview":"max-video-preview:-1"},"canonical":"https:\/\/diaplast.lt\/pl\/?post_type=product&p=21222","og_locale":"pl_PL","og_type":"article","og_title":"Odrdzewiacz HMK R777, M\u00f6eller Chemie - Diaplast","og_description":"Jest to gotowy do u\u017cycia specjalny \u015brodek czyszcz\u0105cy. Usuwa plamy rdzy i osady na wszystkich odpornych na dzia\u0142anie kwas\u00f3w twardych powierzchniach skalnych. Specjalne dodatki zapobiegaj\u0105 korozji i ograniczaj\u0105 dalsze tworzenie si\u0119 rdzy. Nie stosowa\u0107 na polerowanych powierzchniach, z wyj\u0105tkiem polerowanego granitu. Nadaje si\u0119 do zastosowa\u0144 wewn\u0119trznych i zewn\u0119trznych. Tylko do u\u017cytku profesjonalnego.","og_url":"https:\/\/diaplast.lt\/pl\/?post_type=product&p=21222","og_site_name":"Diaplast","article_modified_time":"2025-03-21T08:34:48+00:00","og_image":[{"width":1200,"height":1191,"url":"http:\/\/diaplast.lt\/wp-content\/uploads\/2025\/02\/HMK-R777.jpg","type":"image\/jpeg"}],"twitter_card":"summary_large_image","twitter_misc":{"Szacowany czas czytania":"1 minuta"},"schema":{"@context":"https:\/\/schema.org","@graph":[{"@type":"WebPage","@id":"https:\/\/diaplast.lt\/pl\/?post_type=product&p=21222","url":"https:\/\/diaplast.lt\/pl\/?post_type=product&p=21222","name":"Odrdzewiacz HMK R777, M\u00f6eller Chemie - Diaplast","isPartOf":{"@id":"https:\/\/diaplast.lt\/#website"},"primaryImageOfPage":{"@id":"https:\/\/diaplast.lt\/pl\/?post_type=product&p=21222#primaryimage"},"image":{"@id":"https:\/\/diaplast.lt\/pl\/?post_type=product&p=21222#primaryimage"},"thumbnailUrl":"https:\/\/diaplast.lt\/wp-content\/uploads\/2025\/02\/HMK-R777.jpg","datePublished":"2025-02-13T11:36:53+00:00","dateModified":"2025-03-21T08:34:48+00:00","breadcrumb":{"@id":"https:\/\/diaplast.lt\/pl\/?post_type=product&p=21222#breadcrumb"},"inLanguage":"pl-PL","potentialAction":[{"@type":"ReadAction","target":["https:\/\/diaplast.lt\/pl\/?post_type=product&p=21222"]}]},{"@type":"ImageObject","inLanguage":"pl-PL","@id":"https:\/\/diaplast.lt\/pl\/?post_type=product&p=21222#primaryimage","url":"https:\/\/diaplast.lt\/wp-content\/uploads\/2025\/02\/HMK-R777.jpg","contentUrl":"https:\/\/diaplast.lt\/wp-content\/uploads\/2025\/02\/HMK-R777.jpg","width":1200,"height":1191},{"@type":"BreadcrumbList","@id":"https:\/\/diaplast.lt\/pl\/?post_type=product&p=21222#breadcrumb","itemListElement":[{"@type":"ListItem","position":1,"name":"Strona g\u0142\u00f3wna","item":"https:\/\/diaplast.lt\/"},{"@type":"ListItem","position":2,"name":"Zasi\u0119g","item":"https:\/\/diaplast.lt\/pl\/asortyment\/"},{"@type":"ListItem","position":3,"name":"Odrdzewiacz HMK R777, M\u00f6eller Chemie"}]},{"@type":"WebSite","@id":"https:\/\/diaplast.lt\/#website","url":"https:\/\/diaplast.lt\/","name":"Diaplast","description":"Deimantini\u0173 instrument\u0173 gamyba ir prekyba","publisher":{"@id":"https:\/\/diaplast.lt\/#organization"},"potentialAction":[{"@type":"SearchAction","target":{"@type":"EntryPoint","urlTemplate":"https:\/\/diaplast.lt\/?s={search_term_string}"},"query-input":{"@type":"PropertyValueSpecification","valueRequired":true,"valueName":"search_term_string"}}],"inLanguage":"pl-PL"},{"@type":"Organization","@id":"https:\/\/diaplast.lt\/#organization","name":"Diaplast","url":"https:\/\/diaplast.lt\/","logo":{"@type":"ImageObject","inLanguage":"pl-PL","@id":"https:\/\/diaplast.lt\/#\/schema\/logo\/image\/","url":"http:\/\/diaplast.lt\/wp-content\/uploads\/2022\/06\/ebaltveja-logo.png","contentUrl":"http:\/\/diaplast.lt\/wp-content\/uploads\/2022\/06\/ebaltveja-logo.png","width":200,"height":69,"caption":"Diaplast"},"image":{"@id":"https:\/\/diaplast.lt\/#\/schema\/logo\/image\/"}}]}},"_links":{"self":[{"href":"https:\/\/diaplast.lt\/pl\/wp-json\/wp\/v2\/product\/21222","targetHints":{"allow":["GET"]}}],"collection":[{"href":"https:\/\/diaplast.lt\/pl\/wp-json\/wp\/v2\/product"}],"about":[{"href":"https:\/\/diaplast.lt\/pl\/wp-json\/wp\/v2\/types\/product"}],"version-history":[{"count":1,"href":"https:\/\/diaplast.lt\/pl\/wp-json\/wp\/v2\/product\/21222\/revisions"}],"predecessor-version":[{"id":21224,"href":"https:\/\/diaplast.lt\/pl\/wp-json\/wp\/v2\/product\/21222\/revisions\/21224"}],"wp:featuredmedia":[{"embeddable":true,"href":"https:\/\/diaplast.lt\/pl\/wp-json\/wp\/v2\/media\/17406"}],"wp:attachment":[{"href":"https:\/\/diaplast.lt\/pl\/wp-json\/wp\/v2\/media?parent=21222"}],"wp:term":[{"taxonomy":"product_brand","embeddable":true,"href":"https:\/\/diaplast.lt\/pl\/wp-json\/wp\/v2\/product_brand?post=21222"},{"taxonomy":"product_cat","embeddable":true,"href":"https:\/\/diaplast.lt\/pl\/wp-json\/wp\/v2\/product_cat?post=21222"},{"taxonomy":"product_tag","embeddable":true,"href":"https:\/\/diaplast.lt\/pl\/wp-json\/wp\/v2\/product_tag?post=21222"}],"curies":[{"name":"wp","href":"https:\/\/api.w.org\/{rel}","templated":true}]}}