{"id":21229,"date":"2025-02-13T14:29:38","date_gmt":"2025-02-13T11:29:38","guid":{"rendered":"https:\/\/diaplast.lt\/produktas\/srodek-do-czyszczenia-kamienia-hmk-r175-koncentrat-moeller-chemie\/"},"modified":"2025-03-21T11:34:49","modified_gmt":"2025-03-21T08:34:49","slug":"srodek-do-czyszczenia-kamienia-hmk-r175-koncentrat-moeller-chemie","status":"publish","type":"product","link":"https:\/\/diaplast.lt\/pl\/produkt\/srodek-do-czyszczenia-kamienia-hmk-r175-koncentrat-moeller-chemie\/","title":{"rendered":"\u015arodek do czyszczenia kamienia HMK R175 (koncentrat), M\u00f6eller Chemie"},"content":{"rendered":"<p><strong>Spos\u00f3b u\u017cycia:<\/strong> Chroni\u0107 pobliskie powierzchnie przed ewentualnym rozlaniem. Przygotowa\u0107 roztw\u00f3r w miejscu, w kt\u00f3rym wycieki nie uszkodz\u0105 innych powierzchni. Zwil\u017cy\u0107 czyszczon\u0105 powierzchni\u0119 wod\u0105. Nanie\u015b\u0107 R175 rozcie\u0144czony wod\u0105 (1:2 do 1:15 w zale\u017cno\u015bci od poziomu zanieczyszczenia) na powierzchni\u0119 za pomoc\u0105 miot\u0142y, szczotki lub innego odpowiedniego narz\u0119dzia.   <\/p>\n<p>Odczeka\u0107 kilka minut (nie pozostawiaj\u0105c do wyschni\u0119cia), ponownie przetworzy\u0107 i usun\u0105\u0107 wszelkie pozosta\u0142o\u015bci brudu. Nast\u0119pnie powierzchni\u0119 nale\u017cy dok\u0142adnie wyczy\u015bci\u0107 \u015brodkiem czyszcz\u0105cym R155 rozcie\u0144czonym wod\u0105 w stosunku oko\u0142o 1:20. Oczyszczon\u0105 powierzchni\u0119 nale\u017cy dok\u0142adnie sp\u0142uka\u0107 wod\u0105. W przypadku bardzo silnego zabrudzenia proces czyszczenia nale\u017cy powt\u00f3rzy\u0107.   <\/p>\n<p><strong>Produkt zawiera silne kwasy!<\/strong>  Aby unikn\u0105\u0107 wad w obr\u00f3bce chemicznej i okre\u015bli\u0107 wymagany czas czyszczenia, zaleca si\u0119 przetestowanie dzia\u0142ania produktu na nadmiarowym kawa\u0142ku tego samego kamienia lub na niewidocznej stronie produktu. Temperatura obr\u00f3bki powinna wynosi\u0107 od +12 do +25 \u00b0C. <\/p>\n<p><strong>Wa\u017cne<\/strong>:  <strong>Unika\u0107 bezpo\u015bredniego \u015bwiat\u0142a s\u0142onecznego podczas przetwarzania. Powierzchnie wra\u017cliwe na kwasy, polerowany lub szlifowany marmur, wapie\u0144, aglomeraty, produkty betonowe, metale, tworzywa sztuczne mog\u0105 zosta\u0107 uszkodzone podczas czyszczenia.   <\/strong><\/p>\n<p><strong>Zu\u017cycie: <\/strong>oko\u0142o 10-50<sup>m2\/litr.<\/sup><\/p>\n<p>Przechowywa\u0107 w ch\u0142odnym miejscu. Wieczko musi by\u0107 szczelnie zamkni\u0119te. Okres trwa\u0142o\u015bci wynosi kilka lat.  <\/p>\n","protected":false},"excerpt":{"rendered":"<p>Jest to specjalny <strong>skoncentrowany<\/strong> \u015brodek czyszcz\u0105cy na bazie kwasu do usuwania osad\u00f3w cementowych, kamienia wapiennego, resztek zaprawy, plam rdzy i zabrudze\u0144 po budowie ze wszystkich kwasoodpornych powierzchni z kamienia naturalnego i sztucznego. Usuwa stwardnia\u0142y brud i osady cementowe oraz powstrzymuje powstawanie rdzawych plam. <\/p>\n<p>Nadaje si\u0119 do czyszczenia polerowanego granitu. Dzi\u0119ki specjalnym inhibitorom rdzy zawartym w produkcie, doskonale nadaje si\u0119 do czyszczenia twardych i mi\u0119kkich kamieni, w tym polerowanych, dotkni\u0119tych rdz\u0105. Doskonale nadaje si\u0119 do czyszczenia i konserwacji granitu o wysokiej zawarto\u015bci \u017celaza, poniewa\u017c specjalne sk\u0142adniki aktywne ograniczaj\u0105 rozw\u00f3j rdzy.  <\/p>\n<p>Tylko do u\u017cytku na zewn\u0105trz.<\/p>\n<p><strong>Tylko do u\u017cytku profesjonalnego!<\/strong><\/p>\n","protected":false},"featured_media":17396,"template":"","meta":[],"product_brand":[],"product_cat":[774,782],"product_tag":[],"class_list":{"0":"post-21229","1":"product","2":"type-product","3":"status-publish","4":"has-post-thumbnail","6":"product_cat-srodki-chemiczne-do-kamienia-i-betonu","7":"product_cat-srodki-czyszczace","8":"pa_gamintojas-moeller-chemie-pl","9":"pa_paskirtis-dla-kamienia","10":"pa_talpa-1l-pl","12":"first","13":"instock","14":"taxable","15":"shipping-taxable","16":"purchasable","17":"product-type-simple"},"yoast_head":"<!-- This site is optimized with the Yoast SEO plugin v26.0 - https:\/\/yoast.com\/wordpress\/plugins\/seo\/ -->\n<title>\u015arodek do czyszczenia kamienia HMK R175 (koncentrat), M\u00f6eller Chemie - Diaplast<\/title>\n<meta name=\"robots\" content=\"index, follow, max-snippet:-1, max-image-preview:large, max-video-preview:-1\" \/>\n<link rel=\"canonical\" href=\"https:\/\/diaplast.lt\/pl\/?post_type=product&p=21229\" \/>\n<meta property=\"og:locale\" content=\"pl_PL\" \/>\n<meta property=\"og:type\" content=\"article\" \/>\n<meta property=\"og:title\" content=\"\u015arodek do czyszczenia kamienia HMK R175 (koncentrat), M\u00f6eller Chemie - Diaplast\" \/>\n<meta property=\"og:description\" content=\"Jest to specjalny skoncentrowany \u015brodek czyszcz\u0105cy na bazie kwasu do usuwania osad\u00f3w cementowych, kamienia wapiennego, resztek zaprawy, plam rdzy i zabrudze\u0144 po budowie ze wszystkich kwasoodpornych powierzchni z kamienia naturalnego i sztucznego. Usuwa stwardnia\u0142y brud i osady cementowe oraz powstrzymuje powstawanie rdzawych plam.  Nadaje si\u0119 do czyszczenia polerowanego granitu. Dzi\u0119ki specjalnym inhibitorom rdzy zawartym w produkcie, doskonale nadaje si\u0119 do czyszczenia twardych i mi\u0119kkich kamieni, w tym polerowanych, dotkni\u0119tych rdz\u0105. Doskonale nadaje si\u0119 do czyszczenia i konserwacji granitu o wysokiej zawarto\u015bci \u017celaza, poniewa\u017c specjalne sk\u0142adniki aktywne ograniczaj\u0105 rozw\u00f3j rdzy.  Tylko do u\u017cytku na zewn\u0105trz. Tylko do u\u017cytku profesjonalnego!\" \/>\n<meta property=\"og:url\" content=\"https:\/\/diaplast.lt\/pl\/?post_type=product&amp;p=21229\" \/>\n<meta property=\"og:site_name\" content=\"Diaplast\" \/>\n<meta property=\"article:modified_time\" content=\"2025-03-21T08:34:49+00:00\" \/>\n<meta property=\"og:image\" content=\"http:\/\/diaplast.lt\/wp-content\/uploads\/2025\/02\/HMK-R175.jpg\" \/>\n\t<meta property=\"og:image:width\" content=\"1200\" \/>\n\t<meta property=\"og:image:height\" content=\"1083\" \/>\n\t<meta property=\"og:image:type\" content=\"image\/jpeg\" \/>\n<meta name=\"twitter:card\" content=\"summary_large_image\" \/>\n<meta name=\"twitter:label1\" content=\"Szacowany czas czytania\" \/>\n\t<meta name=\"twitter:data1\" content=\"1 minuta\" \/>\n<script type=\"application\/ld+json\" class=\"yoast-schema-graph\">{\"@context\":\"https:\/\/schema.org\",\"@graph\":[{\"@type\":\"WebPage\",\"@id\":\"https:\/\/diaplast.lt\/pl\/?post_type=product&p=21229\",\"url\":\"https:\/\/diaplast.lt\/pl\/?post_type=product&p=21229\",\"name\":\"\u015arodek do czyszczenia kamienia HMK R175 (koncentrat), M\u00f6eller Chemie - Diaplast\",\"isPartOf\":{\"@id\":\"https:\/\/diaplast.lt\/#website\"},\"primaryImageOfPage\":{\"@id\":\"https:\/\/diaplast.lt\/pl\/?post_type=product&p=21229#primaryimage\"},\"image\":{\"@id\":\"https:\/\/diaplast.lt\/pl\/?post_type=product&p=21229#primaryimage\"},\"thumbnailUrl\":\"https:\/\/diaplast.lt\/wp-content\/uploads\/2025\/02\/HMK-R175.jpg\",\"datePublished\":\"2025-02-13T11:29:38+00:00\",\"dateModified\":\"2025-03-21T08:34:49+00:00\",\"breadcrumb\":{\"@id\":\"https:\/\/diaplast.lt\/pl\/?post_type=product&p=21229#breadcrumb\"},\"inLanguage\":\"pl-PL\",\"potentialAction\":[{\"@type\":\"ReadAction\",\"target\":[\"https:\/\/diaplast.lt\/pl\/?post_type=product&p=21229\"]}]},{\"@type\":\"ImageObject\",\"inLanguage\":\"pl-PL\",\"@id\":\"https:\/\/diaplast.lt\/pl\/?post_type=product&p=21229#primaryimage\",\"url\":\"https:\/\/diaplast.lt\/wp-content\/uploads\/2025\/02\/HMK-R175.jpg\",\"contentUrl\":\"https:\/\/diaplast.lt\/wp-content\/uploads\/2025\/02\/HMK-R175.jpg\",\"width\":1200,\"height\":1083},{\"@type\":\"BreadcrumbList\",\"@id\":\"https:\/\/diaplast.lt\/pl\/?post_type=product&p=21229#breadcrumb\",\"itemListElement\":[{\"@type\":\"ListItem\",\"position\":1,\"name\":\"Strona g\u0142\u00f3wna\",\"item\":\"https:\/\/diaplast.lt\/\"},{\"@type\":\"ListItem\",\"position\":2,\"name\":\"Zasi\u0119g\",\"item\":\"https:\/\/diaplast.lt\/pl\/asortyment\/\"},{\"@type\":\"ListItem\",\"position\":3,\"name\":\"\u015arodek do czyszczenia kamienia HMK R175 (koncentrat), M\u00f6eller Chemie\"}]},{\"@type\":\"WebSite\",\"@id\":\"https:\/\/diaplast.lt\/#website\",\"url\":\"https:\/\/diaplast.lt\/\",\"name\":\"Diaplast\",\"description\":\"Deimantini\u0173 instrument\u0173 gamyba ir prekyba\",\"publisher\":{\"@id\":\"https:\/\/diaplast.lt\/#organization\"},\"potentialAction\":[{\"@type\":\"SearchAction\",\"target\":{\"@type\":\"EntryPoint\",\"urlTemplate\":\"https:\/\/diaplast.lt\/?s={search_term_string}\"},\"query-input\":{\"@type\":\"PropertyValueSpecification\",\"valueRequired\":true,\"valueName\":\"search_term_string\"}}],\"inLanguage\":\"pl-PL\"},{\"@type\":\"Organization\",\"@id\":\"https:\/\/diaplast.lt\/#organization\",\"name\":\"Diaplast\",\"url\":\"https:\/\/diaplast.lt\/\",\"logo\":{\"@type\":\"ImageObject\",\"inLanguage\":\"pl-PL\",\"@id\":\"https:\/\/diaplast.lt\/#\/schema\/logo\/image\/\",\"url\":\"http:\/\/diaplast.lt\/wp-content\/uploads\/2022\/06\/ebaltveja-logo.png\",\"contentUrl\":\"http:\/\/diaplast.lt\/wp-content\/uploads\/2022\/06\/ebaltveja-logo.png\",\"width\":200,\"height\":69,\"caption\":\"Diaplast\"},\"image\":{\"@id\":\"https:\/\/diaplast.lt\/#\/schema\/logo\/image\/\"}}]}<\/script>\n<!-- \/ Yoast SEO plugin. -->","yoast_head_json":{"title":"\u015arodek do czyszczenia kamienia HMK R175 (koncentrat), M\u00f6eller Chemie - Diaplast","robots":{"index":"index","follow":"follow","max-snippet":"max-snippet:-1","max-image-preview":"max-image-preview:large","max-video-preview":"max-video-preview:-1"},"canonical":"https:\/\/diaplast.lt\/pl\/?post_type=product&p=21229","og_locale":"pl_PL","og_type":"article","og_title":"\u015arodek do czyszczenia kamienia HMK R175 (koncentrat), M\u00f6eller Chemie - Diaplast","og_description":"Jest to specjalny skoncentrowany \u015brodek czyszcz\u0105cy na bazie kwasu do usuwania osad\u00f3w cementowych, kamienia wapiennego, resztek zaprawy, plam rdzy i zabrudze\u0144 po budowie ze wszystkich kwasoodpornych powierzchni z kamienia naturalnego i sztucznego. Usuwa stwardnia\u0142y brud i osady cementowe oraz powstrzymuje powstawanie rdzawych plam.  Nadaje si\u0119 do czyszczenia polerowanego granitu. Dzi\u0119ki specjalnym inhibitorom rdzy zawartym w produkcie, doskonale nadaje si\u0119 do czyszczenia twardych i mi\u0119kkich kamieni, w tym polerowanych, dotkni\u0119tych rdz\u0105. Doskonale nadaje si\u0119 do czyszczenia i konserwacji granitu o wysokiej zawarto\u015bci \u017celaza, poniewa\u017c specjalne sk\u0142adniki aktywne ograniczaj\u0105 rozw\u00f3j rdzy.  Tylko do u\u017cytku na zewn\u0105trz. Tylko do u\u017cytku profesjonalnego!","og_url":"https:\/\/diaplast.lt\/pl\/?post_type=product&p=21229","og_site_name":"Diaplast","article_modified_time":"2025-03-21T08:34:49+00:00","og_image":[{"width":1200,"height":1083,"url":"http:\/\/diaplast.lt\/wp-content\/uploads\/2025\/02\/HMK-R175.jpg","type":"image\/jpeg"}],"twitter_card":"summary_large_image","twitter_misc":{"Szacowany czas czytania":"1 minuta"},"schema":{"@context":"https:\/\/schema.org","@graph":[{"@type":"WebPage","@id":"https:\/\/diaplast.lt\/pl\/?post_type=product&p=21229","url":"https:\/\/diaplast.lt\/pl\/?post_type=product&p=21229","name":"\u015arodek do czyszczenia kamienia HMK R175 (koncentrat), M\u00f6eller Chemie - Diaplast","isPartOf":{"@id":"https:\/\/diaplast.lt\/#website"},"primaryImageOfPage":{"@id":"https:\/\/diaplast.lt\/pl\/?post_type=product&p=21229#primaryimage"},"image":{"@id":"https:\/\/diaplast.lt\/pl\/?post_type=product&p=21229#primaryimage"},"thumbnailUrl":"https:\/\/diaplast.lt\/wp-content\/uploads\/2025\/02\/HMK-R175.jpg","datePublished":"2025-02-13T11:29:38+00:00","dateModified":"2025-03-21T08:34:49+00:00","breadcrumb":{"@id":"https:\/\/diaplast.lt\/pl\/?post_type=product&p=21229#breadcrumb"},"inLanguage":"pl-PL","potentialAction":[{"@type":"ReadAction","target":["https:\/\/diaplast.lt\/pl\/?post_type=product&p=21229"]}]},{"@type":"ImageObject","inLanguage":"pl-PL","@id":"https:\/\/diaplast.lt\/pl\/?post_type=product&p=21229#primaryimage","url":"https:\/\/diaplast.lt\/wp-content\/uploads\/2025\/02\/HMK-R175.jpg","contentUrl":"https:\/\/diaplast.lt\/wp-content\/uploads\/2025\/02\/HMK-R175.jpg","width":1200,"height":1083},{"@type":"BreadcrumbList","@id":"https:\/\/diaplast.lt\/pl\/?post_type=product&p=21229#breadcrumb","itemListElement":[{"@type":"ListItem","position":1,"name":"Strona g\u0142\u00f3wna","item":"https:\/\/diaplast.lt\/"},{"@type":"ListItem","position":2,"name":"Zasi\u0119g","item":"https:\/\/diaplast.lt\/pl\/asortyment\/"},{"@type":"ListItem","position":3,"name":"\u015arodek do czyszczenia kamienia HMK R175 (koncentrat), M\u00f6eller Chemie"}]},{"@type":"WebSite","@id":"https:\/\/diaplast.lt\/#website","url":"https:\/\/diaplast.lt\/","name":"Diaplast","description":"Deimantini\u0173 instrument\u0173 gamyba ir prekyba","publisher":{"@id":"https:\/\/diaplast.lt\/#organization"},"potentialAction":[{"@type":"SearchAction","target":{"@type":"EntryPoint","urlTemplate":"https:\/\/diaplast.lt\/?s={search_term_string}"},"query-input":{"@type":"PropertyValueSpecification","valueRequired":true,"valueName":"search_term_string"}}],"inLanguage":"pl-PL"},{"@type":"Organization","@id":"https:\/\/diaplast.lt\/#organization","name":"Diaplast","url":"https:\/\/diaplast.lt\/","logo":{"@type":"ImageObject","inLanguage":"pl-PL","@id":"https:\/\/diaplast.lt\/#\/schema\/logo\/image\/","url":"http:\/\/diaplast.lt\/wp-content\/uploads\/2022\/06\/ebaltveja-logo.png","contentUrl":"http:\/\/diaplast.lt\/wp-content\/uploads\/2022\/06\/ebaltveja-logo.png","width":200,"height":69,"caption":"Diaplast"},"image":{"@id":"https:\/\/diaplast.lt\/#\/schema\/logo\/image\/"}}]}},"_links":{"self":[{"href":"https:\/\/diaplast.lt\/pl\/wp-json\/wp\/v2\/product\/21229","targetHints":{"allow":["GET"]}}],"collection":[{"href":"https:\/\/diaplast.lt\/pl\/wp-json\/wp\/v2\/product"}],"about":[{"href":"https:\/\/diaplast.lt\/pl\/wp-json\/wp\/v2\/types\/product"}],"version-history":[{"count":1,"href":"https:\/\/diaplast.lt\/pl\/wp-json\/wp\/v2\/product\/21229\/revisions"}],"predecessor-version":[{"id":21231,"href":"https:\/\/diaplast.lt\/pl\/wp-json\/wp\/v2\/product\/21229\/revisions\/21231"}],"wp:featuredmedia":[{"embeddable":true,"href":"https:\/\/diaplast.lt\/pl\/wp-json\/wp\/v2\/media\/17396"}],"wp:attachment":[{"href":"https:\/\/diaplast.lt\/pl\/wp-json\/wp\/v2\/media?parent=21229"}],"wp:term":[{"taxonomy":"product_brand","embeddable":true,"href":"https:\/\/diaplast.lt\/pl\/wp-json\/wp\/v2\/product_brand?post=21229"},{"taxonomy":"product_cat","embeddable":true,"href":"https:\/\/diaplast.lt\/pl\/wp-json\/wp\/v2\/product_cat?post=21229"},{"taxonomy":"product_tag","embeddable":true,"href":"https:\/\/diaplast.lt\/pl\/wp-json\/wp\/v2\/product_tag?post=21229"}],"curies":[{"name":"wp","href":"https:\/\/api.w.org\/{rel}","templated":true}]}}