{"id":21234,"date":"2025-02-13T14:42:01","date_gmt":"2025-02-13T11:42:01","guid":{"rendered":"https:\/\/diaplast.lt\/produktas\/odrdzewiacz-do-marmuru-hmk-r179-moeller-chemie\/"},"modified":"2025-03-21T11:34:50","modified_gmt":"2025-03-21T08:34:50","slug":"odrdzewiacz-do-marmuru-hmk-r179-moeller-chemie","status":"publish","type":"product","link":"https:\/\/diaplast.lt\/pl\/produkt\/odrdzewiacz-do-marmuru-hmk-r179-moeller-chemie\/","title":{"rendered":"Odrdzewiacz do marmuru HMK R179, M\u00f6eller Chemie"},"content":{"rendered":"<p><strong>Zastosowanie:<\/strong> nanie\u015b\u0107 R179 obficie i r\u00f3wnomiernie na ch\u0142odn\u0105 (z zainstalowanym ogrzewaniem pod\u0142ogowym) i such\u0105 powierzchni\u0119. Reakcj\u0119 ocenia si\u0119 na podstawie pojawienia si\u0119 fioletowych plam. Czas reakcji 10-15 min. Je\u015bli plamy rdzy nie znikn\u0119\u0142y, nale\u017cy ponownie zastosowa\u0107 produkt. Nast\u0119pnie nale\u017cy na\u0142o\u017cy\u0107 HMK R155 (\u015brodek czyszcz\u0105cy) rozcie\u0144czony wod\u0105 w stosunku oko\u0142o 1:20 i dok\u0142adnie oczy\u015bci\u0107 powierzchni\u0119 z pozosta\u0142o\u015bci i brudu za pomoc\u0105 miot\u0142y, szczotki lub innego odpowiedniego narz\u0119dzia. Nast\u0119pnie powierzchni\u0119 nale\u017cy dok\u0142adnie sp\u0142uka\u0107 wod\u0105. W przypadku du\u017cych i uporczywych plam rdzy, proces czyszczenia nale\u017cy powtarza\u0107 a\u017c do ca\u0142kowitego usuni\u0119cia brudu. Mog\u0105 pojawi\u0107 si\u0119 jasnofioletowe plamy, kt\u00f3re z czasem znikn\u0105 samoistnie.       <\/p>\n<p>Aby unikn\u0105\u0107 wad w obr\u00f3bce chemicznej, zaleca si\u0119 przetestowanie czyszczenia na zb\u0119dnym kawa\u0142ku tego samego kamienia lub na niewidocznej stronie produktu.<\/p>\n<p>Temperatura przetwarzania wynosi od +12 do +25 \u00b0C.<\/p>\n<p>Po u\u017cyciu odkr\u0119ci\u0107 ko\u0144c\u00f3wk\u0119 rozpylaj\u0105c\u0105 i sp\u0142uka\u0107 wod\u0105.<\/p>\n<p><strong>Wa\u017cne<\/strong>:  <strong>Unika\u0107 bezpo\u015bredniego \u015bwiat\u0142a s\u0142onecznego podczas przetwarzania. Nie rozpyla\u0107 na gor\u0105ce powierzchnie. Reakcja chemiczna nadaje roztworowi fioletowy odcie\u0144 i specyficzny zapach. Podczas pracy w pomieszczeniach nale\u017cy zapewni\u0107 dobr\u0105 wentylacj\u0119. Nie stosowa\u0107 na powierzchniach chromowanych, emaliowanych, metalicznych i lakierowanych. Takie powierzchnie musz\u0105 by\u0107 dobrze pokryte przed obr\u00f3bk\u0105. Metale w lustrach, komputerach, lampach, klimatyzatorach mog\u0105 reagowa\u0107 z produktem lub jego oparami.      <\/strong><\/p>\n<p><strong>Zu\u017cycie: <\/strong>ok. 5-10<sup>m2\/kom\u00f3rk\u0119<\/sup>. Przechowywa\u0107 w ciemnym i ch\u0142odnym miejscu. Okres trwa\u0142o\u015bci 0,5-1 rok.  <\/p>\n","protected":false},"excerpt":{"rendered":"<p>Jest to specjalny \u015brodek czyszcz\u0105cy gotowy do u\u017cycia.<\/p>\n<p>Usuwa rdz\u0119 i utlenione plamy metalowe spowodowane przez nawozy zawieraj\u0105ce \u017celazo, meble ogrodowe itp. na wszystkich powierzchniach z kamienia naturalnego i marmuru.<\/p>\n<p>Specjalne dodatki antykorozyjne ograniczaj\u0105 powstawanie rdzy.<\/p>\n<p>Nadaje si\u0119 do polerowanego marmuru i wapienia.<\/p>\n","protected":false},"featured_media":17412,"template":"","meta":[],"product_brand":[],"product_cat":[774,782],"product_tag":[],"class_list":{"0":"post-21234","1":"product","2":"type-product","3":"status-publish","4":"has-post-thumbnail","6":"product_cat-srodki-chemiczne-do-kamienia-i-betonu","7":"product_cat-srodki-czyszczace","8":"pa_gamintojas-moeller-chemie-pl","9":"pa_paskirtis-dla-kamienia","10":"pa_talpa-0475l-pl","12":"first","13":"instock","14":"taxable","15":"shipping-taxable","16":"purchasable","17":"product-type-simple"},"yoast_head":"<!-- This site is optimized with the Yoast SEO plugin v26.0 - https:\/\/yoast.com\/wordpress\/plugins\/seo\/ -->\n<title>Odrdzewiacz do marmuru HMK R179, M\u00f6eller Chemie - Diaplast<\/title>\n<meta name=\"robots\" content=\"index, follow, max-snippet:-1, max-image-preview:large, max-video-preview:-1\" \/>\n<link rel=\"canonical\" href=\"https:\/\/diaplast.lt\/pl\/?post_type=product&p=21234\" \/>\n<meta property=\"og:locale\" content=\"pl_PL\" \/>\n<meta property=\"og:type\" content=\"article\" \/>\n<meta property=\"og:title\" content=\"Odrdzewiacz do marmuru HMK R179, M\u00f6eller Chemie - Diaplast\" \/>\n<meta property=\"og:description\" content=\"Jest to specjalny \u015brodek czyszcz\u0105cy gotowy do u\u017cycia. Usuwa rdz\u0119 i utlenione plamy metalowe spowodowane przez nawozy zawieraj\u0105ce \u017celazo, meble ogrodowe itp. na wszystkich powierzchniach z kamienia naturalnego i marmuru. Specjalne dodatki antykorozyjne ograniczaj\u0105 powstawanie rdzy. Nadaje si\u0119 do polerowanego marmuru i wapienia.\" \/>\n<meta property=\"og:url\" content=\"https:\/\/diaplast.lt\/pl\/?post_type=product&amp;p=21234\" \/>\n<meta property=\"og:site_name\" content=\"Diaplast\" \/>\n<meta property=\"article:modified_time\" content=\"2025-03-21T08:34:50+00:00\" \/>\n<meta property=\"og:image\" content=\"http:\/\/diaplast.lt\/wp-content\/uploads\/2025\/02\/HMK-R179.jpg\" \/>\n\t<meta property=\"og:image:width\" content=\"1200\" \/>\n\t<meta property=\"og:image:height\" content=\"1221\" \/>\n\t<meta property=\"og:image:type\" content=\"image\/jpeg\" \/>\n<meta name=\"twitter:card\" content=\"summary_large_image\" \/>\n<meta name=\"twitter:label1\" content=\"Szacowany czas czytania\" \/>\n\t<meta name=\"twitter:data1\" content=\"1 minuta\" \/>\n<script type=\"application\/ld+json\" class=\"yoast-schema-graph\">{\"@context\":\"https:\/\/schema.org\",\"@graph\":[{\"@type\":\"WebPage\",\"@id\":\"https:\/\/diaplast.lt\/pl\/?post_type=product&p=21234\",\"url\":\"https:\/\/diaplast.lt\/pl\/?post_type=product&p=21234\",\"name\":\"Odrdzewiacz do marmuru HMK R179, M\u00f6eller Chemie - Diaplast\",\"isPartOf\":{\"@id\":\"https:\/\/diaplast.lt\/#website\"},\"primaryImageOfPage\":{\"@id\":\"https:\/\/diaplast.lt\/pl\/?post_type=product&p=21234#primaryimage\"},\"image\":{\"@id\":\"https:\/\/diaplast.lt\/pl\/?post_type=product&p=21234#primaryimage\"},\"thumbnailUrl\":\"https:\/\/diaplast.lt\/wp-content\/uploads\/2025\/02\/HMK-R179.jpg\",\"datePublished\":\"2025-02-13T11:42:01+00:00\",\"dateModified\":\"2025-03-21T08:34:50+00:00\",\"breadcrumb\":{\"@id\":\"https:\/\/diaplast.lt\/pl\/?post_type=product&p=21234#breadcrumb\"},\"inLanguage\":\"pl-PL\",\"potentialAction\":[{\"@type\":\"ReadAction\",\"target\":[\"https:\/\/diaplast.lt\/pl\/?post_type=product&p=21234\"]}]},{\"@type\":\"ImageObject\",\"inLanguage\":\"pl-PL\",\"@id\":\"https:\/\/diaplast.lt\/pl\/?post_type=product&p=21234#primaryimage\",\"url\":\"https:\/\/diaplast.lt\/wp-content\/uploads\/2025\/02\/HMK-R179.jpg\",\"contentUrl\":\"https:\/\/diaplast.lt\/wp-content\/uploads\/2025\/02\/HMK-R179.jpg\",\"width\":1200,\"height\":1221},{\"@type\":\"BreadcrumbList\",\"@id\":\"https:\/\/diaplast.lt\/pl\/?post_type=product&p=21234#breadcrumb\",\"itemListElement\":[{\"@type\":\"ListItem\",\"position\":1,\"name\":\"Strona g\u0142\u00f3wna\",\"item\":\"https:\/\/diaplast.lt\/\"},{\"@type\":\"ListItem\",\"position\":2,\"name\":\"Zasi\u0119g\",\"item\":\"https:\/\/diaplast.lt\/pl\/asortyment\/\"},{\"@type\":\"ListItem\",\"position\":3,\"name\":\"Odrdzewiacz do marmuru HMK R179, M\u00f6eller Chemie\"}]},{\"@type\":\"WebSite\",\"@id\":\"https:\/\/diaplast.lt\/#website\",\"url\":\"https:\/\/diaplast.lt\/\",\"name\":\"Diaplast\",\"description\":\"Deimantini\u0173 instrument\u0173 gamyba ir prekyba\",\"publisher\":{\"@id\":\"https:\/\/diaplast.lt\/#organization\"},\"potentialAction\":[{\"@type\":\"SearchAction\",\"target\":{\"@type\":\"EntryPoint\",\"urlTemplate\":\"https:\/\/diaplast.lt\/?s={search_term_string}\"},\"query-input\":{\"@type\":\"PropertyValueSpecification\",\"valueRequired\":true,\"valueName\":\"search_term_string\"}}],\"inLanguage\":\"pl-PL\"},{\"@type\":\"Organization\",\"@id\":\"https:\/\/diaplast.lt\/#organization\",\"name\":\"Diaplast\",\"url\":\"https:\/\/diaplast.lt\/\",\"logo\":{\"@type\":\"ImageObject\",\"inLanguage\":\"pl-PL\",\"@id\":\"https:\/\/diaplast.lt\/#\/schema\/logo\/image\/\",\"url\":\"http:\/\/diaplast.lt\/wp-content\/uploads\/2022\/06\/ebaltveja-logo.png\",\"contentUrl\":\"http:\/\/diaplast.lt\/wp-content\/uploads\/2022\/06\/ebaltveja-logo.png\",\"width\":200,\"height\":69,\"caption\":\"Diaplast\"},\"image\":{\"@id\":\"https:\/\/diaplast.lt\/#\/schema\/logo\/image\/\"}}]}<\/script>\n<!-- \/ Yoast SEO plugin. -->","yoast_head_json":{"title":"Odrdzewiacz do marmuru HMK R179, M\u00f6eller Chemie - Diaplast","robots":{"index":"index","follow":"follow","max-snippet":"max-snippet:-1","max-image-preview":"max-image-preview:large","max-video-preview":"max-video-preview:-1"},"canonical":"https:\/\/diaplast.lt\/pl\/?post_type=product&p=21234","og_locale":"pl_PL","og_type":"article","og_title":"Odrdzewiacz do marmuru HMK R179, M\u00f6eller Chemie - Diaplast","og_description":"Jest to specjalny \u015brodek czyszcz\u0105cy gotowy do u\u017cycia. Usuwa rdz\u0119 i utlenione plamy metalowe spowodowane przez nawozy zawieraj\u0105ce \u017celazo, meble ogrodowe itp. na wszystkich powierzchniach z kamienia naturalnego i marmuru. Specjalne dodatki antykorozyjne ograniczaj\u0105 powstawanie rdzy. Nadaje si\u0119 do polerowanego marmuru i wapienia.","og_url":"https:\/\/diaplast.lt\/pl\/?post_type=product&p=21234","og_site_name":"Diaplast","article_modified_time":"2025-03-21T08:34:50+00:00","og_image":[{"width":1200,"height":1221,"url":"http:\/\/diaplast.lt\/wp-content\/uploads\/2025\/02\/HMK-R179.jpg","type":"image\/jpeg"}],"twitter_card":"summary_large_image","twitter_misc":{"Szacowany czas czytania":"1 minuta"},"schema":{"@context":"https:\/\/schema.org","@graph":[{"@type":"WebPage","@id":"https:\/\/diaplast.lt\/pl\/?post_type=product&p=21234","url":"https:\/\/diaplast.lt\/pl\/?post_type=product&p=21234","name":"Odrdzewiacz do marmuru HMK R179, M\u00f6eller Chemie - Diaplast","isPartOf":{"@id":"https:\/\/diaplast.lt\/#website"},"primaryImageOfPage":{"@id":"https:\/\/diaplast.lt\/pl\/?post_type=product&p=21234#primaryimage"},"image":{"@id":"https:\/\/diaplast.lt\/pl\/?post_type=product&p=21234#primaryimage"},"thumbnailUrl":"https:\/\/diaplast.lt\/wp-content\/uploads\/2025\/02\/HMK-R179.jpg","datePublished":"2025-02-13T11:42:01+00:00","dateModified":"2025-03-21T08:34:50+00:00","breadcrumb":{"@id":"https:\/\/diaplast.lt\/pl\/?post_type=product&p=21234#breadcrumb"},"inLanguage":"pl-PL","potentialAction":[{"@type":"ReadAction","target":["https:\/\/diaplast.lt\/pl\/?post_type=product&p=21234"]}]},{"@type":"ImageObject","inLanguage":"pl-PL","@id":"https:\/\/diaplast.lt\/pl\/?post_type=product&p=21234#primaryimage","url":"https:\/\/diaplast.lt\/wp-content\/uploads\/2025\/02\/HMK-R179.jpg","contentUrl":"https:\/\/diaplast.lt\/wp-content\/uploads\/2025\/02\/HMK-R179.jpg","width":1200,"height":1221},{"@type":"BreadcrumbList","@id":"https:\/\/diaplast.lt\/pl\/?post_type=product&p=21234#breadcrumb","itemListElement":[{"@type":"ListItem","position":1,"name":"Strona g\u0142\u00f3wna","item":"https:\/\/diaplast.lt\/"},{"@type":"ListItem","position":2,"name":"Zasi\u0119g","item":"https:\/\/diaplast.lt\/pl\/asortyment\/"},{"@type":"ListItem","position":3,"name":"Odrdzewiacz do marmuru HMK R179, M\u00f6eller Chemie"}]},{"@type":"WebSite","@id":"https:\/\/diaplast.lt\/#website","url":"https:\/\/diaplast.lt\/","name":"Diaplast","description":"Deimantini\u0173 instrument\u0173 gamyba ir prekyba","publisher":{"@id":"https:\/\/diaplast.lt\/#organization"},"potentialAction":[{"@type":"SearchAction","target":{"@type":"EntryPoint","urlTemplate":"https:\/\/diaplast.lt\/?s={search_term_string}"},"query-input":{"@type":"PropertyValueSpecification","valueRequired":true,"valueName":"search_term_string"}}],"inLanguage":"pl-PL"},{"@type":"Organization","@id":"https:\/\/diaplast.lt\/#organization","name":"Diaplast","url":"https:\/\/diaplast.lt\/","logo":{"@type":"ImageObject","inLanguage":"pl-PL","@id":"https:\/\/diaplast.lt\/#\/schema\/logo\/image\/","url":"http:\/\/diaplast.lt\/wp-content\/uploads\/2022\/06\/ebaltveja-logo.png","contentUrl":"http:\/\/diaplast.lt\/wp-content\/uploads\/2022\/06\/ebaltveja-logo.png","width":200,"height":69,"caption":"Diaplast"},"image":{"@id":"https:\/\/diaplast.lt\/#\/schema\/logo\/image\/"}}]}},"_links":{"self":[{"href":"https:\/\/diaplast.lt\/pl\/wp-json\/wp\/v2\/product\/21234","targetHints":{"allow":["GET"]}}],"collection":[{"href":"https:\/\/diaplast.lt\/pl\/wp-json\/wp\/v2\/product"}],"about":[{"href":"https:\/\/diaplast.lt\/pl\/wp-json\/wp\/v2\/types\/product"}],"version-history":[{"count":1,"href":"https:\/\/diaplast.lt\/pl\/wp-json\/wp\/v2\/product\/21234\/revisions"}],"predecessor-version":[{"id":21236,"href":"https:\/\/diaplast.lt\/pl\/wp-json\/wp\/v2\/product\/21234\/revisions\/21236"}],"wp:featuredmedia":[{"embeddable":true,"href":"https:\/\/diaplast.lt\/pl\/wp-json\/wp\/v2\/media\/17412"}],"wp:attachment":[{"href":"https:\/\/diaplast.lt\/pl\/wp-json\/wp\/v2\/media?parent=21234"}],"wp:term":[{"taxonomy":"product_brand","embeddable":true,"href":"https:\/\/diaplast.lt\/pl\/wp-json\/wp\/v2\/product_brand?post=21234"},{"taxonomy":"product_cat","embeddable":true,"href":"https:\/\/diaplast.lt\/pl\/wp-json\/wp\/v2\/product_cat?post=21234"},{"taxonomy":"product_tag","embeddable":true,"href":"https:\/\/diaplast.lt\/pl\/wp-json\/wp\/v2\/product_tag?post=21234"}],"curies":[{"name":"wp","href":"https:\/\/api.w.org\/{rel}","templated":true}]}}