{"id":21497,"date":"2025-02-19T17:34:58","date_gmt":"2025-02-19T14:34:58","guid":{"rendered":"https:\/\/diaplast.lt\/produktas\/diamentowy-frez-do-czyszczenia-powierzchni-primary\/"},"modified":"2025-03-21T11:35:53","modified_gmt":"2025-03-21T08:35:53","slug":"diamentowy-frez-do-czyszczenia-powierzchni-primary","status":"publish","type":"product","link":"https:\/\/diaplast.lt\/pl\/produkt\/diamentowy-frez-do-czyszczenia-powierzchni-primary\/","title":{"rendered":"Diamentowy frez do czyszczenia powierzchni PRIMARY"},"content":{"rendered":"","protected":false},"excerpt":{"rendered":"<p>Usuwa wszystkie rodzaje klej\u00f3w, stare pow\u0142oki, grube pow\u0142oki uretanowe, \u017cywice epoksydowe, farby z betonu, kamienia i stali.<\/p>\n<p>Nadaje si\u0119 do pracy na mokro i na sucho.<\/p>\n<p>Zalecane pr\u0119dko\u015bci:<\/p>\n<p>\u015arednica 125 mm 5500 <sup> min-1<\/sup><\/p>\n<p>\u015arednica 180 mm 4500  min-1<\/p>\n","protected":false},"featured_media":17752,"template":"","meta":[],"product_brand":[],"product_cat":[844,856,858,860],"product_tag":[],"class_list":{"0":"post-21497","1":"product","2":"type-product","3":"status-publish","4":"has-post-thumbnail","6":"product_cat-narzedzia-do-szlifowania-polerowania","7":"product_cat-frezy-diamentowe","8":"product_cat-frezy-diamentowe-do-kamienia","9":"product_cat-frezy-diamentowe-dla-budownictwa","10":"pa_diametras-mm-125-pl","11":"pa_diametras-mm-180-pl","12":"pa_kilmes-salis-korea-pl","13":"pa_paskirtis-dla-betonu","14":"pa_paskirtis-dla-kamienia","15":"pa_tvirtinimas-m14-pl","17":"first","18":"instock","19":"taxable","20":"shipping-taxable","21":"purchasable","22":"product-type-variable"},"yoast_head":"<!-- This site is optimized with the Yoast SEO plugin v26.0 - https:\/\/yoast.com\/wordpress\/plugins\/seo\/ -->\n<title>Diamentowy frez do czyszczenia powierzchni PRIMARY - Diaplast<\/title>\n<meta name=\"robots\" content=\"index, follow, max-snippet:-1, max-image-preview:large, max-video-preview:-1\" \/>\n<link rel=\"canonical\" href=\"https:\/\/diaplast.lt\/pl\/?post_type=product&p=21497\" \/>\n<meta property=\"og:locale\" content=\"pl_PL\" \/>\n<meta property=\"og:type\" content=\"article\" \/>\n<meta property=\"og:title\" content=\"Diamentowy frez do czyszczenia powierzchni PRIMARY - Diaplast\" \/>\n<meta property=\"og:description\" content=\"Usuwa wszystkie rodzaje klej\u00f3w, stare pow\u0142oki, grube pow\u0142oki uretanowe, \u017cywice epoksydowe, farby z betonu, kamienia i stali. Nadaje si\u0119 do pracy na mokro i na sucho. Zalecane pr\u0119dko\u015bci: \u015arednica 125 mm 5500 min-1 \u015arednica 180 mm 4500 min-1\" \/>\n<meta property=\"og:url\" content=\"https:\/\/diaplast.lt\/pl\/?post_type=product&amp;p=21497\" \/>\n<meta property=\"og:site_name\" content=\"Diaplast\" \/>\n<meta property=\"article:modified_time\" content=\"2025-03-21T08:35:53+00:00\" \/>\n<meta property=\"og:image\" content=\"http:\/\/diaplast.lt\/wp-content\/uploads\/2025\/02\/DDSPRIM-125K.jpg\" \/>\n\t<meta property=\"og:image:width\" content=\"1144\" \/>\n\t<meta property=\"og:image:height\" content=\"1144\" \/>\n\t<meta property=\"og:image:type\" content=\"image\/jpeg\" \/>\n<meta name=\"twitter:card\" content=\"summary_large_image\" \/>\n<script type=\"application\/ld+json\" class=\"yoast-schema-graph\">{\"@context\":\"https:\/\/schema.org\",\"@graph\":[{\"@type\":\"WebPage\",\"@id\":\"https:\/\/diaplast.lt\/pl\/?post_type=product&p=21497\",\"url\":\"https:\/\/diaplast.lt\/pl\/?post_type=product&p=21497\",\"name\":\"Diamentowy frez do czyszczenia powierzchni PRIMARY - Diaplast\",\"isPartOf\":{\"@id\":\"https:\/\/diaplast.lt\/#website\"},\"primaryImageOfPage\":{\"@id\":\"https:\/\/diaplast.lt\/pl\/?post_type=product&p=21497#primaryimage\"},\"image\":{\"@id\":\"https:\/\/diaplast.lt\/pl\/?post_type=product&p=21497#primaryimage\"},\"thumbnailUrl\":\"https:\/\/diaplast.lt\/wp-content\/uploads\/2025\/02\/DDSPRIM-125K.jpg\",\"datePublished\":\"2025-02-19T14:34:58+00:00\",\"dateModified\":\"2025-03-21T08:35:53+00:00\",\"breadcrumb\":{\"@id\":\"https:\/\/diaplast.lt\/pl\/?post_type=product&p=21497#breadcrumb\"},\"inLanguage\":\"pl-PL\",\"potentialAction\":[{\"@type\":\"ReadAction\",\"target\":[\"https:\/\/diaplast.lt\/pl\/?post_type=product&p=21497\"]}]},{\"@type\":\"ImageObject\",\"inLanguage\":\"pl-PL\",\"@id\":\"https:\/\/diaplast.lt\/pl\/?post_type=product&p=21497#primaryimage\",\"url\":\"https:\/\/diaplast.lt\/wp-content\/uploads\/2025\/02\/DDSPRIM-125K.jpg\",\"contentUrl\":\"https:\/\/diaplast.lt\/wp-content\/uploads\/2025\/02\/DDSPRIM-125K.jpg\",\"width\":1144,\"height\":1144},{\"@type\":\"BreadcrumbList\",\"@id\":\"https:\/\/diaplast.lt\/pl\/?post_type=product&p=21497#breadcrumb\",\"itemListElement\":[{\"@type\":\"ListItem\",\"position\":1,\"name\":\"Strona g\u0142\u00f3wna\",\"item\":\"https:\/\/diaplast.lt\/\"},{\"@type\":\"ListItem\",\"position\":2,\"name\":\"Zasi\u0119g\",\"item\":\"https:\/\/diaplast.lt\/pl\/asortyment\/\"},{\"@type\":\"ListItem\",\"position\":3,\"name\":\"Diamentowy frez do czyszczenia powierzchni PRIMARY\"}]},{\"@type\":\"WebSite\",\"@id\":\"https:\/\/diaplast.lt\/#website\",\"url\":\"https:\/\/diaplast.lt\/\",\"name\":\"Diaplast\",\"description\":\"Deimantini\u0173 instrument\u0173 gamyba ir prekyba\",\"publisher\":{\"@id\":\"https:\/\/diaplast.lt\/#organization\"},\"potentialAction\":[{\"@type\":\"SearchAction\",\"target\":{\"@type\":\"EntryPoint\",\"urlTemplate\":\"https:\/\/diaplast.lt\/?s={search_term_string}\"},\"query-input\":{\"@type\":\"PropertyValueSpecification\",\"valueRequired\":true,\"valueName\":\"search_term_string\"}}],\"inLanguage\":\"pl-PL\"},{\"@type\":\"Organization\",\"@id\":\"https:\/\/diaplast.lt\/#organization\",\"name\":\"Diaplast\",\"url\":\"https:\/\/diaplast.lt\/\",\"logo\":{\"@type\":\"ImageObject\",\"inLanguage\":\"pl-PL\",\"@id\":\"https:\/\/diaplast.lt\/#\/schema\/logo\/image\/\",\"url\":\"http:\/\/diaplast.lt\/wp-content\/uploads\/2022\/06\/ebaltveja-logo.png\",\"contentUrl\":\"http:\/\/diaplast.lt\/wp-content\/uploads\/2022\/06\/ebaltveja-logo.png\",\"width\":200,\"height\":69,\"caption\":\"Diaplast\"},\"image\":{\"@id\":\"https:\/\/diaplast.lt\/#\/schema\/logo\/image\/\"}}]}<\/script>\n<!-- \/ Yoast SEO plugin. -->","yoast_head_json":{"title":"Diamentowy frez do czyszczenia powierzchni PRIMARY - Diaplast","robots":{"index":"index","follow":"follow","max-snippet":"max-snippet:-1","max-image-preview":"max-image-preview:large","max-video-preview":"max-video-preview:-1"},"canonical":"https:\/\/diaplast.lt\/pl\/?post_type=product&p=21497","og_locale":"pl_PL","og_type":"article","og_title":"Diamentowy frez do czyszczenia powierzchni PRIMARY - Diaplast","og_description":"Usuwa wszystkie rodzaje klej\u00f3w, stare pow\u0142oki, grube pow\u0142oki uretanowe, \u017cywice epoksydowe, farby z betonu, kamienia i stali. Nadaje si\u0119 do pracy na mokro i na sucho. Zalecane pr\u0119dko\u015bci: \u015arednica 125 mm 5500 min-1 \u015arednica 180 mm 4500 min-1","og_url":"https:\/\/diaplast.lt\/pl\/?post_type=product&p=21497","og_site_name":"Diaplast","article_modified_time":"2025-03-21T08:35:53+00:00","og_image":[{"width":1144,"height":1144,"url":"http:\/\/diaplast.lt\/wp-content\/uploads\/2025\/02\/DDSPRIM-125K.jpg","type":"image\/jpeg"}],"twitter_card":"summary_large_image","schema":{"@context":"https:\/\/schema.org","@graph":[{"@type":"WebPage","@id":"https:\/\/diaplast.lt\/pl\/?post_type=product&p=21497","url":"https:\/\/diaplast.lt\/pl\/?post_type=product&p=21497","name":"Diamentowy frez do czyszczenia powierzchni PRIMARY - Diaplast","isPartOf":{"@id":"https:\/\/diaplast.lt\/#website"},"primaryImageOfPage":{"@id":"https:\/\/diaplast.lt\/pl\/?post_type=product&p=21497#primaryimage"},"image":{"@id":"https:\/\/diaplast.lt\/pl\/?post_type=product&p=21497#primaryimage"},"thumbnailUrl":"https:\/\/diaplast.lt\/wp-content\/uploads\/2025\/02\/DDSPRIM-125K.jpg","datePublished":"2025-02-19T14:34:58+00:00","dateModified":"2025-03-21T08:35:53+00:00","breadcrumb":{"@id":"https:\/\/diaplast.lt\/pl\/?post_type=product&p=21497#breadcrumb"},"inLanguage":"pl-PL","potentialAction":[{"@type":"ReadAction","target":["https:\/\/diaplast.lt\/pl\/?post_type=product&p=21497"]}]},{"@type":"ImageObject","inLanguage":"pl-PL","@id":"https:\/\/diaplast.lt\/pl\/?post_type=product&p=21497#primaryimage","url":"https:\/\/diaplast.lt\/wp-content\/uploads\/2025\/02\/DDSPRIM-125K.jpg","contentUrl":"https:\/\/diaplast.lt\/wp-content\/uploads\/2025\/02\/DDSPRIM-125K.jpg","width":1144,"height":1144},{"@type":"BreadcrumbList","@id":"https:\/\/diaplast.lt\/pl\/?post_type=product&p=21497#breadcrumb","itemListElement":[{"@type":"ListItem","position":1,"name":"Strona g\u0142\u00f3wna","item":"https:\/\/diaplast.lt\/"},{"@type":"ListItem","position":2,"name":"Zasi\u0119g","item":"https:\/\/diaplast.lt\/pl\/asortyment\/"},{"@type":"ListItem","position":3,"name":"Diamentowy frez do czyszczenia powierzchni PRIMARY"}]},{"@type":"WebSite","@id":"https:\/\/diaplast.lt\/#website","url":"https:\/\/diaplast.lt\/","name":"Diaplast","description":"Deimantini\u0173 instrument\u0173 gamyba ir prekyba","publisher":{"@id":"https:\/\/diaplast.lt\/#organization"},"potentialAction":[{"@type":"SearchAction","target":{"@type":"EntryPoint","urlTemplate":"https:\/\/diaplast.lt\/?s={search_term_string}"},"query-input":{"@type":"PropertyValueSpecification","valueRequired":true,"valueName":"search_term_string"}}],"inLanguage":"pl-PL"},{"@type":"Organization","@id":"https:\/\/diaplast.lt\/#organization","name":"Diaplast","url":"https:\/\/diaplast.lt\/","logo":{"@type":"ImageObject","inLanguage":"pl-PL","@id":"https:\/\/diaplast.lt\/#\/schema\/logo\/image\/","url":"http:\/\/diaplast.lt\/wp-content\/uploads\/2022\/06\/ebaltveja-logo.png","contentUrl":"http:\/\/diaplast.lt\/wp-content\/uploads\/2022\/06\/ebaltveja-logo.png","width":200,"height":69,"caption":"Diaplast"},"image":{"@id":"https:\/\/diaplast.lt\/#\/schema\/logo\/image\/"}}]}},"_links":{"self":[{"href":"https:\/\/diaplast.lt\/pl\/wp-json\/wp\/v2\/product\/21497","targetHints":{"allow":["GET"]}}],"collection":[{"href":"https:\/\/diaplast.lt\/pl\/wp-json\/wp\/v2\/product"}],"about":[{"href":"https:\/\/diaplast.lt\/pl\/wp-json\/wp\/v2\/types\/product"}],"version-history":[{"count":1,"href":"https:\/\/diaplast.lt\/pl\/wp-json\/wp\/v2\/product\/21497\/revisions"}],"predecessor-version":[{"id":21503,"href":"https:\/\/diaplast.lt\/pl\/wp-json\/wp\/v2\/product\/21497\/revisions\/21503"}],"wp:featuredmedia":[{"embeddable":true,"href":"https:\/\/diaplast.lt\/pl\/wp-json\/wp\/v2\/media\/17752"}],"wp:attachment":[{"href":"https:\/\/diaplast.lt\/pl\/wp-json\/wp\/v2\/media?parent=21497"}],"wp:term":[{"taxonomy":"product_brand","embeddable":true,"href":"https:\/\/diaplast.lt\/pl\/wp-json\/wp\/v2\/product_brand?post=21497"},{"taxonomy":"product_cat","embeddable":true,"href":"https:\/\/diaplast.lt\/pl\/wp-json\/wp\/v2\/product_cat?post=21497"},{"taxonomy":"product_tag","embeddable":true,"href":"https:\/\/diaplast.lt\/pl\/wp-json\/wp\/v2\/product_tag?post=21497"}],"curies":[{"name":"wp","href":"https:\/\/api.w.org\/{rel}","templated":true}]}}