{"id":21543,"date":"2025-02-20T14:35:40","date_gmt":"2025-02-20T11:35:40","guid":{"rendered":"https:\/\/diaplast.lt\/produktas\/pojemnik-scierny-pca\/"},"modified":"2025-03-21T11:36:12","modified_gmt":"2025-03-21T08:36:12","slug":"pojemnik-scierny-pca","status":"publish","type":"product","link":"https:\/\/diaplast.lt\/pl\/produkt\/pojemnik-scierny-pca\/","title":{"rendered":"Pojemnik \u015bcierny PCA"},"content":{"rendered":"<p>Przed rozpocz\u0119ciem pracy nale\u017cy koniecznie sprawdzi\u0107 narz\u0119dzie <strong>pod k\u0105tem ewentualnych p\u0119kni\u0119\u0107<\/strong> (nawet je\u015bli narz\u0119dzie by\u0142o niedawno u\u017cywane).<\/p>\n<p><strong>Nie wolno u\u017cywa\u0107 p\u0119kni\u0119tych narz\u0119dzi<\/strong>, poniewa\u017c s\u0105 one bardzo niebezpieczne.<\/p>\n<p>Podczas pracy nale\u017cy przestrzega\u0107 zasad bezpiecze\u0144stwa w miejscu pracy.<\/p>\n","protected":false},"excerpt":{"rendered":"<p>Materia\u0142 \u015bcierny (w\u0119glik krzemu) do szlifowania kamieni.<\/p>\n<p>\u015arodek wi\u0105\u017c\u0105cy - bakelit.<\/p>\n<p>Maksymalna dopuszczalna pr\u0119dko\u015b\u0107 robocza 44 m\/s,<\/p>\n<p>Maksymalna dopuszczalna pr\u0119dko\u015b\u0107 8500 <sup> min-1<\/sup><\/p>\n","protected":false},"featured_media":18326,"template":"","meta":[],"product_brand":[],"product_cat":[844,846,852],"product_tag":[],"class_list":{"0":"post-21543","1":"product","2":"type-product","3":"status-publish","4":"has-post-thumbnail","6":"product_cat-narzedzia-do-szlifowania-polerowania","7":"product_cat-tarcze-scierne-do-szlifowania","8":"product_cat-scierne-garnki-do-mielenia","9":"pa_grudetumas-24-pl","10":"pa_grudetumas-36-pl","11":"pa_grudetumas-60-pl","12":"pa_grudetumas-120-pl","13":"pa_grudetumas-180-pl","14":"pa_grudetumas-220-pl","15":"pa_kilmes-salis-wlochy","16":"pa_matmenys-100-80x55-mm-pl","17":"pa_paskirtis-dla-kamienia","18":"pa_tvirtinimas-m14-pl","20":"first","21":"instock","22":"taxable","23":"shipping-taxable","24":"purchasable","25":"product-type-variable"},"yoast_head":"<!-- This site is optimized with the Yoast SEO plugin v26.0 - https:\/\/yoast.com\/wordpress\/plugins\/seo\/ -->\n<title>Pojemnik \u015bcierny PCA - Diaplast<\/title>\n<meta name=\"robots\" content=\"index, follow, max-snippet:-1, max-image-preview:large, max-video-preview:-1\" \/>\n<link rel=\"canonical\" href=\"https:\/\/diaplast.lt\/pl\/?post_type=product&p=21543\" \/>\n<meta property=\"og:locale\" content=\"pl_PL\" \/>\n<meta property=\"og:type\" content=\"article\" \/>\n<meta property=\"og:title\" content=\"Pojemnik \u015bcierny PCA - Diaplast\" \/>\n<meta property=\"og:description\" content=\"Materia\u0142 \u015bcierny (w\u0119glik krzemu) do szlifowania kamieni. \u015arodek wi\u0105\u017c\u0105cy - bakelit. Maksymalna dopuszczalna pr\u0119dko\u015b\u0107 robocza 44 m\/s, Maksymalna dopuszczalna pr\u0119dko\u015b\u0107 8500 min-1\" \/>\n<meta property=\"og:url\" content=\"https:\/\/diaplast.lt\/pl\/?post_type=product&amp;p=21543\" \/>\n<meta property=\"og:site_name\" content=\"Diaplast\" \/>\n<meta property=\"article:modified_time\" content=\"2025-03-21T08:36:12+00:00\" \/>\n<meta property=\"og:image\" content=\"http:\/\/diaplast.lt\/wp-content\/uploads\/2025\/01\/PS-A.jpg\" \/>\n\t<meta property=\"og:image:width\" content=\"1200\" \/>\n\t<meta property=\"og:image:height\" content=\"1200\" \/>\n\t<meta property=\"og:image:type\" content=\"image\/jpeg\" \/>\n<meta name=\"twitter:card\" content=\"summary_large_image\" \/>\n<script type=\"application\/ld+json\" class=\"yoast-schema-graph\">{\"@context\":\"https:\/\/schema.org\",\"@graph\":[{\"@type\":\"WebPage\",\"@id\":\"https:\/\/diaplast.lt\/pl\/?post_type=product&p=21543\",\"url\":\"https:\/\/diaplast.lt\/pl\/?post_type=product&p=21543\",\"name\":\"Pojemnik \u015bcierny PCA - Diaplast\",\"isPartOf\":{\"@id\":\"https:\/\/diaplast.lt\/#website\"},\"primaryImageOfPage\":{\"@id\":\"https:\/\/diaplast.lt\/pl\/?post_type=product&p=21543#primaryimage\"},\"image\":{\"@id\":\"https:\/\/diaplast.lt\/pl\/?post_type=product&p=21543#primaryimage\"},\"thumbnailUrl\":\"https:\/\/diaplast.lt\/wp-content\/uploads\/2025\/01\/PS-A.jpg\",\"datePublished\":\"2025-02-20T11:35:40+00:00\",\"dateModified\":\"2025-03-21T08:36:12+00:00\",\"breadcrumb\":{\"@id\":\"https:\/\/diaplast.lt\/pl\/?post_type=product&p=21543#breadcrumb\"},\"inLanguage\":\"pl-PL\",\"potentialAction\":[{\"@type\":\"ReadAction\",\"target\":[\"https:\/\/diaplast.lt\/pl\/?post_type=product&p=21543\"]}]},{\"@type\":\"ImageObject\",\"inLanguage\":\"pl-PL\",\"@id\":\"https:\/\/diaplast.lt\/pl\/?post_type=product&p=21543#primaryimage\",\"url\":\"https:\/\/diaplast.lt\/wp-content\/uploads\/2025\/01\/PS-A.jpg\",\"contentUrl\":\"https:\/\/diaplast.lt\/wp-content\/uploads\/2025\/01\/PS-A.jpg\",\"width\":1200,\"height\":1200},{\"@type\":\"BreadcrumbList\",\"@id\":\"https:\/\/diaplast.lt\/pl\/?post_type=product&p=21543#breadcrumb\",\"itemListElement\":[{\"@type\":\"ListItem\",\"position\":1,\"name\":\"Strona g\u0142\u00f3wna\",\"item\":\"https:\/\/diaplast.lt\/\"},{\"@type\":\"ListItem\",\"position\":2,\"name\":\"Zasi\u0119g\",\"item\":\"https:\/\/diaplast.lt\/pl\/asortyment\/\"},{\"@type\":\"ListItem\",\"position\":3,\"name\":\"Pojemnik \u015bcierny PCA\"}]},{\"@type\":\"WebSite\",\"@id\":\"https:\/\/diaplast.lt\/#website\",\"url\":\"https:\/\/diaplast.lt\/\",\"name\":\"Diaplast\",\"description\":\"Deimantini\u0173 instrument\u0173 gamyba ir prekyba\",\"publisher\":{\"@id\":\"https:\/\/diaplast.lt\/#organization\"},\"potentialAction\":[{\"@type\":\"SearchAction\",\"target\":{\"@type\":\"EntryPoint\",\"urlTemplate\":\"https:\/\/diaplast.lt\/?s={search_term_string}\"},\"query-input\":{\"@type\":\"PropertyValueSpecification\",\"valueRequired\":true,\"valueName\":\"search_term_string\"}}],\"inLanguage\":\"pl-PL\"},{\"@type\":\"Organization\",\"@id\":\"https:\/\/diaplast.lt\/#organization\",\"name\":\"Diaplast\",\"url\":\"https:\/\/diaplast.lt\/\",\"logo\":{\"@type\":\"ImageObject\",\"inLanguage\":\"pl-PL\",\"@id\":\"https:\/\/diaplast.lt\/#\/schema\/logo\/image\/\",\"url\":\"http:\/\/diaplast.lt\/wp-content\/uploads\/2022\/06\/ebaltveja-logo.png\",\"contentUrl\":\"http:\/\/diaplast.lt\/wp-content\/uploads\/2022\/06\/ebaltveja-logo.png\",\"width\":200,\"height\":69,\"caption\":\"Diaplast\"},\"image\":{\"@id\":\"https:\/\/diaplast.lt\/#\/schema\/logo\/image\/\"}}]}<\/script>\n<!-- \/ Yoast SEO plugin. -->","yoast_head_json":{"title":"Pojemnik \u015bcierny PCA - Diaplast","robots":{"index":"index","follow":"follow","max-snippet":"max-snippet:-1","max-image-preview":"max-image-preview:large","max-video-preview":"max-video-preview:-1"},"canonical":"https:\/\/diaplast.lt\/pl\/?post_type=product&p=21543","og_locale":"pl_PL","og_type":"article","og_title":"Pojemnik \u015bcierny PCA - Diaplast","og_description":"Materia\u0142 \u015bcierny (w\u0119glik krzemu) do szlifowania kamieni. \u015arodek wi\u0105\u017c\u0105cy - bakelit. Maksymalna dopuszczalna pr\u0119dko\u015b\u0107 robocza 44 m\/s, Maksymalna dopuszczalna pr\u0119dko\u015b\u0107 8500 min-1","og_url":"https:\/\/diaplast.lt\/pl\/?post_type=product&p=21543","og_site_name":"Diaplast","article_modified_time":"2025-03-21T08:36:12+00:00","og_image":[{"width":1200,"height":1200,"url":"http:\/\/diaplast.lt\/wp-content\/uploads\/2025\/01\/PS-A.jpg","type":"image\/jpeg"}],"twitter_card":"summary_large_image","schema":{"@context":"https:\/\/schema.org","@graph":[{"@type":"WebPage","@id":"https:\/\/diaplast.lt\/pl\/?post_type=product&p=21543","url":"https:\/\/diaplast.lt\/pl\/?post_type=product&p=21543","name":"Pojemnik \u015bcierny PCA - Diaplast","isPartOf":{"@id":"https:\/\/diaplast.lt\/#website"},"primaryImageOfPage":{"@id":"https:\/\/diaplast.lt\/pl\/?post_type=product&p=21543#primaryimage"},"image":{"@id":"https:\/\/diaplast.lt\/pl\/?post_type=product&p=21543#primaryimage"},"thumbnailUrl":"https:\/\/diaplast.lt\/wp-content\/uploads\/2025\/01\/PS-A.jpg","datePublished":"2025-02-20T11:35:40+00:00","dateModified":"2025-03-21T08:36:12+00:00","breadcrumb":{"@id":"https:\/\/diaplast.lt\/pl\/?post_type=product&p=21543#breadcrumb"},"inLanguage":"pl-PL","potentialAction":[{"@type":"ReadAction","target":["https:\/\/diaplast.lt\/pl\/?post_type=product&p=21543"]}]},{"@type":"ImageObject","inLanguage":"pl-PL","@id":"https:\/\/diaplast.lt\/pl\/?post_type=product&p=21543#primaryimage","url":"https:\/\/diaplast.lt\/wp-content\/uploads\/2025\/01\/PS-A.jpg","contentUrl":"https:\/\/diaplast.lt\/wp-content\/uploads\/2025\/01\/PS-A.jpg","width":1200,"height":1200},{"@type":"BreadcrumbList","@id":"https:\/\/diaplast.lt\/pl\/?post_type=product&p=21543#breadcrumb","itemListElement":[{"@type":"ListItem","position":1,"name":"Strona g\u0142\u00f3wna","item":"https:\/\/diaplast.lt\/"},{"@type":"ListItem","position":2,"name":"Zasi\u0119g","item":"https:\/\/diaplast.lt\/pl\/asortyment\/"},{"@type":"ListItem","position":3,"name":"Pojemnik \u015bcierny PCA"}]},{"@type":"WebSite","@id":"https:\/\/diaplast.lt\/#website","url":"https:\/\/diaplast.lt\/","name":"Diaplast","description":"Deimantini\u0173 instrument\u0173 gamyba ir prekyba","publisher":{"@id":"https:\/\/diaplast.lt\/#organization"},"potentialAction":[{"@type":"SearchAction","target":{"@type":"EntryPoint","urlTemplate":"https:\/\/diaplast.lt\/?s={search_term_string}"},"query-input":{"@type":"PropertyValueSpecification","valueRequired":true,"valueName":"search_term_string"}}],"inLanguage":"pl-PL"},{"@type":"Organization","@id":"https:\/\/diaplast.lt\/#organization","name":"Diaplast","url":"https:\/\/diaplast.lt\/","logo":{"@type":"ImageObject","inLanguage":"pl-PL","@id":"https:\/\/diaplast.lt\/#\/schema\/logo\/image\/","url":"http:\/\/diaplast.lt\/wp-content\/uploads\/2022\/06\/ebaltveja-logo.png","contentUrl":"http:\/\/diaplast.lt\/wp-content\/uploads\/2022\/06\/ebaltveja-logo.png","width":200,"height":69,"caption":"Diaplast"},"image":{"@id":"https:\/\/diaplast.lt\/#\/schema\/logo\/image\/"}}]}},"_links":{"self":[{"href":"https:\/\/diaplast.lt\/pl\/wp-json\/wp\/v2\/product\/21543","targetHints":{"allow":["GET"]}}],"collection":[{"href":"https:\/\/diaplast.lt\/pl\/wp-json\/wp\/v2\/product"}],"about":[{"href":"https:\/\/diaplast.lt\/pl\/wp-json\/wp\/v2\/types\/product"}],"version-history":[{"count":1,"href":"https:\/\/diaplast.lt\/pl\/wp-json\/wp\/v2\/product\/21543\/revisions"}],"predecessor-version":[{"id":21549,"href":"https:\/\/diaplast.lt\/pl\/wp-json\/wp\/v2\/product\/21543\/revisions\/21549"}],"wp:featuredmedia":[{"embeddable":true,"href":"https:\/\/diaplast.lt\/pl\/wp-json\/wp\/v2\/media\/18326"}],"wp:attachment":[{"href":"https:\/\/diaplast.lt\/pl\/wp-json\/wp\/v2\/media?parent=21543"}],"wp:term":[{"taxonomy":"product_brand","embeddable":true,"href":"https:\/\/diaplast.lt\/pl\/wp-json\/wp\/v2\/product_brand?post=21543"},{"taxonomy":"product_cat","embeddable":true,"href":"https:\/\/diaplast.lt\/pl\/wp-json\/wp\/v2\/product_cat?post=21543"},{"taxonomy":"product_tag","embeddable":true,"href":"https:\/\/diaplast.lt\/pl\/wp-json\/wp\/v2\/product_tag?post=21543"}],"curies":[{"name":"wp","href":"https:\/\/api.w.org\/{rel}","templated":true}]}}