{"id":22230,"date":"2025-02-28T14:34:08","date_gmt":"2025-02-28T11:34:08","guid":{"rendered":"https:\/\/diaplast.lt\/produktas\/twarda-diamentowa-tarcza-polerska-100pl-125pl-150pl\/"},"modified":"2025-06-09T23:27:06","modified_gmt":"2025-06-09T20:27:06","slug":"twarda-diamentowa-tarcza-polerska-100pl-125pl-150pl","status":"publish","type":"product","link":"https:\/\/diaplast.lt\/pl\/produkt\/twarda-diamentowa-tarcza-polerska-100pl-125pl-150pl\/","title":{"rendered":"Twarda diamentowa tarcza polerska 100PL, 125PL, 150PL"},"content":{"rendered":"","protected":false},"excerpt":{"rendered":"<p>Tarcze polerskie D150 maj\u0105 standardowy rozmiar otworu D42 mm.<\/p>\n<p>Mo\u017cna zam\u00f3wi\u0107 tarcze polerskie D150 o rozmiarze otworu D30 mm.<\/p>\n","protected":false},"featured_media":26332,"template":"","meta":[],"product_brand":[],"product_cat":[844,862],"product_tag":[],"class_list":{"0":"post-22230","1":"product","2":"type-product","3":"status-publish","4":"has-post-thumbnail","6":"product_cat-narzedzia-do-szlifowania-polerowania","7":"product_cat-twarde-tarcze-diamentowe-do-szlifowania","8":"pa_diametras-mm-100-pl","9":"pa_diametras-mm-125-pl","10":"pa_diametras-mm-150-pl","11":"pa_diametras-mm-150-otworow-30","12":"pa_grudetumas-60-pl","13":"pa_grudetumas-100-pl","14":"pa_grudetumas-200-pl","15":"pa_grudetumas-400-pl","16":"pa_grudetumas-600-pl","17":"pa_grudetumas-800-pl","18":"pa_grudetumas-1500-pl","19":"pa_grudetumas-3000-pl","20":"pa_grudetumas-lux-pl","21":"pa_kilmes-salis-litwa","22":"pa_paskirtis-do-obrobki-powierzchni","23":"pa_tvirtinimas-snail-locksnail-pl","25":"first","26":"instock","27":"taxable","28":"shipping-taxable","29":"purchasable","30":"product-type-variable"},"yoast_head":"<!-- This site is optimized with the Yoast SEO plugin v26.0 - https:\/\/yoast.com\/wordpress\/plugins\/seo\/ -->\n<title>Twarda diamentowa tarcza polerska 100PL, 125PL, 150PL - Diaplast<\/title>\n<meta name=\"robots\" content=\"index, follow, max-snippet:-1, max-image-preview:large, max-video-preview:-1\" \/>\n<link rel=\"canonical\" href=\"https:\/\/diaplast.lt\/pl\/Produkt\/twarda-diamentowa-tarcza-polerska-100pl-125pl-150pl\/\" \/>\n<meta property=\"og:locale\" content=\"pl_PL\" \/>\n<meta property=\"og:type\" content=\"article\" \/>\n<meta property=\"og:title\" content=\"Twarda diamentowa tarcza polerska 100PL, 125PL, 150PL - Diaplast\" \/>\n<meta property=\"og:description\" content=\"Tarcze polerskie D150 maj\u0105 standardowy rozmiar otworu D42 mm.  Mo\u017cna zam\u00f3wi\u0107 tarcze polerskie D150 o rozmiarze otworu D30 mm.\" \/>\n<meta property=\"og:url\" content=\"https:\/\/diaplast.lt\/pl\/Produkt\/twarda-diamentowa-tarcza-polerska-100pl-125pl-150pl\/\" \/>\n<meta property=\"og:site_name\" content=\"Diaplast\" \/>\n<meta property=\"article:modified_time\" content=\"2025-06-09T20:27:06+00:00\" \/>\n<meta property=\"og:image\" content=\"http:\/\/diaplast.lt\/wp-content\/uploads\/2025\/02\/150PL-125PL-100PL.jpg\" \/>\n\t<meta property=\"og:image:width\" content=\"1200\" \/>\n\t<meta property=\"og:image:height\" content=\"1200\" \/>\n\t<meta property=\"og:image:type\" content=\"image\/jpeg\" \/>\n<meta name=\"twitter:card\" content=\"summary_large_image\" \/>\n<meta name=\"twitter:label1\" content=\"Szacowany czas czytania\" \/>\n\t<meta name=\"twitter:data1\" content=\"1 minuta\" \/>\n<script type=\"application\/ld+json\" class=\"yoast-schema-graph\">{\"@context\":\"https:\/\/schema.org\",\"@graph\":[{\"@type\":\"WebPage\",\"@id\":\"https:\/\/diaplast.lt\/pl\/Produkt\/twarda-diamentowa-tarcza-polerska-100pl-125pl-150pl\/\",\"url\":\"https:\/\/diaplast.lt\/pl\/Produkt\/twarda-diamentowa-tarcza-polerska-100pl-125pl-150pl\/\",\"name\":\"Twarda diamentowa tarcza polerska 100PL, 125PL, 150PL - Diaplast\",\"isPartOf\":{\"@id\":\"https:\/\/diaplast.lt\/#website\"},\"primaryImageOfPage\":{\"@id\":\"https:\/\/diaplast.lt\/pl\/Produkt\/twarda-diamentowa-tarcza-polerska-100pl-125pl-150pl\/#primaryimage\"},\"image\":{\"@id\":\"https:\/\/diaplast.lt\/pl\/Produkt\/twarda-diamentowa-tarcza-polerska-100pl-125pl-150pl\/#primaryimage\"},\"thumbnailUrl\":\"https:\/\/diaplast.lt\/wp-content\/uploads\/2025\/02\/150PL-125PL-100PL.jpg\",\"datePublished\":\"2025-02-28T11:34:08+00:00\",\"dateModified\":\"2025-06-09T20:27:06+00:00\",\"breadcrumb\":{\"@id\":\"https:\/\/diaplast.lt\/pl\/Produkt\/twarda-diamentowa-tarcza-polerska-100pl-125pl-150pl\/#breadcrumb\"},\"inLanguage\":\"pl-PL\",\"potentialAction\":[{\"@type\":\"ReadAction\",\"target\":[\"https:\/\/diaplast.lt\/pl\/Produkt\/twarda-diamentowa-tarcza-polerska-100pl-125pl-150pl\/\"]}]},{\"@type\":\"ImageObject\",\"inLanguage\":\"pl-PL\",\"@id\":\"https:\/\/diaplast.lt\/pl\/Produkt\/twarda-diamentowa-tarcza-polerska-100pl-125pl-150pl\/#primaryimage\",\"url\":\"https:\/\/diaplast.lt\/wp-content\/uploads\/2025\/02\/150PL-125PL-100PL.jpg\",\"contentUrl\":\"https:\/\/diaplast.lt\/wp-content\/uploads\/2025\/02\/150PL-125PL-100PL.jpg\",\"width\":1200,\"height\":1200},{\"@type\":\"BreadcrumbList\",\"@id\":\"https:\/\/diaplast.lt\/pl\/Produkt\/twarda-diamentowa-tarcza-polerska-100pl-125pl-150pl\/#breadcrumb\",\"itemListElement\":[{\"@type\":\"ListItem\",\"position\":1,\"name\":\"Strona g\u0142\u00f3wna\",\"item\":\"https:\/\/diaplast.lt\/\"},{\"@type\":\"ListItem\",\"position\":2,\"name\":\"Zasi\u0119g\",\"item\":\"https:\/\/diaplast.lt\/pl\/asortyment\/\"},{\"@type\":\"ListItem\",\"position\":3,\"name\":\"Twarda diamentowa tarcza polerska 100PL, 125PL, 150PL\"}]},{\"@type\":\"WebSite\",\"@id\":\"https:\/\/diaplast.lt\/#website\",\"url\":\"https:\/\/diaplast.lt\/\",\"name\":\"Diaplast\",\"description\":\"Deimantini\u0173 instrument\u0173 gamyba ir prekyba\",\"publisher\":{\"@id\":\"https:\/\/diaplast.lt\/#organization\"},\"potentialAction\":[{\"@type\":\"SearchAction\",\"target\":{\"@type\":\"EntryPoint\",\"urlTemplate\":\"https:\/\/diaplast.lt\/?s={search_term_string}\"},\"query-input\":{\"@type\":\"PropertyValueSpecification\",\"valueRequired\":true,\"valueName\":\"search_term_string\"}}],\"inLanguage\":\"pl-PL\"},{\"@type\":\"Organization\",\"@id\":\"https:\/\/diaplast.lt\/#organization\",\"name\":\"Diaplast\",\"url\":\"https:\/\/diaplast.lt\/\",\"logo\":{\"@type\":\"ImageObject\",\"inLanguage\":\"pl-PL\",\"@id\":\"https:\/\/diaplast.lt\/#\/schema\/logo\/image\/\",\"url\":\"http:\/\/diaplast.lt\/wp-content\/uploads\/2022\/06\/ebaltveja-logo.png\",\"contentUrl\":\"http:\/\/diaplast.lt\/wp-content\/uploads\/2022\/06\/ebaltveja-logo.png\",\"width\":200,\"height\":69,\"caption\":\"Diaplast\"},\"image\":{\"@id\":\"https:\/\/diaplast.lt\/#\/schema\/logo\/image\/\"}}]}<\/script>\n<!-- \/ Yoast SEO plugin. -->","yoast_head_json":{"title":"Twarda diamentowa tarcza polerska 100PL, 125PL, 150PL - Diaplast","robots":{"index":"index","follow":"follow","max-snippet":"max-snippet:-1","max-image-preview":"max-image-preview:large","max-video-preview":"max-video-preview:-1"},"canonical":"https:\/\/diaplast.lt\/pl\/Produkt\/twarda-diamentowa-tarcza-polerska-100pl-125pl-150pl\/","og_locale":"pl_PL","og_type":"article","og_title":"Twarda diamentowa tarcza polerska 100PL, 125PL, 150PL - Diaplast","og_description":"Tarcze polerskie D150 maj\u0105 standardowy rozmiar otworu D42 mm.  Mo\u017cna zam\u00f3wi\u0107 tarcze polerskie D150 o rozmiarze otworu D30 mm.","og_url":"https:\/\/diaplast.lt\/pl\/Produkt\/twarda-diamentowa-tarcza-polerska-100pl-125pl-150pl\/","og_site_name":"Diaplast","article_modified_time":"2025-06-09T20:27:06+00:00","og_image":[{"width":1200,"height":1200,"url":"http:\/\/diaplast.lt\/wp-content\/uploads\/2025\/02\/150PL-125PL-100PL.jpg","type":"image\/jpeg"}],"twitter_card":"summary_large_image","twitter_misc":{"Szacowany czas czytania":"1 minuta"},"schema":{"@context":"https:\/\/schema.org","@graph":[{"@type":"WebPage","@id":"https:\/\/diaplast.lt\/pl\/Produkt\/twarda-diamentowa-tarcza-polerska-100pl-125pl-150pl\/","url":"https:\/\/diaplast.lt\/pl\/Produkt\/twarda-diamentowa-tarcza-polerska-100pl-125pl-150pl\/","name":"Twarda diamentowa tarcza polerska 100PL, 125PL, 150PL - Diaplast","isPartOf":{"@id":"https:\/\/diaplast.lt\/#website"},"primaryImageOfPage":{"@id":"https:\/\/diaplast.lt\/pl\/Produkt\/twarda-diamentowa-tarcza-polerska-100pl-125pl-150pl\/#primaryimage"},"image":{"@id":"https:\/\/diaplast.lt\/pl\/Produkt\/twarda-diamentowa-tarcza-polerska-100pl-125pl-150pl\/#primaryimage"},"thumbnailUrl":"https:\/\/diaplast.lt\/wp-content\/uploads\/2025\/02\/150PL-125PL-100PL.jpg","datePublished":"2025-02-28T11:34:08+00:00","dateModified":"2025-06-09T20:27:06+00:00","breadcrumb":{"@id":"https:\/\/diaplast.lt\/pl\/Produkt\/twarda-diamentowa-tarcza-polerska-100pl-125pl-150pl\/#breadcrumb"},"inLanguage":"pl-PL","potentialAction":[{"@type":"ReadAction","target":["https:\/\/diaplast.lt\/pl\/Produkt\/twarda-diamentowa-tarcza-polerska-100pl-125pl-150pl\/"]}]},{"@type":"ImageObject","inLanguage":"pl-PL","@id":"https:\/\/diaplast.lt\/pl\/Produkt\/twarda-diamentowa-tarcza-polerska-100pl-125pl-150pl\/#primaryimage","url":"https:\/\/diaplast.lt\/wp-content\/uploads\/2025\/02\/150PL-125PL-100PL.jpg","contentUrl":"https:\/\/diaplast.lt\/wp-content\/uploads\/2025\/02\/150PL-125PL-100PL.jpg","width":1200,"height":1200},{"@type":"BreadcrumbList","@id":"https:\/\/diaplast.lt\/pl\/Produkt\/twarda-diamentowa-tarcza-polerska-100pl-125pl-150pl\/#breadcrumb","itemListElement":[{"@type":"ListItem","position":1,"name":"Strona g\u0142\u00f3wna","item":"https:\/\/diaplast.lt\/"},{"@type":"ListItem","position":2,"name":"Zasi\u0119g","item":"https:\/\/diaplast.lt\/pl\/asortyment\/"},{"@type":"ListItem","position":3,"name":"Twarda diamentowa tarcza polerska 100PL, 125PL, 150PL"}]},{"@type":"WebSite","@id":"https:\/\/diaplast.lt\/#website","url":"https:\/\/diaplast.lt\/","name":"Diaplast","description":"Deimantini\u0173 instrument\u0173 gamyba ir prekyba","publisher":{"@id":"https:\/\/diaplast.lt\/#organization"},"potentialAction":[{"@type":"SearchAction","target":{"@type":"EntryPoint","urlTemplate":"https:\/\/diaplast.lt\/?s={search_term_string}"},"query-input":{"@type":"PropertyValueSpecification","valueRequired":true,"valueName":"search_term_string"}}],"inLanguage":"pl-PL"},{"@type":"Organization","@id":"https:\/\/diaplast.lt\/#organization","name":"Diaplast","url":"https:\/\/diaplast.lt\/","logo":{"@type":"ImageObject","inLanguage":"pl-PL","@id":"https:\/\/diaplast.lt\/#\/schema\/logo\/image\/","url":"http:\/\/diaplast.lt\/wp-content\/uploads\/2022\/06\/ebaltveja-logo.png","contentUrl":"http:\/\/diaplast.lt\/wp-content\/uploads\/2022\/06\/ebaltveja-logo.png","width":200,"height":69,"caption":"Diaplast"},"image":{"@id":"https:\/\/diaplast.lt\/#\/schema\/logo\/image\/"}}]}},"_links":{"self":[{"href":"https:\/\/diaplast.lt\/pl\/wp-json\/wp\/v2\/product\/22230","targetHints":{"allow":["GET"]}}],"collection":[{"href":"https:\/\/diaplast.lt\/pl\/wp-json\/wp\/v2\/product"}],"about":[{"href":"https:\/\/diaplast.lt\/pl\/wp-json\/wp\/v2\/types\/product"}],"version-history":[{"count":2,"href":"https:\/\/diaplast.lt\/pl\/wp-json\/wp\/v2\/product\/22230\/revisions"}],"predecessor-version":[{"id":27101,"href":"https:\/\/diaplast.lt\/pl\/wp-json\/wp\/v2\/product\/22230\/revisions\/27101"}],"wp:featuredmedia":[{"embeddable":true,"href":"https:\/\/diaplast.lt\/pl\/wp-json\/wp\/v2\/media\/26332"}],"wp:attachment":[{"href":"https:\/\/diaplast.lt\/pl\/wp-json\/wp\/v2\/media?parent=22230"}],"wp:term":[{"taxonomy":"product_brand","embeddable":true,"href":"https:\/\/diaplast.lt\/pl\/wp-json\/wp\/v2\/product_brand?post=22230"},{"taxonomy":"product_cat","embeddable":true,"href":"https:\/\/diaplast.lt\/pl\/wp-json\/wp\/v2\/product_cat?post=22230"},{"taxonomy":"product_tag","embeddable":true,"href":"https:\/\/diaplast.lt\/pl\/wp-json\/wp\/v2\/product_tag?post=22230"}],"curies":[{"name":"wp","href":"https:\/\/api.w.org\/{rel}","templated":true}]}}