{"id":22445,"date":"2025-01-06T16:49:58","date_gmt":"2025-01-06T13:49:58","guid":{"rendered":"https:\/\/diaplast.lt\/produktas\/diamentowa-pila-segmentowa-do-ciecia-na-sucho-st-g\/"},"modified":"2025-01-06T16:49:58","modified_gmt":"2025-01-06T13:49:58","slug":"diamentowa-pila-segmentowa-do-ciecia-na-sucho-st-g","status":"publish","type":"product","link":"https:\/\/diaplast.lt\/pl\/produkt\/diamentowa-pila-segmentowa-do-ciecia-na-sucho-st-g\/","title":{"rendered":"Diamentowa pi\u0142a segmentowa do ci\u0119cia na sucho ST G"},"content":{"rendered":"","protected":false},"excerpt":{"rendered":"<p>Do brzeszczot\u00f3w o \u015brednicy 300 i 350 mm, otw\u00f3r mocuj\u0105cy <strong>\u00d8<\/strong> 25,4 mm<\/p>\n","protected":false},"featured_media":24895,"template":"","meta":[],"product_brand":[],"product_cat":[786,788,790],"product_tag":[],"class_list":{"0":"post-22445","1":"product","2":"type-product","3":"status-publish","4":"has-post-thumbnail","6":"product_cat-pily-diamentowe","7":"product_cat-dla-kamienia","8":"product_cat-do-ciecia-suchego-kamienia","9":"pa_diametras-mm-125-pl","10":"pa_diametras-mm-150-pl","11":"pa_diametras-mm-180-pl","12":"pa_diametras-mm-230-pl","13":"pa_diametras-mm-300-pl","14":"pa_diametras-mm-350-pl","15":"pa_paskirtis-dla-granitu","16":"pa_paskirtis-do-ciecia-na-sucho","17":"pa_segmentu-aukstis-mm-10-pl","18":"pa_skyle-tvirtinimui-o-mm-2223-pl","19":"pa_skyle-tvirtinimui-o-mm-254-pl","20":"pa_tipas-turbo-segmented","22":"first","23":"instock","24":"taxable","25":"shipping-taxable","26":"purchasable","27":"product-type-variable"},"yoast_head":"<!-- This site is optimized with the Yoast SEO plugin v26.0 - https:\/\/yoast.com\/wordpress\/plugins\/seo\/ -->\n<title>Diamentowa pi\u0142a segmentowa do ci\u0119cia na sucho ST G - Diaplast<\/title>\n<meta name=\"robots\" content=\"index, follow, max-snippet:-1, max-image-preview:large, max-video-preview:-1\" \/>\n<link rel=\"canonical\" href=\"https:\/\/diaplast.lt\/pl\/Produkt\/diamentowa-pila-segmentowa-do-ciecia-na-sucho-st-g\/\" \/>\n<meta property=\"og:locale\" content=\"pl_PL\" \/>\n<meta property=\"og:type\" content=\"article\" \/>\n<meta property=\"og:title\" content=\"Diamentowa pi\u0142a segmentowa do ci\u0119cia na sucho ST G - Diaplast\" \/>\n<meta property=\"og:description\" content=\"Do brzeszczot\u00f3w o \u015brednicy 300 i 350 mm, otw\u00f3r mocuj\u0105cy \u00d8 25,4 mm\" \/>\n<meta property=\"og:url\" content=\"https:\/\/diaplast.lt\/pl\/Produkt\/diamentowa-pila-segmentowa-do-ciecia-na-sucho-st-g\/\" \/>\n<meta property=\"og:site_name\" content=\"Diaplast\" \/>\n<meta property=\"og:image\" content=\"http:\/\/diaplast.lt\/wp-content\/uploads\/2025\/01\/IMG_3669.jpg\" \/>\n\t<meta property=\"og:image:width\" content=\"1583\" \/>\n\t<meta property=\"og:image:height\" content=\"1477\" \/>\n\t<meta property=\"og:image:type\" content=\"image\/jpeg\" \/>\n<meta name=\"twitter:card\" content=\"summary_large_image\" \/>\n<script type=\"application\/ld+json\" class=\"yoast-schema-graph\">{\"@context\":\"https:\/\/schema.org\",\"@graph\":[{\"@type\":\"WebPage\",\"@id\":\"https:\/\/diaplast.lt\/pl\/Produkt\/diamentowa-pila-segmentowa-do-ciecia-na-sucho-st-g\/\",\"url\":\"https:\/\/diaplast.lt\/pl\/Produkt\/diamentowa-pila-segmentowa-do-ciecia-na-sucho-st-g\/\",\"name\":\"Diamentowa pi\u0142a segmentowa do ci\u0119cia na sucho ST G - Diaplast\",\"isPartOf\":{\"@id\":\"https:\/\/diaplast.lt\/#website\"},\"primaryImageOfPage\":{\"@id\":\"https:\/\/diaplast.lt\/pl\/Produkt\/diamentowa-pila-segmentowa-do-ciecia-na-sucho-st-g\/#primaryimage\"},\"image\":{\"@id\":\"https:\/\/diaplast.lt\/pl\/Produkt\/diamentowa-pila-segmentowa-do-ciecia-na-sucho-st-g\/#primaryimage\"},\"thumbnailUrl\":\"https:\/\/diaplast.lt\/wp-content\/uploads\/2025\/01\/S230ST-G.jpg\",\"datePublished\":\"2025-01-06T13:49:58+00:00\",\"breadcrumb\":{\"@id\":\"https:\/\/diaplast.lt\/pl\/Produkt\/diamentowa-pila-segmentowa-do-ciecia-na-sucho-st-g\/#breadcrumb\"},\"inLanguage\":\"pl-PL\",\"potentialAction\":[{\"@type\":\"ReadAction\",\"target\":[\"https:\/\/diaplast.lt\/pl\/Produkt\/diamentowa-pila-segmentowa-do-ciecia-na-sucho-st-g\/\"]}]},{\"@type\":\"ImageObject\",\"inLanguage\":\"pl-PL\",\"@id\":\"https:\/\/diaplast.lt\/pl\/Produkt\/diamentowa-pila-segmentowa-do-ciecia-na-sucho-st-g\/#primaryimage\",\"url\":\"https:\/\/diaplast.lt\/wp-content\/uploads\/2025\/01\/S230ST-G.jpg\",\"contentUrl\":\"https:\/\/diaplast.lt\/wp-content\/uploads\/2025\/01\/S230ST-G.jpg\",\"width\":1200,\"height\":1200},{\"@type\":\"BreadcrumbList\",\"@id\":\"https:\/\/diaplast.lt\/pl\/Produkt\/diamentowa-pila-segmentowa-do-ciecia-na-sucho-st-g\/#breadcrumb\",\"itemListElement\":[{\"@type\":\"ListItem\",\"position\":1,\"name\":\"Strona g\u0142\u00f3wna\",\"item\":\"https:\/\/diaplast.lt\/\"},{\"@type\":\"ListItem\",\"position\":2,\"name\":\"Zasi\u0119g\",\"item\":\"https:\/\/diaplast.lt\/pl\/asortyment\/\"},{\"@type\":\"ListItem\",\"position\":3,\"name\":\"Diamentowa pi\u0142a segmentowa do ci\u0119cia na sucho ST G\"}]},{\"@type\":\"WebSite\",\"@id\":\"https:\/\/diaplast.lt\/#website\",\"url\":\"https:\/\/diaplast.lt\/\",\"name\":\"Diaplast\",\"description\":\"Deimantini\u0173 instrument\u0173 gamyba ir prekyba\",\"publisher\":{\"@id\":\"https:\/\/diaplast.lt\/#organization\"},\"potentialAction\":[{\"@type\":\"SearchAction\",\"target\":{\"@type\":\"EntryPoint\",\"urlTemplate\":\"https:\/\/diaplast.lt\/?s={search_term_string}\"},\"query-input\":{\"@type\":\"PropertyValueSpecification\",\"valueRequired\":true,\"valueName\":\"search_term_string\"}}],\"inLanguage\":\"pl-PL\"},{\"@type\":\"Organization\",\"@id\":\"https:\/\/diaplast.lt\/#organization\",\"name\":\"Diaplast\",\"url\":\"https:\/\/diaplast.lt\/\",\"logo\":{\"@type\":\"ImageObject\",\"inLanguage\":\"pl-PL\",\"@id\":\"https:\/\/diaplast.lt\/#\/schema\/logo\/image\/\",\"url\":\"http:\/\/diaplast.lt\/wp-content\/uploads\/2022\/06\/ebaltveja-logo.png\",\"contentUrl\":\"http:\/\/diaplast.lt\/wp-content\/uploads\/2022\/06\/ebaltveja-logo.png\",\"width\":200,\"height\":69,\"caption\":\"Diaplast\"},\"image\":{\"@id\":\"https:\/\/diaplast.lt\/#\/schema\/logo\/image\/\"}}]}<\/script>\n<!-- \/ Yoast SEO plugin. -->","yoast_head_json":{"title":"Diamentowa pi\u0142a segmentowa do ci\u0119cia na sucho ST G - Diaplast","robots":{"index":"index","follow":"follow","max-snippet":"max-snippet:-1","max-image-preview":"max-image-preview:large","max-video-preview":"max-video-preview:-1"},"canonical":"https:\/\/diaplast.lt\/pl\/Produkt\/diamentowa-pila-segmentowa-do-ciecia-na-sucho-st-g\/","og_locale":"pl_PL","og_type":"article","og_title":"Diamentowa pi\u0142a segmentowa do ci\u0119cia na sucho ST G - Diaplast","og_description":"Do brzeszczot\u00f3w o \u015brednicy 300 i 350 mm, otw\u00f3r mocuj\u0105cy \u00d8 25,4 mm","og_url":"https:\/\/diaplast.lt\/pl\/Produkt\/diamentowa-pila-segmentowa-do-ciecia-na-sucho-st-g\/","og_site_name":"Diaplast","og_image":[{"width":1583,"height":1477,"url":"http:\/\/diaplast.lt\/wp-content\/uploads\/2025\/01\/IMG_3669.jpg","type":"image\/jpeg"}],"twitter_card":"summary_large_image","schema":{"@context":"https:\/\/schema.org","@graph":[{"@type":"WebPage","@id":"https:\/\/diaplast.lt\/pl\/Produkt\/diamentowa-pila-segmentowa-do-ciecia-na-sucho-st-g\/","url":"https:\/\/diaplast.lt\/pl\/Produkt\/diamentowa-pila-segmentowa-do-ciecia-na-sucho-st-g\/","name":"Diamentowa pi\u0142a segmentowa do ci\u0119cia na sucho ST G - Diaplast","isPartOf":{"@id":"https:\/\/diaplast.lt\/#website"},"primaryImageOfPage":{"@id":"https:\/\/diaplast.lt\/pl\/Produkt\/diamentowa-pila-segmentowa-do-ciecia-na-sucho-st-g\/#primaryimage"},"image":{"@id":"https:\/\/diaplast.lt\/pl\/Produkt\/diamentowa-pila-segmentowa-do-ciecia-na-sucho-st-g\/#primaryimage"},"thumbnailUrl":"https:\/\/diaplast.lt\/wp-content\/uploads\/2025\/01\/S230ST-G.jpg","datePublished":"2025-01-06T13:49:58+00:00","breadcrumb":{"@id":"https:\/\/diaplast.lt\/pl\/Produkt\/diamentowa-pila-segmentowa-do-ciecia-na-sucho-st-g\/#breadcrumb"},"inLanguage":"pl-PL","potentialAction":[{"@type":"ReadAction","target":["https:\/\/diaplast.lt\/pl\/Produkt\/diamentowa-pila-segmentowa-do-ciecia-na-sucho-st-g\/"]}]},{"@type":"ImageObject","inLanguage":"pl-PL","@id":"https:\/\/diaplast.lt\/pl\/Produkt\/diamentowa-pila-segmentowa-do-ciecia-na-sucho-st-g\/#primaryimage","url":"https:\/\/diaplast.lt\/wp-content\/uploads\/2025\/01\/S230ST-G.jpg","contentUrl":"https:\/\/diaplast.lt\/wp-content\/uploads\/2025\/01\/S230ST-G.jpg","width":1200,"height":1200},{"@type":"BreadcrumbList","@id":"https:\/\/diaplast.lt\/pl\/Produkt\/diamentowa-pila-segmentowa-do-ciecia-na-sucho-st-g\/#breadcrumb","itemListElement":[{"@type":"ListItem","position":1,"name":"Strona g\u0142\u00f3wna","item":"https:\/\/diaplast.lt\/"},{"@type":"ListItem","position":2,"name":"Zasi\u0119g","item":"https:\/\/diaplast.lt\/pl\/asortyment\/"},{"@type":"ListItem","position":3,"name":"Diamentowa pi\u0142a segmentowa do ci\u0119cia na sucho ST G"}]},{"@type":"WebSite","@id":"https:\/\/diaplast.lt\/#website","url":"https:\/\/diaplast.lt\/","name":"Diaplast","description":"Deimantini\u0173 instrument\u0173 gamyba ir prekyba","publisher":{"@id":"https:\/\/diaplast.lt\/#organization"},"potentialAction":[{"@type":"SearchAction","target":{"@type":"EntryPoint","urlTemplate":"https:\/\/diaplast.lt\/?s={search_term_string}"},"query-input":{"@type":"PropertyValueSpecification","valueRequired":true,"valueName":"search_term_string"}}],"inLanguage":"pl-PL"},{"@type":"Organization","@id":"https:\/\/diaplast.lt\/#organization","name":"Diaplast","url":"https:\/\/diaplast.lt\/","logo":{"@type":"ImageObject","inLanguage":"pl-PL","@id":"https:\/\/diaplast.lt\/#\/schema\/logo\/image\/","url":"http:\/\/diaplast.lt\/wp-content\/uploads\/2022\/06\/ebaltveja-logo.png","contentUrl":"http:\/\/diaplast.lt\/wp-content\/uploads\/2022\/06\/ebaltveja-logo.png","width":200,"height":69,"caption":"Diaplast"},"image":{"@id":"https:\/\/diaplast.lt\/#\/schema\/logo\/image\/"}}]}},"_links":{"self":[{"href":"https:\/\/diaplast.lt\/pl\/wp-json\/wp\/v2\/product\/22445","targetHints":{"allow":["GET"]}}],"collection":[{"href":"https:\/\/diaplast.lt\/pl\/wp-json\/wp\/v2\/product"}],"about":[{"href":"https:\/\/diaplast.lt\/pl\/wp-json\/wp\/v2\/types\/product"}],"version-history":[{"count":0,"href":"https:\/\/diaplast.lt\/pl\/wp-json\/wp\/v2\/product\/22445\/revisions"}],"wp:featuredmedia":[{"embeddable":true,"href":"https:\/\/diaplast.lt\/pl\/wp-json\/wp\/v2\/media\/24895"}],"wp:attachment":[{"href":"https:\/\/diaplast.lt\/pl\/wp-json\/wp\/v2\/media?parent=22445"}],"wp:term":[{"taxonomy":"product_brand","embeddable":true,"href":"https:\/\/diaplast.lt\/pl\/wp-json\/wp\/v2\/product_brand?post=22445"},{"taxonomy":"product_cat","embeddable":true,"href":"https:\/\/diaplast.lt\/pl\/wp-json\/wp\/v2\/product_cat?post=22445"},{"taxonomy":"product_tag","embeddable":true,"href":"https:\/\/diaplast.lt\/pl\/wp-json\/wp\/v2\/product_tag?post=22445"}],"curies":[{"name":"wp","href":"https:\/\/api.w.org\/{rel}","templated":true}]}}