{"id":22672,"date":"2025-01-06T22:59:11","date_gmt":"2025-01-06T19:59:11","guid":{"rendered":"https:\/\/diaplast.lt\/produktas\/wiertla-diamentowe-dla-budownictwa\/"},"modified":"2025-01-06T22:59:11","modified_gmt":"2025-01-06T19:59:11","slug":"wiertla-diamentowe-dla-budownictwa","status":"publish","type":"product","link":"https:\/\/diaplast.lt\/pl\/produkt\/wiertla-diamentowe-dla-budownictwa\/","title":{"rendered":"Wiert\u0142a diamentowe dla budownictwa"},"content":{"rendered":"","protected":false},"excerpt":{"rendered":"<p><strong>Produkujemy nowe i regenerowane wiert\u0142a diamentowe na zam\u00f3wienie.<\/strong><\/p>\n<p>Zalecamy wiercenie na mokro i nie podgrzewanie segment\u00f3w.<\/p>\n<p>Mo\u017cna r\u00f3wnie\u017c zam\u00f3wi\u0107 inne wiert\u0142a o r\u00f3\u017cnych \u015brednicach, d\u0142ugo\u015bciach lub mocowaniach.<\/p>\n<p>&nbsp;<\/p>\n<p>&nbsp;<\/p>\n","protected":false},"featured_media":22678,"template":"","meta":[],"product_brand":[],"product_cat":[806,808,812],"product_tag":[],"class_list":{"0":"post-22672","1":"product","2":"type-product","3":"status-publish","4":"has-post-thumbnail","6":"product_cat-wiertla","7":"product_cat-diament","8":"product_cat-dla-budownictwa-pl","9":"pa_diametras-mm-100-pl","10":"pa_diametras-mm-65-pl","11":"pa_diametras-mm-80-pl","12":"pa_diametras-mm-120-pl","13":"pa_diametras-mm-105-pl","14":"pa_diametras-mm-50-pl","15":"pa_diametras-mm-85-pl","16":"pa_diametras-mm-110-pl","17":"pa_diametras-mm-90-pl","18":"pa_diametras-mm-130-pl","19":"pa_diametras-mm-140-pl","20":"pa_diametras-mm-180-pl","21":"pa_diametras-mm-40-pl","22":"pa_diametras-mm-200-pl","23":"pa_diametras-mm-60-pl","24":"pa_diametras-mm-300-pl","25":"pa_diametras-mm-70-pl","26":"pa_diametras-mm-160-pl","27":"pa_ilgis-500-pl","28":"pa_paskirtis-dla-betonu-zbrojonego","29":"pa_paskirtis-dla-kamienia","30":"pa_tvirtinimas-unc-1-pl","32":"first","33":"instock","34":"taxable","35":"shipping-taxable","36":"purchasable","37":"product-type-variable"},"yoast_head":"<!-- This site is optimized with the Yoast SEO plugin v26.0 - https:\/\/yoast.com\/wordpress\/plugins\/seo\/ -->\n<title>Wiert\u0142a diamentowe dla budownictwa - Diaplast<\/title>\n<meta name=\"robots\" content=\"index, follow, max-snippet:-1, max-image-preview:large, max-video-preview:-1\" \/>\n<link rel=\"canonical\" href=\"https:\/\/diaplast.lt\/pl\/Produkt\/wiertla-diamentowe-dla-budownictwa\/\" \/>\n<meta property=\"og:locale\" content=\"pl_PL\" \/>\n<meta property=\"og:type\" content=\"article\" \/>\n<meta property=\"og:title\" content=\"Wiert\u0142a diamentowe dla budownictwa - Diaplast\" \/>\n<meta property=\"og:description\" content=\"Produkujemy nowe i regenerowane wiert\u0142a diamentowe na zam\u00f3wienie. Zalecamy wiercenie na mokro i nie podgrzewanie segment\u00f3w. Mo\u017cna r\u00f3wnie\u017c zam\u00f3wi\u0107 inne wiert\u0142a o r\u00f3\u017cnych \u015brednicach, d\u0142ugo\u015bciach lub mocowaniach. &nbsp; &nbsp;\" \/>\n<meta property=\"og:url\" content=\"https:\/\/diaplast.lt\/pl\/Produkt\/wiertla-diamentowe-dla-budownictwa\/\" \/>\n<meta property=\"og:site_name\" content=\"Diaplast\" \/>\n<meta property=\"og:image\" content=\"http:\/\/diaplast.lt\/wp-content\/uploads\/2025\/01\/IMG_200411.jpg\" \/>\n\t<meta property=\"og:image:width\" content=\"500\" \/>\n\t<meta property=\"og:image:height\" content=\"375\" \/>\n\t<meta property=\"og:image:type\" content=\"image\/jpeg\" \/>\n<meta name=\"twitter:card\" content=\"summary_large_image\" \/>\n<script type=\"application\/ld+json\" class=\"yoast-schema-graph\">{\"@context\":\"https:\/\/schema.org\",\"@graph\":[{\"@type\":\"WebPage\",\"@id\":\"https:\/\/diaplast.lt\/pl\/Produkt\/wiertla-diamentowe-dla-budownictwa\/\",\"url\":\"https:\/\/diaplast.lt\/pl\/Produkt\/wiertla-diamentowe-dla-budownictwa\/\",\"name\":\"Wiert\u0142a diamentowe dla budownictwa - Diaplast\",\"isPartOf\":{\"@id\":\"https:\/\/diaplast.lt\/#website\"},\"primaryImageOfPage\":{\"@id\":\"https:\/\/diaplast.lt\/pl\/Produkt\/wiertla-diamentowe-dla-budownictwa\/#primaryimage\"},\"image\":{\"@id\":\"https:\/\/diaplast.lt\/pl\/Produkt\/wiertla-diamentowe-dla-budownictwa\/#primaryimage\"},\"thumbnailUrl\":\"https:\/\/diaplast.lt\/wp-content\/uploads\/2025\/01\/IMG_200411.jpg\",\"datePublished\":\"2025-01-06T19:59:11+00:00\",\"breadcrumb\":{\"@id\":\"https:\/\/diaplast.lt\/pl\/Produkt\/wiertla-diamentowe-dla-budownictwa\/#breadcrumb\"},\"inLanguage\":\"pl-PL\",\"potentialAction\":[{\"@type\":\"ReadAction\",\"target\":[\"https:\/\/diaplast.lt\/pl\/Produkt\/wiertla-diamentowe-dla-budownictwa\/\"]}]},{\"@type\":\"ImageObject\",\"inLanguage\":\"pl-PL\",\"@id\":\"https:\/\/diaplast.lt\/pl\/Produkt\/wiertla-diamentowe-dla-budownictwa\/#primaryimage\",\"url\":\"https:\/\/diaplast.lt\/wp-content\/uploads\/2025\/01\/IMG_200411.jpg\",\"contentUrl\":\"https:\/\/diaplast.lt\/wp-content\/uploads\/2025\/01\/IMG_200411.jpg\",\"width\":500,\"height\":375},{\"@type\":\"BreadcrumbList\",\"@id\":\"https:\/\/diaplast.lt\/pl\/Produkt\/wiertla-diamentowe-dla-budownictwa\/#breadcrumb\",\"itemListElement\":[{\"@type\":\"ListItem\",\"position\":1,\"name\":\"Strona g\u0142\u00f3wna\",\"item\":\"https:\/\/diaplast.lt\/\"},{\"@type\":\"ListItem\",\"position\":2,\"name\":\"Zasi\u0119g\",\"item\":\"https:\/\/diaplast.lt\/pl\/asortyment\/\"},{\"@type\":\"ListItem\",\"position\":3,\"name\":\"Wiert\u0142a diamentowe dla budownictwa\"}]},{\"@type\":\"WebSite\",\"@id\":\"https:\/\/diaplast.lt\/#website\",\"url\":\"https:\/\/diaplast.lt\/\",\"name\":\"Diaplast\",\"description\":\"Deimantini\u0173 instrument\u0173 gamyba ir prekyba\",\"publisher\":{\"@id\":\"https:\/\/diaplast.lt\/#organization\"},\"potentialAction\":[{\"@type\":\"SearchAction\",\"target\":{\"@type\":\"EntryPoint\",\"urlTemplate\":\"https:\/\/diaplast.lt\/?s={search_term_string}\"},\"query-input\":{\"@type\":\"PropertyValueSpecification\",\"valueRequired\":true,\"valueName\":\"search_term_string\"}}],\"inLanguage\":\"pl-PL\"},{\"@type\":\"Organization\",\"@id\":\"https:\/\/diaplast.lt\/#organization\",\"name\":\"Diaplast\",\"url\":\"https:\/\/diaplast.lt\/\",\"logo\":{\"@type\":\"ImageObject\",\"inLanguage\":\"pl-PL\",\"@id\":\"https:\/\/diaplast.lt\/#\/schema\/logo\/image\/\",\"url\":\"http:\/\/diaplast.lt\/wp-content\/uploads\/2022\/06\/ebaltveja-logo.png\",\"contentUrl\":\"http:\/\/diaplast.lt\/wp-content\/uploads\/2022\/06\/ebaltveja-logo.png\",\"width\":200,\"height\":69,\"caption\":\"Diaplast\"},\"image\":{\"@id\":\"https:\/\/diaplast.lt\/#\/schema\/logo\/image\/\"}}]}<\/script>\n<!-- \/ Yoast SEO plugin. -->","yoast_head_json":{"title":"Wiert\u0142a diamentowe dla budownictwa - Diaplast","robots":{"index":"index","follow":"follow","max-snippet":"max-snippet:-1","max-image-preview":"max-image-preview:large","max-video-preview":"max-video-preview:-1"},"canonical":"https:\/\/diaplast.lt\/pl\/Produkt\/wiertla-diamentowe-dla-budownictwa\/","og_locale":"pl_PL","og_type":"article","og_title":"Wiert\u0142a diamentowe dla budownictwa - Diaplast","og_description":"Produkujemy nowe i regenerowane wiert\u0142a diamentowe na zam\u00f3wienie. Zalecamy wiercenie na mokro i nie podgrzewanie segment\u00f3w. Mo\u017cna r\u00f3wnie\u017c zam\u00f3wi\u0107 inne wiert\u0142a o r\u00f3\u017cnych \u015brednicach, d\u0142ugo\u015bciach lub mocowaniach. &nbsp; &nbsp;","og_url":"https:\/\/diaplast.lt\/pl\/Produkt\/wiertla-diamentowe-dla-budownictwa\/","og_site_name":"Diaplast","og_image":[{"width":500,"height":375,"url":"http:\/\/diaplast.lt\/wp-content\/uploads\/2025\/01\/IMG_200411.jpg","type":"image\/jpeg"}],"twitter_card":"summary_large_image","schema":{"@context":"https:\/\/schema.org","@graph":[{"@type":"WebPage","@id":"https:\/\/diaplast.lt\/pl\/Produkt\/wiertla-diamentowe-dla-budownictwa\/","url":"https:\/\/diaplast.lt\/pl\/Produkt\/wiertla-diamentowe-dla-budownictwa\/","name":"Wiert\u0142a diamentowe dla budownictwa - Diaplast","isPartOf":{"@id":"https:\/\/diaplast.lt\/#website"},"primaryImageOfPage":{"@id":"https:\/\/diaplast.lt\/pl\/Produkt\/wiertla-diamentowe-dla-budownictwa\/#primaryimage"},"image":{"@id":"https:\/\/diaplast.lt\/pl\/Produkt\/wiertla-diamentowe-dla-budownictwa\/#primaryimage"},"thumbnailUrl":"https:\/\/diaplast.lt\/wp-content\/uploads\/2025\/01\/IMG_200411.jpg","datePublished":"2025-01-06T19:59:11+00:00","breadcrumb":{"@id":"https:\/\/diaplast.lt\/pl\/Produkt\/wiertla-diamentowe-dla-budownictwa\/#breadcrumb"},"inLanguage":"pl-PL","potentialAction":[{"@type":"ReadAction","target":["https:\/\/diaplast.lt\/pl\/Produkt\/wiertla-diamentowe-dla-budownictwa\/"]}]},{"@type":"ImageObject","inLanguage":"pl-PL","@id":"https:\/\/diaplast.lt\/pl\/Produkt\/wiertla-diamentowe-dla-budownictwa\/#primaryimage","url":"https:\/\/diaplast.lt\/wp-content\/uploads\/2025\/01\/IMG_200411.jpg","contentUrl":"https:\/\/diaplast.lt\/wp-content\/uploads\/2025\/01\/IMG_200411.jpg","width":500,"height":375},{"@type":"BreadcrumbList","@id":"https:\/\/diaplast.lt\/pl\/Produkt\/wiertla-diamentowe-dla-budownictwa\/#breadcrumb","itemListElement":[{"@type":"ListItem","position":1,"name":"Strona g\u0142\u00f3wna","item":"https:\/\/diaplast.lt\/"},{"@type":"ListItem","position":2,"name":"Zasi\u0119g","item":"https:\/\/diaplast.lt\/pl\/asortyment\/"},{"@type":"ListItem","position":3,"name":"Wiert\u0142a diamentowe dla budownictwa"}]},{"@type":"WebSite","@id":"https:\/\/diaplast.lt\/#website","url":"https:\/\/diaplast.lt\/","name":"Diaplast","description":"Deimantini\u0173 instrument\u0173 gamyba ir prekyba","publisher":{"@id":"https:\/\/diaplast.lt\/#organization"},"potentialAction":[{"@type":"SearchAction","target":{"@type":"EntryPoint","urlTemplate":"https:\/\/diaplast.lt\/?s={search_term_string}"},"query-input":{"@type":"PropertyValueSpecification","valueRequired":true,"valueName":"search_term_string"}}],"inLanguage":"pl-PL"},{"@type":"Organization","@id":"https:\/\/diaplast.lt\/#organization","name":"Diaplast","url":"https:\/\/diaplast.lt\/","logo":{"@type":"ImageObject","inLanguage":"pl-PL","@id":"https:\/\/diaplast.lt\/#\/schema\/logo\/image\/","url":"http:\/\/diaplast.lt\/wp-content\/uploads\/2022\/06\/ebaltveja-logo.png","contentUrl":"http:\/\/diaplast.lt\/wp-content\/uploads\/2022\/06\/ebaltveja-logo.png","width":200,"height":69,"caption":"Diaplast"},"image":{"@id":"https:\/\/diaplast.lt\/#\/schema\/logo\/image\/"}}]}},"_links":{"self":[{"href":"https:\/\/diaplast.lt\/pl\/wp-json\/wp\/v2\/product\/22672","targetHints":{"allow":["GET"]}}],"collection":[{"href":"https:\/\/diaplast.lt\/pl\/wp-json\/wp\/v2\/product"}],"about":[{"href":"https:\/\/diaplast.lt\/pl\/wp-json\/wp\/v2\/types\/product"}],"version-history":[{"count":0,"href":"https:\/\/diaplast.lt\/pl\/wp-json\/wp\/v2\/product\/22672\/revisions"}],"wp:featuredmedia":[{"embeddable":true,"href":"https:\/\/diaplast.lt\/pl\/wp-json\/wp\/v2\/media\/22678"}],"wp:attachment":[{"href":"https:\/\/diaplast.lt\/pl\/wp-json\/wp\/v2\/media?parent=22672"}],"wp:term":[{"taxonomy":"product_brand","embeddable":true,"href":"https:\/\/diaplast.lt\/pl\/wp-json\/wp\/v2\/product_brand?post=22672"},{"taxonomy":"product_cat","embeddable":true,"href":"https:\/\/diaplast.lt\/pl\/wp-json\/wp\/v2\/product_cat?post=22672"},{"taxonomy":"product_tag","embeddable":true,"href":"https:\/\/diaplast.lt\/pl\/wp-json\/wp\/v2\/product_tag?post=22672"}],"curies":[{"name":"wp","href":"https:\/\/api.w.org\/{rel}","templated":true}]}}