{"id":22789,"date":"2025-01-08T01:30:01","date_gmt":"2025-01-07T22:30:01","guid":{"rendered":"https:\/\/diaplast.lt\/produktas\/przecinak-diamentowy-aluminium-turbo\/"},"modified":"2025-01-08T01:30:01","modified_gmt":"2025-01-07T22:30:01","slug":"przecinak-diamentowy-aluminium-turbo","status":"publish","type":"product","link":"https:\/\/diaplast.lt\/pl\/produkt\/przecinak-diamentowy-aluminium-turbo\/","title":{"rendered":"Przecinak diamentowy ALUMINIUM TURBO"},"content":{"rendered":"","protected":false},"excerpt":{"rendered":"<p>Nadaje si\u0119 do pracy na mokro i sucho.<\/p>\n<p>Zalecane pr\u0119dko\u015bci:<\/p>\n<p>\u015arednica 100 mm 6000 <sup> min-1<\/sup><\/p>\n","protected":false},"featured_media":17756,"template":"","meta":[],"product_brand":[],"product_cat":[844,856,858,860],"product_tag":[],"class_list":{"0":"post-22789","1":"product","2":"type-product","3":"status-publish","4":"has-post-thumbnail","6":"product_cat-narzedzia-do-szlifowania-polerowania","7":"product_cat-frezy-diamentowe","8":"product_cat-frezy-diamentowe-do-kamienia","9":"product_cat-frezy-diamentowe-dla-budownictwa","10":"pa_diametras-mm-100-pl","11":"pa_grudetumas-30-50-00-pl","12":"pa_grudetumas-50-60-0-pl","13":"pa_grudetumas-80-100-1-pl","14":"pa_kilmes-salis-korea-pl","15":"pa_paskirtis-dla-betonu","16":"pa_paskirtis-dla-kamienia","17":"pa_tipas-turbo-pl","18":"pa_tvirtinimas-m14-pl","20":"first","21":"instock","22":"taxable","23":"shipping-taxable","24":"purchasable","25":"product-type-variable"},"yoast_head":"<!-- This site is optimized with the Yoast SEO plugin v26.0 - https:\/\/yoast.com\/wordpress\/plugins\/seo\/ -->\n<title>Przecinak diamentowy ALUMINIUM TURBO - Diaplast<\/title>\n<meta name=\"robots\" content=\"index, follow, max-snippet:-1, max-image-preview:large, max-video-preview:-1\" \/>\n<link rel=\"canonical\" href=\"https:\/\/diaplast.lt\/pl\/Produkt\/przecinak-diamentowy-aluminium-turbo\/\" \/>\n<meta property=\"og:locale\" content=\"pl_PL\" \/>\n<meta property=\"og:type\" content=\"article\" \/>\n<meta property=\"og:title\" content=\"Przecinak diamentowy ALUMINIUM TURBO - Diaplast\" \/>\n<meta property=\"og:description\" content=\"Nadaje si\u0119 do pracy na mokro i sucho. Zalecane pr\u0119dko\u015bci: \u015arednica 100 mm 6000 min-1\" \/>\n<meta property=\"og:url\" content=\"https:\/\/diaplast.lt\/pl\/Produkt\/przecinak-diamentowy-aluminium-turbo\/\" \/>\n<meta property=\"og:site_name\" content=\"Diaplast\" \/>\n<meta property=\"og:image\" content=\"http:\/\/diaplast.lt\/wp-content\/uploads\/2025\/02\/DDT-100-K.jpg\" \/>\n\t<meta property=\"og:image:width\" content=\"984\" \/>\n\t<meta property=\"og:image:height\" content=\"984\" \/>\n\t<meta property=\"og:image:type\" content=\"image\/jpeg\" \/>\n<meta name=\"twitter:card\" content=\"summary_large_image\" \/>\n<script type=\"application\/ld+json\" class=\"yoast-schema-graph\">{\"@context\":\"https:\/\/schema.org\",\"@graph\":[{\"@type\":\"WebPage\",\"@id\":\"https:\/\/diaplast.lt\/pl\/Produkt\/przecinak-diamentowy-aluminium-turbo\/\",\"url\":\"https:\/\/diaplast.lt\/pl\/Produkt\/przecinak-diamentowy-aluminium-turbo\/\",\"name\":\"Przecinak diamentowy ALUMINIUM TURBO - Diaplast\",\"isPartOf\":{\"@id\":\"https:\/\/diaplast.lt\/#website\"},\"primaryImageOfPage\":{\"@id\":\"https:\/\/diaplast.lt\/pl\/Produkt\/przecinak-diamentowy-aluminium-turbo\/#primaryimage\"},\"image\":{\"@id\":\"https:\/\/diaplast.lt\/pl\/Produkt\/przecinak-diamentowy-aluminium-turbo\/#primaryimage\"},\"thumbnailUrl\":\"https:\/\/diaplast.lt\/wp-content\/uploads\/2025\/02\/DDT-100-K.jpg\",\"datePublished\":\"2025-01-07T22:30:01+00:00\",\"breadcrumb\":{\"@id\":\"https:\/\/diaplast.lt\/pl\/Produkt\/przecinak-diamentowy-aluminium-turbo\/#breadcrumb\"},\"inLanguage\":\"pl-PL\",\"potentialAction\":[{\"@type\":\"ReadAction\",\"target\":[\"https:\/\/diaplast.lt\/pl\/Produkt\/przecinak-diamentowy-aluminium-turbo\/\"]}]},{\"@type\":\"ImageObject\",\"inLanguage\":\"pl-PL\",\"@id\":\"https:\/\/diaplast.lt\/pl\/Produkt\/przecinak-diamentowy-aluminium-turbo\/#primaryimage\",\"url\":\"https:\/\/diaplast.lt\/wp-content\/uploads\/2025\/02\/DDT-100-K.jpg\",\"contentUrl\":\"https:\/\/diaplast.lt\/wp-content\/uploads\/2025\/02\/DDT-100-K.jpg\",\"width\":984,\"height\":984},{\"@type\":\"BreadcrumbList\",\"@id\":\"https:\/\/diaplast.lt\/pl\/Produkt\/przecinak-diamentowy-aluminium-turbo\/#breadcrumb\",\"itemListElement\":[{\"@type\":\"ListItem\",\"position\":1,\"name\":\"Strona g\u0142\u00f3wna\",\"item\":\"https:\/\/diaplast.lt\/\"},{\"@type\":\"ListItem\",\"position\":2,\"name\":\"Zasi\u0119g\",\"item\":\"https:\/\/diaplast.lt\/pl\/asortyment\/\"},{\"@type\":\"ListItem\",\"position\":3,\"name\":\"Przecinak diamentowy ALUMINIUM TURBO\"}]},{\"@type\":\"WebSite\",\"@id\":\"https:\/\/diaplast.lt\/#website\",\"url\":\"https:\/\/diaplast.lt\/\",\"name\":\"Diaplast\",\"description\":\"Deimantini\u0173 instrument\u0173 gamyba ir prekyba\",\"publisher\":{\"@id\":\"https:\/\/diaplast.lt\/#organization\"},\"potentialAction\":[{\"@type\":\"SearchAction\",\"target\":{\"@type\":\"EntryPoint\",\"urlTemplate\":\"https:\/\/diaplast.lt\/?s={search_term_string}\"},\"query-input\":{\"@type\":\"PropertyValueSpecification\",\"valueRequired\":true,\"valueName\":\"search_term_string\"}}],\"inLanguage\":\"pl-PL\"},{\"@type\":\"Organization\",\"@id\":\"https:\/\/diaplast.lt\/#organization\",\"name\":\"Diaplast\",\"url\":\"https:\/\/diaplast.lt\/\",\"logo\":{\"@type\":\"ImageObject\",\"inLanguage\":\"pl-PL\",\"@id\":\"https:\/\/diaplast.lt\/#\/schema\/logo\/image\/\",\"url\":\"http:\/\/diaplast.lt\/wp-content\/uploads\/2022\/06\/ebaltveja-logo.png\",\"contentUrl\":\"http:\/\/diaplast.lt\/wp-content\/uploads\/2022\/06\/ebaltveja-logo.png\",\"width\":200,\"height\":69,\"caption\":\"Diaplast\"},\"image\":{\"@id\":\"https:\/\/diaplast.lt\/#\/schema\/logo\/image\/\"}}]}<\/script>\n<!-- \/ Yoast SEO plugin. -->","yoast_head_json":{"title":"Przecinak diamentowy ALUMINIUM TURBO - Diaplast","robots":{"index":"index","follow":"follow","max-snippet":"max-snippet:-1","max-image-preview":"max-image-preview:large","max-video-preview":"max-video-preview:-1"},"canonical":"https:\/\/diaplast.lt\/pl\/Produkt\/przecinak-diamentowy-aluminium-turbo\/","og_locale":"pl_PL","og_type":"article","og_title":"Przecinak diamentowy ALUMINIUM TURBO - Diaplast","og_description":"Nadaje si\u0119 do pracy na mokro i sucho. Zalecane pr\u0119dko\u015bci: \u015arednica 100 mm 6000 min-1","og_url":"https:\/\/diaplast.lt\/pl\/Produkt\/przecinak-diamentowy-aluminium-turbo\/","og_site_name":"Diaplast","og_image":[{"width":984,"height":984,"url":"http:\/\/diaplast.lt\/wp-content\/uploads\/2025\/02\/DDT-100-K.jpg","type":"image\/jpeg"}],"twitter_card":"summary_large_image","schema":{"@context":"https:\/\/schema.org","@graph":[{"@type":"WebPage","@id":"https:\/\/diaplast.lt\/pl\/Produkt\/przecinak-diamentowy-aluminium-turbo\/","url":"https:\/\/diaplast.lt\/pl\/Produkt\/przecinak-diamentowy-aluminium-turbo\/","name":"Przecinak diamentowy ALUMINIUM TURBO - Diaplast","isPartOf":{"@id":"https:\/\/diaplast.lt\/#website"},"primaryImageOfPage":{"@id":"https:\/\/diaplast.lt\/pl\/Produkt\/przecinak-diamentowy-aluminium-turbo\/#primaryimage"},"image":{"@id":"https:\/\/diaplast.lt\/pl\/Produkt\/przecinak-diamentowy-aluminium-turbo\/#primaryimage"},"thumbnailUrl":"https:\/\/diaplast.lt\/wp-content\/uploads\/2025\/02\/DDT-100-K.jpg","datePublished":"2025-01-07T22:30:01+00:00","breadcrumb":{"@id":"https:\/\/diaplast.lt\/pl\/Produkt\/przecinak-diamentowy-aluminium-turbo\/#breadcrumb"},"inLanguage":"pl-PL","potentialAction":[{"@type":"ReadAction","target":["https:\/\/diaplast.lt\/pl\/Produkt\/przecinak-diamentowy-aluminium-turbo\/"]}]},{"@type":"ImageObject","inLanguage":"pl-PL","@id":"https:\/\/diaplast.lt\/pl\/Produkt\/przecinak-diamentowy-aluminium-turbo\/#primaryimage","url":"https:\/\/diaplast.lt\/wp-content\/uploads\/2025\/02\/DDT-100-K.jpg","contentUrl":"https:\/\/diaplast.lt\/wp-content\/uploads\/2025\/02\/DDT-100-K.jpg","width":984,"height":984},{"@type":"BreadcrumbList","@id":"https:\/\/diaplast.lt\/pl\/Produkt\/przecinak-diamentowy-aluminium-turbo\/#breadcrumb","itemListElement":[{"@type":"ListItem","position":1,"name":"Strona g\u0142\u00f3wna","item":"https:\/\/diaplast.lt\/"},{"@type":"ListItem","position":2,"name":"Zasi\u0119g","item":"https:\/\/diaplast.lt\/pl\/asortyment\/"},{"@type":"ListItem","position":3,"name":"Przecinak diamentowy ALUMINIUM TURBO"}]},{"@type":"WebSite","@id":"https:\/\/diaplast.lt\/#website","url":"https:\/\/diaplast.lt\/","name":"Diaplast","description":"Deimantini\u0173 instrument\u0173 gamyba ir prekyba","publisher":{"@id":"https:\/\/diaplast.lt\/#organization"},"potentialAction":[{"@type":"SearchAction","target":{"@type":"EntryPoint","urlTemplate":"https:\/\/diaplast.lt\/?s={search_term_string}"},"query-input":{"@type":"PropertyValueSpecification","valueRequired":true,"valueName":"search_term_string"}}],"inLanguage":"pl-PL"},{"@type":"Organization","@id":"https:\/\/diaplast.lt\/#organization","name":"Diaplast","url":"https:\/\/diaplast.lt\/","logo":{"@type":"ImageObject","inLanguage":"pl-PL","@id":"https:\/\/diaplast.lt\/#\/schema\/logo\/image\/","url":"http:\/\/diaplast.lt\/wp-content\/uploads\/2022\/06\/ebaltveja-logo.png","contentUrl":"http:\/\/diaplast.lt\/wp-content\/uploads\/2022\/06\/ebaltveja-logo.png","width":200,"height":69,"caption":"Diaplast"},"image":{"@id":"https:\/\/diaplast.lt\/#\/schema\/logo\/image\/"}}]}},"_links":{"self":[{"href":"https:\/\/diaplast.lt\/pl\/wp-json\/wp\/v2\/product\/22789","targetHints":{"allow":["GET"]}}],"collection":[{"href":"https:\/\/diaplast.lt\/pl\/wp-json\/wp\/v2\/product"}],"about":[{"href":"https:\/\/diaplast.lt\/pl\/wp-json\/wp\/v2\/types\/product"}],"version-history":[{"count":0,"href":"https:\/\/diaplast.lt\/pl\/wp-json\/wp\/v2\/product\/22789\/revisions"}],"wp:featuredmedia":[{"embeddable":true,"href":"https:\/\/diaplast.lt\/pl\/wp-json\/wp\/v2\/media\/17756"}],"wp:attachment":[{"href":"https:\/\/diaplast.lt\/pl\/wp-json\/wp\/v2\/media?parent=22789"}],"wp:term":[{"taxonomy":"product_brand","embeddable":true,"href":"https:\/\/diaplast.lt\/pl\/wp-json\/wp\/v2\/product_brand?post=22789"},{"taxonomy":"product_cat","embeddable":true,"href":"https:\/\/diaplast.lt\/pl\/wp-json\/wp\/v2\/product_cat?post=22789"},{"taxonomy":"product_tag","embeddable":true,"href":"https:\/\/diaplast.lt\/pl\/wp-json\/wp\/v2\/product_tag?post=22789"}],"curies":[{"name":"wp","href":"https:\/\/api.w.org\/{rel}","templated":true}]}}