{"id":22988,"date":"2025-01-08T17:53:00","date_gmt":"2025-01-08T14:53:00","guid":{"rendered":"https:\/\/diaplast.lt\/produktas\/szlifierka-elektryczna-eibenstock-epn-1301\/"},"modified":"2025-07-22T16:43:58","modified_gmt":"2025-07-22T13:43:58","slug":"szlifierka-elektryczna-eibenstock-epn-1301","status":"publish","type":"product","link":"https:\/\/diaplast.lt\/pl\/produkt\/szlifierka-elektryczna-eibenstock-epn-1301\/","title":{"rendered":"Szlifierka elektryczna Eibenstock WPN 180"},"content":{"rendered":"","protected":false},"excerpt":{"rendered":"<p>Maszyna ze wspomaganiem wodnym.<\/p>\n<p>Narz\u0119dzie posiada przek\u0142adni\u0119 pochylon\u0105 o 60\u00b0 dla lepszej widoczno\u015bci powierzchni roboczej i bli\u017cszego k\u0105ta.<\/p>\n<p>Napi\u0119cie robocze: 230V<\/p>\n","protected":false},"featured_media":28287,"template":"","meta":[],"product_brand":[],"product_cat":[764,743,762],"product_tag":[],"class_list":{"0":"post-22988","1":"product","2":"type-product","3":"status-publish","4":"has-post-thumbnail","6":"product_cat-elektrownie","7":"product_cat-narzedzia-i-akcesoria-do-obrobki-kamienia","8":"product_cat-szlifierki","9":"pa_apsisukimai-1500-2800-min-1-pl","10":"pa_galia-1200w-pl","11":"pa_paskirtis-do-szlifowania-i-polerowania-kamienia-i-betonu","12":"pa_svoris-4-4-kg-pl","13":"pa_tvirtinimas-m14-pl","15":"first","16":"instock","17":"taxable","18":"shipping-taxable","19":"purchasable","20":"product-type-simple"},"yoast_head":"<!-- This site is optimized with the Yoast SEO plugin v26.0 - https:\/\/yoast.com\/wordpress\/plugins\/seo\/ -->\n<title>Szlifierka elektryczna Eibenstock WPN 180 - Diaplast<\/title>\n<meta name=\"robots\" content=\"index, follow, max-snippet:-1, max-image-preview:large, max-video-preview:-1\" \/>\n<link rel=\"canonical\" href=\"https:\/\/diaplast.lt\/pl\/Produkt\/szlifierka-elektryczna-eibenstock-epn-1301\/\" \/>\n<meta property=\"og:locale\" content=\"pl_PL\" \/>\n<meta property=\"og:type\" content=\"article\" \/>\n<meta property=\"og:title\" content=\"Szlifierka elektryczna Eibenstock WPN 180 - Diaplast\" \/>\n<meta property=\"og:description\" content=\"Maszyna ze wspomaganiem wodnym. Narz\u0119dzie posiada przek\u0142adni\u0119 pochylon\u0105 o 60\u00b0 dla lepszej widoczno\u015bci powierzchni roboczej i bli\u017cszego k\u0105ta. Napi\u0119cie robocze: 230V\" \/>\n<meta property=\"og:url\" content=\"https:\/\/diaplast.lt\/pl\/Produkt\/szlifierka-elektryczna-eibenstock-epn-1301\/\" \/>\n<meta property=\"og:site_name\" content=\"Diaplast\" \/>\n<meta property=\"article:modified_time\" content=\"2025-07-22T13:43:58+00:00\" \/>\n<meta property=\"og:image\" content=\"http:\/\/diaplast.lt\/wp-content\/uploads\/2025\/01\/EibenstockWPN180-1.png\" \/>\n\t<meta property=\"og:image:width\" content=\"335\" \/>\n\t<meta property=\"og:image:height\" content=\"227\" \/>\n\t<meta property=\"og:image:type\" content=\"image\/png\" \/>\n<meta name=\"twitter:card\" content=\"summary_large_image\" \/>\n<script type=\"application\/ld+json\" class=\"yoast-schema-graph\">{\"@context\":\"https:\/\/schema.org\",\"@graph\":[{\"@type\":\"WebPage\",\"@id\":\"https:\/\/diaplast.lt\/pl\/Produkt\/szlifierka-elektryczna-eibenstock-epn-1301\/\",\"url\":\"https:\/\/diaplast.lt\/pl\/Produkt\/szlifierka-elektryczna-eibenstock-epn-1301\/\",\"name\":\"Szlifierka elektryczna Eibenstock WPN 180 - Diaplast\",\"isPartOf\":{\"@id\":\"https:\/\/diaplast.lt\/#website\"},\"primaryImageOfPage\":{\"@id\":\"https:\/\/diaplast.lt\/pl\/Produkt\/szlifierka-elektryczna-eibenstock-epn-1301\/#primaryimage\"},\"image\":{\"@id\":\"https:\/\/diaplast.lt\/pl\/Produkt\/szlifierka-elektryczna-eibenstock-epn-1301\/#primaryimage\"},\"thumbnailUrl\":\"https:\/\/diaplast.lt\/wp-content\/uploads\/2025\/01\/EibenstockWPN180-1.png\",\"datePublished\":\"2025-01-08T14:53:00+00:00\",\"dateModified\":\"2025-07-22T13:43:58+00:00\",\"breadcrumb\":{\"@id\":\"https:\/\/diaplast.lt\/pl\/Produkt\/szlifierka-elektryczna-eibenstock-epn-1301\/#breadcrumb\"},\"inLanguage\":\"pl-PL\",\"potentialAction\":[{\"@type\":\"ReadAction\",\"target\":[\"https:\/\/diaplast.lt\/pl\/Produkt\/szlifierka-elektryczna-eibenstock-epn-1301\/\"]}]},{\"@type\":\"ImageObject\",\"inLanguage\":\"pl-PL\",\"@id\":\"https:\/\/diaplast.lt\/pl\/Produkt\/szlifierka-elektryczna-eibenstock-epn-1301\/#primaryimage\",\"url\":\"https:\/\/diaplast.lt\/wp-content\/uploads\/2025\/01\/EibenstockWPN180-1.png\",\"contentUrl\":\"https:\/\/diaplast.lt\/wp-content\/uploads\/2025\/01\/EibenstockWPN180-1.png\",\"width\":335,\"height\":227},{\"@type\":\"BreadcrumbList\",\"@id\":\"https:\/\/diaplast.lt\/pl\/Produkt\/szlifierka-elektryczna-eibenstock-epn-1301\/#breadcrumb\",\"itemListElement\":[{\"@type\":\"ListItem\",\"position\":1,\"name\":\"Strona g\u0142\u00f3wna\",\"item\":\"https:\/\/diaplast.lt\/\"},{\"@type\":\"ListItem\",\"position\":2,\"name\":\"Zasi\u0119g\",\"item\":\"https:\/\/diaplast.lt\/pl\/asortyment\/\"},{\"@type\":\"ListItem\",\"position\":3,\"name\":\"Szlifierka elektryczna Eibenstock WPN 180\"}]},{\"@type\":\"WebSite\",\"@id\":\"https:\/\/diaplast.lt\/#website\",\"url\":\"https:\/\/diaplast.lt\/\",\"name\":\"Diaplast\",\"description\":\"Deimantini\u0173 instrument\u0173 gamyba ir prekyba\",\"publisher\":{\"@id\":\"https:\/\/diaplast.lt\/#organization\"},\"potentialAction\":[{\"@type\":\"SearchAction\",\"target\":{\"@type\":\"EntryPoint\",\"urlTemplate\":\"https:\/\/diaplast.lt\/?s={search_term_string}\"},\"query-input\":{\"@type\":\"PropertyValueSpecification\",\"valueRequired\":true,\"valueName\":\"search_term_string\"}}],\"inLanguage\":\"pl-PL\"},{\"@type\":\"Organization\",\"@id\":\"https:\/\/diaplast.lt\/#organization\",\"name\":\"Diaplast\",\"url\":\"https:\/\/diaplast.lt\/\",\"logo\":{\"@type\":\"ImageObject\",\"inLanguage\":\"pl-PL\",\"@id\":\"https:\/\/diaplast.lt\/#\/schema\/logo\/image\/\",\"url\":\"http:\/\/diaplast.lt\/wp-content\/uploads\/2022\/06\/ebaltveja-logo.png\",\"contentUrl\":\"http:\/\/diaplast.lt\/wp-content\/uploads\/2022\/06\/ebaltveja-logo.png\",\"width\":200,\"height\":69,\"caption\":\"Diaplast\"},\"image\":{\"@id\":\"https:\/\/diaplast.lt\/#\/schema\/logo\/image\/\"}}]}<\/script>\n<!-- \/ Yoast SEO plugin. -->","yoast_head_json":{"title":"Szlifierka elektryczna Eibenstock WPN 180 - Diaplast","robots":{"index":"index","follow":"follow","max-snippet":"max-snippet:-1","max-image-preview":"max-image-preview:large","max-video-preview":"max-video-preview:-1"},"canonical":"https:\/\/diaplast.lt\/pl\/Produkt\/szlifierka-elektryczna-eibenstock-epn-1301\/","og_locale":"pl_PL","og_type":"article","og_title":"Szlifierka elektryczna Eibenstock WPN 180 - Diaplast","og_description":"Maszyna ze wspomaganiem wodnym. Narz\u0119dzie posiada przek\u0142adni\u0119 pochylon\u0105 o 60\u00b0 dla lepszej widoczno\u015bci powierzchni roboczej i bli\u017cszego k\u0105ta. Napi\u0119cie robocze: 230V","og_url":"https:\/\/diaplast.lt\/pl\/Produkt\/szlifierka-elektryczna-eibenstock-epn-1301\/","og_site_name":"Diaplast","article_modified_time":"2025-07-22T13:43:58+00:00","og_image":[{"width":335,"height":227,"url":"http:\/\/diaplast.lt\/wp-content\/uploads\/2025\/01\/EibenstockWPN180-1.png","type":"image\/png"}],"twitter_card":"summary_large_image","schema":{"@context":"https:\/\/schema.org","@graph":[{"@type":"WebPage","@id":"https:\/\/diaplast.lt\/pl\/Produkt\/szlifierka-elektryczna-eibenstock-epn-1301\/","url":"https:\/\/diaplast.lt\/pl\/Produkt\/szlifierka-elektryczna-eibenstock-epn-1301\/","name":"Szlifierka elektryczna Eibenstock WPN 180 - Diaplast","isPartOf":{"@id":"https:\/\/diaplast.lt\/#website"},"primaryImageOfPage":{"@id":"https:\/\/diaplast.lt\/pl\/Produkt\/szlifierka-elektryczna-eibenstock-epn-1301\/#primaryimage"},"image":{"@id":"https:\/\/diaplast.lt\/pl\/Produkt\/szlifierka-elektryczna-eibenstock-epn-1301\/#primaryimage"},"thumbnailUrl":"https:\/\/diaplast.lt\/wp-content\/uploads\/2025\/01\/EibenstockWPN180-1.png","datePublished":"2025-01-08T14:53:00+00:00","dateModified":"2025-07-22T13:43:58+00:00","breadcrumb":{"@id":"https:\/\/diaplast.lt\/pl\/Produkt\/szlifierka-elektryczna-eibenstock-epn-1301\/#breadcrumb"},"inLanguage":"pl-PL","potentialAction":[{"@type":"ReadAction","target":["https:\/\/diaplast.lt\/pl\/Produkt\/szlifierka-elektryczna-eibenstock-epn-1301\/"]}]},{"@type":"ImageObject","inLanguage":"pl-PL","@id":"https:\/\/diaplast.lt\/pl\/Produkt\/szlifierka-elektryczna-eibenstock-epn-1301\/#primaryimage","url":"https:\/\/diaplast.lt\/wp-content\/uploads\/2025\/01\/EibenstockWPN180-1.png","contentUrl":"https:\/\/diaplast.lt\/wp-content\/uploads\/2025\/01\/EibenstockWPN180-1.png","width":335,"height":227},{"@type":"BreadcrumbList","@id":"https:\/\/diaplast.lt\/pl\/Produkt\/szlifierka-elektryczna-eibenstock-epn-1301\/#breadcrumb","itemListElement":[{"@type":"ListItem","position":1,"name":"Strona g\u0142\u00f3wna","item":"https:\/\/diaplast.lt\/"},{"@type":"ListItem","position":2,"name":"Zasi\u0119g","item":"https:\/\/diaplast.lt\/pl\/asortyment\/"},{"@type":"ListItem","position":3,"name":"Szlifierka elektryczna Eibenstock WPN 180"}]},{"@type":"WebSite","@id":"https:\/\/diaplast.lt\/#website","url":"https:\/\/diaplast.lt\/","name":"Diaplast","description":"Deimantini\u0173 instrument\u0173 gamyba ir prekyba","publisher":{"@id":"https:\/\/diaplast.lt\/#organization"},"potentialAction":[{"@type":"SearchAction","target":{"@type":"EntryPoint","urlTemplate":"https:\/\/diaplast.lt\/?s={search_term_string}"},"query-input":{"@type":"PropertyValueSpecification","valueRequired":true,"valueName":"search_term_string"}}],"inLanguage":"pl-PL"},{"@type":"Organization","@id":"https:\/\/diaplast.lt\/#organization","name":"Diaplast","url":"https:\/\/diaplast.lt\/","logo":{"@type":"ImageObject","inLanguage":"pl-PL","@id":"https:\/\/diaplast.lt\/#\/schema\/logo\/image\/","url":"http:\/\/diaplast.lt\/wp-content\/uploads\/2022\/06\/ebaltveja-logo.png","contentUrl":"http:\/\/diaplast.lt\/wp-content\/uploads\/2022\/06\/ebaltveja-logo.png","width":200,"height":69,"caption":"Diaplast"},"image":{"@id":"https:\/\/diaplast.lt\/#\/schema\/logo\/image\/"}}]}},"_links":{"self":[{"href":"https:\/\/diaplast.lt\/pl\/wp-json\/wp\/v2\/product\/22988","targetHints":{"allow":["GET"]}}],"collection":[{"href":"https:\/\/diaplast.lt\/pl\/wp-json\/wp\/v2\/product"}],"about":[{"href":"https:\/\/diaplast.lt\/pl\/wp-json\/wp\/v2\/types\/product"}],"version-history":[{"count":2,"href":"https:\/\/diaplast.lt\/pl\/wp-json\/wp\/v2\/product\/22988\/revisions"}],"predecessor-version":[{"id":28296,"href":"https:\/\/diaplast.lt\/pl\/wp-json\/wp\/v2\/product\/22988\/revisions\/28296"}],"wp:featuredmedia":[{"embeddable":true,"href":"https:\/\/diaplast.lt\/pl\/wp-json\/wp\/v2\/media\/28287"}],"wp:attachment":[{"href":"https:\/\/diaplast.lt\/pl\/wp-json\/wp\/v2\/media?parent=22988"}],"wp:term":[{"taxonomy":"product_brand","embeddable":true,"href":"https:\/\/diaplast.lt\/pl\/wp-json\/wp\/v2\/product_brand?post=22988"},{"taxonomy":"product_cat","embeddable":true,"href":"https:\/\/diaplast.lt\/pl\/wp-json\/wp\/v2\/product_cat?post=22988"},{"taxonomy":"product_tag","embeddable":true,"href":"https:\/\/diaplast.lt\/pl\/wp-json\/wp\/v2\/product_tag?post=22988"}],"curies":[{"name":"wp","href":"https:\/\/api.w.org\/{rel}","templated":true}]}}