{"id":23102,"date":"2025-01-08T21:15:30","date_gmt":"2025-01-08T18:15:30","guid":{"rendered":"https:\/\/diaplast.lt\/produktas\/srodek-do-usuwania-mchu-plesni-i-innych-zanieczyszczen-organicznych-hmk-r160-moeller-chemie\/"},"modified":"2025-01-08T21:15:30","modified_gmt":"2025-01-08T18:15:30","slug":"srodek-do-usuwania-mchu-plesni-i-innych-zanieczyszczen-organicznych-hmk-r160-moeller-chemie","status":"publish","type":"product","link":"https:\/\/diaplast.lt\/pl\/produkt\/srodek-do-usuwania-mchu-plesni-i-innych-zanieczyszczen-organicznych-hmk-r160-moeller-chemie\/","title":{"rendered":"\u015arodek do usuwania mchu, ple\u015bni i innych zanieczyszcze\u0144 organicznych HMK R160, M\u00f6eller Chemie"},"content":{"rendered":"<p><strong>Spos\u00f3b u\u017cycia<\/strong>: Rozpyli\u0107 R160 na ch\u0142odn\u0105, such\u0105 powierzchni\u0119 i pozostawi\u0107 na kilka minut (nie dopu\u015bci\u0107 do wyschni\u0119cia). Rozprowadzi\u0107 r\u00f3wnomiernie za pomoc\u0105 miot\u0142y, szczotki lub innego odpowiedniego narz\u0119dzia. Sp\u0142uka\u0107 powierzchni\u0119 czyst\u0105 wod\u0105. W przypadku bardzo silnego zabrudzenia, powt\u00f3rzy\u0107 proces czyszczenia.   <\/p>\n<p>Aby unikn\u0105\u0107 wad w obr\u00f3bce chemicznej i okre\u015bli\u0107 czas wymagany do usuni\u0119cia plam, zaleca si\u0119 przetestowanie dzia\u0142ania produktu na nadmiarowym kawa\u0142ku tego samego kamienia lub na niewidocznej stronie produktu.<\/p>\n<p>Temperatura przetwarzania - od +12 do <sup>+25oC<\/sup>.<\/p>\n<p><strong>Wa\u017cne<\/strong>:  <strong>Unika\u0107 bezpo\u015bredniego \u015bwiat\u0142a s\u0142onecznego podczas przetwarzania. Powoduje blakni\u0119cie tkanin, drewna i niekt\u00f3rych metali. Trzyma\u0107 z dala od ro\u015blin. R160 nale\u017cy zu\u017cy\u0107 w ci\u0105gu 6 miesi\u0119cy. Po u\u017cyciu przep\u0142uka\u0107 butelk\u0119 z rozpylaczem wod\u0105.    <\/strong><\/p>\n<p><strong>Zu\u017cycie<\/strong>: ok. Zu\u017cycie: ok. 1 butelka\/ 3-5<sup>m2.<\/sup> <\/p>\n<p><strong>Przechowywa\u0107 w ciemnym i ch\u0142odnym miejscu<\/strong>. Okres trwa\u0142o\u015bci 0,5-1 roku. <\/p>\n","protected":false},"excerpt":{"rendered":"<p>Jest to gotowy do u\u017cycia, d\u0142ugotrwa\u0142y specjalny \u015brodek czyszcz\u0105cy do czyszczenia ma\u0142ych powierzchni.<\/p>\n<p>Szybko i skutecznie usuwa zanieczyszczenia takie jak mech, ple\u015b\u0144 na nagrobkach z kamienia naturalnego i sztucznego, \u015bcie\u017ckach, schodach, p\u0142ytkach, innych powierzchniach wewn\u0105trz i na zewn\u0105trz pomieszcze\u0144.<\/p>\n<p>Nadaje si\u0119 do powierzchni polerowanych.<\/p>\n<p>S\u0142u\u017cy r\u00f3wnie\u017c do czyszczenia plam pochodzenia organicznego, takich jak te spowodowane przez kaw\u0119, col\u0119, czerwone wino, \u017cele, jagody, owoce lub kwas garbnikowy.<\/p>\n","protected":false},"featured_media":17369,"template":"","meta":[],"product_brand":[],"product_cat":[782,774],"product_tag":[],"class_list":{"0":"post-23102","1":"product","2":"type-product","3":"status-publish","4":"has-post-thumbnail","6":"product_cat-srodki-czyszczace","7":"product_cat-srodki-chemiczne-do-kamienia-i-betonu","8":"pa_gamintojas-moeller-chemie-pl","9":"pa_paskirtis-dla-kamienia","10":"pa_talpa-0475l-pl","12":"first","13":"instock","14":"taxable","15":"shipping-taxable","16":"purchasable","17":"product-type-simple"},"yoast_head":"<!-- This site is optimized with the Yoast SEO plugin v26.0 - https:\/\/yoast.com\/wordpress\/plugins\/seo\/ -->\n<title>\u015arodek do usuwania mchu, ple\u015bni i innych zanieczyszcze\u0144 organicznych HMK R160, M\u00f6eller Chemie - Diaplast<\/title>\n<meta name=\"robots\" content=\"index, follow, max-snippet:-1, max-image-preview:large, max-video-preview:-1\" \/>\n<link rel=\"canonical\" href=\"https:\/\/diaplast.lt\/pl\/Produkt\/srodek-do-usuwania-mchu-plesni-i-innych-zanieczyszczen-organicznych-hmk-r160-moeller-chemie\/\" \/>\n<meta property=\"og:locale\" content=\"pl_PL\" \/>\n<meta property=\"og:type\" content=\"article\" \/>\n<meta property=\"og:title\" content=\"\u015arodek do usuwania mchu, ple\u015bni i innych zanieczyszcze\u0144 organicznych HMK R160, M\u00f6eller Chemie - Diaplast\" \/>\n<meta property=\"og:description\" content=\"Jest to gotowy do u\u017cycia, d\u0142ugotrwa\u0142y specjalny \u015brodek czyszcz\u0105cy do czyszczenia ma\u0142ych powierzchni. Szybko i skutecznie usuwa zanieczyszczenia takie jak mech, ple\u015b\u0144 na nagrobkach z kamienia naturalnego i sztucznego, \u015bcie\u017ckach, schodach, p\u0142ytkach, innych powierzchniach wewn\u0105trz i na zewn\u0105trz pomieszcze\u0144. Nadaje si\u0119 do powierzchni polerowanych. S\u0142u\u017cy r\u00f3wnie\u017c do czyszczenia plam pochodzenia organicznego, takich jak te spowodowane przez kaw\u0119, col\u0119, czerwone wino, \u017cele, jagody, owoce lub kwas garbnikowy.\" \/>\n<meta property=\"og:url\" content=\"https:\/\/diaplast.lt\/pl\/Produkt\/srodek-do-usuwania-mchu-plesni-i-innych-zanieczyszczen-organicznych-hmk-r160-moeller-chemie\/\" \/>\n<meta property=\"og:site_name\" content=\"Diaplast\" \/>\n<meta property=\"og:image\" content=\"http:\/\/diaplast.lt\/wp-content\/uploads\/2025\/01\/HMK-R160.jpg\" \/>\n\t<meta property=\"og:image:width\" content=\"1200\" \/>\n\t<meta property=\"og:image:height\" content=\"1186\" \/>\n\t<meta property=\"og:image:type\" content=\"image\/jpeg\" \/>\n<meta name=\"twitter:card\" content=\"summary_large_image\" \/>\n<meta name=\"twitter:label1\" content=\"Szacowany czas czytania\" \/>\n\t<meta name=\"twitter:data1\" content=\"1 minuta\" \/>\n<script type=\"application\/ld+json\" class=\"yoast-schema-graph\">{\"@context\":\"https:\/\/schema.org\",\"@graph\":[{\"@type\":\"WebPage\",\"@id\":\"https:\/\/diaplast.lt\/pl\/Produkt\/srodek-do-usuwania-mchu-plesni-i-innych-zanieczyszczen-organicznych-hmk-r160-moeller-chemie\/\",\"url\":\"https:\/\/diaplast.lt\/pl\/Produkt\/srodek-do-usuwania-mchu-plesni-i-innych-zanieczyszczen-organicznych-hmk-r160-moeller-chemie\/\",\"name\":\"\u015arodek do usuwania mchu, ple\u015bni i innych zanieczyszcze\u0144 organicznych HMK R160, M\u00f6eller Chemie - Diaplast\",\"isPartOf\":{\"@id\":\"https:\/\/diaplast.lt\/#website\"},\"primaryImageOfPage\":{\"@id\":\"https:\/\/diaplast.lt\/pl\/Produkt\/srodek-do-usuwania-mchu-plesni-i-innych-zanieczyszczen-organicznych-hmk-r160-moeller-chemie\/#primaryimage\"},\"image\":{\"@id\":\"https:\/\/diaplast.lt\/pl\/Produkt\/srodek-do-usuwania-mchu-plesni-i-innych-zanieczyszczen-organicznych-hmk-r160-moeller-chemie\/#primaryimage\"},\"thumbnailUrl\":\"https:\/\/diaplast.lt\/wp-content\/uploads\/2025\/01\/HMK-R160.jpg\",\"datePublished\":\"2025-01-08T18:15:30+00:00\",\"breadcrumb\":{\"@id\":\"https:\/\/diaplast.lt\/pl\/Produkt\/srodek-do-usuwania-mchu-plesni-i-innych-zanieczyszczen-organicznych-hmk-r160-moeller-chemie\/#breadcrumb\"},\"inLanguage\":\"pl-PL\",\"potentialAction\":[{\"@type\":\"ReadAction\",\"target\":[\"https:\/\/diaplast.lt\/pl\/Produkt\/srodek-do-usuwania-mchu-plesni-i-innych-zanieczyszczen-organicznych-hmk-r160-moeller-chemie\/\"]}]},{\"@type\":\"ImageObject\",\"inLanguage\":\"pl-PL\",\"@id\":\"https:\/\/diaplast.lt\/pl\/Produkt\/srodek-do-usuwania-mchu-plesni-i-innych-zanieczyszczen-organicznych-hmk-r160-moeller-chemie\/#primaryimage\",\"url\":\"https:\/\/diaplast.lt\/wp-content\/uploads\/2025\/01\/HMK-R160.jpg\",\"contentUrl\":\"https:\/\/diaplast.lt\/wp-content\/uploads\/2025\/01\/HMK-R160.jpg\",\"width\":1200,\"height\":1186},{\"@type\":\"BreadcrumbList\",\"@id\":\"https:\/\/diaplast.lt\/pl\/Produkt\/srodek-do-usuwania-mchu-plesni-i-innych-zanieczyszczen-organicznych-hmk-r160-moeller-chemie\/#breadcrumb\",\"itemListElement\":[{\"@type\":\"ListItem\",\"position\":1,\"name\":\"Strona g\u0142\u00f3wna\",\"item\":\"https:\/\/diaplast.lt\/\"},{\"@type\":\"ListItem\",\"position\":2,\"name\":\"Zasi\u0119g\",\"item\":\"https:\/\/diaplast.lt\/pl\/asortyment\/\"},{\"@type\":\"ListItem\",\"position\":3,\"name\":\"\u015arodek do usuwania mchu, ple\u015bni i innych zanieczyszcze\u0144 organicznych HMK R160, M\u00f6eller Chemie\"}]},{\"@type\":\"WebSite\",\"@id\":\"https:\/\/diaplast.lt\/#website\",\"url\":\"https:\/\/diaplast.lt\/\",\"name\":\"Diaplast\",\"description\":\"Deimantini\u0173 instrument\u0173 gamyba ir prekyba\",\"publisher\":{\"@id\":\"https:\/\/diaplast.lt\/#organization\"},\"potentialAction\":[{\"@type\":\"SearchAction\",\"target\":{\"@type\":\"EntryPoint\",\"urlTemplate\":\"https:\/\/diaplast.lt\/?s={search_term_string}\"},\"query-input\":{\"@type\":\"PropertyValueSpecification\",\"valueRequired\":true,\"valueName\":\"search_term_string\"}}],\"inLanguage\":\"pl-PL\"},{\"@type\":\"Organization\",\"@id\":\"https:\/\/diaplast.lt\/#organization\",\"name\":\"Diaplast\",\"url\":\"https:\/\/diaplast.lt\/\",\"logo\":{\"@type\":\"ImageObject\",\"inLanguage\":\"pl-PL\",\"@id\":\"https:\/\/diaplast.lt\/#\/schema\/logo\/image\/\",\"url\":\"http:\/\/diaplast.lt\/wp-content\/uploads\/2022\/06\/ebaltveja-logo.png\",\"contentUrl\":\"http:\/\/diaplast.lt\/wp-content\/uploads\/2022\/06\/ebaltveja-logo.png\",\"width\":200,\"height\":69,\"caption\":\"Diaplast\"},\"image\":{\"@id\":\"https:\/\/diaplast.lt\/#\/schema\/logo\/image\/\"}}]}<\/script>\n<!-- \/ Yoast SEO plugin. -->","yoast_head_json":{"title":"\u015arodek do usuwania mchu, ple\u015bni i innych zanieczyszcze\u0144 organicznych HMK R160, M\u00f6eller Chemie - Diaplast","robots":{"index":"index","follow":"follow","max-snippet":"max-snippet:-1","max-image-preview":"max-image-preview:large","max-video-preview":"max-video-preview:-1"},"canonical":"https:\/\/diaplast.lt\/pl\/Produkt\/srodek-do-usuwania-mchu-plesni-i-innych-zanieczyszczen-organicznych-hmk-r160-moeller-chemie\/","og_locale":"pl_PL","og_type":"article","og_title":"\u015arodek do usuwania mchu, ple\u015bni i innych zanieczyszcze\u0144 organicznych HMK R160, M\u00f6eller Chemie - Diaplast","og_description":"Jest to gotowy do u\u017cycia, d\u0142ugotrwa\u0142y specjalny \u015brodek czyszcz\u0105cy do czyszczenia ma\u0142ych powierzchni. Szybko i skutecznie usuwa zanieczyszczenia takie jak mech, ple\u015b\u0144 na nagrobkach z kamienia naturalnego i sztucznego, \u015bcie\u017ckach, schodach, p\u0142ytkach, innych powierzchniach wewn\u0105trz i na zewn\u0105trz pomieszcze\u0144. Nadaje si\u0119 do powierzchni polerowanych. S\u0142u\u017cy r\u00f3wnie\u017c do czyszczenia plam pochodzenia organicznego, takich jak te spowodowane przez kaw\u0119, col\u0119, czerwone wino, \u017cele, jagody, owoce lub kwas garbnikowy.","og_url":"https:\/\/diaplast.lt\/pl\/Produkt\/srodek-do-usuwania-mchu-plesni-i-innych-zanieczyszczen-organicznych-hmk-r160-moeller-chemie\/","og_site_name":"Diaplast","og_image":[{"width":1200,"height":1186,"url":"http:\/\/diaplast.lt\/wp-content\/uploads\/2025\/01\/HMK-R160.jpg","type":"image\/jpeg"}],"twitter_card":"summary_large_image","twitter_misc":{"Szacowany czas czytania":"1 minuta"},"schema":{"@context":"https:\/\/schema.org","@graph":[{"@type":"WebPage","@id":"https:\/\/diaplast.lt\/pl\/Produkt\/srodek-do-usuwania-mchu-plesni-i-innych-zanieczyszczen-organicznych-hmk-r160-moeller-chemie\/","url":"https:\/\/diaplast.lt\/pl\/Produkt\/srodek-do-usuwania-mchu-plesni-i-innych-zanieczyszczen-organicznych-hmk-r160-moeller-chemie\/","name":"\u015arodek do usuwania mchu, ple\u015bni i innych zanieczyszcze\u0144 organicznych HMK R160, M\u00f6eller Chemie - Diaplast","isPartOf":{"@id":"https:\/\/diaplast.lt\/#website"},"primaryImageOfPage":{"@id":"https:\/\/diaplast.lt\/pl\/Produkt\/srodek-do-usuwania-mchu-plesni-i-innych-zanieczyszczen-organicznych-hmk-r160-moeller-chemie\/#primaryimage"},"image":{"@id":"https:\/\/diaplast.lt\/pl\/Produkt\/srodek-do-usuwania-mchu-plesni-i-innych-zanieczyszczen-organicznych-hmk-r160-moeller-chemie\/#primaryimage"},"thumbnailUrl":"https:\/\/diaplast.lt\/wp-content\/uploads\/2025\/01\/HMK-R160.jpg","datePublished":"2025-01-08T18:15:30+00:00","breadcrumb":{"@id":"https:\/\/diaplast.lt\/pl\/Produkt\/srodek-do-usuwania-mchu-plesni-i-innych-zanieczyszczen-organicznych-hmk-r160-moeller-chemie\/#breadcrumb"},"inLanguage":"pl-PL","potentialAction":[{"@type":"ReadAction","target":["https:\/\/diaplast.lt\/pl\/Produkt\/srodek-do-usuwania-mchu-plesni-i-innych-zanieczyszczen-organicznych-hmk-r160-moeller-chemie\/"]}]},{"@type":"ImageObject","inLanguage":"pl-PL","@id":"https:\/\/diaplast.lt\/pl\/Produkt\/srodek-do-usuwania-mchu-plesni-i-innych-zanieczyszczen-organicznych-hmk-r160-moeller-chemie\/#primaryimage","url":"https:\/\/diaplast.lt\/wp-content\/uploads\/2025\/01\/HMK-R160.jpg","contentUrl":"https:\/\/diaplast.lt\/wp-content\/uploads\/2025\/01\/HMK-R160.jpg","width":1200,"height":1186},{"@type":"BreadcrumbList","@id":"https:\/\/diaplast.lt\/pl\/Produkt\/srodek-do-usuwania-mchu-plesni-i-innych-zanieczyszczen-organicznych-hmk-r160-moeller-chemie\/#breadcrumb","itemListElement":[{"@type":"ListItem","position":1,"name":"Strona g\u0142\u00f3wna","item":"https:\/\/diaplast.lt\/"},{"@type":"ListItem","position":2,"name":"Zasi\u0119g","item":"https:\/\/diaplast.lt\/pl\/asortyment\/"},{"@type":"ListItem","position":3,"name":"\u015arodek do usuwania mchu, ple\u015bni i innych zanieczyszcze\u0144 organicznych HMK R160, M\u00f6eller Chemie"}]},{"@type":"WebSite","@id":"https:\/\/diaplast.lt\/#website","url":"https:\/\/diaplast.lt\/","name":"Diaplast","description":"Deimantini\u0173 instrument\u0173 gamyba ir prekyba","publisher":{"@id":"https:\/\/diaplast.lt\/#organization"},"potentialAction":[{"@type":"SearchAction","target":{"@type":"EntryPoint","urlTemplate":"https:\/\/diaplast.lt\/?s={search_term_string}"},"query-input":{"@type":"PropertyValueSpecification","valueRequired":true,"valueName":"search_term_string"}}],"inLanguage":"pl-PL"},{"@type":"Organization","@id":"https:\/\/diaplast.lt\/#organization","name":"Diaplast","url":"https:\/\/diaplast.lt\/","logo":{"@type":"ImageObject","inLanguage":"pl-PL","@id":"https:\/\/diaplast.lt\/#\/schema\/logo\/image\/","url":"http:\/\/diaplast.lt\/wp-content\/uploads\/2022\/06\/ebaltveja-logo.png","contentUrl":"http:\/\/diaplast.lt\/wp-content\/uploads\/2022\/06\/ebaltveja-logo.png","width":200,"height":69,"caption":"Diaplast"},"image":{"@id":"https:\/\/diaplast.lt\/#\/schema\/logo\/image\/"}}]}},"_links":{"self":[{"href":"https:\/\/diaplast.lt\/pl\/wp-json\/wp\/v2\/product\/23102","targetHints":{"allow":["GET"]}}],"collection":[{"href":"https:\/\/diaplast.lt\/pl\/wp-json\/wp\/v2\/product"}],"about":[{"href":"https:\/\/diaplast.lt\/pl\/wp-json\/wp\/v2\/types\/product"}],"version-history":[{"count":0,"href":"https:\/\/diaplast.lt\/pl\/wp-json\/wp\/v2\/product\/23102\/revisions"}],"wp:featuredmedia":[{"embeddable":true,"href":"https:\/\/diaplast.lt\/pl\/wp-json\/wp\/v2\/media\/17369"}],"wp:attachment":[{"href":"https:\/\/diaplast.lt\/pl\/wp-json\/wp\/v2\/media?parent=23102"}],"wp:term":[{"taxonomy":"product_brand","embeddable":true,"href":"https:\/\/diaplast.lt\/pl\/wp-json\/wp\/v2\/product_brand?post=23102"},{"taxonomy":"product_cat","embeddable":true,"href":"https:\/\/diaplast.lt\/pl\/wp-json\/wp\/v2\/product_cat?post=23102"},{"taxonomy":"product_tag","embeddable":true,"href":"https:\/\/diaplast.lt\/pl\/wp-json\/wp\/v2\/product_tag?post=23102"}],"curies":[{"name":"wp","href":"https:\/\/api.w.org\/{rel}","templated":true}]}}