{"id":23111,"date":"2025-01-08T21:08:56","date_gmt":"2025-01-08T18:08:56","guid":{"rendered":"https:\/\/diaplast.lt\/produktas\/szybko-dzialajacy-rozpuszczalnik-na-bazie-wody-hmk-r154-moeller-chemie\/"},"modified":"2025-01-08T21:08:56","modified_gmt":"2025-01-08T18:08:56","slug":"szybko-dzialajacy-rozpuszczalnik-na-bazie-wody-hmk-r154-moeller-chemie","status":"publish","type":"product","link":"https:\/\/diaplast.lt\/pl\/produkt\/szybko-dzialajacy-rozpuszczalnik-na-bazie-wody-hmk-r154-moeller-chemie\/","title":{"rendered":"Szybko dzia\u0142aj\u0105cy rozpuszczalnik na bazie wody HMK R154, M\u00f6eller Chemie"},"content":{"rendered":"<p><strong>Spos\u00f3b u\u017cycia<\/strong>: Wy\u0142\u0105czy\u0107 ogrzewanie pod\u0142ogowe. Nanie\u015b\u0107 nierozcie\u0144czony produkt na sch\u0142odzon\u0105 i such\u0105 powierzchni\u0119 za pomoc\u0105 mopa, szczotki lub innego odpowiedniego narz\u0119dzia.   <strong>Nie u\u017cywaj szczotek nylonowych.<\/strong>  Odczeka\u0107 ok. 5-15 minut, nie pozwalaj\u0105c powierzchni wyschn\u0105\u0107, a nast\u0119pnie polakierowa\u0107. Dok\u0142adnie oczy\u015bci\u0107 powierzchni\u0119 rozcie\u0144czonym w stosunku 1:10 \u015brodkiem czyszcz\u0105cym R155. Usun\u0105\u0107 zanieczyszczon\u0105 warstw\u0119 i dobrze sp\u0142uka\u0107 czyst\u0105 powierzchni\u0119 ciep\u0142\u0105 wod\u0105. Je\u015bli na wyschni\u0119tej powierzchni widoczne s\u0105 nieobrobione obszary, nale\u017cy powt\u00f3rzy\u0107 proces czyszczenia w tym obszarze.    <\/p>\n<p>Aby unikn\u0105\u0107 wad w obr\u00f3bce chemicznej i okre\u015bli\u0107 wymagany czas czyszczenia, zaleca si\u0119 przetestowanie dzia\u0142ania produktu na nadmiarowym kawa\u0142ku tego samego kamienia lub na niewidocznej stronie produktu.<\/p>\n<p>Temperatura przetwarzania wynosi od +12 do +25 \u00b0C.<\/p>\n<p><strong>Wa\u017cne<\/strong>:  <strong>Unika\u0107 bezpo\u015bredniego \u015bwiat\u0142a s\u0142onecznego podczas obr\u00f3bki. Nie stosowa\u0107 na gumie, plastiku, szkle akrylowym i powierzchniach nietoleruj\u0105cych rozpuszczalnik\u00f3w. Je\u015bli takie powierzchnie zostan\u0105 zachlapane produktem, nale\u017cy je natychmiast wytrze\u0107 i dok\u0142adnie sp\u0142uka\u0107 czyst\u0105 wod\u0105.  <\/strong><\/p>\n<p><strong>Zu\u017cycie<\/strong>: ok. 5-10 m2\/litr. <\/p>\n<p>Okres trwa\u0142o\u015bci wynosi 2 lata, je\u015bli jest przechowywany w ch\u0142odnym miejscu.<\/p>\n","protected":false},"excerpt":{"rendered":"<p>Jest to gotowy do u\u017cycia specjalny \u015brodek czyszcz\u0105cy zawieraj\u0105cy rozpuszczalniki.<\/p>\n<p>Zr\u00f3wnowa\u017cona kombinacja sk\u0142adnik\u00f3w aktywnych usuwa pozosta\u0142o\u015bci starych uszczelniaczy, produkt\u00f3w do konserwacji, folii ochronnych, asfaltu, bitumu, smaru i olej\u00f3w ze wszystkich powierzchni, nawet z polerowanych powierzchni z kamienia naturalnego i sztucznego, a tak\u017ce z wyrob\u00f3w glinianych, cegie\u0142 i klinkieru. Brud rozpuszcza si\u0119, a stare zabrudzenia s\u0105 \u0142atwo usuwane. <\/p>\n","protected":false},"featured_media":17353,"template":"","meta":[],"product_brand":[],"product_cat":[774,782],"product_tag":[],"class_list":{"0":"post-23111","1":"product","2":"type-product","3":"status-publish","4":"has-post-thumbnail","6":"product_cat-srodki-chemiczne-do-kamienia-i-betonu","7":"product_cat-srodki-czyszczace","8":"pa_gamintojas-moeller-chemie-pl","9":"pa_paskirtis-dla-kamienia","10":"pa_paskirtis-dla-klinkieru","11":"pa_paskirtis-dla-muri","12":"pa_talpa-1l-pl","14":"first","15":"instock","16":"taxable","17":"shipping-taxable","18":"purchasable","19":"product-type-simple"},"yoast_head":"<!-- This site is optimized with the Yoast SEO plugin v26.0 - https:\/\/yoast.com\/wordpress\/plugins\/seo\/ -->\n<title>Szybko dzia\u0142aj\u0105cy rozpuszczalnik na bazie wody HMK R154, M\u00f6eller Chemie - Diaplast<\/title>\n<meta name=\"robots\" content=\"index, follow, max-snippet:-1, max-image-preview:large, max-video-preview:-1\" \/>\n<link rel=\"canonical\" href=\"https:\/\/diaplast.lt\/pl\/Produkt\/szybko-dzialajacy-rozpuszczalnik-na-bazie-wody-hmk-r154-moeller-chemie\/\" \/>\n<meta property=\"og:locale\" content=\"pl_PL\" \/>\n<meta property=\"og:type\" content=\"article\" \/>\n<meta property=\"og:title\" content=\"Szybko dzia\u0142aj\u0105cy rozpuszczalnik na bazie wody HMK R154, M\u00f6eller Chemie - Diaplast\" \/>\n<meta property=\"og:description\" content=\"Jest to gotowy do u\u017cycia specjalny \u015brodek czyszcz\u0105cy zawieraj\u0105cy rozpuszczalniki. Zr\u00f3wnowa\u017cona kombinacja sk\u0142adnik\u00f3w aktywnych usuwa pozosta\u0142o\u015bci starych uszczelniaczy, produkt\u00f3w do konserwacji, folii ochronnych, asfaltu, bitumu, smaru i olej\u00f3w ze wszystkich powierzchni, nawet z polerowanych powierzchni z kamienia naturalnego i sztucznego, a tak\u017ce z wyrob\u00f3w glinianych, cegie\u0142 i klinkieru. Brud rozpuszcza si\u0119, a stare zabrudzenia s\u0105 \u0142atwo usuwane.\" \/>\n<meta property=\"og:url\" content=\"https:\/\/diaplast.lt\/pl\/Produkt\/szybko-dzialajacy-rozpuszczalnik-na-bazie-wody-hmk-r154-moeller-chemie\/\" \/>\n<meta property=\"og:site_name\" content=\"Diaplast\" \/>\n<meta property=\"og:image\" content=\"http:\/\/diaplast.lt\/wp-content\/uploads\/2025\/01\/HMK-R154.jpg\" \/>\n\t<meta property=\"og:image:width\" content=\"1200\" \/>\n\t<meta property=\"og:image:height\" content=\"1206\" \/>\n\t<meta property=\"og:image:type\" content=\"image\/jpeg\" \/>\n<meta name=\"twitter:card\" content=\"summary_large_image\" \/>\n<meta name=\"twitter:label1\" content=\"Szacowany czas czytania\" \/>\n\t<meta name=\"twitter:data1\" content=\"1 minuta\" \/>\n<script type=\"application\/ld+json\" class=\"yoast-schema-graph\">{\"@context\":\"https:\/\/schema.org\",\"@graph\":[{\"@type\":\"WebPage\",\"@id\":\"https:\/\/diaplast.lt\/pl\/Produkt\/szybko-dzialajacy-rozpuszczalnik-na-bazie-wody-hmk-r154-moeller-chemie\/\",\"url\":\"https:\/\/diaplast.lt\/pl\/Produkt\/szybko-dzialajacy-rozpuszczalnik-na-bazie-wody-hmk-r154-moeller-chemie\/\",\"name\":\"Szybko dzia\u0142aj\u0105cy rozpuszczalnik na bazie wody HMK R154, M\u00f6eller Chemie - Diaplast\",\"isPartOf\":{\"@id\":\"https:\/\/diaplast.lt\/#website\"},\"primaryImageOfPage\":{\"@id\":\"https:\/\/diaplast.lt\/pl\/Produkt\/szybko-dzialajacy-rozpuszczalnik-na-bazie-wody-hmk-r154-moeller-chemie\/#primaryimage\"},\"image\":{\"@id\":\"https:\/\/diaplast.lt\/pl\/Produkt\/szybko-dzialajacy-rozpuszczalnik-na-bazie-wody-hmk-r154-moeller-chemie\/#primaryimage\"},\"thumbnailUrl\":\"https:\/\/diaplast.lt\/wp-content\/uploads\/2025\/01\/HMK-R154.jpg\",\"datePublished\":\"2025-01-08T18:08:56+00:00\",\"breadcrumb\":{\"@id\":\"https:\/\/diaplast.lt\/pl\/Produkt\/szybko-dzialajacy-rozpuszczalnik-na-bazie-wody-hmk-r154-moeller-chemie\/#breadcrumb\"},\"inLanguage\":\"pl-PL\",\"potentialAction\":[{\"@type\":\"ReadAction\",\"target\":[\"https:\/\/diaplast.lt\/pl\/Produkt\/szybko-dzialajacy-rozpuszczalnik-na-bazie-wody-hmk-r154-moeller-chemie\/\"]}]},{\"@type\":\"ImageObject\",\"inLanguage\":\"pl-PL\",\"@id\":\"https:\/\/diaplast.lt\/pl\/Produkt\/szybko-dzialajacy-rozpuszczalnik-na-bazie-wody-hmk-r154-moeller-chemie\/#primaryimage\",\"url\":\"https:\/\/diaplast.lt\/wp-content\/uploads\/2025\/01\/HMK-R154.jpg\",\"contentUrl\":\"https:\/\/diaplast.lt\/wp-content\/uploads\/2025\/01\/HMK-R154.jpg\",\"width\":1200,\"height\":1206},{\"@type\":\"BreadcrumbList\",\"@id\":\"https:\/\/diaplast.lt\/pl\/Produkt\/szybko-dzialajacy-rozpuszczalnik-na-bazie-wody-hmk-r154-moeller-chemie\/#breadcrumb\",\"itemListElement\":[{\"@type\":\"ListItem\",\"position\":1,\"name\":\"Strona g\u0142\u00f3wna\",\"item\":\"https:\/\/diaplast.lt\/\"},{\"@type\":\"ListItem\",\"position\":2,\"name\":\"Zasi\u0119g\",\"item\":\"https:\/\/diaplast.lt\/pl\/asortyment\/\"},{\"@type\":\"ListItem\",\"position\":3,\"name\":\"Szybko dzia\u0142aj\u0105cy rozpuszczalnik na bazie wody HMK R154, M\u00f6eller Chemie\"}]},{\"@type\":\"WebSite\",\"@id\":\"https:\/\/diaplast.lt\/#website\",\"url\":\"https:\/\/diaplast.lt\/\",\"name\":\"Diaplast\",\"description\":\"Deimantini\u0173 instrument\u0173 gamyba ir prekyba\",\"publisher\":{\"@id\":\"https:\/\/diaplast.lt\/#organization\"},\"potentialAction\":[{\"@type\":\"SearchAction\",\"target\":{\"@type\":\"EntryPoint\",\"urlTemplate\":\"https:\/\/diaplast.lt\/?s={search_term_string}\"},\"query-input\":{\"@type\":\"PropertyValueSpecification\",\"valueRequired\":true,\"valueName\":\"search_term_string\"}}],\"inLanguage\":\"pl-PL\"},{\"@type\":\"Organization\",\"@id\":\"https:\/\/diaplast.lt\/#organization\",\"name\":\"Diaplast\",\"url\":\"https:\/\/diaplast.lt\/\",\"logo\":{\"@type\":\"ImageObject\",\"inLanguage\":\"pl-PL\",\"@id\":\"https:\/\/diaplast.lt\/#\/schema\/logo\/image\/\",\"url\":\"http:\/\/diaplast.lt\/wp-content\/uploads\/2022\/06\/ebaltveja-logo.png\",\"contentUrl\":\"http:\/\/diaplast.lt\/wp-content\/uploads\/2022\/06\/ebaltveja-logo.png\",\"width\":200,\"height\":69,\"caption\":\"Diaplast\"},\"image\":{\"@id\":\"https:\/\/diaplast.lt\/#\/schema\/logo\/image\/\"}}]}<\/script>\n<!-- \/ Yoast SEO plugin. -->","yoast_head_json":{"title":"Szybko dzia\u0142aj\u0105cy rozpuszczalnik na bazie wody HMK R154, M\u00f6eller Chemie - Diaplast","robots":{"index":"index","follow":"follow","max-snippet":"max-snippet:-1","max-image-preview":"max-image-preview:large","max-video-preview":"max-video-preview:-1"},"canonical":"https:\/\/diaplast.lt\/pl\/Produkt\/szybko-dzialajacy-rozpuszczalnik-na-bazie-wody-hmk-r154-moeller-chemie\/","og_locale":"pl_PL","og_type":"article","og_title":"Szybko dzia\u0142aj\u0105cy rozpuszczalnik na bazie wody HMK R154, M\u00f6eller Chemie - Diaplast","og_description":"Jest to gotowy do u\u017cycia specjalny \u015brodek czyszcz\u0105cy zawieraj\u0105cy rozpuszczalniki. Zr\u00f3wnowa\u017cona kombinacja sk\u0142adnik\u00f3w aktywnych usuwa pozosta\u0142o\u015bci starych uszczelniaczy, produkt\u00f3w do konserwacji, folii ochronnych, asfaltu, bitumu, smaru i olej\u00f3w ze wszystkich powierzchni, nawet z polerowanych powierzchni z kamienia naturalnego i sztucznego, a tak\u017ce z wyrob\u00f3w glinianych, cegie\u0142 i klinkieru. Brud rozpuszcza si\u0119, a stare zabrudzenia s\u0105 \u0142atwo usuwane.","og_url":"https:\/\/diaplast.lt\/pl\/Produkt\/szybko-dzialajacy-rozpuszczalnik-na-bazie-wody-hmk-r154-moeller-chemie\/","og_site_name":"Diaplast","og_image":[{"width":1200,"height":1206,"url":"http:\/\/diaplast.lt\/wp-content\/uploads\/2025\/01\/HMK-R154.jpg","type":"image\/jpeg"}],"twitter_card":"summary_large_image","twitter_misc":{"Szacowany czas czytania":"1 minuta"},"schema":{"@context":"https:\/\/schema.org","@graph":[{"@type":"WebPage","@id":"https:\/\/diaplast.lt\/pl\/Produkt\/szybko-dzialajacy-rozpuszczalnik-na-bazie-wody-hmk-r154-moeller-chemie\/","url":"https:\/\/diaplast.lt\/pl\/Produkt\/szybko-dzialajacy-rozpuszczalnik-na-bazie-wody-hmk-r154-moeller-chemie\/","name":"Szybko dzia\u0142aj\u0105cy rozpuszczalnik na bazie wody HMK R154, M\u00f6eller Chemie - Diaplast","isPartOf":{"@id":"https:\/\/diaplast.lt\/#website"},"primaryImageOfPage":{"@id":"https:\/\/diaplast.lt\/pl\/Produkt\/szybko-dzialajacy-rozpuszczalnik-na-bazie-wody-hmk-r154-moeller-chemie\/#primaryimage"},"image":{"@id":"https:\/\/diaplast.lt\/pl\/Produkt\/szybko-dzialajacy-rozpuszczalnik-na-bazie-wody-hmk-r154-moeller-chemie\/#primaryimage"},"thumbnailUrl":"https:\/\/diaplast.lt\/wp-content\/uploads\/2025\/01\/HMK-R154.jpg","datePublished":"2025-01-08T18:08:56+00:00","breadcrumb":{"@id":"https:\/\/diaplast.lt\/pl\/Produkt\/szybko-dzialajacy-rozpuszczalnik-na-bazie-wody-hmk-r154-moeller-chemie\/#breadcrumb"},"inLanguage":"pl-PL","potentialAction":[{"@type":"ReadAction","target":["https:\/\/diaplast.lt\/pl\/Produkt\/szybko-dzialajacy-rozpuszczalnik-na-bazie-wody-hmk-r154-moeller-chemie\/"]}]},{"@type":"ImageObject","inLanguage":"pl-PL","@id":"https:\/\/diaplast.lt\/pl\/Produkt\/szybko-dzialajacy-rozpuszczalnik-na-bazie-wody-hmk-r154-moeller-chemie\/#primaryimage","url":"https:\/\/diaplast.lt\/wp-content\/uploads\/2025\/01\/HMK-R154.jpg","contentUrl":"https:\/\/diaplast.lt\/wp-content\/uploads\/2025\/01\/HMK-R154.jpg","width":1200,"height":1206},{"@type":"BreadcrumbList","@id":"https:\/\/diaplast.lt\/pl\/Produkt\/szybko-dzialajacy-rozpuszczalnik-na-bazie-wody-hmk-r154-moeller-chemie\/#breadcrumb","itemListElement":[{"@type":"ListItem","position":1,"name":"Strona g\u0142\u00f3wna","item":"https:\/\/diaplast.lt\/"},{"@type":"ListItem","position":2,"name":"Zasi\u0119g","item":"https:\/\/diaplast.lt\/pl\/asortyment\/"},{"@type":"ListItem","position":3,"name":"Szybko dzia\u0142aj\u0105cy rozpuszczalnik na bazie wody HMK R154, M\u00f6eller Chemie"}]},{"@type":"WebSite","@id":"https:\/\/diaplast.lt\/#website","url":"https:\/\/diaplast.lt\/","name":"Diaplast","description":"Deimantini\u0173 instrument\u0173 gamyba ir prekyba","publisher":{"@id":"https:\/\/diaplast.lt\/#organization"},"potentialAction":[{"@type":"SearchAction","target":{"@type":"EntryPoint","urlTemplate":"https:\/\/diaplast.lt\/?s={search_term_string}"},"query-input":{"@type":"PropertyValueSpecification","valueRequired":true,"valueName":"search_term_string"}}],"inLanguage":"pl-PL"},{"@type":"Organization","@id":"https:\/\/diaplast.lt\/#organization","name":"Diaplast","url":"https:\/\/diaplast.lt\/","logo":{"@type":"ImageObject","inLanguage":"pl-PL","@id":"https:\/\/diaplast.lt\/#\/schema\/logo\/image\/","url":"http:\/\/diaplast.lt\/wp-content\/uploads\/2022\/06\/ebaltveja-logo.png","contentUrl":"http:\/\/diaplast.lt\/wp-content\/uploads\/2022\/06\/ebaltveja-logo.png","width":200,"height":69,"caption":"Diaplast"},"image":{"@id":"https:\/\/diaplast.lt\/#\/schema\/logo\/image\/"}}]}},"_links":{"self":[{"href":"https:\/\/diaplast.lt\/pl\/wp-json\/wp\/v2\/product\/23111","targetHints":{"allow":["GET"]}}],"collection":[{"href":"https:\/\/diaplast.lt\/pl\/wp-json\/wp\/v2\/product"}],"about":[{"href":"https:\/\/diaplast.lt\/pl\/wp-json\/wp\/v2\/types\/product"}],"version-history":[{"count":0,"href":"https:\/\/diaplast.lt\/pl\/wp-json\/wp\/v2\/product\/23111\/revisions"}],"wp:featuredmedia":[{"embeddable":true,"href":"https:\/\/diaplast.lt\/pl\/wp-json\/wp\/v2\/media\/17353"}],"wp:attachment":[{"href":"https:\/\/diaplast.lt\/pl\/wp-json\/wp\/v2\/media?parent=23111"}],"wp:term":[{"taxonomy":"product_brand","embeddable":true,"href":"https:\/\/diaplast.lt\/pl\/wp-json\/wp\/v2\/product_brand?post=23111"},{"taxonomy":"product_cat","embeddable":true,"href":"https:\/\/diaplast.lt\/pl\/wp-json\/wp\/v2\/product_cat?post=23111"},{"taxonomy":"product_tag","embeddable":true,"href":"https:\/\/diaplast.lt\/pl\/wp-json\/wp\/v2\/product_tag?post=23111"}],"curies":[{"name":"wp","href":"https:\/\/api.w.org\/{rel}","templated":true}]}}