{"id":23125,"date":"2025-01-08T21:38:28","date_gmt":"2025-01-08T18:38:28","guid":{"rendered":"https:\/\/diaplast.lt\/produktas\/uchwyty-do-obrabiarek\/"},"modified":"2025-07-23T14:22:29","modified_gmt":"2025-07-23T11:22:29","slug":"uchwyty-do-obrabiarek","status":"publish","type":"product","link":"https:\/\/diaplast.lt\/pl\/produkt\/uchwyty-do-obrabiarek\/","title":{"rendered":"Uchwyty do obrabiarek ze spr\u0119\u017cynami"},"content":{"rendered":"","protected":false},"excerpt":{"rendered":"<p>Uchwyt do obrabiarki jest wykonywany na zam\u00f3wienie.<\/p>\n<p>Mo\u017cemy wykona\u0107 uchwyt pasuj\u0105cy do Twojej obrabiarki.<\/p>\n<p>Ten uchwyt wykorzystuje p\u0142yty monta\u017cowe z gum\u0105 i rzepem.<\/p>\n<p>Zalecamy monta\u017c tarcz o r\u00f3\u017cnej ziarnisto\u015bci na oddzielnej p\u0142ycie monta\u017cowej.<\/p>\n<p>Uchwyt o \u015brednicy 125 mo\u017ce by\u0107 przystosowany do monta\u017cu tarcz z uchwytem Snail-lock &#8222;Snail&#8221;.<\/p>\n","protected":false},"featured_media":28232,"template":"","meta":[],"product_brand":[],"product_cat":[996],"product_tag":[],"class_list":{"0":"post-23125","1":"product","2":"type-product","3":"status-publish","4":"has-post-thumbnail","6":"product_cat-do-maszyn-do-obrobki-kamienia","7":"pa_diametras-mm-125-pl","8":"pa_diametras-mm-150-pl","9":"pa_diametras-mm-175-pl","10":"pa_diametras-mm-250-pl","12":"first","13":"instock","14":"taxable","15":"shipping-taxable","16":"purchasable","17":"product-type-variable"},"yoast_head":"<!-- This site is optimized with the Yoast SEO plugin v26.0 - https:\/\/yoast.com\/wordpress\/plugins\/seo\/ -->\n<title>Uchwyty do obrabiarek ze spr\u0119\u017cynami - Diaplast<\/title>\n<meta name=\"robots\" content=\"index, follow, max-snippet:-1, max-image-preview:large, max-video-preview:-1\" \/>\n<link rel=\"canonical\" href=\"https:\/\/diaplast.lt\/pl\/Produkt\/uchwyty-do-obrabiarek\/\" \/>\n<meta property=\"og:locale\" content=\"pl_PL\" \/>\n<meta property=\"og:type\" content=\"article\" \/>\n<meta property=\"og:title\" content=\"Uchwyty do obrabiarek ze spr\u0119\u017cynami - Diaplast\" \/>\n<meta property=\"og:description\" content=\"Uchwyt do obrabiarki jest wykonywany na zam\u00f3wienie. Mo\u017cemy wykona\u0107 uchwyt pasuj\u0105cy do Twojej obrabiarki. Ten uchwyt wykorzystuje p\u0142yty monta\u017cowe z gum\u0105 i rzepem. Zalecamy monta\u017c tarcz o r\u00f3\u017cnej ziarnisto\u015bci na oddzielnej p\u0142ycie monta\u017cowej. Uchwyt o \u015brednicy 125 mo\u017ce by\u0107 przystosowany do monta\u017cu tarcz z uchwytem Snail-lock &quot;Snail&quot;.\" \/>\n<meta property=\"og:url\" content=\"https:\/\/diaplast.lt\/pl\/Produkt\/uchwyty-do-obrabiarek\/\" \/>\n<meta property=\"og:site_name\" content=\"Diaplast\" \/>\n<meta property=\"article:modified_time\" content=\"2025-07-23T11:22:29+00:00\" \/>\n<meta property=\"og:image\" content=\"http:\/\/diaplast.lt\/wp-content\/uploads\/2025\/01\/125-150-175-250-SPYR.jpg\" \/>\n\t<meta property=\"og:image:width\" content=\"1200\" \/>\n\t<meta property=\"og:image:height\" content=\"1200\" \/>\n\t<meta property=\"og:image:type\" content=\"image\/jpeg\" \/>\n<meta name=\"twitter:card\" content=\"summary_large_image\" \/>\n<script type=\"application\/ld+json\" class=\"yoast-schema-graph\">{\"@context\":\"https:\/\/schema.org\",\"@graph\":[{\"@type\":\"WebPage\",\"@id\":\"https:\/\/diaplast.lt\/pl\/Produkt\/uchwyty-do-obrabiarek\/\",\"url\":\"https:\/\/diaplast.lt\/pl\/Produkt\/uchwyty-do-obrabiarek\/\",\"name\":\"Uchwyty do obrabiarek ze spr\u0119\u017cynami - Diaplast\",\"isPartOf\":{\"@id\":\"https:\/\/diaplast.lt\/#website\"},\"primaryImageOfPage\":{\"@id\":\"https:\/\/diaplast.lt\/pl\/Produkt\/uchwyty-do-obrabiarek\/#primaryimage\"},\"image\":{\"@id\":\"https:\/\/diaplast.lt\/pl\/Produkt\/uchwyty-do-obrabiarek\/#primaryimage\"},\"thumbnailUrl\":\"https:\/\/diaplast.lt\/wp-content\/uploads\/2025\/01\/125-150-175-250-SPYR.jpg\",\"datePublished\":\"2025-01-08T18:38:28+00:00\",\"dateModified\":\"2025-07-23T11:22:29+00:00\",\"breadcrumb\":{\"@id\":\"https:\/\/diaplast.lt\/pl\/Produkt\/uchwyty-do-obrabiarek\/#breadcrumb\"},\"inLanguage\":\"pl-PL\",\"potentialAction\":[{\"@type\":\"ReadAction\",\"target\":[\"https:\/\/diaplast.lt\/pl\/Produkt\/uchwyty-do-obrabiarek\/\"]}]},{\"@type\":\"ImageObject\",\"inLanguage\":\"pl-PL\",\"@id\":\"https:\/\/diaplast.lt\/pl\/Produkt\/uchwyty-do-obrabiarek\/#primaryimage\",\"url\":\"https:\/\/diaplast.lt\/wp-content\/uploads\/2025\/01\/125-150-175-250-SPYR.jpg\",\"contentUrl\":\"https:\/\/diaplast.lt\/wp-content\/uploads\/2025\/01\/125-150-175-250-SPYR.jpg\",\"width\":1200,\"height\":1200},{\"@type\":\"BreadcrumbList\",\"@id\":\"https:\/\/diaplast.lt\/pl\/Produkt\/uchwyty-do-obrabiarek\/#breadcrumb\",\"itemListElement\":[{\"@type\":\"ListItem\",\"position\":1,\"name\":\"Strona g\u0142\u00f3wna\",\"item\":\"https:\/\/diaplast.lt\/\"},{\"@type\":\"ListItem\",\"position\":2,\"name\":\"Zasi\u0119g\",\"item\":\"https:\/\/diaplast.lt\/pl\/asortyment\/\"},{\"@type\":\"ListItem\",\"position\":3,\"name\":\"Uchwyty do obrabiarek ze spr\u0119\u017cynami\"}]},{\"@type\":\"WebSite\",\"@id\":\"https:\/\/diaplast.lt\/#website\",\"url\":\"https:\/\/diaplast.lt\/\",\"name\":\"Diaplast\",\"description\":\"Deimantini\u0173 instrument\u0173 gamyba ir prekyba\",\"publisher\":{\"@id\":\"https:\/\/diaplast.lt\/#organization\"},\"potentialAction\":[{\"@type\":\"SearchAction\",\"target\":{\"@type\":\"EntryPoint\",\"urlTemplate\":\"https:\/\/diaplast.lt\/?s={search_term_string}\"},\"query-input\":{\"@type\":\"PropertyValueSpecification\",\"valueRequired\":true,\"valueName\":\"search_term_string\"}}],\"inLanguage\":\"pl-PL\"},{\"@type\":\"Organization\",\"@id\":\"https:\/\/diaplast.lt\/#organization\",\"name\":\"Diaplast\",\"url\":\"https:\/\/diaplast.lt\/\",\"logo\":{\"@type\":\"ImageObject\",\"inLanguage\":\"pl-PL\",\"@id\":\"https:\/\/diaplast.lt\/#\/schema\/logo\/image\/\",\"url\":\"http:\/\/diaplast.lt\/wp-content\/uploads\/2022\/06\/ebaltveja-logo.png\",\"contentUrl\":\"http:\/\/diaplast.lt\/wp-content\/uploads\/2022\/06\/ebaltveja-logo.png\",\"width\":200,\"height\":69,\"caption\":\"Diaplast\"},\"image\":{\"@id\":\"https:\/\/diaplast.lt\/#\/schema\/logo\/image\/\"}}]}<\/script>\n<!-- \/ Yoast SEO plugin. -->","yoast_head_json":{"title":"Uchwyty do obrabiarek ze spr\u0119\u017cynami - Diaplast","robots":{"index":"index","follow":"follow","max-snippet":"max-snippet:-1","max-image-preview":"max-image-preview:large","max-video-preview":"max-video-preview:-1"},"canonical":"https:\/\/diaplast.lt\/pl\/Produkt\/uchwyty-do-obrabiarek\/","og_locale":"pl_PL","og_type":"article","og_title":"Uchwyty do obrabiarek ze spr\u0119\u017cynami - Diaplast","og_description":"Uchwyt do obrabiarki jest wykonywany na zam\u00f3wienie. Mo\u017cemy wykona\u0107 uchwyt pasuj\u0105cy do Twojej obrabiarki. Ten uchwyt wykorzystuje p\u0142yty monta\u017cowe z gum\u0105 i rzepem. Zalecamy monta\u017c tarcz o r\u00f3\u017cnej ziarnisto\u015bci na oddzielnej p\u0142ycie monta\u017cowej. Uchwyt o \u015brednicy 125 mo\u017ce by\u0107 przystosowany do monta\u017cu tarcz z uchwytem Snail-lock \"Snail\".","og_url":"https:\/\/diaplast.lt\/pl\/Produkt\/uchwyty-do-obrabiarek\/","og_site_name":"Diaplast","article_modified_time":"2025-07-23T11:22:29+00:00","og_image":[{"width":1200,"height":1200,"url":"http:\/\/diaplast.lt\/wp-content\/uploads\/2025\/01\/125-150-175-250-SPYR.jpg","type":"image\/jpeg"}],"twitter_card":"summary_large_image","schema":{"@context":"https:\/\/schema.org","@graph":[{"@type":"WebPage","@id":"https:\/\/diaplast.lt\/pl\/Produkt\/uchwyty-do-obrabiarek\/","url":"https:\/\/diaplast.lt\/pl\/Produkt\/uchwyty-do-obrabiarek\/","name":"Uchwyty do obrabiarek ze spr\u0119\u017cynami - Diaplast","isPartOf":{"@id":"https:\/\/diaplast.lt\/#website"},"primaryImageOfPage":{"@id":"https:\/\/diaplast.lt\/pl\/Produkt\/uchwyty-do-obrabiarek\/#primaryimage"},"image":{"@id":"https:\/\/diaplast.lt\/pl\/Produkt\/uchwyty-do-obrabiarek\/#primaryimage"},"thumbnailUrl":"https:\/\/diaplast.lt\/wp-content\/uploads\/2025\/01\/125-150-175-250-SPYR.jpg","datePublished":"2025-01-08T18:38:28+00:00","dateModified":"2025-07-23T11:22:29+00:00","breadcrumb":{"@id":"https:\/\/diaplast.lt\/pl\/Produkt\/uchwyty-do-obrabiarek\/#breadcrumb"},"inLanguage":"pl-PL","potentialAction":[{"@type":"ReadAction","target":["https:\/\/diaplast.lt\/pl\/Produkt\/uchwyty-do-obrabiarek\/"]}]},{"@type":"ImageObject","inLanguage":"pl-PL","@id":"https:\/\/diaplast.lt\/pl\/Produkt\/uchwyty-do-obrabiarek\/#primaryimage","url":"https:\/\/diaplast.lt\/wp-content\/uploads\/2025\/01\/125-150-175-250-SPYR.jpg","contentUrl":"https:\/\/diaplast.lt\/wp-content\/uploads\/2025\/01\/125-150-175-250-SPYR.jpg","width":1200,"height":1200},{"@type":"BreadcrumbList","@id":"https:\/\/diaplast.lt\/pl\/Produkt\/uchwyty-do-obrabiarek\/#breadcrumb","itemListElement":[{"@type":"ListItem","position":1,"name":"Strona g\u0142\u00f3wna","item":"https:\/\/diaplast.lt\/"},{"@type":"ListItem","position":2,"name":"Zasi\u0119g","item":"https:\/\/diaplast.lt\/pl\/asortyment\/"},{"@type":"ListItem","position":3,"name":"Uchwyty do obrabiarek ze spr\u0119\u017cynami"}]},{"@type":"WebSite","@id":"https:\/\/diaplast.lt\/#website","url":"https:\/\/diaplast.lt\/","name":"Diaplast","description":"Deimantini\u0173 instrument\u0173 gamyba ir prekyba","publisher":{"@id":"https:\/\/diaplast.lt\/#organization"},"potentialAction":[{"@type":"SearchAction","target":{"@type":"EntryPoint","urlTemplate":"https:\/\/diaplast.lt\/?s={search_term_string}"},"query-input":{"@type":"PropertyValueSpecification","valueRequired":true,"valueName":"search_term_string"}}],"inLanguage":"pl-PL"},{"@type":"Organization","@id":"https:\/\/diaplast.lt\/#organization","name":"Diaplast","url":"https:\/\/diaplast.lt\/","logo":{"@type":"ImageObject","inLanguage":"pl-PL","@id":"https:\/\/diaplast.lt\/#\/schema\/logo\/image\/","url":"http:\/\/diaplast.lt\/wp-content\/uploads\/2022\/06\/ebaltveja-logo.png","contentUrl":"http:\/\/diaplast.lt\/wp-content\/uploads\/2022\/06\/ebaltveja-logo.png","width":200,"height":69,"caption":"Diaplast"},"image":{"@id":"https:\/\/diaplast.lt\/#\/schema\/logo\/image\/"}}]}},"_links":{"self":[{"href":"https:\/\/diaplast.lt\/pl\/wp-json\/wp\/v2\/product\/23125","targetHints":{"allow":["GET"]}}],"collection":[{"href":"https:\/\/diaplast.lt\/pl\/wp-json\/wp\/v2\/product"}],"about":[{"href":"https:\/\/diaplast.lt\/pl\/wp-json\/wp\/v2\/types\/product"}],"version-history":[{"count":3,"href":"https:\/\/diaplast.lt\/pl\/wp-json\/wp\/v2\/product\/23125\/revisions"}],"predecessor-version":[{"id":28306,"href":"https:\/\/diaplast.lt\/pl\/wp-json\/wp\/v2\/product\/23125\/revisions\/28306"}],"wp:featuredmedia":[{"embeddable":true,"href":"https:\/\/diaplast.lt\/pl\/wp-json\/wp\/v2\/media\/28232"}],"wp:attachment":[{"href":"https:\/\/diaplast.lt\/pl\/wp-json\/wp\/v2\/media?parent=23125"}],"wp:term":[{"taxonomy":"product_brand","embeddable":true,"href":"https:\/\/diaplast.lt\/pl\/wp-json\/wp\/v2\/product_brand?post=23125"},{"taxonomy":"product_cat","embeddable":true,"href":"https:\/\/diaplast.lt\/pl\/wp-json\/wp\/v2\/product_cat?post=23125"},{"taxonomy":"product_tag","embeddable":true,"href":"https:\/\/diaplast.lt\/pl\/wp-json\/wp\/v2\/product_tag?post=23125"}],"curies":[{"name":"wp","href":"https:\/\/api.w.org\/{rel}","templated":true}]}}