{"id":25997,"date":"2025-04-30T09:24:33","date_gmt":"2025-04-30T06:24:33","guid":{"rendered":"https:\/\/diaplast.lt\/?post_type=product&#038;p=25997"},"modified":"2025-06-09T23:01:18","modified_gmt":"2025-06-09T20:01:18","slug":"brazowe-litery-romano-spazzolato","status":"publish","type":"product","link":"https:\/\/diaplast.lt\/pl\/produkt\/brazowe-litery-romano-spazzolato\/","title":{"rendered":"Br\u0105zowe litery ROMANO SPAZZOLATO"},"content":{"rendered":"\n<table id=\"tablepress-11\" class=\"tablepress tablepress-id-11\">\n<thead>\n<tr class=\"row-1\">\n\t<th class=\"column-1\"><strong>ROMANO SPAZZOLATO<\/strong><\/th><td class=\"column-2\"><\/td><th class=\"column-3\">Auk\u0161tis, cm<\/th><th class=\"column-4\">Kodas<\/th>\n<\/tr>\n<\/thead>\n<tbody class=\"row-striping row-hover\">\n<tr class=\"row-2\">\n\t<td class=\"column-1\"><strong>Skai\u010diai, raid\u0117s<\/strong><\/td><td class=\"column-2\"><strong>0 - 9, A - Z, \u0141, W<\/strong><\/td><td class=\"column-3\"><strong>2.5<\/strong><\/td><td class=\"column-4\">B1151<\/td>\n<\/tr>\n<tr class=\"row-3\">\n\t<td class=\"column-1\"><strong>Rusi\u0161kos raid\u0117s<\/strong><\/td><td class=\"column-2\"><strong>\u041a\u0418\u0420\u0418\u041b\u041b\u0418\u0426\u0410<\/strong><\/td><td class=\"column-3\"><strong>2.5<\/strong><\/td><td class=\"column-4\">B1034<\/td>\n<\/tr>\n<tr class=\"row-4\">\n\t<td class=\"column-1\"><strong>Skai\u010diai, raid\u0117s<\/strong><\/td><td class=\"column-2\"><strong>0 - 9, A - Z, \u0141, W<\/strong><\/td><td class=\"column-3\"><strong>3<\/strong><\/td><td class=\"column-4\">B1152<\/td>\n<\/tr>\n<tr class=\"row-5\">\n\t<td class=\"column-1\"><strong>Skai\u010diai, raid\u0117s<\/strong><\/td><td class=\"column-2\"><strong>0 - 9, A - Z, \u0141, W<\/strong><\/td><td class=\"column-3\"><strong>4<\/strong><\/td><td class=\"column-4\">B1153<\/td>\n<\/tr>\n<tr class=\"row-6\">\n\t<td class=\"column-1\"><strong>Rusi\u0161kos raid\u0117s<\/strong><\/td><td class=\"column-2\"><strong>\u041a\u0418\u0420\u0418\u041b\u041b\u0418\u0426\u0410<\/strong><\/td><td class=\"column-3\"><strong>4<\/strong><\/td><td class=\"column-4\">B1036<\/td>\n<\/tr>\n<tr class=\"row-7\">\n\t<td class=\"column-1\"><strong>Raid\u0117s <\/strong><\/td><td class=\"column-2\"><strong>A - Z, \u0141, W<\/strong><\/td><td class=\"column-3\"><strong>5<\/strong><\/td><td class=\"column-4\">B1154<\/td>\n<\/tr>\n<tr class=\"row-8\">\n\t<td class=\"column-1\"><strong>\u017denklai<\/strong><\/td><td class=\"column-2\"><strong>.,v-<\/strong><\/td><td class=\"column-3\"><strong>2,5-4 cm raid\u0117ms<\/strong><\/td><td class=\"column-4\">B1175<\/td>\n<\/tr>\n<tr class=\"row-9\">\n\t<td class=\"column-1\"><strong>\u017denklai<\/strong><\/td><td class=\"column-2\"><strong>.,v-<\/strong><\/td><td class=\"column-3\"><strong>5 cm raid\u0117ms<\/strong><\/td><td class=\"column-4\">B1255<\/td>\n<\/tr>\n<\/tbody>\n<\/table>\n<!-- #tablepress-11 from cache -->\n","protected":false},"excerpt":{"rendered":"<p>Posiadamy litery i cyfry ROMANO SPAZZOLATO w magazynie i mo\u017cemy zmontowa\u0107 litery i cyfry w rozmiarach 2,5 cm, 3 cm, 4 cm i 5 cm.<\/p>\n<p>Posiadamy r\u00f3wnie\u017c rosyjskie litery w rozmiarach 2,5 cm i 4 cm.<\/p>\n<p>Litery w innych rozmiarach mo\u017cna zam\u00f3wi\u0107 u dostawcy.<\/p>\n<p>Wy\u015blij nam swoje zam\u00f3wienie na adres diaplast@diaplast.lt lub w uwagach do zam\u00f3wienia na stronie internetowej.<\/p>\n","protected":false},"featured_media":26001,"template":"","meta":[],"product_brand":[],"product_cat":[820,822,826],"product_tag":[],"class_list":{"0":"post-25997","1":"product","2":"type-product","3":"status-publish","4":"has-post-thumbnail","6":"product_cat-wyroby-ze-stali-nierdzewnej-brazu-i-sztucznego-marmuru","7":"product_cat-produkty-z-brazu","8":"product_cat-brazowe-litery","9":"pa_aukstis-5-cm-pl","10":"pa_aukstis-2-5-cm-pl","11":"pa_aukstis-3-cm-pl","12":"pa_aukstis-4-cm-pl","13":"pa_gamintojas-biondan-pl","15":"first","16":"instock","17":"taxable","18":"shipping-taxable","19":"purchasable","20":"product-type-variable"},"yoast_head":"<!-- This site is optimized with the Yoast SEO plugin v26.0 - https:\/\/yoast.com\/wordpress\/plugins\/seo\/ -->\n<title>Br\u0105zowe litery ROMANO SPAZZOLATO - Diaplast<\/title>\n<meta name=\"robots\" content=\"index, follow, max-snippet:-1, max-image-preview:large, max-video-preview:-1\" \/>\n<link rel=\"canonical\" href=\"https:\/\/diaplast.lt\/pl\/Produkt\/brazowe-litery-romano-spazzolato\/\" \/>\n<meta property=\"og:locale\" content=\"pl_PL\" \/>\n<meta property=\"og:type\" content=\"article\" \/>\n<meta property=\"og:title\" content=\"Br\u0105zowe litery ROMANO SPAZZOLATO - Diaplast\" \/>\n<meta property=\"og:description\" content=\"Posiadamy litery i cyfry ROMANO SPAZZOLATO w magazynie i mo\u017cemy zmontowa\u0107 litery i cyfry w rozmiarach 2,5 cm, 3 cm, 4 cm i 5 cm.  Posiadamy r\u00f3wnie\u017c rosyjskie litery w rozmiarach 2,5 cm i 4 cm.  Litery w innych rozmiarach mo\u017cna zam\u00f3wi\u0107 u dostawcy.  Wy\u015blij nam swoje zam\u00f3wienie na adres diaplast@diaplast.lt lub w uwagach do zam\u00f3wienia na stronie internetowej.\" \/>\n<meta property=\"og:url\" content=\"https:\/\/diaplast.lt\/pl\/Produkt\/brazowe-litery-romano-spazzolato\/\" \/>\n<meta property=\"og:site_name\" content=\"Diaplast\" \/>\n<meta property=\"article:modified_time\" content=\"2025-06-09T20:01:18+00:00\" \/>\n<meta property=\"og:image\" content=\"http:\/\/diaplast.lt\/wp-content\/uploads\/2025\/04\/romano-spazzolato.png\" \/>\n\t<meta property=\"og:image:width\" content=\"600\" \/>\n\t<meta property=\"og:image:height\" content=\"800\" \/>\n\t<meta property=\"og:image:type\" content=\"image\/png\" \/>\n<meta name=\"twitter:card\" content=\"summary_large_image\" \/>\n<meta name=\"twitter:label1\" content=\"Szacowany czas czytania\" \/>\n\t<meta name=\"twitter:data1\" content=\"1 minuta\" \/>\n<script type=\"application\/ld+json\" class=\"yoast-schema-graph\">{\"@context\":\"https:\/\/schema.org\",\"@graph\":[{\"@type\":\"WebPage\",\"@id\":\"https:\/\/diaplast.lt\/pl\/Produkt\/brazowe-litery-romano-spazzolato\/\",\"url\":\"https:\/\/diaplast.lt\/pl\/Produkt\/brazowe-litery-romano-spazzolato\/\",\"name\":\"Br\u0105zowe litery ROMANO SPAZZOLATO - Diaplast\",\"isPartOf\":{\"@id\":\"https:\/\/diaplast.lt\/#website\"},\"primaryImageOfPage\":{\"@id\":\"https:\/\/diaplast.lt\/pl\/Produkt\/brazowe-litery-romano-spazzolato\/#primaryimage\"},\"image\":{\"@id\":\"https:\/\/diaplast.lt\/pl\/Produkt\/brazowe-litery-romano-spazzolato\/#primaryimage\"},\"thumbnailUrl\":\"https:\/\/diaplast.lt\/wp-content\/uploads\/2025\/04\/romano-spazzolato.png\",\"datePublished\":\"2025-04-30T06:24:33+00:00\",\"dateModified\":\"2025-06-09T20:01:18+00:00\",\"breadcrumb\":{\"@id\":\"https:\/\/diaplast.lt\/pl\/Produkt\/brazowe-litery-romano-spazzolato\/#breadcrumb\"},\"inLanguage\":\"pl-PL\",\"potentialAction\":[{\"@type\":\"ReadAction\",\"target\":[\"https:\/\/diaplast.lt\/pl\/Produkt\/brazowe-litery-romano-spazzolato\/\"]}]},{\"@type\":\"ImageObject\",\"inLanguage\":\"pl-PL\",\"@id\":\"https:\/\/diaplast.lt\/pl\/Produkt\/brazowe-litery-romano-spazzolato\/#primaryimage\",\"url\":\"https:\/\/diaplast.lt\/wp-content\/uploads\/2025\/04\/romano-spazzolato.png\",\"contentUrl\":\"https:\/\/diaplast.lt\/wp-content\/uploads\/2025\/04\/romano-spazzolato.png\",\"width\":600,\"height\":800},{\"@type\":\"BreadcrumbList\",\"@id\":\"https:\/\/diaplast.lt\/pl\/Produkt\/brazowe-litery-romano-spazzolato\/#breadcrumb\",\"itemListElement\":[{\"@type\":\"ListItem\",\"position\":1,\"name\":\"Strona g\u0142\u00f3wna\",\"item\":\"https:\/\/diaplast.lt\/\"},{\"@type\":\"ListItem\",\"position\":2,\"name\":\"Zasi\u0119g\",\"item\":\"https:\/\/diaplast.lt\/pl\/asortyment\/\"},{\"@type\":\"ListItem\",\"position\":3,\"name\":\"Br\u0105zowe litery ROMANO SPAZZOLATO\"}]},{\"@type\":\"WebSite\",\"@id\":\"https:\/\/diaplast.lt\/#website\",\"url\":\"https:\/\/diaplast.lt\/\",\"name\":\"Diaplast\",\"description\":\"Deimantini\u0173 instrument\u0173 gamyba ir prekyba\",\"publisher\":{\"@id\":\"https:\/\/diaplast.lt\/#organization\"},\"potentialAction\":[{\"@type\":\"SearchAction\",\"target\":{\"@type\":\"EntryPoint\",\"urlTemplate\":\"https:\/\/diaplast.lt\/?s={search_term_string}\"},\"query-input\":{\"@type\":\"PropertyValueSpecification\",\"valueRequired\":true,\"valueName\":\"search_term_string\"}}],\"inLanguage\":\"pl-PL\"},{\"@type\":\"Organization\",\"@id\":\"https:\/\/diaplast.lt\/#organization\",\"name\":\"Diaplast\",\"url\":\"https:\/\/diaplast.lt\/\",\"logo\":{\"@type\":\"ImageObject\",\"inLanguage\":\"pl-PL\",\"@id\":\"https:\/\/diaplast.lt\/#\/schema\/logo\/image\/\",\"url\":\"http:\/\/diaplast.lt\/wp-content\/uploads\/2022\/06\/ebaltveja-logo.png\",\"contentUrl\":\"http:\/\/diaplast.lt\/wp-content\/uploads\/2022\/06\/ebaltveja-logo.png\",\"width\":200,\"height\":69,\"caption\":\"Diaplast\"},\"image\":{\"@id\":\"https:\/\/diaplast.lt\/#\/schema\/logo\/image\/\"}}]}<\/script>\n<!-- \/ Yoast SEO plugin. -->","yoast_head_json":{"title":"Br\u0105zowe litery ROMANO SPAZZOLATO - Diaplast","robots":{"index":"index","follow":"follow","max-snippet":"max-snippet:-1","max-image-preview":"max-image-preview:large","max-video-preview":"max-video-preview:-1"},"canonical":"https:\/\/diaplast.lt\/pl\/Produkt\/brazowe-litery-romano-spazzolato\/","og_locale":"pl_PL","og_type":"article","og_title":"Br\u0105zowe litery ROMANO SPAZZOLATO - Diaplast","og_description":"Posiadamy litery i cyfry ROMANO SPAZZOLATO w magazynie i mo\u017cemy zmontowa\u0107 litery i cyfry w rozmiarach 2,5 cm, 3 cm, 4 cm i 5 cm.  Posiadamy r\u00f3wnie\u017c rosyjskie litery w rozmiarach 2,5 cm i 4 cm.  Litery w innych rozmiarach mo\u017cna zam\u00f3wi\u0107 u dostawcy.  Wy\u015blij nam swoje zam\u00f3wienie na adres diaplast@diaplast.lt lub w uwagach do zam\u00f3wienia na stronie internetowej.","og_url":"https:\/\/diaplast.lt\/pl\/Produkt\/brazowe-litery-romano-spazzolato\/","og_site_name":"Diaplast","article_modified_time":"2025-06-09T20:01:18+00:00","og_image":[{"width":600,"height":800,"url":"http:\/\/diaplast.lt\/wp-content\/uploads\/2025\/04\/romano-spazzolato.png","type":"image\/png"}],"twitter_card":"summary_large_image","twitter_misc":{"Szacowany czas czytania":"1 minuta"},"schema":{"@context":"https:\/\/schema.org","@graph":[{"@type":"WebPage","@id":"https:\/\/diaplast.lt\/pl\/Produkt\/brazowe-litery-romano-spazzolato\/","url":"https:\/\/diaplast.lt\/pl\/Produkt\/brazowe-litery-romano-spazzolato\/","name":"Br\u0105zowe litery ROMANO SPAZZOLATO - Diaplast","isPartOf":{"@id":"https:\/\/diaplast.lt\/#website"},"primaryImageOfPage":{"@id":"https:\/\/diaplast.lt\/pl\/Produkt\/brazowe-litery-romano-spazzolato\/#primaryimage"},"image":{"@id":"https:\/\/diaplast.lt\/pl\/Produkt\/brazowe-litery-romano-spazzolato\/#primaryimage"},"thumbnailUrl":"https:\/\/diaplast.lt\/wp-content\/uploads\/2025\/04\/romano-spazzolato.png","datePublished":"2025-04-30T06:24:33+00:00","dateModified":"2025-06-09T20:01:18+00:00","breadcrumb":{"@id":"https:\/\/diaplast.lt\/pl\/Produkt\/brazowe-litery-romano-spazzolato\/#breadcrumb"},"inLanguage":"pl-PL","potentialAction":[{"@type":"ReadAction","target":["https:\/\/diaplast.lt\/pl\/Produkt\/brazowe-litery-romano-spazzolato\/"]}]},{"@type":"ImageObject","inLanguage":"pl-PL","@id":"https:\/\/diaplast.lt\/pl\/Produkt\/brazowe-litery-romano-spazzolato\/#primaryimage","url":"https:\/\/diaplast.lt\/wp-content\/uploads\/2025\/04\/romano-spazzolato.png","contentUrl":"https:\/\/diaplast.lt\/wp-content\/uploads\/2025\/04\/romano-spazzolato.png","width":600,"height":800},{"@type":"BreadcrumbList","@id":"https:\/\/diaplast.lt\/pl\/Produkt\/brazowe-litery-romano-spazzolato\/#breadcrumb","itemListElement":[{"@type":"ListItem","position":1,"name":"Strona g\u0142\u00f3wna","item":"https:\/\/diaplast.lt\/"},{"@type":"ListItem","position":2,"name":"Zasi\u0119g","item":"https:\/\/diaplast.lt\/pl\/asortyment\/"},{"@type":"ListItem","position":3,"name":"Br\u0105zowe litery ROMANO SPAZZOLATO"}]},{"@type":"WebSite","@id":"https:\/\/diaplast.lt\/#website","url":"https:\/\/diaplast.lt\/","name":"Diaplast","description":"Deimantini\u0173 instrument\u0173 gamyba ir prekyba","publisher":{"@id":"https:\/\/diaplast.lt\/#organization"},"potentialAction":[{"@type":"SearchAction","target":{"@type":"EntryPoint","urlTemplate":"https:\/\/diaplast.lt\/?s={search_term_string}"},"query-input":{"@type":"PropertyValueSpecification","valueRequired":true,"valueName":"search_term_string"}}],"inLanguage":"pl-PL"},{"@type":"Organization","@id":"https:\/\/diaplast.lt\/#organization","name":"Diaplast","url":"https:\/\/diaplast.lt\/","logo":{"@type":"ImageObject","inLanguage":"pl-PL","@id":"https:\/\/diaplast.lt\/#\/schema\/logo\/image\/","url":"http:\/\/diaplast.lt\/wp-content\/uploads\/2022\/06\/ebaltveja-logo.png","contentUrl":"http:\/\/diaplast.lt\/wp-content\/uploads\/2022\/06\/ebaltveja-logo.png","width":200,"height":69,"caption":"Diaplast"},"image":{"@id":"https:\/\/diaplast.lt\/#\/schema\/logo\/image\/"}}]}},"_links":{"self":[{"href":"https:\/\/diaplast.lt\/pl\/wp-json\/wp\/v2\/product\/25997","targetHints":{"allow":["GET"]}}],"collection":[{"href":"https:\/\/diaplast.lt\/pl\/wp-json\/wp\/v2\/product"}],"about":[{"href":"https:\/\/diaplast.lt\/pl\/wp-json\/wp\/v2\/types\/product"}],"version-history":[{"count":1,"href":"https:\/\/diaplast.lt\/pl\/wp-json\/wp\/v2\/product\/25997\/revisions"}],"predecessor-version":[{"id":27217,"href":"https:\/\/diaplast.lt\/pl\/wp-json\/wp\/v2\/product\/25997\/revisions\/27217"}],"wp:featuredmedia":[{"embeddable":true,"href":"https:\/\/diaplast.lt\/pl\/wp-json\/wp\/v2\/media\/26001"}],"wp:attachment":[{"href":"https:\/\/diaplast.lt\/pl\/wp-json\/wp\/v2\/media?parent=25997"}],"wp:term":[{"taxonomy":"product_brand","embeddable":true,"href":"https:\/\/diaplast.lt\/pl\/wp-json\/wp\/v2\/product_brand?post=25997"},{"taxonomy":"product_cat","embeddable":true,"href":"https:\/\/diaplast.lt\/pl\/wp-json\/wp\/v2\/product_cat?post=25997"},{"taxonomy":"product_tag","embeddable":true,"href":"https:\/\/diaplast.lt\/pl\/wp-json\/wp\/v2\/product_tag?post=25997"}],"curies":[{"name":"wp","href":"https:\/\/api.w.org\/{rel}","templated":true}]}}