{"id":29162,"date":"2025-08-08T12:43:49","date_gmt":"2025-08-08T09:43:49","guid":{"rendered":"https:\/\/diaplast.lt\/produktas\/diamentowe-glowice-szlifierskie-do-kamienia-sgm-3\/"},"modified":"2025-09-03T18:25:21","modified_gmt":"2025-09-03T15:25:21","slug":"diamentowe-glowice-szlifierskie-do-kamienia-sgm-3","status":"publish","type":"product","link":"https:\/\/diaplast.lt\/pl\/produkt\/diamentowe-glowice-szlifierskie-do-kamienia-sgm-3\/","title":{"rendered":"Diamentowe g\u0142owice szlifierskie do kamienia \u0160GM-3"},"content":{"rendered":"","protected":false},"excerpt":{"rendered":"<p>Ziarnisto\u015b\u0107 50\/60<\/p>\n<p>RPM 25 000-30 000 min-1<\/p>\n<p>Na zam\u00f3wienie produkujemy g\u0142owice o innych kszta\u0142tach i ziarnisto\u015bci.<\/p>\n","protected":false},"featured_media":29155,"template":"","meta":[],"product_brand":[],"product_cat":[844,856,858],"product_tag":[],"class_list":{"0":"post-29162","1":"product","2":"type-product","3":"status-publish","4":"has-post-thumbnail","6":"product_cat-narzedzia-do-szlifowania-polerowania","7":"product_cat-frezy-diamentowe","8":"product_cat-frezy-diamentowe-do-kamienia","9":"pa_gamintojas-diaplast-pl","10":"pa_numeriai-6-pl","11":"pa_numeriai-7-pl","12":"pa_numeriai-8-pl","13":"pa_numeriai-1-pl","14":"pa_numeriai-2-pl","15":"pa_numeriai-3-pl","16":"pa_numeriai-4-pl","17":"pa_numeriai-5-pl","18":"pa_tvirtinimas-kat-o-3-mm","20":"first","21":"instock","22":"taxable","23":"shipping-taxable","24":"purchasable","25":"product-type-variable"},"yoast_head":"<!-- This site is optimized with the Yoast SEO plugin v26.0 - https:\/\/yoast.com\/wordpress\/plugins\/seo\/ -->\n<title>Diamentowe g\u0142owice szlifierskie do kamienia \u0160GM-3 - Diaplast<\/title>\n<meta name=\"robots\" content=\"index, follow, max-snippet:-1, max-image-preview:large, max-video-preview:-1\" \/>\n<link rel=\"canonical\" href=\"https:\/\/diaplast.lt\/pl\/?post_type=product&p=29162\" \/>\n<meta property=\"og:locale\" content=\"pl_PL\" \/>\n<meta property=\"og:type\" content=\"article\" \/>\n<meta property=\"og:title\" content=\"Diamentowe g\u0142owice szlifierskie do kamienia \u0160GM-3 - Diaplast\" \/>\n<meta property=\"og:description\" content=\"Ziarnisto\u015b\u0107 50\/60 RPM 25 000-30 000 min-1 Na zam\u00f3wienie produkujemy g\u0142owice o innych kszta\u0142tach i ziarnisto\u015bci.\" \/>\n<meta property=\"og:url\" content=\"https:\/\/diaplast.lt\/pl\/?post_type=product&amp;p=29162\" \/>\n<meta property=\"og:site_name\" content=\"Diaplast\" \/>\n<meta property=\"article:modified_time\" content=\"2025-09-03T15:25:21+00:00\" \/>\n<meta property=\"og:image\" content=\"http:\/\/diaplast.lt\/wp-content\/uploads\/2025\/08\/SGM-3-NR.jpg\" \/>\n\t<meta property=\"og:image:width\" content=\"1200\" \/>\n\t<meta property=\"og:image:height\" content=\"1201\" \/>\n\t<meta property=\"og:image:type\" content=\"image\/jpeg\" \/>\n<meta name=\"twitter:card\" content=\"summary_large_image\" \/>\n<script type=\"application\/ld+json\" class=\"yoast-schema-graph\">{\"@context\":\"https:\/\/schema.org\",\"@graph\":[{\"@type\":\"WebPage\",\"@id\":\"https:\/\/diaplast.lt\/pl\/?post_type=product&p=29162\",\"url\":\"https:\/\/diaplast.lt\/pl\/?post_type=product&p=29162\",\"name\":\"Diamentowe g\u0142owice szlifierskie do kamienia \u0160GM-3 - Diaplast\",\"isPartOf\":{\"@id\":\"https:\/\/diaplast.lt\/#website\"},\"primaryImageOfPage\":{\"@id\":\"https:\/\/diaplast.lt\/pl\/?post_type=product&p=29162#primaryimage\"},\"image\":{\"@id\":\"https:\/\/diaplast.lt\/pl\/?post_type=product&p=29162#primaryimage\"},\"thumbnailUrl\":\"https:\/\/diaplast.lt\/wp-content\/uploads\/2025\/08\/SGM-3-NR.jpg\",\"datePublished\":\"2025-08-08T09:43:49+00:00\",\"dateModified\":\"2025-09-03T15:25:21+00:00\",\"breadcrumb\":{\"@id\":\"https:\/\/diaplast.lt\/pl\/?post_type=product&p=29162#breadcrumb\"},\"inLanguage\":\"pl-PL\",\"potentialAction\":[{\"@type\":\"ReadAction\",\"target\":[\"https:\/\/diaplast.lt\/pl\/?post_type=product&p=29162\"]}]},{\"@type\":\"ImageObject\",\"inLanguage\":\"pl-PL\",\"@id\":\"https:\/\/diaplast.lt\/pl\/?post_type=product&p=29162#primaryimage\",\"url\":\"https:\/\/diaplast.lt\/wp-content\/uploads\/2025\/08\/SGM-3-NR.jpg\",\"contentUrl\":\"https:\/\/diaplast.lt\/wp-content\/uploads\/2025\/08\/SGM-3-NR.jpg\",\"width\":1200,\"height\":1201},{\"@type\":\"BreadcrumbList\",\"@id\":\"https:\/\/diaplast.lt\/pl\/?post_type=product&p=29162#breadcrumb\",\"itemListElement\":[{\"@type\":\"ListItem\",\"position\":1,\"name\":\"Strona g\u0142\u00f3wna\",\"item\":\"https:\/\/diaplast.lt\/\"},{\"@type\":\"ListItem\",\"position\":2,\"name\":\"Zasi\u0119g\",\"item\":\"https:\/\/diaplast.lt\/pl\/asortyment\/\"},{\"@type\":\"ListItem\",\"position\":3,\"name\":\"Diamentowe g\u0142owice szlifierskie do kamienia \u0160GM-3\"}]},{\"@type\":\"WebSite\",\"@id\":\"https:\/\/diaplast.lt\/#website\",\"url\":\"https:\/\/diaplast.lt\/\",\"name\":\"Diaplast\",\"description\":\"Deimantini\u0173 instrument\u0173 gamyba ir prekyba\",\"publisher\":{\"@id\":\"https:\/\/diaplast.lt\/#organization\"},\"potentialAction\":[{\"@type\":\"SearchAction\",\"target\":{\"@type\":\"EntryPoint\",\"urlTemplate\":\"https:\/\/diaplast.lt\/?s={search_term_string}\"},\"query-input\":{\"@type\":\"PropertyValueSpecification\",\"valueRequired\":true,\"valueName\":\"search_term_string\"}}],\"inLanguage\":\"pl-PL\"},{\"@type\":\"Organization\",\"@id\":\"https:\/\/diaplast.lt\/#organization\",\"name\":\"Diaplast\",\"url\":\"https:\/\/diaplast.lt\/\",\"logo\":{\"@type\":\"ImageObject\",\"inLanguage\":\"pl-PL\",\"@id\":\"https:\/\/diaplast.lt\/#\/schema\/logo\/image\/\",\"url\":\"http:\/\/diaplast.lt\/wp-content\/uploads\/2022\/06\/ebaltveja-logo.png\",\"contentUrl\":\"http:\/\/diaplast.lt\/wp-content\/uploads\/2022\/06\/ebaltveja-logo.png\",\"width\":200,\"height\":69,\"caption\":\"Diaplast\"},\"image\":{\"@id\":\"https:\/\/diaplast.lt\/#\/schema\/logo\/image\/\"}}]}<\/script>\n<!-- \/ Yoast SEO plugin. -->","yoast_head_json":{"title":"Diamentowe g\u0142owice szlifierskie do kamienia \u0160GM-3 - Diaplast","robots":{"index":"index","follow":"follow","max-snippet":"max-snippet:-1","max-image-preview":"max-image-preview:large","max-video-preview":"max-video-preview:-1"},"canonical":"https:\/\/diaplast.lt\/pl\/?post_type=product&p=29162","og_locale":"pl_PL","og_type":"article","og_title":"Diamentowe g\u0142owice szlifierskie do kamienia \u0160GM-3 - Diaplast","og_description":"Ziarnisto\u015b\u0107 50\/60 RPM 25 000-30 000 min-1 Na zam\u00f3wienie produkujemy g\u0142owice o innych kszta\u0142tach i ziarnisto\u015bci.","og_url":"https:\/\/diaplast.lt\/pl\/?post_type=product&p=29162","og_site_name":"Diaplast","article_modified_time":"2025-09-03T15:25:21+00:00","og_image":[{"width":1200,"height":1201,"url":"http:\/\/diaplast.lt\/wp-content\/uploads\/2025\/08\/SGM-3-NR.jpg","type":"image\/jpeg"}],"twitter_card":"summary_large_image","schema":{"@context":"https:\/\/schema.org","@graph":[{"@type":"WebPage","@id":"https:\/\/diaplast.lt\/pl\/?post_type=product&p=29162","url":"https:\/\/diaplast.lt\/pl\/?post_type=product&p=29162","name":"Diamentowe g\u0142owice szlifierskie do kamienia \u0160GM-3 - Diaplast","isPartOf":{"@id":"https:\/\/diaplast.lt\/#website"},"primaryImageOfPage":{"@id":"https:\/\/diaplast.lt\/pl\/?post_type=product&p=29162#primaryimage"},"image":{"@id":"https:\/\/diaplast.lt\/pl\/?post_type=product&p=29162#primaryimage"},"thumbnailUrl":"https:\/\/diaplast.lt\/wp-content\/uploads\/2025\/08\/SGM-3-NR.jpg","datePublished":"2025-08-08T09:43:49+00:00","dateModified":"2025-09-03T15:25:21+00:00","breadcrumb":{"@id":"https:\/\/diaplast.lt\/pl\/?post_type=product&p=29162#breadcrumb"},"inLanguage":"pl-PL","potentialAction":[{"@type":"ReadAction","target":["https:\/\/diaplast.lt\/pl\/?post_type=product&p=29162"]}]},{"@type":"ImageObject","inLanguage":"pl-PL","@id":"https:\/\/diaplast.lt\/pl\/?post_type=product&p=29162#primaryimage","url":"https:\/\/diaplast.lt\/wp-content\/uploads\/2025\/08\/SGM-3-NR.jpg","contentUrl":"https:\/\/diaplast.lt\/wp-content\/uploads\/2025\/08\/SGM-3-NR.jpg","width":1200,"height":1201},{"@type":"BreadcrumbList","@id":"https:\/\/diaplast.lt\/pl\/?post_type=product&p=29162#breadcrumb","itemListElement":[{"@type":"ListItem","position":1,"name":"Strona g\u0142\u00f3wna","item":"https:\/\/diaplast.lt\/"},{"@type":"ListItem","position":2,"name":"Zasi\u0119g","item":"https:\/\/diaplast.lt\/pl\/asortyment\/"},{"@type":"ListItem","position":3,"name":"Diamentowe g\u0142owice szlifierskie do kamienia \u0160GM-3"}]},{"@type":"WebSite","@id":"https:\/\/diaplast.lt\/#website","url":"https:\/\/diaplast.lt\/","name":"Diaplast","description":"Deimantini\u0173 instrument\u0173 gamyba ir prekyba","publisher":{"@id":"https:\/\/diaplast.lt\/#organization"},"potentialAction":[{"@type":"SearchAction","target":{"@type":"EntryPoint","urlTemplate":"https:\/\/diaplast.lt\/?s={search_term_string}"},"query-input":{"@type":"PropertyValueSpecification","valueRequired":true,"valueName":"search_term_string"}}],"inLanguage":"pl-PL"},{"@type":"Organization","@id":"https:\/\/diaplast.lt\/#organization","name":"Diaplast","url":"https:\/\/diaplast.lt\/","logo":{"@type":"ImageObject","inLanguage":"pl-PL","@id":"https:\/\/diaplast.lt\/#\/schema\/logo\/image\/","url":"http:\/\/diaplast.lt\/wp-content\/uploads\/2022\/06\/ebaltveja-logo.png","contentUrl":"http:\/\/diaplast.lt\/wp-content\/uploads\/2022\/06\/ebaltveja-logo.png","width":200,"height":69,"caption":"Diaplast"},"image":{"@id":"https:\/\/diaplast.lt\/#\/schema\/logo\/image\/"}}]}},"_links":{"self":[{"href":"https:\/\/diaplast.lt\/pl\/wp-json\/wp\/v2\/product\/29162","targetHints":{"allow":["GET"]}}],"collection":[{"href":"https:\/\/diaplast.lt\/pl\/wp-json\/wp\/v2\/product"}],"about":[{"href":"https:\/\/diaplast.lt\/pl\/wp-json\/wp\/v2\/types\/product"}],"version-history":[{"count":5,"href":"https:\/\/diaplast.lt\/pl\/wp-json\/wp\/v2\/product\/29162\/revisions"}],"predecessor-version":[{"id":30090,"href":"https:\/\/diaplast.lt\/pl\/wp-json\/wp\/v2\/product\/29162\/revisions\/30090"}],"wp:featuredmedia":[{"embeddable":true,"href":"https:\/\/diaplast.lt\/pl\/wp-json\/wp\/v2\/media\/29155"}],"wp:attachment":[{"href":"https:\/\/diaplast.lt\/pl\/wp-json\/wp\/v2\/media?parent=29162"}],"wp:term":[{"taxonomy":"product_brand","embeddable":true,"href":"https:\/\/diaplast.lt\/pl\/wp-json\/wp\/v2\/product_brand?post=29162"},{"taxonomy":"product_cat","embeddable":true,"href":"https:\/\/diaplast.lt\/pl\/wp-json\/wp\/v2\/product_cat?post=29162"},{"taxonomy":"product_tag","embeddable":true,"href":"https:\/\/diaplast.lt\/pl\/wp-json\/wp\/v2\/product_tag?post=29162"}],"curies":[{"name":"wp","href":"https:\/\/api.w.org\/{rel}","templated":true}]}}