{"id":29864,"date":"2025-08-19T09:12:33","date_gmt":"2025-08-19T06:12:33","guid":{"rendered":"https:\/\/diaplast.lt\/?post_type=product&#038;p=29864"},"modified":"2025-09-03T18:26:04","modified_gmt":"2025-09-03T15:26:04","slug":"diamentowa-pila-turbinowa-do-ciecia-na-sucho-t-g-kopija-kopija","status":"publish","type":"product","link":"https:\/\/diaplast.lt\/pl\/produkt\/diamentowa-pila-turbinowa-do-ciecia-na-sucho-t-g-kopija-kopija\/","title":{"rendered":"Diamentowa pi\u0142a \u0142ukowa do ci\u0119cia na sucho CONC-FY"},"content":{"rendered":"","protected":false},"excerpt":{"rendered":"<p>Diamentowa, zakrzywiona tarcza tn\u0105ca do ci\u0119cia granitu. Nadaje si\u0119 do ci\u0119\u0107 okr\u0105g\u0142ych i kszta\u0142towych. <\/p>\n","protected":false},"featured_media":29868,"template":"","meta":[],"product_brand":[],"product_cat":[319,320,369],"product_tag":[],"class_list":{"0":"post-29864","1":"product","2":"type-product","3":"status-publish","4":"has-post-thumbnail","6":"product_cat-deimantiniai-pjuklai","7":"product_cat-akmeniui","8":"product_cat-sausam-akmens-pjovimui","9":"pa_diametras-mm-352","10":"pa_paskirtis-granitui","11":"pa_paskirtis-sausam-pjovimui","12":"pa_segmentu-aukstis-mm-434","13":"pa_skyle-tvirtinimui-o-mm-382","14":"pa_tipas-islenktas","16":"first","17":"instock","18":"taxable","19":"shipping-taxable","20":"purchasable","21":"product-type-simple"},"yoast_head":"<!-- This site is optimized with the Yoast SEO plugin v26.0 - https:\/\/yoast.com\/wordpress\/plugins\/seo\/ -->\n<title>Diamentowa pi\u0142a \u0142ukowa do ci\u0119cia na sucho CONC-FY - Diaplast<\/title>\n<meta name=\"robots\" content=\"index, follow, max-snippet:-1, max-image-preview:large, max-video-preview:-1\" \/>\n<link rel=\"canonical\" href=\"https:\/\/diaplast.lt\/pl\/Produkt\/diamentowa-pila-turbinowa-do-ciecia-na-sucho-t-g-kopija-kopija\/\" \/>\n<meta property=\"og:locale\" content=\"pl_PL\" \/>\n<meta property=\"og:type\" content=\"article\" \/>\n<meta property=\"og:title\" content=\"Diamentowa pi\u0142a \u0142ukowa do ci\u0119cia na sucho CONC-FY - Diaplast\" \/>\n<meta property=\"og:description\" content=\"Diamentowa, zakrzywiona tarcza tn\u0105ca do ci\u0119cia granitu. Nadaje si\u0119 do ci\u0119\u0107 okr\u0105g\u0142ych i kszta\u0142towych.\" \/>\n<meta property=\"og:url\" content=\"https:\/\/diaplast.lt\/pl\/Produkt\/diamentowa-pila-turbinowa-do-ciecia-na-sucho-t-g-kopija-kopija\/\" \/>\n<meta property=\"og:site_name\" content=\"Diaplast\" \/>\n<meta property=\"article:modified_time\" content=\"2025-09-03T15:26:04+00:00\" \/>\n<meta property=\"og:image\" content=\"http:\/\/diaplast.lt\/wp-content\/uploads\/2025\/08\/S150CONC-FY.jpg\" \/>\n\t<meta property=\"og:image:width\" content=\"1200\" \/>\n\t<meta property=\"og:image:height\" content=\"901\" \/>\n\t<meta property=\"og:image:type\" content=\"image\/jpeg\" \/>\n<meta name=\"twitter:card\" content=\"summary_large_image\" \/>\n<script type=\"application\/ld+json\" class=\"yoast-schema-graph\">{\"@context\":\"https:\/\/schema.org\",\"@graph\":[{\"@type\":\"WebPage\",\"@id\":\"https:\/\/diaplast.lt\/pl\/Produkt\/diamentowa-pila-turbinowa-do-ciecia-na-sucho-t-g-kopija-kopija\/\",\"url\":\"https:\/\/diaplast.lt\/pl\/Produkt\/diamentowa-pila-turbinowa-do-ciecia-na-sucho-t-g-kopija-kopija\/\",\"name\":\"Diamentowa pi\u0142a \u0142ukowa do ci\u0119cia na sucho CONC-FY - Diaplast\",\"isPartOf\":{\"@id\":\"https:\/\/diaplast.lt\/#website\"},\"primaryImageOfPage\":{\"@id\":\"https:\/\/diaplast.lt\/pl\/Produkt\/diamentowa-pila-turbinowa-do-ciecia-na-sucho-t-g-kopija-kopija\/#primaryimage\"},\"image\":{\"@id\":\"https:\/\/diaplast.lt\/pl\/Produkt\/diamentowa-pila-turbinowa-do-ciecia-na-sucho-t-g-kopija-kopija\/#primaryimage\"},\"thumbnailUrl\":\"https:\/\/diaplast.lt\/wp-content\/uploads\/2025\/08\/S150CONC-FY.jpg\",\"datePublished\":\"2025-08-19T06:12:33+00:00\",\"dateModified\":\"2025-09-03T15:26:04+00:00\",\"breadcrumb\":{\"@id\":\"https:\/\/diaplast.lt\/pl\/Produkt\/diamentowa-pila-turbinowa-do-ciecia-na-sucho-t-g-kopija-kopija\/#breadcrumb\"},\"inLanguage\":\"pl-PL\",\"potentialAction\":[{\"@type\":\"ReadAction\",\"target\":[\"https:\/\/diaplast.lt\/pl\/Produkt\/diamentowa-pila-turbinowa-do-ciecia-na-sucho-t-g-kopija-kopija\/\"]}]},{\"@type\":\"ImageObject\",\"inLanguage\":\"pl-PL\",\"@id\":\"https:\/\/diaplast.lt\/pl\/Produkt\/diamentowa-pila-turbinowa-do-ciecia-na-sucho-t-g-kopija-kopija\/#primaryimage\",\"url\":\"https:\/\/diaplast.lt\/wp-content\/uploads\/2025\/08\/S150CONC-FY.jpg\",\"contentUrl\":\"https:\/\/diaplast.lt\/wp-content\/uploads\/2025\/08\/S150CONC-FY.jpg\",\"width\":1200,\"height\":901},{\"@type\":\"BreadcrumbList\",\"@id\":\"https:\/\/diaplast.lt\/pl\/Produkt\/diamentowa-pila-turbinowa-do-ciecia-na-sucho-t-g-kopija-kopija\/#breadcrumb\",\"itemListElement\":[{\"@type\":\"ListItem\",\"position\":1,\"name\":\"Strona g\u0142\u00f3wna\",\"item\":\"https:\/\/diaplast.lt\/\"},{\"@type\":\"ListItem\",\"position\":2,\"name\":\"Zasi\u0119g\",\"item\":\"https:\/\/diaplast.lt\/pl\/asortyment\/\"},{\"@type\":\"ListItem\",\"position\":3,\"name\":\"Diamentowa pi\u0142a \u0142ukowa do ci\u0119cia na sucho CONC-FY\"}]},{\"@type\":\"WebSite\",\"@id\":\"https:\/\/diaplast.lt\/#website\",\"url\":\"https:\/\/diaplast.lt\/\",\"name\":\"Diaplast\",\"description\":\"Deimantini\u0173 instrument\u0173 gamyba ir prekyba\",\"publisher\":{\"@id\":\"https:\/\/diaplast.lt\/#organization\"},\"potentialAction\":[{\"@type\":\"SearchAction\",\"target\":{\"@type\":\"EntryPoint\",\"urlTemplate\":\"https:\/\/diaplast.lt\/?s={search_term_string}\"},\"query-input\":{\"@type\":\"PropertyValueSpecification\",\"valueRequired\":true,\"valueName\":\"search_term_string\"}}],\"inLanguage\":\"pl-PL\"},{\"@type\":\"Organization\",\"@id\":\"https:\/\/diaplast.lt\/#organization\",\"name\":\"Diaplast\",\"url\":\"https:\/\/diaplast.lt\/\",\"logo\":{\"@type\":\"ImageObject\",\"inLanguage\":\"pl-PL\",\"@id\":\"https:\/\/diaplast.lt\/#\/schema\/logo\/image\/\",\"url\":\"http:\/\/diaplast.lt\/wp-content\/uploads\/2022\/06\/ebaltveja-logo.png\",\"contentUrl\":\"http:\/\/diaplast.lt\/wp-content\/uploads\/2022\/06\/ebaltveja-logo.png\",\"width\":200,\"height\":69,\"caption\":\"Diaplast\"},\"image\":{\"@id\":\"https:\/\/diaplast.lt\/#\/schema\/logo\/image\/\"}}]}<\/script>\n<!-- \/ Yoast SEO plugin. -->","yoast_head_json":{"title":"Diamentowa pi\u0142a \u0142ukowa do ci\u0119cia na sucho CONC-FY - Diaplast","robots":{"index":"index","follow":"follow","max-snippet":"max-snippet:-1","max-image-preview":"max-image-preview:large","max-video-preview":"max-video-preview:-1"},"canonical":"https:\/\/diaplast.lt\/pl\/Produkt\/diamentowa-pila-turbinowa-do-ciecia-na-sucho-t-g-kopija-kopija\/","og_locale":"pl_PL","og_type":"article","og_title":"Diamentowa pi\u0142a \u0142ukowa do ci\u0119cia na sucho CONC-FY - Diaplast","og_description":"Diamentowa, zakrzywiona tarcza tn\u0105ca do ci\u0119cia granitu. Nadaje si\u0119 do ci\u0119\u0107 okr\u0105g\u0142ych i kszta\u0142towych.","og_url":"https:\/\/diaplast.lt\/pl\/Produkt\/diamentowa-pila-turbinowa-do-ciecia-na-sucho-t-g-kopija-kopija\/","og_site_name":"Diaplast","article_modified_time":"2025-09-03T15:26:04+00:00","og_image":[{"width":1200,"height":901,"url":"http:\/\/diaplast.lt\/wp-content\/uploads\/2025\/08\/S150CONC-FY.jpg","type":"image\/jpeg"}],"twitter_card":"summary_large_image","schema":{"@context":"https:\/\/schema.org","@graph":[{"@type":"WebPage","@id":"https:\/\/diaplast.lt\/pl\/Produkt\/diamentowa-pila-turbinowa-do-ciecia-na-sucho-t-g-kopija-kopija\/","url":"https:\/\/diaplast.lt\/pl\/Produkt\/diamentowa-pila-turbinowa-do-ciecia-na-sucho-t-g-kopija-kopija\/","name":"Diamentowa pi\u0142a \u0142ukowa do ci\u0119cia na sucho CONC-FY - Diaplast","isPartOf":{"@id":"https:\/\/diaplast.lt\/#website"},"primaryImageOfPage":{"@id":"https:\/\/diaplast.lt\/pl\/Produkt\/diamentowa-pila-turbinowa-do-ciecia-na-sucho-t-g-kopija-kopija\/#primaryimage"},"image":{"@id":"https:\/\/diaplast.lt\/pl\/Produkt\/diamentowa-pila-turbinowa-do-ciecia-na-sucho-t-g-kopija-kopija\/#primaryimage"},"thumbnailUrl":"https:\/\/diaplast.lt\/wp-content\/uploads\/2025\/08\/S150CONC-FY.jpg","datePublished":"2025-08-19T06:12:33+00:00","dateModified":"2025-09-03T15:26:04+00:00","breadcrumb":{"@id":"https:\/\/diaplast.lt\/pl\/Produkt\/diamentowa-pila-turbinowa-do-ciecia-na-sucho-t-g-kopija-kopija\/#breadcrumb"},"inLanguage":"pl-PL","potentialAction":[{"@type":"ReadAction","target":["https:\/\/diaplast.lt\/pl\/Produkt\/diamentowa-pila-turbinowa-do-ciecia-na-sucho-t-g-kopija-kopija\/"]}]},{"@type":"ImageObject","inLanguage":"pl-PL","@id":"https:\/\/diaplast.lt\/pl\/Produkt\/diamentowa-pila-turbinowa-do-ciecia-na-sucho-t-g-kopija-kopija\/#primaryimage","url":"https:\/\/diaplast.lt\/wp-content\/uploads\/2025\/08\/S150CONC-FY.jpg","contentUrl":"https:\/\/diaplast.lt\/wp-content\/uploads\/2025\/08\/S150CONC-FY.jpg","width":1200,"height":901},{"@type":"BreadcrumbList","@id":"https:\/\/diaplast.lt\/pl\/Produkt\/diamentowa-pila-turbinowa-do-ciecia-na-sucho-t-g-kopija-kopija\/#breadcrumb","itemListElement":[{"@type":"ListItem","position":1,"name":"Strona g\u0142\u00f3wna","item":"https:\/\/diaplast.lt\/"},{"@type":"ListItem","position":2,"name":"Zasi\u0119g","item":"https:\/\/diaplast.lt\/pl\/asortyment\/"},{"@type":"ListItem","position":3,"name":"Diamentowa pi\u0142a \u0142ukowa do ci\u0119cia na sucho CONC-FY"}]},{"@type":"WebSite","@id":"https:\/\/diaplast.lt\/#website","url":"https:\/\/diaplast.lt\/","name":"Diaplast","description":"Deimantini\u0173 instrument\u0173 gamyba ir prekyba","publisher":{"@id":"https:\/\/diaplast.lt\/#organization"},"potentialAction":[{"@type":"SearchAction","target":{"@type":"EntryPoint","urlTemplate":"https:\/\/diaplast.lt\/?s={search_term_string}"},"query-input":{"@type":"PropertyValueSpecification","valueRequired":true,"valueName":"search_term_string"}}],"inLanguage":"pl-PL"},{"@type":"Organization","@id":"https:\/\/diaplast.lt\/#organization","name":"Diaplast","url":"https:\/\/diaplast.lt\/","logo":{"@type":"ImageObject","inLanguage":"pl-PL","@id":"https:\/\/diaplast.lt\/#\/schema\/logo\/image\/","url":"http:\/\/diaplast.lt\/wp-content\/uploads\/2022\/06\/ebaltveja-logo.png","contentUrl":"http:\/\/diaplast.lt\/wp-content\/uploads\/2022\/06\/ebaltveja-logo.png","width":200,"height":69,"caption":"Diaplast"},"image":{"@id":"https:\/\/diaplast.lt\/#\/schema\/logo\/image\/"}}]}},"_links":{"self":[{"href":"https:\/\/diaplast.lt\/pl\/wp-json\/wp\/v2\/product\/29864","targetHints":{"allow":["GET"]}}],"collection":[{"href":"https:\/\/diaplast.lt\/pl\/wp-json\/wp\/v2\/product"}],"about":[{"href":"https:\/\/diaplast.lt\/pl\/wp-json\/wp\/v2\/types\/product"}],"version-history":[{"count":2,"href":"https:\/\/diaplast.lt\/pl\/wp-json\/wp\/v2\/product\/29864\/revisions"}],"predecessor-version":[{"id":30114,"href":"https:\/\/diaplast.lt\/pl\/wp-json\/wp\/v2\/product\/29864\/revisions\/30114"}],"wp:featuredmedia":[{"embeddable":true,"href":"https:\/\/diaplast.lt\/pl\/wp-json\/wp\/v2\/media\/29868"}],"wp:attachment":[{"href":"https:\/\/diaplast.lt\/pl\/wp-json\/wp\/v2\/media?parent=29864"}],"wp:term":[{"taxonomy":"product_brand","embeddable":true,"href":"https:\/\/diaplast.lt\/pl\/wp-json\/wp\/v2\/product_brand?post=29864"},{"taxonomy":"product_cat","embeddable":true,"href":"https:\/\/diaplast.lt\/pl\/wp-json\/wp\/v2\/product_cat?post=29864"},{"taxonomy":"product_tag","embeddable":true,"href":"https:\/\/diaplast.lt\/pl\/wp-json\/wp\/v2\/product_tag?post=29864"}],"curies":[{"name":"wp","href":"https:\/\/api.w.org\/{rel}","templated":true}]}}