{"id":30358,"date":"2025-09-22T16:31:29","date_gmt":"2025-09-22T13:31:29","guid":{"rendered":"https:\/\/diaplast.lt\/?post_type=product&#038;p=30358"},"modified":"2025-10-08T18:25:01","modified_gmt":"2025-10-08T15:25:01","slug":"uchwyty-do-obrabiarek-z-mikroporowata-guma-kopija-2","status":"publish","type":"product","link":"https:\/\/diaplast.lt\/pl\/produkt\/uchwyty-do-obrabiarek-z-mikroporowata-guma-kopija-2\/","title":{"rendered":"Metalowe pier\u015bcienie mocuj\u0105ce Snail-lock &#8222;\u015alimaki&#8221;"},"content":{"rendered":"","protected":false},"excerpt":{"rendered":"<p>Uchwyt do obrabiarki jest wykonywany na zam\u00f3wienie.<\/p>\n<p>Mo\u017cemy wykona\u0107 uchwyt pasuj\u0105cy do obrabiarki.<\/p>\n<p>Uchwyt do mocowania dyskietek z blokad\u0105 Snail-lock &#8222;Snail&#8221;.<\/p>\n","protected":false},"featured_media":30366,"template":"","meta":[],"product_brand":[],"product_cat":[996],"product_tag":[],"class_list":{"0":"post-30358","1":"product","2":"type-product","3":"status-publish","4":"has-post-thumbnail","6":"product_cat-do-maszyn-do-obrobki-kamienia","7":"pa_diametras-mm-100-pl","8":"pa_diametras-mm-125-pl","10":"first","11":"instock","12":"taxable","13":"shipping-taxable","14":"purchasable","15":"product-type-variable"},"yoast_head":"<!-- This site is optimized with the Yoast SEO plugin v26.0 - https:\/\/yoast.com\/wordpress\/plugins\/seo\/ -->\n<title>Metalowe pier\u015bcienie mocuj\u0105ce Snail-lock &quot;\u015alimaki&quot; - Diaplast<\/title>\n<meta name=\"robots\" content=\"index, follow, max-snippet:-1, max-image-preview:large, max-video-preview:-1\" \/>\n<link rel=\"canonical\" href=\"https:\/\/diaplast.lt\/pl\/Produkt\/uchwyty-do-obrabiarek-z-mikroporowata-guma-kopija-2\/\" \/>\n<meta property=\"og:locale\" content=\"pl_PL\" \/>\n<meta property=\"og:type\" content=\"article\" \/>\n<meta property=\"og:title\" content=\"Metalowe pier\u015bcienie mocuj\u0105ce Snail-lock &quot;\u015alimaki&quot; - Diaplast\" \/>\n<meta property=\"og:description\" content=\"Uchwyt do obrabiarki jest wykonywany na zam\u00f3wienie. Mo\u017cemy wykona\u0107 uchwyt pasuj\u0105cy do obrabiarki. Uchwyt do mocowania dyskietek z blokad\u0105 Snail-lock &quot;Snail&quot;.\" \/>\n<meta property=\"og:url\" content=\"https:\/\/diaplast.lt\/pl\/Produkt\/uchwyty-do-obrabiarek-z-mikroporowata-guma-kopija-2\/\" \/>\n<meta property=\"og:site_name\" content=\"Diaplast\" \/>\n<meta property=\"article:modified_time\" content=\"2025-10-08T15:25:01+00:00\" \/>\n<meta property=\"og:image\" content=\"http:\/\/diaplast.lt\/wp-content\/uploads\/2025\/09\/LAAL100LLAAL120L.jpg\" \/>\n\t<meta property=\"og:image:width\" content=\"1200\" \/>\n\t<meta property=\"og:image:height\" content=\"1200\" \/>\n\t<meta property=\"og:image:type\" content=\"image\/jpeg\" \/>\n<meta name=\"twitter:card\" content=\"summary_large_image\" \/>\n<script type=\"application\/ld+json\" class=\"yoast-schema-graph\">{\"@context\":\"https:\/\/schema.org\",\"@graph\":[{\"@type\":\"WebPage\",\"@id\":\"https:\/\/diaplast.lt\/pl\/Produkt\/uchwyty-do-obrabiarek-z-mikroporowata-guma-kopija-2\/\",\"url\":\"https:\/\/diaplast.lt\/pl\/Produkt\/uchwyty-do-obrabiarek-z-mikroporowata-guma-kopija-2\/\",\"name\":\"Metalowe pier\u015bcienie mocuj\u0105ce Snail-lock \\\"\u015alimaki\\\" - Diaplast\",\"isPartOf\":{\"@id\":\"https:\/\/diaplast.lt\/#website\"},\"primaryImageOfPage\":{\"@id\":\"https:\/\/diaplast.lt\/pl\/Produkt\/uchwyty-do-obrabiarek-z-mikroporowata-guma-kopija-2\/#primaryimage\"},\"image\":{\"@id\":\"https:\/\/diaplast.lt\/pl\/Produkt\/uchwyty-do-obrabiarek-z-mikroporowata-guma-kopija-2\/#primaryimage\"},\"thumbnailUrl\":\"https:\/\/diaplast.lt\/wp-content\/uploads\/2025\/09\/LAAL100LLAAL120L.jpg\",\"datePublished\":\"2025-09-22T13:31:29+00:00\",\"dateModified\":\"2025-10-08T15:25:01+00:00\",\"breadcrumb\":{\"@id\":\"https:\/\/diaplast.lt\/pl\/Produkt\/uchwyty-do-obrabiarek-z-mikroporowata-guma-kopija-2\/#breadcrumb\"},\"inLanguage\":\"pl-PL\",\"potentialAction\":[{\"@type\":\"ReadAction\",\"target\":[\"https:\/\/diaplast.lt\/pl\/Produkt\/uchwyty-do-obrabiarek-z-mikroporowata-guma-kopija-2\/\"]}]},{\"@type\":\"ImageObject\",\"inLanguage\":\"pl-PL\",\"@id\":\"https:\/\/diaplast.lt\/pl\/Produkt\/uchwyty-do-obrabiarek-z-mikroporowata-guma-kopija-2\/#primaryimage\",\"url\":\"https:\/\/diaplast.lt\/wp-content\/uploads\/2025\/09\/LAAL100LLAAL120L.jpg\",\"contentUrl\":\"https:\/\/diaplast.lt\/wp-content\/uploads\/2025\/09\/LAAL100LLAAL120L.jpg\",\"width\":1200,\"height\":1200},{\"@type\":\"BreadcrumbList\",\"@id\":\"https:\/\/diaplast.lt\/pl\/Produkt\/uchwyty-do-obrabiarek-z-mikroporowata-guma-kopija-2\/#breadcrumb\",\"itemListElement\":[{\"@type\":\"ListItem\",\"position\":1,\"name\":\"Strona g\u0142\u00f3wna\",\"item\":\"https:\/\/diaplast.lt\/\"},{\"@type\":\"ListItem\",\"position\":2,\"name\":\"Zasi\u0119g\",\"item\":\"https:\/\/diaplast.lt\/pl\/asortyment\/\"},{\"@type\":\"ListItem\",\"position\":3,\"name\":\"Metalowe pier\u015bcienie mocuj\u0105ce Snail-lock &#8220;\u015alimaki&#8221;\"}]},{\"@type\":\"WebSite\",\"@id\":\"https:\/\/diaplast.lt\/#website\",\"url\":\"https:\/\/diaplast.lt\/\",\"name\":\"Diaplast\",\"description\":\"Deimantini\u0173 instrument\u0173 gamyba ir prekyba\",\"publisher\":{\"@id\":\"https:\/\/diaplast.lt\/#organization\"},\"potentialAction\":[{\"@type\":\"SearchAction\",\"target\":{\"@type\":\"EntryPoint\",\"urlTemplate\":\"https:\/\/diaplast.lt\/?s={search_term_string}\"},\"query-input\":{\"@type\":\"PropertyValueSpecification\",\"valueRequired\":true,\"valueName\":\"search_term_string\"}}],\"inLanguage\":\"pl-PL\"},{\"@type\":\"Organization\",\"@id\":\"https:\/\/diaplast.lt\/#organization\",\"name\":\"Diaplast\",\"url\":\"https:\/\/diaplast.lt\/\",\"logo\":{\"@type\":\"ImageObject\",\"inLanguage\":\"pl-PL\",\"@id\":\"https:\/\/diaplast.lt\/#\/schema\/logo\/image\/\",\"url\":\"http:\/\/diaplast.lt\/wp-content\/uploads\/2022\/06\/ebaltveja-logo.png\",\"contentUrl\":\"http:\/\/diaplast.lt\/wp-content\/uploads\/2022\/06\/ebaltveja-logo.png\",\"width\":200,\"height\":69,\"caption\":\"Diaplast\"},\"image\":{\"@id\":\"https:\/\/diaplast.lt\/#\/schema\/logo\/image\/\"}}]}<\/script>\n<!-- \/ Yoast SEO plugin. -->","yoast_head_json":{"title":"Metalowe pier\u015bcienie mocuj\u0105ce Snail-lock \"\u015alimaki\" - Diaplast","robots":{"index":"index","follow":"follow","max-snippet":"max-snippet:-1","max-image-preview":"max-image-preview:large","max-video-preview":"max-video-preview:-1"},"canonical":"https:\/\/diaplast.lt\/pl\/Produkt\/uchwyty-do-obrabiarek-z-mikroporowata-guma-kopija-2\/","og_locale":"pl_PL","og_type":"article","og_title":"Metalowe pier\u015bcienie mocuj\u0105ce Snail-lock \"\u015alimaki\" - Diaplast","og_description":"Uchwyt do obrabiarki jest wykonywany na zam\u00f3wienie. Mo\u017cemy wykona\u0107 uchwyt pasuj\u0105cy do obrabiarki. Uchwyt do mocowania dyskietek z blokad\u0105 Snail-lock \"Snail\".","og_url":"https:\/\/diaplast.lt\/pl\/Produkt\/uchwyty-do-obrabiarek-z-mikroporowata-guma-kopija-2\/","og_site_name":"Diaplast","article_modified_time":"2025-10-08T15:25:01+00:00","og_image":[{"width":1200,"height":1200,"url":"http:\/\/diaplast.lt\/wp-content\/uploads\/2025\/09\/LAAL100LLAAL120L.jpg","type":"image\/jpeg"}],"twitter_card":"summary_large_image","schema":{"@context":"https:\/\/schema.org","@graph":[{"@type":"WebPage","@id":"https:\/\/diaplast.lt\/pl\/Produkt\/uchwyty-do-obrabiarek-z-mikroporowata-guma-kopija-2\/","url":"https:\/\/diaplast.lt\/pl\/Produkt\/uchwyty-do-obrabiarek-z-mikroporowata-guma-kopija-2\/","name":"Metalowe pier\u015bcienie mocuj\u0105ce Snail-lock \"\u015alimaki\" - Diaplast","isPartOf":{"@id":"https:\/\/diaplast.lt\/#website"},"primaryImageOfPage":{"@id":"https:\/\/diaplast.lt\/pl\/Produkt\/uchwyty-do-obrabiarek-z-mikroporowata-guma-kopija-2\/#primaryimage"},"image":{"@id":"https:\/\/diaplast.lt\/pl\/Produkt\/uchwyty-do-obrabiarek-z-mikroporowata-guma-kopija-2\/#primaryimage"},"thumbnailUrl":"https:\/\/diaplast.lt\/wp-content\/uploads\/2025\/09\/LAAL100LLAAL120L.jpg","datePublished":"2025-09-22T13:31:29+00:00","dateModified":"2025-10-08T15:25:01+00:00","breadcrumb":{"@id":"https:\/\/diaplast.lt\/pl\/Produkt\/uchwyty-do-obrabiarek-z-mikroporowata-guma-kopija-2\/#breadcrumb"},"inLanguage":"pl-PL","potentialAction":[{"@type":"ReadAction","target":["https:\/\/diaplast.lt\/pl\/Produkt\/uchwyty-do-obrabiarek-z-mikroporowata-guma-kopija-2\/"]}]},{"@type":"ImageObject","inLanguage":"pl-PL","@id":"https:\/\/diaplast.lt\/pl\/Produkt\/uchwyty-do-obrabiarek-z-mikroporowata-guma-kopija-2\/#primaryimage","url":"https:\/\/diaplast.lt\/wp-content\/uploads\/2025\/09\/LAAL100LLAAL120L.jpg","contentUrl":"https:\/\/diaplast.lt\/wp-content\/uploads\/2025\/09\/LAAL100LLAAL120L.jpg","width":1200,"height":1200},{"@type":"BreadcrumbList","@id":"https:\/\/diaplast.lt\/pl\/Produkt\/uchwyty-do-obrabiarek-z-mikroporowata-guma-kopija-2\/#breadcrumb","itemListElement":[{"@type":"ListItem","position":1,"name":"Strona g\u0142\u00f3wna","item":"https:\/\/diaplast.lt\/"},{"@type":"ListItem","position":2,"name":"Zasi\u0119g","item":"https:\/\/diaplast.lt\/pl\/asortyment\/"},{"@type":"ListItem","position":3,"name":"Metalowe pier\u015bcienie mocuj\u0105ce Snail-lock &#8220;\u015alimaki&#8221;"}]},{"@type":"WebSite","@id":"https:\/\/diaplast.lt\/#website","url":"https:\/\/diaplast.lt\/","name":"Diaplast","description":"Deimantini\u0173 instrument\u0173 gamyba ir prekyba","publisher":{"@id":"https:\/\/diaplast.lt\/#organization"},"potentialAction":[{"@type":"SearchAction","target":{"@type":"EntryPoint","urlTemplate":"https:\/\/diaplast.lt\/?s={search_term_string}"},"query-input":{"@type":"PropertyValueSpecification","valueRequired":true,"valueName":"search_term_string"}}],"inLanguage":"pl-PL"},{"@type":"Organization","@id":"https:\/\/diaplast.lt\/#organization","name":"Diaplast","url":"https:\/\/diaplast.lt\/","logo":{"@type":"ImageObject","inLanguage":"pl-PL","@id":"https:\/\/diaplast.lt\/#\/schema\/logo\/image\/","url":"http:\/\/diaplast.lt\/wp-content\/uploads\/2022\/06\/ebaltveja-logo.png","contentUrl":"http:\/\/diaplast.lt\/wp-content\/uploads\/2022\/06\/ebaltveja-logo.png","width":200,"height":69,"caption":"Diaplast"},"image":{"@id":"https:\/\/diaplast.lt\/#\/schema\/logo\/image\/"}}]}},"_links":{"self":[{"href":"https:\/\/diaplast.lt\/pl\/wp-json\/wp\/v2\/product\/30358","targetHints":{"allow":["GET"]}}],"collection":[{"href":"https:\/\/diaplast.lt\/pl\/wp-json\/wp\/v2\/product"}],"about":[{"href":"https:\/\/diaplast.lt\/pl\/wp-json\/wp\/v2\/types\/product"}],"version-history":[{"count":2,"href":"https:\/\/diaplast.lt\/pl\/wp-json\/wp\/v2\/product\/30358\/revisions"}],"predecessor-version":[{"id":31828,"href":"https:\/\/diaplast.lt\/pl\/wp-json\/wp\/v2\/product\/30358\/revisions\/31828"}],"wp:featuredmedia":[{"embeddable":true,"href":"https:\/\/diaplast.lt\/pl\/wp-json\/wp\/v2\/media\/30366"}],"wp:attachment":[{"href":"https:\/\/diaplast.lt\/pl\/wp-json\/wp\/v2\/media?parent=30358"}],"wp:term":[{"taxonomy":"product_brand","embeddable":true,"href":"https:\/\/diaplast.lt\/pl\/wp-json\/wp\/v2\/product_brand?post=30358"},{"taxonomy":"product_cat","embeddable":true,"href":"https:\/\/diaplast.lt\/pl\/wp-json\/wp\/v2\/product_cat?post=30358"},{"taxonomy":"product_tag","embeddable":true,"href":"https:\/\/diaplast.lt\/pl\/wp-json\/wp\/v2\/product_tag?post=30358"}],"curies":[{"name":"wp","href":"https:\/\/api.w.org\/{rel}","templated":true}]}}