{"id":31862,"date":"2025-10-09T13:15:55","date_gmt":"2025-10-09T10:15:55","guid":{"rendered":"https:\/\/diaplast.lt\/?post_type=product&#038;p=31862"},"modified":"2025-10-09T13:17:44","modified_gmt":"2025-10-09T10:17:44","slug":"angel-bs-anpd25-b-kopija","status":"publish","type":"product","link":"https:\/\/diaplast.lt\/pl\/produkt\/angel-bs-anpd25-b-kopija\/","title":{"rendered":"Angel BS-ANPD25-B (Kopija)"},"content":{"rendered":"","protected":false},"excerpt":{"rendered":"<p>W\u0142oska firma Kosmolux produkuje rze\u017aby ze sztucznego marmuru od 1955 roku. S\u0105 one uznawane w wielu krajach za oryginalny design i wysok\u0105 jako\u015b\u0107. <\/p>\n<p>Rze\u017aby wykonane s\u0105 przy u\u017cyciu specjalnej technologii z proszku marmurowego zmieszanego z \u017cywic\u0105 syntetyczn\u0105. Stosowane s\u0105 wysokiej jako\u015bci materia\u0142y i przestrzegane s\u0105 surowe standardy technologiczne. Wyko\u0144czenie jest starannie wykonywane r\u0119cznie.  <\/p>\n<p>Rze\u017aby mog\u0105 by\u0107 umieszczane wewn\u0105trz lub na zewn\u0105trz. S\u0105 odporne na dzia\u0142anie czynnik\u00f3w zewn\u0119trznych, zimna, ciep\u0142a i deszczu. Firma gwarantuje trwa\u0142o\u015b\u0107, d\u0142ugowieczno\u015b\u0107 i jako\u015b\u0107 swoich produkt\u00f3w. Produkty mo\u017cna czy\u015bci\u0107 na mokro.   <\/p>\n","protected":false},"featured_media":31866,"template":"","meta":[],"product_brand":[],"product_cat":[820,2018],"product_tag":[],"class_list":{"0":"post-31862","1":"product","2":"type-product","3":"status-publish","4":"has-post-thumbnail","6":"product_cat-wyroby-ze-stali-nierdzewnej-brazu-i-sztucznego-marmuru","7":"product_cat-produkty-ze-sztucznego-marmuru","9":"first","10":"instock","11":"taxable","12":"shipping-taxable","13":"purchasable","14":"product-type-simple"},"yoast_head":"<!-- This site is optimized with the Yoast SEO plugin v26.0 - https:\/\/yoast.com\/wordpress\/plugins\/seo\/ -->\n<title>Angel BS-ANPD25-B (Kopija) - Diaplast<\/title>\n<meta name=\"robots\" content=\"index, follow, max-snippet:-1, max-image-preview:large, max-video-preview:-1\" \/>\n<link rel=\"canonical\" href=\"https:\/\/diaplast.lt\/pl\/Produkt\/angel-bs-anpd25-b-kopija\/\" \/>\n<meta property=\"og:locale\" content=\"pl_PL\" \/>\n<meta property=\"og:type\" content=\"article\" \/>\n<meta property=\"og:title\" content=\"Angel BS-ANPD25-B (Kopija) - Diaplast\" \/>\n<meta property=\"og:description\" content=\"W\u0142oska firma Kosmolux produkuje rze\u017aby ze sztucznego marmuru od 1955 roku. S\u0105 one uznawane w wielu krajach za oryginalny design i wysok\u0105 jako\u015b\u0107.  Rze\u017aby wykonane s\u0105 przy u\u017cyciu specjalnej technologii z proszku marmurowego zmieszanego z \u017cywic\u0105 syntetyczn\u0105. Stosowane s\u0105 wysokiej jako\u015bci materia\u0142y i przestrzegane s\u0105 surowe standardy technologiczne. Wyko\u0144czenie jest starannie wykonywane r\u0119cznie.  Rze\u017aby mog\u0105 by\u0107 umieszczane wewn\u0105trz lub na zewn\u0105trz. S\u0105 odporne na dzia\u0142anie czynnik\u00f3w zewn\u0119trznych, zimna, ciep\u0142a i deszczu. Firma gwarantuje trwa\u0142o\u015b\u0107, d\u0142ugowieczno\u015b\u0107 i jako\u015b\u0107 swoich produkt\u00f3w. Produkty mo\u017cna czy\u015bci\u0107 na mokro.\" \/>\n<meta property=\"og:url\" content=\"https:\/\/diaplast.lt\/pl\/Produkt\/angel-bs-anpd25-b-kopija\/\" \/>\n<meta property=\"og:site_name\" content=\"Diaplast\" \/>\n<meta property=\"article:modified_time\" content=\"2025-10-09T10:17:44+00:00\" \/>\n<meta property=\"og:image\" content=\"http:\/\/diaplast.lt\/wp-content\/uploads\/2025\/10\/BS-G1G2-B-1.jpg\" \/>\n\t<meta property=\"og:image:width\" content=\"1200\" \/>\n\t<meta property=\"og:image:height\" content=\"1199\" \/>\n\t<meta property=\"og:image:type\" content=\"image\/jpeg\" \/>\n<meta name=\"twitter:card\" content=\"summary_large_image\" \/>\n<script type=\"application\/ld+json\" class=\"yoast-schema-graph\">{\"@context\":\"https:\/\/schema.org\",\"@graph\":[{\"@type\":\"WebPage\",\"@id\":\"https:\/\/diaplast.lt\/pl\/Produkt\/angel-bs-anpd25-b-kopija\/\",\"url\":\"https:\/\/diaplast.lt\/pl\/Produkt\/angel-bs-anpd25-b-kopija\/\",\"name\":\"Angel BS-ANPD25-B (Kopija) - Diaplast\",\"isPartOf\":{\"@id\":\"https:\/\/diaplast.lt\/#website\"},\"primaryImageOfPage\":{\"@id\":\"https:\/\/diaplast.lt\/pl\/Produkt\/angel-bs-anpd25-b-kopija\/#primaryimage\"},\"image\":{\"@id\":\"https:\/\/diaplast.lt\/pl\/Produkt\/angel-bs-anpd25-b-kopija\/#primaryimage\"},\"thumbnailUrl\":\"https:\/\/diaplast.lt\/wp-content\/uploads\/2025\/10\/BS-G1G2-B-1.jpg\",\"datePublished\":\"2025-10-09T10:15:55+00:00\",\"dateModified\":\"2025-10-09T10:17:44+00:00\",\"breadcrumb\":{\"@id\":\"https:\/\/diaplast.lt\/pl\/Produkt\/angel-bs-anpd25-b-kopija\/#breadcrumb\"},\"inLanguage\":\"pl-PL\",\"potentialAction\":[{\"@type\":\"ReadAction\",\"target\":[\"https:\/\/diaplast.lt\/pl\/Produkt\/angel-bs-anpd25-b-kopija\/\"]}]},{\"@type\":\"ImageObject\",\"inLanguage\":\"pl-PL\",\"@id\":\"https:\/\/diaplast.lt\/pl\/Produkt\/angel-bs-anpd25-b-kopija\/#primaryimage\",\"url\":\"https:\/\/diaplast.lt\/wp-content\/uploads\/2025\/10\/BS-G1G2-B-1.jpg\",\"contentUrl\":\"https:\/\/diaplast.lt\/wp-content\/uploads\/2025\/10\/BS-G1G2-B-1.jpg\",\"width\":1200,\"height\":1199},{\"@type\":\"BreadcrumbList\",\"@id\":\"https:\/\/diaplast.lt\/pl\/Produkt\/angel-bs-anpd25-b-kopija\/#breadcrumb\",\"itemListElement\":[{\"@type\":\"ListItem\",\"position\":1,\"name\":\"Strona g\u0142\u00f3wna\",\"item\":\"https:\/\/diaplast.lt\/\"},{\"@type\":\"ListItem\",\"position\":2,\"name\":\"Zasi\u0119g\",\"item\":\"https:\/\/diaplast.lt\/pl\/asortyment\/\"},{\"@type\":\"ListItem\",\"position\":3,\"name\":\"Angel BS-ANPD25-B (Kopija)\"}]},{\"@type\":\"WebSite\",\"@id\":\"https:\/\/diaplast.lt\/#website\",\"url\":\"https:\/\/diaplast.lt\/\",\"name\":\"Diaplast\",\"description\":\"Deimantini\u0173 instrument\u0173 gamyba ir prekyba\",\"publisher\":{\"@id\":\"https:\/\/diaplast.lt\/#organization\"},\"potentialAction\":[{\"@type\":\"SearchAction\",\"target\":{\"@type\":\"EntryPoint\",\"urlTemplate\":\"https:\/\/diaplast.lt\/?s={search_term_string}\"},\"query-input\":{\"@type\":\"PropertyValueSpecification\",\"valueRequired\":true,\"valueName\":\"search_term_string\"}}],\"inLanguage\":\"pl-PL\"},{\"@type\":\"Organization\",\"@id\":\"https:\/\/diaplast.lt\/#organization\",\"name\":\"Diaplast\",\"url\":\"https:\/\/diaplast.lt\/\",\"logo\":{\"@type\":\"ImageObject\",\"inLanguage\":\"pl-PL\",\"@id\":\"https:\/\/diaplast.lt\/#\/schema\/logo\/image\/\",\"url\":\"http:\/\/diaplast.lt\/wp-content\/uploads\/2022\/06\/ebaltveja-logo.png\",\"contentUrl\":\"http:\/\/diaplast.lt\/wp-content\/uploads\/2022\/06\/ebaltveja-logo.png\",\"width\":200,\"height\":69,\"caption\":\"Diaplast\"},\"image\":{\"@id\":\"https:\/\/diaplast.lt\/#\/schema\/logo\/image\/\"}}]}<\/script>\n<!-- \/ Yoast SEO plugin. -->","yoast_head_json":{"title":"Angel BS-ANPD25-B (Kopija) - Diaplast","robots":{"index":"index","follow":"follow","max-snippet":"max-snippet:-1","max-image-preview":"max-image-preview:large","max-video-preview":"max-video-preview:-1"},"canonical":"https:\/\/diaplast.lt\/pl\/Produkt\/angel-bs-anpd25-b-kopija\/","og_locale":"pl_PL","og_type":"article","og_title":"Angel BS-ANPD25-B (Kopija) - Diaplast","og_description":"W\u0142oska firma Kosmolux produkuje rze\u017aby ze sztucznego marmuru od 1955 roku. S\u0105 one uznawane w wielu krajach za oryginalny design i wysok\u0105 jako\u015b\u0107.  Rze\u017aby wykonane s\u0105 przy u\u017cyciu specjalnej technologii z proszku marmurowego zmieszanego z \u017cywic\u0105 syntetyczn\u0105. Stosowane s\u0105 wysokiej jako\u015bci materia\u0142y i przestrzegane s\u0105 surowe standardy technologiczne. Wyko\u0144czenie jest starannie wykonywane r\u0119cznie.  Rze\u017aby mog\u0105 by\u0107 umieszczane wewn\u0105trz lub na zewn\u0105trz. S\u0105 odporne na dzia\u0142anie czynnik\u00f3w zewn\u0119trznych, zimna, ciep\u0142a i deszczu. Firma gwarantuje trwa\u0142o\u015b\u0107, d\u0142ugowieczno\u015b\u0107 i jako\u015b\u0107 swoich produkt\u00f3w. Produkty mo\u017cna czy\u015bci\u0107 na mokro.","og_url":"https:\/\/diaplast.lt\/pl\/Produkt\/angel-bs-anpd25-b-kopija\/","og_site_name":"Diaplast","article_modified_time":"2025-10-09T10:17:44+00:00","og_image":[{"width":1200,"height":1199,"url":"http:\/\/diaplast.lt\/wp-content\/uploads\/2025\/10\/BS-G1G2-B-1.jpg","type":"image\/jpeg"}],"twitter_card":"summary_large_image","schema":{"@context":"https:\/\/schema.org","@graph":[{"@type":"WebPage","@id":"https:\/\/diaplast.lt\/pl\/Produkt\/angel-bs-anpd25-b-kopija\/","url":"https:\/\/diaplast.lt\/pl\/Produkt\/angel-bs-anpd25-b-kopija\/","name":"Angel BS-ANPD25-B (Kopija) - Diaplast","isPartOf":{"@id":"https:\/\/diaplast.lt\/#website"},"primaryImageOfPage":{"@id":"https:\/\/diaplast.lt\/pl\/Produkt\/angel-bs-anpd25-b-kopija\/#primaryimage"},"image":{"@id":"https:\/\/diaplast.lt\/pl\/Produkt\/angel-bs-anpd25-b-kopija\/#primaryimage"},"thumbnailUrl":"https:\/\/diaplast.lt\/wp-content\/uploads\/2025\/10\/BS-G1G2-B-1.jpg","datePublished":"2025-10-09T10:15:55+00:00","dateModified":"2025-10-09T10:17:44+00:00","breadcrumb":{"@id":"https:\/\/diaplast.lt\/pl\/Produkt\/angel-bs-anpd25-b-kopija\/#breadcrumb"},"inLanguage":"pl-PL","potentialAction":[{"@type":"ReadAction","target":["https:\/\/diaplast.lt\/pl\/Produkt\/angel-bs-anpd25-b-kopija\/"]}]},{"@type":"ImageObject","inLanguage":"pl-PL","@id":"https:\/\/diaplast.lt\/pl\/Produkt\/angel-bs-anpd25-b-kopija\/#primaryimage","url":"https:\/\/diaplast.lt\/wp-content\/uploads\/2025\/10\/BS-G1G2-B-1.jpg","contentUrl":"https:\/\/diaplast.lt\/wp-content\/uploads\/2025\/10\/BS-G1G2-B-1.jpg","width":1200,"height":1199},{"@type":"BreadcrumbList","@id":"https:\/\/diaplast.lt\/pl\/Produkt\/angel-bs-anpd25-b-kopija\/#breadcrumb","itemListElement":[{"@type":"ListItem","position":1,"name":"Strona g\u0142\u00f3wna","item":"https:\/\/diaplast.lt\/"},{"@type":"ListItem","position":2,"name":"Zasi\u0119g","item":"https:\/\/diaplast.lt\/pl\/asortyment\/"},{"@type":"ListItem","position":3,"name":"Angel BS-ANPD25-B (Kopija)"}]},{"@type":"WebSite","@id":"https:\/\/diaplast.lt\/#website","url":"https:\/\/diaplast.lt\/","name":"Diaplast","description":"Deimantini\u0173 instrument\u0173 gamyba ir prekyba","publisher":{"@id":"https:\/\/diaplast.lt\/#organization"},"potentialAction":[{"@type":"SearchAction","target":{"@type":"EntryPoint","urlTemplate":"https:\/\/diaplast.lt\/?s={search_term_string}"},"query-input":{"@type":"PropertyValueSpecification","valueRequired":true,"valueName":"search_term_string"}}],"inLanguage":"pl-PL"},{"@type":"Organization","@id":"https:\/\/diaplast.lt\/#organization","name":"Diaplast","url":"https:\/\/diaplast.lt\/","logo":{"@type":"ImageObject","inLanguage":"pl-PL","@id":"https:\/\/diaplast.lt\/#\/schema\/logo\/image\/","url":"http:\/\/diaplast.lt\/wp-content\/uploads\/2022\/06\/ebaltveja-logo.png","contentUrl":"http:\/\/diaplast.lt\/wp-content\/uploads\/2022\/06\/ebaltveja-logo.png","width":200,"height":69,"caption":"Diaplast"},"image":{"@id":"https:\/\/diaplast.lt\/#\/schema\/logo\/image\/"}}]}},"_links":{"self":[{"href":"https:\/\/diaplast.lt\/pl\/wp-json\/wp\/v2\/product\/31862","targetHints":{"allow":["GET"]}}],"collection":[{"href":"https:\/\/diaplast.lt\/pl\/wp-json\/wp\/v2\/product"}],"about":[{"href":"https:\/\/diaplast.lt\/pl\/wp-json\/wp\/v2\/types\/product"}],"version-history":[{"count":1,"href":"https:\/\/diaplast.lt\/pl\/wp-json\/wp\/v2\/product\/31862\/revisions"}],"predecessor-version":[{"id":31869,"href":"https:\/\/diaplast.lt\/pl\/wp-json\/wp\/v2\/product\/31862\/revisions\/31869"}],"wp:featuredmedia":[{"embeddable":true,"href":"https:\/\/diaplast.lt\/pl\/wp-json\/wp\/v2\/media\/31866"}],"wp:attachment":[{"href":"https:\/\/diaplast.lt\/pl\/wp-json\/wp\/v2\/media?parent=31862"}],"wp:term":[{"taxonomy":"product_brand","embeddable":true,"href":"https:\/\/diaplast.lt\/pl\/wp-json\/wp\/v2\/product_brand?post=31862"},{"taxonomy":"product_cat","embeddable":true,"href":"https:\/\/diaplast.lt\/pl\/wp-json\/wp\/v2\/product_cat?post=31862"},{"taxonomy":"product_tag","embeddable":true,"href":"https:\/\/diaplast.lt\/pl\/wp-json\/wp\/v2\/product_tag?post=31862"}],"curies":[{"name":"wp","href":"https:\/\/api.w.org\/{rel}","templated":true}]}}